{"id":579,"date":"2021-02-24T08:53:19","date_gmt":"2021-02-24T08:53:19","guid":{"rendered":"https:\/\/www.cumbredelsolpreowned.webloading.es\/?page_id=579"},"modified":"2021-02-24T08:53:20","modified_gmt":"2021-02-24T08:53:20","slug":"les-frais-lors-de-la-vente-dune-propriete","status":"publish","type":"page","link":"https:\/\/www.cumbredelsolpreowned.webloading.es\/fr\/vendre\/les-frais-lors-de-la-vente-dune-propriete\/","title":{"rendered":"Les frais lors de la vente d&rsquo;une propri\u00e9t\u00e9"},"content":{"rendered":"<p>[et_pb_section fb_built=\u00a0\u00bb1&Prime; _builder_version=\u00a0\u00bb4.9.0&Prime; _module_preset=\u00a0\u00bbdefault\u00a0\u00bb da_disable_devices=\u00a0\u00bboff|off|off\u00a0\u00bb da_is_popup=\u00a0\u00bboff\u00a0\u00bb da_exit_intent=\u00a0\u00bboff\u00a0\u00bb da_has_close=\u00a0\u00bbon\u00a0\u00bb da_alt_close=\u00a0\u00bboff\u00a0\u00bb da_dark_close=\u00a0\u00bboff\u00a0\u00bb da_not_modal=\u00a0\u00bbon\u00a0\u00bb da_is_singular=\u00a0\u00bboff\u00a0\u00bb da_with_loader=\u00a0\u00bboff\u00a0\u00bb da_has_shadow=\u00a0\u00bbon\u00a0\u00bb][et_pb_row _builder_version=\u00a0\u00bb4.9.0&Prime; _module_preset=\u00a0\u00bbdefault\u00a0\u00bb][et_pb_column type=\u00a0\u00bb4_4&Prime; _builder_version=\u00a0\u00bb4.9.0&Prime; _module_preset=\u00a0\u00bbdefault\u00a0\u00bb][et_pb_text _builder_version=\u00a0\u00bb4.9.0&Prime; _module_preset=\u00a0\u00bbdefault\u00a0\u00bb]<\/p>\n<h1>En tant que propri\u00e9taire, quelles d\u00e9penses dois-je engager lors de la vente?<\/h1>\n<p>Les d\u00e9penses de base lors de la vente d&rsquo;une propri\u00e9t\u00e9 sont;<br \/>\u2022 La plus-value en capital<br \/>\u2022 La plus-value municipale<br \/>\u2022 Frais d&rsquo;agence immobili\u00e8re (le cas \u00e9ch\u00e9ant)<br \/>\u2022 Les frais des diff\u00e9rents certificats (certificat d&rsquo;efficacit\u00e9 \u00e9nerg\u00e9tique, certificat de 2\u00e8me licence d&rsquo;occupation, certificat de non-infraction urbaine, etc.)<br \/>\u2022 Les frais d&rsquo;\u00e9ventuels travaux ou am\u00e9liorations de la maison qui n&rsquo;ont pas \u00e9t\u00e9 enregistr\u00e9s (l\u00e9galisation de la maison)<br \/>\u2022 Avocat (le cas \u00e9ch\u00e9ant)<br \/>\u2022 Notaire (cela peut varier en fonction de la r\u00e9gion d&rsquo;Espagne o\u00f9 se trouve la maison)<br \/>\u2022 Frais \u00e9ventuels (notaire et greffe) li\u00e9s \u00e0 l&rsquo;annulation d&rsquo;une hypoth\u00e8que<br \/>\u2022 D\u00e9penses annuelles (IBI, fournitures, communaut\u00e9 de propri\u00e9taires)<\/p>\n<p>[\/et_pb_text][\/et_pb_column][\/et_pb_row][et_pb_row column_structure=\u00a0\u00bb1_2,1_2&Prime; _builder_version=\u00a0\u00bb4.9.0&Prime; _module_preset=\u00a0\u00bbdefault\u00a0\u00bb][et_pb_column type=\u00a0\u00bb1_2&Prime; _builder_version=\u00a0\u00bb4.9.0&Prime; _module_preset=\u00a0\u00bbdefault\u00a0\u00bb][et_pb_text module_id=\u00a0\u00bbplusvalia\u00a0\u00bb _builder_version=\u00a0\u00bb4.9.0&Prime; _module_preset=\u00a0\u00bbdefault\u00a0\u00bb hover_enabled=\u00a0\u00bb0&Prime; sticky_enabled=\u00a0\u00bb0&Prime;]<\/p>\n<h2>Le gain en capital provenant de la vente d&rsquo;un bien<\/h2>\n<p>Le gain en capital est l&rsquo;imp\u00f4t que nous devons payer dans notre d\u00e9claration de revenus sur les gains obtenus entre l&rsquo;achat et la vente du bien.<br \/>Tout gain (le cas \u00e9ch\u00e9ant) doit \u00eatre d\u00e9clar\u00e9 comme une augmentation des capitaux propres. Autrement dit, il est impos\u00e9 pour la diff\u00e9rence entre le montant de la valeur du prix d&rsquo;achat et le prix de vente \u00e0 condition qu&rsquo;il y ait eu des b\u00e9n\u00e9fices.<br \/>En cas de non-r\u00e9sidence en Espagne, l&rsquo;acheteur est oblig\u00e9 de retenir et d&rsquo;effectuer le paiement, \u00e0 l&rsquo;Etat de 3% de la valeur de la vente par \u00e9crit, dans le cadre d&rsquo;\u00e9ventuelles plus-values, sous sa forme d&rsquo;imp\u00f4t sur le revenu de non non-r\u00e9sidents. <\/p>\n<p>[\/et_pb_text][et_pb_text module_id=\u00a0\u00bbhonorarios\u00a0\u00bb _builder_version=\u00a0\u00bb4.9.0&Prime; _module_preset=\u00a0\u00bbdefault\u00a0\u00bb]<\/p>\n<h2>Les honoraires de l&rsquo;agence immobili\u00e8re<\/h2>\n<p>Bien que son pourcentage varie en fonction de l&#8217;emplacement du bien, il se situe g\u00e9n\u00e9ralement entre 4% et 6% + TVA.<\/p>\n<p>[\/et_pb_text][et_pb_text module_id=\u00a0\u00bblegalizacion\u00a0\u00bb _builder_version=\u00a0\u00bb4.9.0&Prime; _module_preset=\u00a0\u00bbdefault\u00a0\u00bb]<\/p>\n<h2>L\u00e9galisation de la propri\u00e9t\u00e9<\/h2>\n<p>La l\u00e9galisation de la propri\u00e9t\u00e9 est un processus qui prend du temps et peut entra\u00eener des co\u00fbts plus \u00e9lev\u00e9s.<br \/>C&rsquo;est un processus que nous devons effectuer soit pour des infractions apparues dans le certificat d&rsquo;infraction urbaine, soit simplement pour avoir r\u00e9alis\u00e9 des travaux avec ou sans autorisation mais qui n&rsquo;ont pas \u00e9t\u00e9 l\u00e9galis\u00e9s et que l&rsquo;acheteur requiert afin de r\u00e9aliser la vente.<br \/>Dans ce cas, nous devons \u00e9valuer s&rsquo;il vaut la peine d&rsquo;anticiper, car parfois ce n&rsquo;est pas tant le co\u00fbt mais le temps que nous perdons et il peut arriver qu&rsquo;une vente soit perdue \u00e0 cause de ce probl\u00e8me.<\/p>\n<p>[\/et_pb_text][et_pb_text module_id=\u00a0\u00bbnotaria\u00a0\u00bb _builder_version=\u00a0\u00bb4.9.0&Prime; _module_preset=\u00a0\u00bbdefault\u00a0\u00bb]<\/p>\n<h2>Notaire<\/h2>\n<p>Bien que cela soit habituel dans notre r\u00e9gion, tous les frais de notaire sont \u00e0 la charge de l&rsquo;acheteur, il existe des exceptions car selon la loi, il y a une partie que le vendeur doit assumer.<br \/>Si nous respectons la l\u00e9gislation en vigueur, notre Code civil en son article 1455 dit: \u00abLes frais de d\u00e9livrance des actes seront \u00e0 la charge du vendeur, et ceux du premier exemplaire et des autres apr\u00e8s la vente seront \u00e0 la charge de l&rsquo;acheteur, sauf pacte contraire \u00ab\u00a0.<\/p>\n<p>[\/et_pb_text][et_pb_text module_id=\u00a0\u00bbgastosanuales\u00a0\u00bb _builder_version=\u00a0\u00bb4.9.0&Prime; _module_preset=\u00a0\u00bbdefault\u00a0\u00bb]<\/p>\n<h2>D\u00e9penses annuelles<\/h2>\n<p>Il existe des d\u00e9penses telles que l&rsquo;IBI qui, selon la loi, correspondent au vendeur, mais dans chaque domaine, il existe des accords diff\u00e9rents.<br \/>La chose habituelle dans notre r\u00e9gion est que toutes les d\u00e9penses sont calcul\u00e9es au prorata (IBI, ordures, communaut\u00e9 de propri\u00e9taires, fournitures) \u00e0 la date de la vente. <\/p>\n<p>[\/et_pb_text][et_pb_text module_id=\u00a0\u00bbdeudas\u00a0\u00bb _builder_version=\u00a0\u00bb4.9.0&Prime; _module_preset=\u00a0\u00bbdefault\u00a0\u00bb]<\/p>\n<h2>Notaire et registre des annulations de dettes<\/h2>\n<p>Si le bien est grev\u00e9 d&rsquo;une dette, les frais de notaire et d&rsquo;enregistrement correspondants sont \u00e0 la charge du vendeur.<\/p>\n<p>[\/et_pb_text][\/et_pb_column][et_pb_column type=\u00a0\u00bb1_2&Prime; _builder_version=\u00a0\u00bb4.9.0&Prime; _module_preset=\u00a0\u00bbdefault\u00a0\u00bb][et_pb_text module_id=\u00a0\u00bbplusvaliamunicipal\u00a0\u00bb _builder_version=\u00a0\u00bb4.9.0&Prime; _module_preset=\u00a0\u00bbdefault\u00a0\u00bb]<\/p>\n<h2>La plus-value municipale<\/h2>\n<p>La taxe sur l&rsquo;augmentation de la valeur du foncier urbain (IIVTU) est vers\u00e9e \u00e0 la mairie correspondante, c&rsquo;est-\u00e0-dire o\u00f9 se trouve la maison et est pay\u00e9e, m\u00eame s&rsquo;il n&rsquo;y a pas eu de prestations.<br \/>Il est calcul\u00e9 sur la valeur cadastrale de la maison et le nombre d&rsquo;ann\u00e9es de possession. Si nous voulons conna\u00eetre \u00e0 l&rsquo;avance le montant, nous devons envoyer le dernier re\u00e7u IBI et la date d&rsquo;achat du bien \u00e0 votre gestionnaire ou agence immobili\u00e8re.<\/p>\n<p>[\/et_pb_text][et_pb_text module_id=\u00a0\u00bbcertificados\u00a0\u00bb _builder_version=\u00a0\u00bb4.9.0&Prime; _module_preset=\u00a0\u00bbdefault\u00a0\u00bb]<\/p>\n<h2>Les co\u00fbts des certificats<\/h2>\n<h3>Certificat d&rsquo;efficacit\u00e9 \u00e9nerg\u00e9tique<\/h3>\n<p>Le certificat d&rsquo;efficacit\u00e9 \u00e9nerg\u00e9tique est obligatoire \u00e0 partir du 1er juin 2013, il s&rsquo;agit d&rsquo;un certificat rapide \u00e0 obtenir et son co\u00fbt d\u00e9pend du type de bien et de l&#8217;emplacement, m\u00eame s&rsquo;il ne d\u00e9passe g\u00e9n\u00e9ralement pas 125 \u20ac frais d&rsquo;inscription inclus.<\/p>\n<h3>Le 2\u00e8me certificat de permis d&rsquo;occupation (renouvellement du certificat d&rsquo;occupation)<\/h3>\n<p>Dans les territoires o\u00f9 le deuxi\u00e8me permis d&rsquo;occupation est obligatoire, il est de la responsabilit\u00e9 du propri\u00e9taire l\u00e9gal de la maison d&rsquo;avoir un deuxi\u00e8me permis d&rsquo;occupation pour la propri\u00e9t\u00e9 et qu&rsquo;il reste en vigueur.<br \/>Ce certificat est obligatoire dans la communaut\u00e9 valencienne lors de l&rsquo;achat et de la vente d&rsquo;une propri\u00e9t\u00e9.<br \/>Pour obtenir un deuxi\u00e8me permis d&rsquo;occupation, vous devez contacter un technicien accr\u00e9dit\u00e9, qui sera un architecte ou un g\u00e9om\u00e8tre, afin de g\u00e9n\u00e9rer un rapport sur l&rsquo;\u00e9tat de votre propri\u00e9t\u00e9.<br \/>Apr\u00e8s cela, vous pouvez apporter vous-m\u00eame ce rapport \u00e0 la mairie (ou signer une autorisation pour le technicien que vous avez engag\u00e9) et la mairie elle-m\u00eame vous accordera le deuxi\u00e8me permis d&rsquo;occupation.<\/p>\n<h3>Certificat de non-existence d&rsquo;infraction urbaine<\/h3>\n<p>Le certificat d&rsquo;inexistence de dossier d&rsquo;infraction urbaine est le document par lequel il est certifi\u00e9 que le bien ne dispose d&rsquo;aucun dossier ouvert pour infraction urbaine. Dans les transactions de vente, de nombreux vendeurs d\u00e9cident d&rsquo;en demander la pr\u00e9sentation aux futures parties int\u00e9ress\u00e9es.<br \/>Il est \u00e9galement tr\u00e8s courant et surtout si la propri\u00e9t\u00e9 est une villa que l&rsquo;avocat de l&rsquo;acheteur exige ce document.<br \/>Ce document peut allonger consid\u00e9rablement la vente, surtout s&rsquo;il y a des violations de travail non l\u00e9galis\u00e9es, etc.<\/p>\n<p>[\/et_pb_text][et_pb_text module_id=\u00a0\u00bbabogado\u00a0\u00bb _builder_version=\u00a0\u00bb4.9.0&Prime; _module_preset=\u00a0\u00bbdefault\u00a0\u00bb]<\/p>\n<h2>avocat<\/h2>\n<p>Il est tr\u00e8s courant qu&rsquo;en tant que propri\u00e9taire, vous pr\u00e9f\u00e9rez utiliser votre propre avocat pour g\u00e9rer votre part de la vente. <\/p>\n<p>[\/et_pb_text][\/et_pb_column][\/et_pb_row][\/et_pb_section]<\/p>\n","protected":false},"excerpt":{"rendered":"<p>En tant que propri\u00e9taire, quelles d\u00e9penses dois-je engager lors de la vente? Les d\u00e9penses de base lors de la vente d&rsquo;une propri\u00e9t\u00e9 sont;\u2022 La plus-value en capital\u2022 La plus-value municipale\u2022 Frais d&rsquo;agence immobili\u00e8re (le cas \u00e9ch\u00e9ant)\u2022 Les frais des diff\u00e9rents certificats (certificat d&rsquo;efficacit\u00e9 \u00e9nerg\u00e9tique, certificat de 2\u00e8me licence d&rsquo;occupation, certificat de non-infraction urbaine, etc.)\u2022 Les [&hellip;]<\/p>\n","protected":false},"author":2,"featured_media":0,"parent":466,"menu_order":0,"comment_status":"closed","ping_status":"closed","template":"","meta":{"_acf_changed":false,"_et_pb_use_builder":"on","_et_pb_old_content":"","_et_gb_content_width":"","footnotes":""},"class_list":["post-579","page","type-page","status-publish","hentry"],"acf":[],"_links":{"self":[{"href":"https:\/\/www.cumbredelsolpreowned.webloading.es\/fr\/wp-json\/wp\/v2\/pages\/579","targetHints":{"allow":["GET"]}}],"collection":[{"href":"https:\/\/www.cumbredelsolpreowned.webloading.es\/fr\/wp-json\/wp\/v2\/pages"}],"about":[{"href":"https:\/\/www.cumbredelsolpreowned.webloading.es\/fr\/wp-json\/wp\/v2\/types\/page"}],"author":[{"embeddable":true,"href":"https:\/\/www.cumbredelsolpreowned.webloading.es\/fr\/wp-json\/wp\/v2\/users\/2"}],"replies":[{"embeddable":true,"href":"https:\/\/www.cumbredelsolpreowned.webloading.es\/fr\/wp-json\/wp\/v2\/comments?post=579"}],"version-history":[{"count":0,"href":"https:\/\/www.cumbredelsolpreowned.webloading.es\/fr\/wp-json\/wp\/v2\/pages\/579\/revisions"}],"up":[{"embeddable":true,"href":"https:\/\/www.cumbredelsolpreowned.webloading.es\/fr\/wp-json\/wp\/v2\/pages\/466"}],"wp:attachment":[{"href":"https:\/\/www.cumbredelsolpreowned.webloading.es\/fr\/wp-json\/wp\/v2\/media?parent=579"}],"curies":[{"name":"wp","href":"https:\/\/api.w.org\/{rel}","templated":true}]}}