{"id":2433,"date":"2023-03-20T10:28:21","date_gmt":"2023-03-20T09:28:21","guid":{"rendered":"https:\/\/www.cumbredelsolpreowned.webloading.es\/cumbre-del-sol-benitachell\/cumbre-del-sol-properties-for-sale\/"},"modified":"2023-03-20T11:58:59","modified_gmt":"2023-03-20T10:58:59","slug":"cumbre-del-sol-proprietes-a-la-vente","status":"publish","type":"page","link":"https:\/\/www.cumbredelsolpreowned.webloading.es\/fr\/cumbre-del-sol-benitachell\/cumbre-del-sol-proprietes-a-la-vente\/","title":{"rendered":"Cumbre del sol propri\u00e9t\u00e9s \u00e0 la vente"},"content":{"rendered":"<p>[et_pb_section fb_built=\u00a0\u00bb1&Prime; _builder_version=\u00a0\u00bb4.20.2&Prime; _module_preset=\u00a0\u00bbdefault\u00a0\u00bb custom_margin=\u00a0\u00bb0px||0px||false|false\u00a0\u00bb custom_padding=\u00a0\u00bb0px||0px||false|false\u00a0\u00bb da_disable_devices=\u00a0\u00bboff|off|off\u00a0\u00bb collapsed=\u00a0\u00bbon\u00a0\u00bb global_colors_info=\u00a0\u00bb{}\u00a0\u00bb da_is_popup=\u00a0\u00bboff\u00a0\u00bb da_exit_intent=\u00a0\u00bboff\u00a0\u00bb da_has_close=\u00a0\u00bbon\u00a0\u00bb da_alt_close=\u00a0\u00bboff\u00a0\u00bb da_dark_close=\u00a0\u00bboff\u00a0\u00bb da_not_modal=\u00a0\u00bbon\u00a0\u00bb da_is_singular=\u00a0\u00bboff\u00a0\u00bb da_with_loader=\u00a0\u00bboff\u00a0\u00bb da_has_shadow=\u00a0\u00bbon\u00a0\u00bb][et_pb_row column_structure=\u00a0\u00bb2_3,1_3&Prime; _builder_version=\u00a0\u00bb4.20.2&Prime; _module_preset=\u00a0\u00bbdefault\u00a0\u00bb custom_margin=\u00a0\u00bb||0px||false|false\u00a0\u00bb custom_padding=\u00a0\u00bb||0px||false|false\u00a0\u00bb global_colors_info=\u00a0\u00bb{}\u00a0\u00bb][et_pb_column type=\u00a0\u00bb2_3&Prime; _builder_version=\u00a0\u00bb4.20.2&Prime; _module_preset=\u00a0\u00bbdefault\u00a0\u00bb global_colors_info=\u00a0\u00bb{}\u00a0\u00bb][et_pb_code _builder_version=\u00a0\u00bb4.20.2&Prime; _module_preset=\u00a0\u00bbdefault\u00a0\u00bb global_colors_info=\u00a0\u00bb{}\u00a0\u00bb]<nav aria-label=\"breadcrumbs\" class=\"rank-math-breadcrumb\"><p><span class=\"last\">Home<\/span><\/p><\/nav>[\/et_pb_code][et_pb_text _builder_version=\u00a0\u00bb4.20.2&Prime; _module_preset=\u00a0\u00bbdefault\u00a0\u00bb text_text_color=\u00a0\u00bb#000000&Prime; header_text_color=\u00a0\u00bb#003e64&Prime; background_enable_image=\u00a0\u00bboff\u00a0\u00bb global_colors_info=\u00a0\u00bb{}\u00a0\u00bb]<\/p>\n<h1>Cumbre del sol propri\u00e9t\u00e9s \u00e0 la vente<\/h1>\n<p>Si vous cherchez \u00e0 <a href=\"https:\/\/www.properties.cumbredelsolpreowned.com\/fr\/vente\/prix-asc\/\" title=\"Cumbre del sol propri\u00e9t\u00e9s \u00e0 la vente\" rel=\"nofollow noopener\" target=\"_blank\">acheter une propri\u00e9t\u00e9 dans l&rsquo;urbanisation Cumbre del Sol<\/a>, vous avez de nombreuses options !<\/p>\n<p>Il existe une grande vari\u00e9t\u00e9 de propri\u00e9t\u00e9s \u00e0 vendre, y compris des appartements de style m\u00e9diterran\u00e9en, des appartements modernes, des villas de style m\u00e9diterran\u00e9en et des villas modernes, avec ou sans vue sur la mer.<\/p>\n<p>[\/et_pb_text][pac_divi_table_of_contents title=\u00a0\u00bbTabel of contents\u00a0\u00bb included_headings=\u00a0\u00bboff|on|off|off|off|off\u00a0\u00bb active_link_highlight=\u00a0\u00bbon\u00a0\u00bb title_container_padding=\u00a0\u00bb10px|23px|10px|23px|false|false\u00a0\u00bb title_container_bg_color=\u00a0\u00bb#004d80&Prime; _builder_version=\u00a0\u00bb4.20.2&Prime; _module_preset=\u00a0\u00bbdefault\u00a0\u00bb title_font_size=\u00a0\u00bb20px\u00a0\u00bb global_colors_info=\u00a0\u00bb{}\u00a0\u00bb][\/pac_divi_table_of_contents][\/et_pb_column][et_pb_column type=\u00a0\u00bb1_3&Prime; _builder_version=\u00a0\u00bb4.20.2&Prime; _module_preset=\u00a0\u00bbdefault\u00a0\u00bb global_colors_info=\u00a0\u00bb{}\u00a0\u00bb][et_pb_image src=\u00a0\u00bbhttps:\/\/www.cumbredelsolpreowned.webloading.es\/wp-content\/uploads\/2023\/03\/cumbre-del-sol-properties-for-sale2-1.jpg\u00a0\u00bb alt=\u00a0\u00bbcumbre del sol propri\u00e9t\u00e9s \u00e0 la vente\u00a0\u00bb title_text=\u00a0\u00bbcumbre del sol propri\u00e9t\u00e9s \u00e0 la vente\u00a0\u00bb _builder_version=\u00a0\u00bb4.20.2&Prime; _module_preset=\u00a0\u00bbdefault\u00a0\u00bb global_colors_info=\u00a0\u00bb{}\u00a0\u00bb][\/et_pb_image][\/et_pb_column][\/et_pb_row][et_pb_row column_structure=\u00a0\u00bb2_5,3_5&Prime; _builder_version=\u00a0\u00bb4.20.2&Prime; _module_preset=\u00a0\u00bbdefault\u00a0\u00bb global_colors_info=\u00a0\u00bb{}\u00a0\u00bb][et_pb_column type=\u00a0\u00bb2_5&Prime; _builder_version=\u00a0\u00bb4.20.2&Prime; _module_preset=\u00a0\u00bbdefault\u00a0\u00bb global_colors_info=\u00a0\u00bb{}\u00a0\u00bb][et_pb_text _builder_version=\u00a0\u00bb4.20.2&Prime; _module_preset=\u00a0\u00bbdefault\u00a0\u00bb text_font_size=\u00a0\u00bb16px\u00a0\u00bb hover_enabled=\u00a0\u00bb0&Prime; global_colors_info=\u00a0\u00bb{}\u00a0\u00bb sticky_enabled=\u00a0\u00bb0&Prime;]<\/p>\n<h2>Cumbre del Sol appartements \u00e0 vendre<\/h2>\n<p>Les <strong>appartements de style m\u00e9diterran\u00e9en<\/strong> sont tr\u00e8s populaires \u00e0 <a href=\"https:\/\/www.cumbredelsolpreowned.webloading.es\/fr\/cumbre-del-sol-benitachell\/\" title=\"Cumbre del Sol Benitachell\">Cumbre del Sol.<\/a><\/p>\n<p>Ces maisons ont un charme traditionnel, avec des toits en tuiles et des balcons donnant sur la mer, les jardins et les piscines.<\/p>\n<p>Si vous aimez un style classique et confortable, un appartement de style m\u00e9diterran\u00e9en <strong>peut \u00eatre le choix id\u00e9al pour vous<\/strong>.<\/p>\n<p>&nbsp;<\/p>\n<p>D&rsquo;autre part, les <strong>appartements modernes<\/strong> sont \u00e9galement tr\u00e8s populaires dans l&rsquo;urbanisation.<\/p>\n<p>Ils se caract\u00e9risent par une architecture \u00e9l\u00e9gante et contemporaine, des lignes \u00e9pur\u00e9es et des mat\u00e9riaux de haute qualit\u00e9.<\/p>\n<p>Les appartements modernes offrent toutes les commodit\u00e9s que vous attendez d&rsquo;une maison de luxe, <strong>notamment des vues spectaculaires<\/strong>, des piscines chauff\u00e9es, une salle de sport, un sauna et des jardins bien entretenus.<\/p>\n<p>&nbsp;<\/p>\n<p>[\/et_pb_text][\/et_pb_column][et_pb_column type=\u00a0\u00bb3_5&Prime; _builder_version=\u00a0\u00bb4.20.2&Prime; _module_preset=\u00a0\u00bbdefault\u00a0\u00bb global_colors_info=\u00a0\u00bb{}\u00a0\u00bb][et_pb_image src=\u00a0\u00bbhttps:\/\/www.cumbredelsolpreowned.webloading.es\/wp-content\/uploads\/2023\/03\/benitachell-apartments-for-sale.jpg\u00a0\u00bb alt=\u00a0\u00bbCumbre del Sol appartements \u00e0 vendre\u00a0\u00bb title_text=\u00a0\u00bbCumbre del Sol appartements \u00e0 vendre\u00a0\u00bb force_fullwidth=\u00a0\u00bbon\u00a0\u00bb _builder_version=\u00a0\u00bb4.20.2&Prime; _module_preset=\u00a0\u00bbdefault\u00a0\u00bb custom_margin=\u00a0\u00bb0px|0px|0px|0px|false|false\u00a0\u00bb custom_padding=\u00a0\u00bb|0px|0px|0px|false|false\u00a0\u00bb global_colors_info=\u00a0\u00bb{}\u00a0\u00bb][\/et_pb_image][\/et_pb_column][\/et_pb_row][\/et_pb_section][et_pb_section fb_built=\u00a0\u00bb1&Prime; admin_label=\u00a0\u00bbllamada accion\u00a0\u00bb _builder_version=\u00a0\u00bb4.20.2&Prime; _module_preset=\u00a0\u00bbdefault\u00a0\u00bb background_color=\u00a0\u00bb#003e64&Prime; custom_margin=\u00a0\u00bb0px||0px||false|false\u00a0\u00bb custom_padding=\u00a0\u00bb0px||0px||false|false\u00a0\u00bb da_disable_devices=\u00a0\u00bboff|off|off\u00a0\u00bb collapsed=\u00a0\u00bbon\u00a0\u00bb global_colors_info=\u00a0\u00bb{}\u00a0\u00bb da_is_popup=\u00a0\u00bboff\u00a0\u00bb da_exit_intent=\u00a0\u00bboff\u00a0\u00bb da_has_close=\u00a0\u00bbon\u00a0\u00bb da_alt_close=\u00a0\u00bboff\u00a0\u00bb da_dark_close=\u00a0\u00bboff\u00a0\u00bb da_not_modal=\u00a0\u00bbon\u00a0\u00bb da_is_singular=\u00a0\u00bboff\u00a0\u00bb da_with_loader=\u00a0\u00bboff\u00a0\u00bb da_has_shadow=\u00a0\u00bbon\u00a0\u00bb][et_pb_row _builder_version=\u00a0\u00bb4.20.2&Prime; _module_preset=\u00a0\u00bbdefault\u00a0\u00bb custom_margin=\u00a0\u00bb5px||5px||false|false\u00a0\u00bb custom_padding=\u00a0\u00bb5px||5px||false|false\u00a0\u00bb global_colors_info=\u00a0\u00bb{}\u00a0\u00bb][et_pb_column type=\u00a0\u00bb4_4&Prime; _builder_version=\u00a0\u00bb4.20.2&Prime; _module_preset=\u00a0\u00bbdefault\u00a0\u00bb global_colors_info=\u00a0\u00bb{}\u00a0\u00bb][et_pb_button button_url=\u00a0\u00bb#contact\u00a0\u00bb button_text=\u00a0\u00bbDemande d&rsquo;informations compl\u00e9mentaires\u00a0\u00bb button_alignment=\u00a0\u00bbcenter\u00a0\u00bb _builder_version=\u00a0\u00bb4.20.2&Prime; _module_preset=\u00a0\u00bbdefault\u00a0\u00bb custom_button=\u00a0\u00bbon\u00a0\u00bb button_text_color=\u00a0\u00bb#FFFFFF\u00a0\u00bb global_colors_info=\u00a0\u00bb{}\u00a0\u00bb][\/et_pb_button][\/et_pb_column][\/et_pb_row][\/et_pb_section][et_pb_section fb_built=\u00a0\u00bb1&Prime; _builder_version=\u00a0\u00bb4.20.2&Prime; _module_preset=\u00a0\u00bbdefault\u00a0\u00bb custom_margin=\u00a0\u00bb0px||0px||false|false\u00a0\u00bb custom_padding=\u00a0\u00bb0px||0px||false|false\u00a0\u00bb da_disable_devices=\u00a0\u00bboff|off|off\u00a0\u00bb collapsed=\u00a0\u00bbon\u00a0\u00bb global_colors_info=\u00a0\u00bb{}\u00a0\u00bb da_is_popup=\u00a0\u00bboff\u00a0\u00bb da_exit_intent=\u00a0\u00bboff\u00a0\u00bb da_has_close=\u00a0\u00bbon\u00a0\u00bb da_alt_close=\u00a0\u00bboff\u00a0\u00bb da_dark_close=\u00a0\u00bboff\u00a0\u00bb da_not_modal=\u00a0\u00bbon\u00a0\u00bb da_is_singular=\u00a0\u00bboff\u00a0\u00bb da_with_loader=\u00a0\u00bboff\u00a0\u00bb da_has_shadow=\u00a0\u00bbon\u00a0\u00bb][et_pb_row column_structure=\u00a0\u00bb3_5,2_5&Prime; _builder_version=\u00a0\u00bb4.20.2&Prime; _module_preset=\u00a0\u00bbdefault\u00a0\u00bb global_colors_info=\u00a0\u00bb{}\u00a0\u00bb][et_pb_column type=\u00a0\u00bb3_5&Prime; _builder_version=\u00a0\u00bb4.20.2&Prime; _module_preset=\u00a0\u00bbdefault\u00a0\u00bb global_colors_info=\u00a0\u00bb{}\u00a0\u00bb][et_pb_image src=\u00a0\u00bbhttps:\/\/www.cumbredelsolpreowned.webloading.es\/wp-content\/uploads\/2023\/03\/cumbre-del-sol-villas-for-sale.jpg\u00a0\u00bb alt=\u00a0\u00bbVillas Cumbre del sol \u00e0 vendre\u00a0\u00bb title_text=\u00a0\u00bbVillas Cumbre del sol \u00e0 vendre\u00a0\u00bb force_fullwidth=\u00a0\u00bbon\u00a0\u00bb _builder_version=\u00a0\u00bb4.20.2&Prime; _module_preset=\u00a0\u00bbdefault\u00a0\u00bb custom_margin=\u00a0\u00bb0px|0px|0px|0px|false|false\u00a0\u00bb custom_padding=\u00a0\u00bb|0px|0px|0px|false|false\u00a0\u00bb global_colors_info=\u00a0\u00bb{}\u00a0\u00bb][\/et_pb_image][\/et_pb_column][et_pb_column type=\u00a0\u00bb2_5&Prime; _builder_version=\u00a0\u00bb4.20.2&Prime; _module_preset=\u00a0\u00bbdefault\u00a0\u00bb global_colors_info=\u00a0\u00bb{}\u00a0\u00bb][et_pb_text _builder_version=\u00a0\u00bb4.20.2&Prime; _module_preset=\u00a0\u00bbdefault\u00a0\u00bb text_font_size=\u00a0\u00bb16px\u00a0\u00bb global_colors_info=\u00a0\u00bb{}\u00a0\u00bb]<\/p>\n<h2>Villas Cumbre del sol \u00e0 vendre<\/h2>\n<p>Si vous pr\u00e9f\u00e9rez avoir une maison ind\u00e9pendante, <strong>les villas sont une excellente option.<\/strong><\/p>\n<p>Les <strong>villas de style m\u00e9diterran\u00e9en<\/strong> sont charmantes et accueillantes, avec des toits en tuiles et des murs blancs ou cr\u00e8me. Ces maisons sont g\u00e9n\u00e9ralement dot\u00e9es de jardins bien entretenus avec des terrasses donnant sur la mer et\/ou les montagnes.<\/p>\n<p>Les <strong>villas modernes,<\/strong> quant \u00e0 elles, sont \u00e9l\u00e9gantes et minimalistes, avec une architecture \u00e9tonnante et une grande vari\u00e9t\u00e9 de conforts modernes. En plus d&rsquo;\u00eatre de construction plus r\u00e9cente, elles sont d&rsquo;une qualit\u00e9 sup\u00e9rieure en termes de finitions, d&rsquo;installations, d&rsquo;isolation, etc.<\/p>\n<p>La plupart des maisons modernes sont \u00e9quip\u00e9es d&rsquo;un chauffage par le sol et d&rsquo;une climatisation par gaine bas\u00e9e sur des syst\u00e8mes a\u00e9rothermiques qui produisent \u00e9galement de l&rsquo;eau chaude.<\/p>\n<p>[\/et_pb_text][\/et_pb_column][\/et_pb_row][\/et_pb_section][et_pb_section fb_built=\u00a0\u00bb1&Prime; admin_label=\u00a0\u00bbllamada accion\u00a0\u00bb _builder_version=\u00a0\u00bb4.20.2&Prime; _module_preset=\u00a0\u00bbdefault\u00a0\u00bb background_color=\u00a0\u00bb#003e64&Prime; custom_margin=\u00a0\u00bb0px||0px||false|false\u00a0\u00bb custom_padding=\u00a0\u00bb0px||0px||false|false\u00a0\u00bb da_disable_devices=\u00a0\u00bboff|off|off\u00a0\u00bb collapsed=\u00a0\u00bbon\u00a0\u00bb global_colors_info=\u00a0\u00bb{}\u00a0\u00bb da_is_popup=\u00a0\u00bboff\u00a0\u00bb da_exit_intent=\u00a0\u00bboff\u00a0\u00bb da_has_close=\u00a0\u00bbon\u00a0\u00bb da_alt_close=\u00a0\u00bboff\u00a0\u00bb da_dark_close=\u00a0\u00bboff\u00a0\u00bb da_not_modal=\u00a0\u00bbon\u00a0\u00bb da_is_singular=\u00a0\u00bboff\u00a0\u00bb da_with_loader=\u00a0\u00bboff\u00a0\u00bb da_has_shadow=\u00a0\u00bbon\u00a0\u00bb][et_pb_row _builder_version=\u00a0\u00bb4.20.2&Prime; _module_preset=\u00a0\u00bbdefault\u00a0\u00bb custom_margin=\u00a0\u00bb5px||5px||false|false\u00a0\u00bb custom_padding=\u00a0\u00bb5px||5px||false|false\u00a0\u00bb global_colors_info=\u00a0\u00bb{}\u00a0\u00bb][et_pb_column type=\u00a0\u00bb4_4&Prime; _builder_version=\u00a0\u00bb4.20.2&Prime; _module_preset=\u00a0\u00bbdefault\u00a0\u00bb global_colors_info=\u00a0\u00bb{}\u00a0\u00bb][et_pb_button button_url=\u00a0\u00bb#contact\u00a0\u00bb button_text=\u00a0\u00bbDemande d&rsquo;informations compl\u00e9mentaires\u00a0\u00bb button_alignment=\u00a0\u00bbcenter\u00a0\u00bb _builder_version=\u00a0\u00bb4.20.2&Prime; _module_preset=\u00a0\u00bbdefault\u00a0\u00bb custom_button=\u00a0\u00bbon\u00a0\u00bb button_text_color=\u00a0\u00bb#FFFFFF\u00a0\u00bb global_colors_info=\u00a0\u00bb{}\u00a0\u00bb][\/et_pb_button][\/et_pb_column][\/et_pb_row][\/et_pb_section][et_pb_section fb_built=\u00a0\u00bb1&Prime; _builder_version=\u00a0\u00bb4.20.2&Prime; _module_preset=\u00a0\u00bbdefault\u00a0\u00bb custom_margin=\u00a0\u00bb0px||0px||false|false\u00a0\u00bb custom_padding=\u00a0\u00bb0px||0px||false|false\u00a0\u00bb da_disable_devices=\u00a0\u00bboff|off|off\u00a0\u00bb collapsed=\u00a0\u00bbon\u00a0\u00bb global_colors_info=\u00a0\u00bb{}\u00a0\u00bb da_is_popup=\u00a0\u00bboff\u00a0\u00bb da_exit_intent=\u00a0\u00bboff\u00a0\u00bb da_has_close=\u00a0\u00bbon\u00a0\u00bb da_alt_close=\u00a0\u00bboff\u00a0\u00bb da_dark_close=\u00a0\u00bboff\u00a0\u00bb da_not_modal=\u00a0\u00bbon\u00a0\u00bb da_is_singular=\u00a0\u00bboff\u00a0\u00bb da_with_loader=\u00a0\u00bboff\u00a0\u00bb da_has_shadow=\u00a0\u00bbon\u00a0\u00bb][et_pb_row _builder_version=\u00a0\u00bb4.20.2&Prime; _module_preset=\u00a0\u00bbdefault\u00a0\u00bb global_colors_info=\u00a0\u00bb{}\u00a0\u00bb][et_pb_column type=\u00a0\u00bb4_4&Prime; _builder_version=\u00a0\u00bb4.20.2&Prime; _module_preset=\u00a0\u00bbdefault\u00a0\u00bb global_colors_info=\u00a0\u00bb{}\u00a0\u00bb][et_pb_text _builder_version=\u00a0\u00bb4.20.2&Prime; _module_preset=\u00a0\u00bbdefault\u00a0\u00bb text_font_size=\u00a0\u00bb16px\u00a0\u00bb global_colors_info=\u00a0\u00bb{}\u00a0\u00bb]<\/p>\n<h2>Demande d&rsquo;informations compl\u00e9mentaires<\/h2>\n<p>En outre, nombre de ces logements offrent une vue imprenable sur la mer. De nombreuses villas et appartements disposent de piscines et de terrasses avec des vues panoramiques sur la M\u00e9diterran\u00e9e et les falaises de Benitachell. Bien souvent, on peut \u00e9galement apercevoir l&rsquo;\u00eele d&rsquo;Ibiza \u00e0 l&rsquo;horizon, ce qui en fait un endroit id\u00e9al pour profiter de la beaut\u00e9 naturelle du littoral espagnol.<\/p>\n<blockquote>\n<p>En r\u00e9sum\u00e9, <strong>il existe de nombreuses options de maisons \u00e0 vendre dans l&rsquo;urbanisation Cumbre del Sol.<\/strong> Que vous pr\u00e9f\u00e9riez une maison de style m\u00e9diterran\u00e9en ou moderne, avec ou sans vue sur la mer, vous trouverez certainement la maison id\u00e9ale pour vous.<\/p>\n<\/blockquote>\n<p>Ne manquez pas l&rsquo;occasion <strong>d&rsquo;explorer l&rsquo;immobilier \u00e0 Cumbre del Sol<\/strong> !<\/p>\n<p><strong>Demandez de plus amples informations<\/strong> d\u00e8s maintenant et commencez \u00e0 d\u00e9couvrir les possibilit\u00e9s de la maison de vos r\u00eaves.<\/p>\n<blockquote><\/blockquote>\n<p>[\/et_pb_text][\/et_pb_column][\/et_pb_row][\/et_pb_section][et_pb_section fb_built=\u00a0\u00bb1&Prime; admin_label=\u00a0\u00bbSection\u00a0\u00bb module_id=\u00a0\u00bbcontact\u00a0\u00bb _builder_version=\u00a0\u00bb4.20.2&Prime; background_color=\u00a0\u00bb#eeeeee\u00a0\u00bb custom_margin=\u00a0\u00bb0px||||false|false\u00a0\u00bb custom_padding=\u00a0\u00bb0px||||false|false\u00a0\u00bb da_popup_slug=\u00a0\u00bbcontact\u00a0\u00bb da_disable_devices=\u00a0\u00bboff|off|off\u00a0\u00bb collapsed=\u00a0\u00bboff\u00a0\u00bb global_colors_info=\u00a0\u00bb{}\u00a0\u00bb da_is_popup=\u00a0\u00bboff\u00a0\u00bb da_exit_intent=\u00a0\u00bboff\u00a0\u00bb da_has_close=\u00a0\u00bbon\u00a0\u00bb da_alt_close=\u00a0\u00bboff\u00a0\u00bb da_dark_close=\u00a0\u00bboff\u00a0\u00bb da_not_modal=\u00a0\u00bbon\u00a0\u00bb da_is_singular=\u00a0\u00bboff\u00a0\u00bb da_with_loader=\u00a0\u00bboff\u00a0\u00bb da_has_shadow=\u00a0\u00bbon\u00a0\u00bb][et_pb_row column_structure=\u00a0\u00bb3_5,2_5&Prime; module_id=\u00a0\u00bbform\u00a0\u00bb _builder_version=\u00a0\u00bb4.16&Prime; global_colors_info=\u00a0\u00bb{}\u00a0\u00bb][et_pb_column type=\u00a0\u00bb3_5&Prime; _builder_version=\u00a0\u00bb4.16&Prime; global_colors_info=\u00a0\u00bb{}\u00a0\u00bb][et_pb_dcgd_gravity_divi_module dc_dgfcm_form_id=\u00a0\u00bb1&Prime; dc_dgfcm_show_title=\u00a0\u00bboff\u00a0\u00bb dc_dgfcm_show_description=\u00a0\u00bboff\u00a0\u00bb dc_dgfcm_enable_confirmation=\u00a0\u00bbon\u00a0\u00bb dc_dgfcm_confirmation_message=\u00a0\u00bb<\/p>\n<p>Thank you<\/p>\n<p>\u00a0\u00bb _builder_version=\u00a0\u00bb4.16&Prime; form_submit_button_alignment=\u00a0\u00bbright\u00a0\u00bb custom_margin=\u00a0\u00bb||||false|false\u00a0\u00bb custom_padding=\u00a0\u00bb10px|10px|0px|10px|false|false\u00a0\u00bb form_submit_button_alignment_tablet=\u00a0\u00bb\u00a0\u00bb form_submit_button_alignment_phone=\u00a0\u00bbcenter\u00a0\u00bb form_submit_button_alignment_last_edited=\u00a0\u00bbon|phone\u00a0\u00bb border_radii=\u00a0\u00bbon|10px|10px|10px|10px\u00a0\u00bb border_width_all=\u00a0\u00bb3px\u00a0\u00bb border_color_all=\u00a0\u00bb#E06F1D\u00a0\u00bb box_shadow_style=\u00a0\u00bbpreset1&Prime; global_colors_info=\u00a0\u00bb{}\u00a0\u00bb][\/et_pb_dcgd_gravity_divi_module][\/et_pb_column][et_pb_column type=\u00a0\u00bb2_5&Prime; _builder_version=\u00a0\u00bb4.16&Prime; global_colors_info=\u00a0\u00bb{}\u00a0\u00bb][et_pb_text _builder_version=\u00a0\u00bb4.20.2&Prime; text_font=\u00a0\u00bb|600|||||||\u00a0\u00bb text_font_size=\u00a0\u00bb16px\u00a0\u00bb text_line_height=\u00a0\u00bb2em\u00a0\u00bb ul_line_height=\u00a0\u00bb2em\u00a0\u00bb global_colors_info=\u00a0\u00bb{}\u00a0\u00bb]<\/p>\n<p>Vous pouvez nous contacter via le formulaire ou si vous le souhaitez via:<\/p>\n<ul>\n<li><i class=\"fas fa-at\"><\/i> E-mail <a href=\"mailto:management@cumbredelsol.com\">management@cumbredelsol.com<\/a><\/li>\n<li><i class=\"fas fa-phone-alt\"><\/i> Phone\u00a0\u00a0<a href=\"tel:+34609612552\">+34 609 612 552<\/a><\/li>\n<li><i class=\"fab fa-whatsapp\"><\/i> Whatsapp<a href=\"whatsapp:+34609612552\">+34 609 612 552<\/a><\/li>\n<li><a href=\"https:\/\/goo.gl\/maps\/zJcyZXNpmSnfX2yv8\" target=\"_blank\" rel=\"noopener noreferrer nofollow\"> Office North entrance<\/a> Cumbre del Sol<\/li>\n<\/ul>\n<p>nous vous contacterons dans les plus brefs d\u00e9lais !<\/p>\n<p>[\/et_pb_text][\/et_pb_column][\/et_pb_row][et_pb_row _builder_version=\u00a0\u00bb4.20.2&Prime; custom_margin=\u00a0\u00bb0px||0px||false|false\u00a0\u00bb custom_padding=\u00a0\u00bb0px||0px||false|false\u00a0\u00bb global_colors_info=\u00a0\u00bb{}\u00a0\u00bb][et_pb_column type=\u00a0\u00bb4_4&Prime; _builder_version=\u00a0\u00bb4.16&Prime; global_colors_info=\u00a0\u00bb{}\u00a0\u00bb][et_pb_text module_class=\u00a0\u00bbavisolegal\u00a0\u00bb _builder_version=\u00a0\u00bb4.20.2&Prime; global_colors_info=\u00a0\u00bb{}\u00a0\u00bb]<\/p>\n<p>Responsible for the treatment: Aflys consultants SL<br \/>Manager&rsquo;s address: Acceso norte s \/ n, Oficina informaci\u00f3n, Cumbre del Sol, CP 03726 Benitachell, Alicante<br \/>Purpose: Your data will be used to meet your requests and provide you with our services.<br \/>Advertising: We will only send you advertising with your prior authorization, which you can provide us with through the corresponding box established for this purpose.<br \/>Legitimation: We will only process your data with your prior consent, which you can provide us through the corresponding box established for this purpose.<br \/>Recipients: In general, only the personnel of our entity who are duly authorized may have knowledge of the information we request.<br \/>Rights: You have the right to know what information we have about you, correct it and delete it, as explained in the additional information available on our website.<br \/>Additional information: More information in the \u00ab\u00a0<a href=\"https:\/\/www.cumbredelsolpreowned.webloading.es\/aviso-legal\/\" target=\"_blank\" rel=\"noopener noreferrer\">Privacy Policy<\/a>\u00a0\u00bb section of our website.<\/p>\n<p>[\/et_pb_text][\/et_pb_column][\/et_pb_row][\/et_pb_section]<\/p>\n","protected":false},"excerpt":{"rendered":"<p><nav aria-label=\"breadcrumbs\" class=\"rank-math-breadcrumb\"><p><span class=\"last\">Home<\/span><\/p><\/nav>Cumbre del sol propri\u00e9t\u00e9s \u00e0 la vente Si vous cherchez \u00e0 acheter une propri\u00e9t\u00e9 dans l&rsquo;urbanisation Cumbre del Sol, vous avez de nombreuses options ! Il existe une grande vari\u00e9t\u00e9 de propri\u00e9t\u00e9s \u00e0 vendre, y compris des appartements de style m\u00e9diterran\u00e9en, des appartements modernes, des villas de style m\u00e9diterran\u00e9en et des villas modernes, avec ou [&hellip;]<\/p>\n","protected":false},"author":2,"featured_media":0,"parent":2089,"menu_order":0,"comment_status":"closed","ping_status":"closed","template":"","meta":{"_acf_changed":false,"_et_pb_use_builder":"on","_et_pb_old_content":"","_et_gb_content_width":"","footnotes":""},"class_list":["post-2433","page","type-page","status-publish","hentry"],"acf":[],"_links":{"self":[{"href":"https:\/\/www.cumbredelsolpreowned.webloading.es\/fr\/wp-json\/wp\/v2\/pages\/2433","targetHints":{"allow":["GET"]}}],"collection":[{"href":"https:\/\/www.cumbredelsolpreowned.webloading.es\/fr\/wp-json\/wp\/v2\/pages"}],"about":[{"href":"https:\/\/www.cumbredelsolpreowned.webloading.es\/fr\/wp-json\/wp\/v2\/types\/page"}],"author":[{"embeddable":true,"href":"https:\/\/www.cumbredelsolpreowned.webloading.es\/fr\/wp-json\/wp\/v2\/users\/2"}],"replies":[{"embeddable":true,"href":"https:\/\/www.cumbredelsolpreowned.webloading.es\/fr\/wp-json\/wp\/v2\/comments?post=2433"}],"version-history":[{"count":0,"href":"https:\/\/www.cumbredelsolpreowned.webloading.es\/fr\/wp-json\/wp\/v2\/pages\/2433\/revisions"}],"up":[{"embeddable":true,"href":"https:\/\/www.cumbredelsolpreowned.webloading.es\/fr\/wp-json\/wp\/v2\/pages\/2089"}],"wp:attachment":[{"href":"https:\/\/www.cumbredelsolpreowned.webloading.es\/fr\/wp-json\/wp\/v2\/media?parent=2433"}],"curies":[{"name":"wp","href":"https:\/\/api.w.org\/{rel}","templated":true}]}}