{"id":12015,"date":"2025-10-17T11:23:12","date_gmt":"2025-10-17T10:23:12","guid":{"rendered":"https:\/\/www.cumbredelsolpreowned.webloading.es\/conditions-dutilisation\/"},"modified":"2025-10-17T11:23:14","modified_gmt":"2025-10-17T10:23:14","slug":"conditions-dutilisation","status":"publish","type":"page","link":"https:\/\/www.cumbredelsolpreowned.webloading.es\/fr\/conditions-dutilisation\/","title":{"rendered":"Conditions d&rsquo;utilisation"},"content":{"rendered":"<p>[et_pb_section fb_built=\u00a0\u00bb1&Prime; _builder_version=\u00a0\u00bb4.27.4&Prime; background_color=\u00a0\u00bb#F3F3F3&Prime; da_disable_devices=\u00a0\u00bboff|off|off\u00a0\u00bb global_colors_info=\u00a0\u00bb{}\u00a0\u00bb da_is_popup=\u00a0\u00bboff\u00a0\u00bb da_exit_intent=\u00a0\u00bboff\u00a0\u00bb da_has_close=\u00a0\u00bbon\u00a0\u00bb da_alt_close=\u00a0\u00bboff\u00a0\u00bb da_dark_close=\u00a0\u00bboff\u00a0\u00bb da_not_modal=\u00a0\u00bbon\u00a0\u00bb da_is_singular=\u00a0\u00bboff\u00a0\u00bb da_with_loader=\u00a0\u00bboff\u00a0\u00bb da_has_shadow=\u00a0\u00bbon\u00a0\u00bb][et_pb_row _builder_version=\u00a0\u00bb4.27.4&Prime; background_color=\u00a0\u00bb#FFFFFF\u00a0\u00bb custom_padding=\u00a0\u00bb40px|40px|40px|40px|true|true\u00a0\u00bb border_radii=\u00a0\u00bbon|5px|5px|5px|5px\u00a0\u00bb global_colors_info=\u00a0\u00bb{}\u00a0\u00bb][et_pb_column type=\u00a0\u00bb4_4&Prime; _builder_version=\u00a0\u00bb4.16&Prime; global_colors_info=\u00a0\u00bb{}\u00a0\u00bb][et_pb_post_title _builder_version=\u00a0\u00bb4.27.4&Prime; _module_preset=\u00a0\u00bbdefault\u00a0\u00bb meta=\u00a0\u00bboff\u00a0\u00bb featured_image=\u00a0\u00bboff\u00a0\u00bb hover_enabled=\u00a0\u00bb0&Prime; sticky_enabled=\u00a0\u00bb0&Prime; title_text_color=\u00a0\u00bb#003E64&Prime; title_font=\u00a0\u00bb|700|||||||\u00a0\u00bb title_font_size=\u00a0\u00bb36px\u00a0\u00bb][\/et_pb_post_title][et_pb_text _builder_version=\u00a0\u00bb4.27.4&Prime; text_line_height=\u00a0\u00bb1.5em\u00a0\u00bb header_font=\u00a0\u00bb|700|||||||\u00a0\u00bb header_text_color=\u00a0\u00bb#003E64&Prime; header_font_size=\u00a0\u00bb32px\u00a0\u00bb header_line_height=\u00a0\u00bb1.7em\u00a0\u00bb header_2_font=\u00a0\u00bb|700|||||||\u00a0\u00bb header_2_font_size=\u00a0\u00bb20px\u00a0\u00bb hover_enabled=\u00a0\u00bb0&Prime; global_colors_info=\u00a0\u00bb{}\u00a0\u00bb sticky_enabled=\u00a0\u00bb0&Prime;]<\/p>\n<h2>Datos del Responsable<\/h2>\n<p><strong>Identidad del Responsable:<\/strong> Aflys Consultants SL<br \/><strong>Nombre comercial:<\/strong> Aflys Consultants SL<br \/><strong>NIF\/CIF:<\/strong> B53810511<br \/><strong>Direcci\u00f3n:<\/strong> Crta. de acceso norte s\/n cumbre del sol, oficina VAPFSTORE , 03726 Benitachell <br \/><strong>Correo electr\u00f3nico:<\/strong> webmaster@aflys.com<br \/>Inscrita en el Registro Mercantil de Alicante, en el tomo 2703, libro 0, folio 191 y hoja A-79465, el 23-10-2003<\/p>\n<p>En este espacio, el usuario, podr\u00e1 encontrar toda la informaci\u00f3n relativa a los t\u00e9rminos y condiciones legales que definen las relaciones entre los usuarios y yo como responsable de esta web. Como usuario, es importante que conozcas estos t\u00e9rminos antes de continuar tu navegaci\u00f3n. <\/p>\n<p>Aflys Consultants SL(Aflys Consultants SL) como responsable de esta web, asumo el compromiso de procesar la informaci\u00f3n de mis usuarios y clientes con plenas garant\u00edas y cumplir con los requisitos nacionales y europeos que regulan la recopilaci\u00f3n y uso de los datos personales de mis usuarios.<\/p>\n<p>Esta web, por tanto, cumple rigurosamente con el Reglamento (UE) 2016\/679 del Parlamento Europeo y del Consejo de 27 de abril de 2016 relativo a la protecci\u00f3n de las personas f\u00edsicas (RGPD), as\u00ed como con la Ley 34\/2002, de 11 de julio, de Servicios de la Sociedad de la Informaci\u00f3n y Comercio Electr\u00f3nico (LSSICE \u00f3 LSSI).<\/p>\n<h2>Condiciones generales de uso<\/h2>\n<p>Las presentes Condiciones Generales regulan el uso (incluyendo el mero acceso) de las p\u00e1ginas de web, integrantes del sitio web de Aflys Consultants SL incluidos los contenidos y servicios puestos a disposici\u00f3n en ellas. Toda persona que acceda a la web, https:\/\/www.cumbredelsolpreowned.com (\u201cusuario\u201d) acepta someterse a las Condiciones Generales vigentes en cada momento del portal https:\/\/www.cumbredelsolpreowned.com. <\/p>\n<h2>Datos personales que recabo y c\u00f3mo lo hago<\/h2>\n<p>Leer Pol\u00edtica de Privacidad.<\/p>\n<h2>Compromisos y obligaciones de los usuarios<\/h2>\n<p>El usuario queda informado, y acepta, que el acceso a la presente web no supone, en modo alguno, el inicio de una relaci\u00f3n comercial con Aflys Consultants SL. De esta forma, el usuario se compromete a utilizar el sitio web, sus servicios y contenidos sin contravenir la legislaci\u00f3n vigente, la buena fe y el orden p\u00fablico. <\/p>\n<p>Queda prohibido el uso de la web, con fines il\u00edcitos o lesivos, o que, de cualquier forma, puedan causar perjuicio o impedir el normal funcionamiento del sitio web. Respecto de los contenidos de esta web, se proh\u00edbe: <\/p>\n<p>Su reproducci\u00f3n, distribuci\u00f3n o modificaci\u00f3n, total o parcial, a menos que se cuente con mi autorizaci\u00f3n como leg\u00edtimo titular;<br \/>Cualquier vulneraci\u00f3n de los derechos del prestador o de mi como leg\u00edtimo titular;<br \/>Su utilizaci\u00f3n para fines comerciales o publicitarios.<\/p>\n<p>En la utilizaci\u00f3n de la web, https:\/\/www.cumbredelsolpreowned.com el usuario se compromete a no llevar a cabo ninguna conducta que pudiera da\u00f1ar la imagen, los intereses y los derechos de Aflys Consultants SL o de terceros o que pudiera da\u00f1ar, inutilizar o sobrecargar el portal https:\/\/www.cumbredelsolpreowned.com o que impidiera, de cualquier forma, la normal utilizaci\u00f3n de la web.<\/p>\n<p>No obstante, el usuario debe ser consciente de que las medidas de seguridad de los sistemas inform\u00e1ticos en Internet no son enteramente fiables y que, por tanto https:\/\/www.cumbredelsolpreowned.com no puede garantizar la inexistencia de malware u otros elementos que puedan producir alteraciones en los sistemas inform\u00e1ticos (software y hardware) del usuario o en sus documentos electr\u00f3nicos y ficheros contenidos en los mismos aunque pongo todos los medios necesarios y las medidas de seguridad oportunas para evitar la presencia de estos elementos da\u00f1inos.<\/p>\n<h2>Anuncios patrocinados, enlaces de afiliados y publicidad<\/h2>\n<p>Esta web ofrece a los usuarios contenidos patrocinados, anuncios y\/o enlaces de afiliados.<\/p>\n<p>Entre los enlaces facilitados, existe la posibilidad de informar y de referenciar productos y\/o servicios y\/o infoproductos. En estos \u00faltimos casos, esa solicitud ser\u00e1 remitida a terceros, como son: <\/p>\n<p>Amazon, https:\/\/afiliados.amazon.es\/<br \/>rakuten, https:\/\/rakutenmarketing.com\/affiliate<br \/>Hostinger, https:\/\/www.hostinger.es\/make-money-online<br \/>JVzoo, https:\/\/www.jvzoo.com\/<\/p>\n<p>La informaci\u00f3n que aparezcan en estos enlaces de afiliados o los anuncios insertados, son facilitados por los propios anunciantes, por lo que Aflys Consultants SL no se hace responsable de posibles inexactitudes o errores que pudieran contener los anuncios, ni garantiza en modo alguno la experiencia, integridad o responsabilidad de los anunciantes o la calidad de sus productos.<\/p>\n<p>Los anuncios permanecer\u00e1n publicados en el portal hasta que sean eliminados o suspendidos por parte del anunciante o de Aflys Consultants SL, que l\u00f3gicamente no ser\u00e1 responsable de que, una vez dados de baja en sus bases de datos, los anuncios contin\u00faen siendo indexados en buscadores ajenos a este portal.<\/p>\n<p>Cualquier relaci\u00f3n contractual o extracontractual que el usuario formalice con los anunciantes, afiliados o terceras personas contactadas a trav\u00e9s de este portal se entienden realizados \u00fanica y exclusivamente entre el usuario y el anunciante y\/o tercera persona. El usuario sabe y acepta que https:\/\/www.cumbredelsolpreowned.com \u00fanicamente act\u00faa como cauce o medio publicitario y que por tanto no tiene ning\u00fan tipo de responsabilidad sobre los da\u00f1os o perjuicios de cualquier naturaleza ocasionados con motivo de sus negociaciones, conversaciones y\/o relaciones contractuales o extracontractuales con los anunciantes o terceras personas f\u00edsicas o jur\u00eddicas contactadas a trav\u00e9s de este portal. <\/p>\n<h2>Medidas de seguridad<\/h2>\n<p>Los datos personales comunicados por el usuario a Aflys Consultants SL pueden ser almacenados en bases de datos automatizadas o no, cuya titularidad corresponde en exclusiva a Aflys Consultants SL, asumiendo \u00e9sta todas las medidas de \u00edndole t\u00e9cnica, organizativa y de seguridad que garantizan la confidencialidad, integridad y calidad de la informaci\u00f3n contenida en las mismas de acuerdo con lo establecido en la normativa vigente en protecci\u00f3n de datos.La comunicaci\u00f3n entre los usuarios y https:\/\/www.cumbredelsolpreowned.com utiliza un canal seguro, y los datos transmitidos son cifrados gracias a protocolos https, por tanto, garantizo las mejores condiciones de seguridad para que la confidencialidad de los usuarios est\u00e9 garantizada.<\/p>\n<h2>Plataforma de resoluci\u00f3n de conflictos<\/h2>\n<p>Pongo tambi\u00e9n a disposici\u00f3n de los usuarios la plataforma de resoluci\u00f3n de litigios que facilita la Comisi\u00f3n Europea y que se encuentra disponible en el siguiente enlace: http:\/\/ec.europa.eu\/consumers\/odr\/<\/p>\n<h2>Derechos de propiedad intelectual e industrial<\/h2>\n<p>En virtud de la Ley de Propiedad Intelectual, quedan expresamente prohibidas la reproducci\u00f3n, la distribuci\u00f3n y la comunicaci\u00f3n p\u00fablica, incluida su modalidad de puesta a disposici\u00f3n, de la totalidad o parte de los contenidos de esta p\u00e1gina web, con fines comerciales, en cualquier soporte y por cualquier medio t\u00e9cnico, sin la autorizaci\u00f3n de Aflys Consultants SL. El usuario se compromete a respetar los derechos de Propiedad Intelectual e Industrial titularidad de Aflys Consultants SL. <\/p>\n<p>El usuario conoce y acepta que la totalidad del sitio web, conteniendo sin car\u00e1cter exhaustivo el texto, software, contenidos (incluyendo estructura, selecci\u00f3n, ordenaci\u00f3n y presentaci\u00f3n de los mismos) podcast, fotograf\u00edas, material audiovisual y gr\u00e1ficos, est\u00e1 protegida por marcas, derechos de autor y otros derechos leg\u00edtimos, de acuerdo con los tratados internacionales en los que Espa\u00f1a es parte y otros derechos de propiedad y leyes de Espa\u00f1a.<\/p>\n<p>En el caso de que un usuario o un tercero consideren que se ha producido una violaci\u00f3n de sus leg\u00edtimos derechos de propiedad intelectual por la introducci\u00f3n de un determinado contenido en la web, deber\u00e1 notificar dicha circunstancia a Aflys Consultants SL indicando:<\/p>\n<p>Datos personales del interesado titular de los derechos presuntamente infringidos, o indicar la representaci\u00f3n con la que act\u00faa en caso de que la reclamaci\u00f3n la presente un tercero distinto del interesado.<br \/>Se\u00f1alar los contenidos protegidos por los derechos de propiedad intelectual y su ubicaci\u00f3n en la web, la acreditaci\u00f3n de los derechos de propiedad intelectual se\u00f1alados y declaraci\u00f3n expresa en la que el interesado se responsabiliza de la veracidad de las informaciones facilitadas en la notificaci\u00f3n.<\/p>\n<h2>Enlaces externos<\/h2>\n<p>Las p\u00e1ginas de la web https:\/\/www.cumbredelsolpreowned.com proporciona enlaces a otros sitios web propios y contenidos que son propiedad de terceros tales como:<\/p>\n<p>Herramientas<br \/>Recursos<br \/>Contenido de otros blogs<br \/>Enlaces de afiliados<\/p>\n<p>El \u00fanico objeto de los enlaces es proporcionar al usuario la posibilidad de acceder a dichos enlaces.<\/p>\n<p>Aflys Consultants SL no se responsabiliza en ning\u00fan caso de los resultados que puedan derivarse al usuario por acceso a dichos enlaces.<\/p>\n<p>Asimismo, el usuario encontrar\u00e1 dentro de este sitio, p\u00e1ginas, promociones, programas de afiliados que acceden a los h\u00e1bitos de navegaci\u00f3n de los usuarios para establecer perfiles. Esta informaci\u00f3n siempre es an\u00f3nima y no se identifica al usuario. <\/p>\n<p>La informaci\u00f3n que se proporcione en estos sitios patrocinado o enlaces de afiliados est\u00e1 sujeta a las pol\u00edticas de privacidad que se utilicen en dichos sitios y no estar\u00e1 sujeta a esta pol\u00edtica de privacidad. Por lo que recomiendo ampliamente a los usuarios a revisar detalladamente las pol\u00edticas de privacidad de los enlaces de afiliado. <\/p>\n<p>El usuario que se proponga establecer cualquier dispositivo t\u00e9cnico de enlace desde su sitio web al portal https:\/\/www.cumbredelsolpreowned.com deber\u00e1 obtener la autorizaci\u00f3n previa y escrita de Aflys Consultants SL. El establecimiento del enlace no implica en ning\u00fan caso la existencia de relaciones entre https:\/\/www.cumbredelsolpreowned.com y el propietario del sitio en el que se establezca el enlace, ni la aceptaci\u00f3n o aprobaci\u00f3n por parte de https:\/\/www.cumbredelsolpreowned.com de sus contenidos o servicios. <\/p>\n<h2>Pol\u00edtica de comentarios<\/h2>\n<p>En mi web se permiten realizar comentarios para enriquecer los contenidos y realizar consultas.<\/p>\n<p>No se admitir\u00e1n comentarios que no est\u00e9n relacionados con la tem\u00e1tica de esta web, que incluyan difamaciones, agravios, insultos, ataques personales o faltas de respeto en general hacia el autor o hacia otros miembros. Estos comentarios ser\u00e1n suprimidos por los administradores de la web. <\/p>\n<p>Tambi\u00e9n ser\u00e1n suprimidos los comentarios que contengan informaci\u00f3n que sea obviamente enga\u00f1osa o falsa, as\u00ed como los comentarios que contengan informaci\u00f3n personal, como, por ejemplo, domicilios privado o tel\u00e9fonos y que vulneren nuestra pol\u00edtica de protecci\u00f3n de datos.<\/p>\n<p>Se desestimar\u00e1, igualmente, aquellos comentarios creados s\u00f3lo con fines promocionales de una web, persona o colectivo y todo lo que pueda ser considerado spam en general.<\/p>\n<p>No se permiten comentarios an\u00f3nimos, as\u00ed como aquellos realizados por una misma persona con distintos apodos. No se considerar\u00e1n tampoco aquellos comentarios que intenten forzar un debate o una toma de postura por otro usuario. <\/p>\n<h2>Exclusi\u00f3n de garant\u00edas y responsable<\/h2>\n<p>Aflys Consultants SL (Aflys Consultants SL) no otorga ninguna garant\u00eda ni se hace responsable, en ning\u00fan caso, de los da\u00f1os y perjuicios de cualquier naturaleza que pudieran traer causa de:<\/p>\n<p>La falta de disponibilidad, mantenimiento y efectivo funcionamiento de la web, o de sus servicios y contenidos;<br \/>La existencia de malware, programas maliciosos o lesivos en los contenidos;<br \/>El uso il\u00edcito, negligente, fraudulento o contrario a este Aviso Legal;<br \/>La falta de licitud, calidad, fiabilidad, utilidad y disponibilidad de los servicios prestados por terceros y puestos a disposici\u00f3n de los usuarios en el sitio web.<br \/>El prestador no se hace responsable bajo ning\u00fan concepto de los da\u00f1os que pudieran dimanar del uso ilegal o indebido de la presente p\u00e1gina web.<\/p>\n<h2>Legislaci\u00f3n y fuero aplicable<\/h2>\n<p>Con car\u00e1cter general las relaciones entre Aflys Consultants SL con los usuarios de sus servicios telem\u00e1ticos, presentes en esta web se encuentran sometidas a la legislaci\u00f3n de ESPA\u00d1A y a los juzgados y tribunales de benissa.<\/p>\n<h2>Contacto<\/h2>\n<p>En caso de que cualquier usuario tuviese alguna duda acerca de estas Condiciones legales o cualquier comentario sobre el portal https:\/\/www.cumbredelsolpreowned.com, por favor dir\u00edjase a webmaster@aflys.com.<\/p>\n<p>El aviso legal han sido actualizadas por \u00faltima vez el 22-03-2020.<\/p>\n<p>[\/et_pb_text][\/et_pb_column][\/et_pb_row][\/et_pb_section]<\/p>\n","protected":false},"excerpt":{"rendered":"<p>Datos del Responsable Identidad del Responsable: Aflys Consultants SLNombre comercial: Aflys Consultants SLNIF\/CIF: B53810511Direcci\u00f3n: Crta. de acceso norte s\/n cumbre del sol, oficina VAPFSTORE , 03726 Benitachell Correo electr\u00f3nico: webmaster@aflys.comInscrita en el Registro Mercantil de Alicante, en el tomo 2703, libro 0, folio 191 y hoja A-79465, el 23-10-2003 En este espacio, el usuario, podr\u00e1 [&hellip;]<\/p>\n","protected":false},"author":2,"featured_media":0,"parent":0,"menu_order":0,"comment_status":"closed","ping_status":"closed","template":"","meta":{"_acf_changed":false,"_et_pb_use_builder":"on","_et_pb_old_content":"","_et_gb_content_width":"","footnotes":""},"class_list":["post-12015","page","type-page","status-publish","hentry"],"acf":[],"_links":{"self":[{"href":"https:\/\/www.cumbredelsolpreowned.webloading.es\/fr\/wp-json\/wp\/v2\/pages\/12015","targetHints":{"allow":["GET"]}}],"collection":[{"href":"https:\/\/www.cumbredelsolpreowned.webloading.es\/fr\/wp-json\/wp\/v2\/pages"}],"about":[{"href":"https:\/\/www.cumbredelsolpreowned.webloading.es\/fr\/wp-json\/wp\/v2\/types\/page"}],"author":[{"embeddable":true,"href":"https:\/\/www.cumbredelsolpreowned.webloading.es\/fr\/wp-json\/wp\/v2\/users\/2"}],"replies":[{"embeddable":true,"href":"https:\/\/www.cumbredelsolpreowned.webloading.es\/fr\/wp-json\/wp\/v2\/comments?post=12015"}],"version-history":[{"count":0,"href":"https:\/\/www.cumbredelsolpreowned.webloading.es\/fr\/wp-json\/wp\/v2\/pages\/12015\/revisions"}],"wp:attachment":[{"href":"https:\/\/www.cumbredelsolpreowned.webloading.es\/fr\/wp-json\/wp\/v2\/media?parent=12015"}],"curies":[{"name":"wp","href":"https:\/\/api.w.org\/{rel}","templated":true}]}}