{"id":10623,"date":"2025-09-25T10:40:02","date_gmt":"2025-09-25T09:40:02","guid":{"rendered":"https:\/\/www.cumbredelsolpreowned.webloading.es\/quartier-residentiel-jazmines-cumbre-del-sol\/"},"modified":"2026-01-07T11:03:32","modified_gmt":"2026-01-07T10:03:32","slug":"quartier-residentiel-jazmines-cumbre-del-sol","status":"publish","type":"page","link":"https:\/\/www.cumbredelsolpreowned.webloading.es\/fr\/quartier-residentiel-jazmines-cumbre-del-sol\/","title":{"rendered":"Quartier r\u00e9sidentiel Jazmines Cumbre del Sol"},"content":{"rendered":"<p>[et_pb_section fb_built=\u00a0\u00bb1&Prime; custom_padding_last_edited=\u00a0\u00bbon|phone\u00a0\u00bb _builder_version=\u00a0\u00bb4.27.4&Prime; _module_preset=\u00a0\u00bbdefault\u00a0\u00bb background_color=\u00a0\u00bb#FFFFFF\u00a0\u00bb custom_padding=\u00a0\u00bb20px||0px||false|false\u00a0\u00bb custom_padding_tablet=\u00a0\u00bb0px||||false|false\u00a0\u00bb custom_padding_phone=\u00a0\u00bb0px||0px||false|false\u00a0\u00bb da_disable_devices=\u00a0\u00bboff|off|off\u00a0\u00bb global_colors_info=\u00a0\u00bb{}\u00a0\u00bb da_is_popup=\u00a0\u00bboff\u00a0\u00bb da_exit_intent=\u00a0\u00bboff\u00a0\u00bb da_has_close=\u00a0\u00bbon\u00a0\u00bb da_alt_close=\u00a0\u00bboff\u00a0\u00bb da_dark_close=\u00a0\u00bboff\u00a0\u00bb da_not_modal=\u00a0\u00bbon\u00a0\u00bb da_is_singular=\u00a0\u00bboff\u00a0\u00bb da_with_loader=\u00a0\u00bboff\u00a0\u00bb da_has_shadow=\u00a0\u00bbon\u00a0\u00bb][et_pb_row custom_padding_last_edited=\u00a0\u00bbon|phone\u00a0\u00bb _builder_version=\u00a0\u00bb4.27.4&Prime; _module_preset=\u00a0\u00bbdefault\u00a0\u00bb custom_padding_tablet=\u00a0\u00bb\u00a0\u00bb custom_padding_phone=\u00a0\u00bb10px||10px||true|false\u00a0\u00bb global_colors_info=\u00a0\u00bb{}\u00a0\u00bb][et_pb_column type=\u00a0\u00bb4_4&Prime; _builder_version=\u00a0\u00bb4.27.4&Prime; _module_preset=\u00a0\u00bbdefault\u00a0\u00bb global_colors_info=\u00a0\u00bb{}\u00a0\u00bb][et_pb_post_title meta=\u00a0\u00bboff\u00a0\u00bb featured_image=\u00a0\u00bboff\u00a0\u00bb _builder_version=\u00a0\u00bb4.27.4&Prime; _module_preset=\u00a0\u00bbdefault\u00a0\u00bb title_font=\u00a0\u00bb|700|||||||\u00a0\u00bb title_text_color=\u00a0\u00bb#003E64&Prime; title_font_size=\u00a0\u00bb32px\u00a0\u00bb custom_margin=\u00a0\u00bb||12px|||\u00a0\u00bb custom_margin_tablet=\u00a0\u00bb\u00a0\u00bb custom_margin_phone=\u00a0\u00bb||0px||false|false\u00a0\u00bb custom_margin_last_edited=\u00a0\u00bbon|phone\u00a0\u00bb custom_padding=\u00a0\u00bb||0px||false|false\u00a0\u00bb global_colors_info=\u00a0\u00bb{}\u00a0\u00bb][\/et_pb_post_title][et_pb_code _builder_version=\u00a0\u00bb4.27.4&Prime; _module_preset=\u00a0\u00bbdefault\u00a0\u00bb global_colors_info=\u00a0\u00bb{}\u00a0\u00bb]<nav aria-label=\"breadcrumbs\" class=\"rank-math-breadcrumb\"><p><span class=\"last\">Home<\/span><\/p><\/nav>[\/et_pb_code][\/et_pb_column][\/et_pb_row][\/et_pb_section][et_pb_section fb_built=\u00a0\u00bb1&Prime; _builder_version=\u00a0\u00bb4.27.4&Prime; _module_preset=\u00a0\u00bbdefault\u00a0\u00bb background_color=\u00a0\u00bb#e0e0e0&Prime; custom_margin=\u00a0\u00bb||||false|false\u00a0\u00bb custom_padding=\u00a0\u00bb0px||0px||false|false\u00a0\u00bb da_disable_devices=\u00a0\u00bboff|off|off\u00a0\u00bb global_colors_info=\u00a0\u00bb{}\u00a0\u00bb da_is_popup=\u00a0\u00bboff\u00a0\u00bb da_exit_intent=\u00a0\u00bboff\u00a0\u00bb da_has_close=\u00a0\u00bbon\u00a0\u00bb da_alt_close=\u00a0\u00bboff\u00a0\u00bb da_dark_close=\u00a0\u00bboff\u00a0\u00bb da_not_modal=\u00a0\u00bbon\u00a0\u00bb da_is_singular=\u00a0\u00bboff\u00a0\u00bb da_with_loader=\u00a0\u00bboff\u00a0\u00bb da_has_shadow=\u00a0\u00bbon\u00a0\u00bb][et_pb_row custom_padding_last_edited=\u00a0\u00bbon|phone\u00a0\u00bb _builder_version=\u00a0\u00bb4.27.4&Prime; _module_preset=\u00a0\u00bbdefault\u00a0\u00bb width=\u00a0\u00bb95%\u00a0\u00bb custom_padding=\u00a0\u00bb20px||20px||true|false\u00a0\u00bb custom_padding_tablet=\u00a0\u00bb10px||10px||true|false\u00a0\u00bb custom_padding_phone=\u00a0\u00bb0px||0px||true|false\u00a0\u00bb global_colors_info=\u00a0\u00bb{}\u00a0\u00bb][et_pb_column type=\u00a0\u00bb4_4&Prime; _builder_version=\u00a0\u00bb4.27.4&Prime; _module_preset=\u00a0\u00bbdefault\u00a0\u00bb global_colors_info=\u00a0\u00bb{}\u00a0\u00bb][et_pb_code _builder_version=\u00a0\u00bb4.27.4&Prime; _module_preset=\u00a0\u00bbdefault\u00a0\u00bb text_orientation=\u00a0\u00bbcenter\u00a0\u00bb module_alignment=\u00a0\u00bbcenter\u00a0\u00bb custom_css_free_form=\u00a0\u00bbselector .search-wrapper2 .search2{||  background-color:transparent;||}||||selector .col-md-4 input{||  border-radius:5px;||  padding: 15px 10px;||}||||selector .col-md-4 .form-control{||  border-radius:5px;||}||@media only screen and (min-width: 768px) {||selector .advance-search-form {||  display: flex;||  flex-wrap: wrap;||}||||selector .row {||  margin-right: 0;||  margin-left: 0;||  width: 33.333%;||   flex-grow: 1 !important;||}||||  selector .option .double .clearfix{||    min-width:70px !important;||  }||  ||  ||  selector .col-md-4{||    padding: 5px;||  }||}||||@media only screen and (max-width: 768px) {||selector .col-xs-12{||  width:50%;||}||  selector .opciones-avanzadas span {||  font-size: 14px;||  }||  selector .mb-2{||    margin-bottom:0px !important;||  }||  selector .col-md-6:nth-of-type(1){||    margin-bottom:5px;||  }||  selector .mb-2:nth-of-type(3){||    margin-top:10px;||  }||\/*   selector .col-md-4 input{||    margin-top:10px !important;||  }|| ||    selector .col-md-6:nth-of-type(2){||    display: inline-block;||  }*\/||  selector .mb-2{||    display:flex !important;||  }||  selector .col-xs-12 {||    padding: 5px;||  }||  selector .col-md-12 {||    padding: 0 5px !important;||  }||  selector .search-wrapper2 .search2 .form-control{||    margin:0;||  }||  selector  .search-wrapper2 .col-md-12{||    padding:0;||  }||  selector  .col-md-12 .opciones-avanzadas{||    text-align:left !important;||  }||}\u00a0\u00bb global_colors_info=\u00a0\u00bb{}\u00a0\u00bb][BAvanzado KUBE][\/et_pb_code][\/et_pb_column][\/et_pb_row][\/et_pb_section][et_pb_section fb_built=\u00a0\u00bb1&Prime; custom_padding_last_edited=\u00a0\u00bbon|phone\u00a0\u00bb _builder_version=\u00a0\u00bb4.27.4&Prime; _module_preset=\u00a0\u00bbdefault\u00a0\u00bb custom_padding=\u00a0\u00bb20px||20px||true|false\u00a0\u00bb custom_padding_tablet=\u00a0\u00bb\u00a0\u00bb custom_padding_phone=\u00a0\u00bb10px||10px||true|false\u00a0\u00bb da_disable_devices=\u00a0\u00bboff|off|off\u00a0\u00bb global_colors_info=\u00a0\u00bb{}\u00a0\u00bb da_is_popup=\u00a0\u00bboff\u00a0\u00bb da_exit_intent=\u00a0\u00bboff\u00a0\u00bb da_has_close=\u00a0\u00bbon\u00a0\u00bb da_alt_close=\u00a0\u00bboff\u00a0\u00bb da_dark_close=\u00a0\u00bboff\u00a0\u00bb da_not_modal=\u00a0\u00bbon\u00a0\u00bb da_is_singular=\u00a0\u00bboff\u00a0\u00bb da_with_loader=\u00a0\u00bboff\u00a0\u00bb da_has_shadow=\u00a0\u00bbon\u00a0\u00bb][et_pb_row _builder_version=\u00a0\u00bb4.27.4&Prime; _module_preset=\u00a0\u00bbdefault\u00a0\u00bb width=\u00a0\u00bb90%\u00a0\u00bb custom_padding=\u00a0\u00bb0px||||false|false\u00a0\u00bb global_colors_info=\u00a0\u00bb{}\u00a0\u00bb][et_pb_column type=\u00a0\u00bb4_4&Prime; _builder_version=\u00a0\u00bb4.27.4&Prime; _module_preset=\u00a0\u00bbdefault\u00a0\u00bb global_colors_info=\u00a0\u00bb{}\u00a0\u00bb][et_pb_code _builder_version=\u00a0\u00bb4.27.4&Prime; _module_preset=\u00a0\u00bbdefault\u00a0\u00bb text_orientation=\u00a0\u00bbcenter\u00a0\u00bb custom_css_free_form=\u00a0\u00bb@media only screen and (max-width: 768px) {||||  selector .filters-wrapper-plugin{||    margin:10px 17px !important;||  }||}\u00a0\u00bb global_colors_info=\u00a0\u00bb{}\u00a0\u00bb][LVenta KUBE WDCUMBREJAZMINES][\/et_pb_code][\/et_pb_column][\/et_pb_row][\/et_pb_section][et_pb_section fb_built=\u00a0\u00bb1&Prime; disabled_on=\u00a0\u00bboff|off|off\u00a0\u00bb _builder_version=\u00a0\u00bb4.27.5&Prime; _module_preset=\u00a0\u00bbdefault\u00a0\u00bb hover_enabled=\u00a0\u00bb0&Prime; da_disable_devices=\u00a0\u00bboff|off|off\u00a0\u00bb global_colors_info=\u00a0\u00bb{}\u00a0\u00bb sticky_enabled=\u00a0\u00bb0&Prime; da_is_popup=\u00a0\u00bboff\u00a0\u00bb da_exit_intent=\u00a0\u00bboff\u00a0\u00bb da_has_close=\u00a0\u00bbon\u00a0\u00bb da_alt_close=\u00a0\u00bboff\u00a0\u00bb da_dark_close=\u00a0\u00bboff\u00a0\u00bb da_not_modal=\u00a0\u00bbon\u00a0\u00bb da_is_singular=\u00a0\u00bboff\u00a0\u00bb da_with_loader=\u00a0\u00bboff\u00a0\u00bb da_has_shadow=\u00a0\u00bbon\u00a0\u00bb][et_pb_row _builder_version=\u00a0\u00bb4.27.4&Prime; _module_preset=\u00a0\u00bbdefault\u00a0\u00bb global_colors_info=\u00a0\u00bb{}\u00a0\u00bb][et_pb_column type=\u00a0\u00bb4_4&Prime; _builder_version=\u00a0\u00bb4.27.4&Prime; _module_preset=\u00a0\u00bbdefault\u00a0\u00bb global_colors_info=\u00a0\u00bb{}\u00a0\u00bb][et_pb_text _builder_version=\u00a0\u00bb4.27.5&Prime; _module_preset=\u00a0\u00bbdefault\u00a0\u00bb hover_enabled=\u00a0\u00bb0&Prime; global_colors_info=\u00a0\u00bb{}\u00a0\u00bb sticky_enabled=\u00a0\u00bb0&Prime;]<\/p>\n<h2 data-start=\"216\" data-end=\"258\">Zone r\u00e9sidentielle Jazmines \u00e0 <strong>Cumbre del Sol<br \/><\/strong>D\u00e9couvrez un art de vivre luxueux sur la <strong>Costa Blanca Nord<\/strong><\/h2>\n<p data-start=\"165\" data-end=\"447\">Bienvenue dans la <strong data-start=\"183\" data-end=\"231\">Zone R\u00e9sidentielle Jazmines \u00e0 Cumbre del Sol<\/strong>, un emplacement d\u2019exception o\u00f9 des <strong data-start=\"267\" data-end=\"310\">villas de luxe sur la Costa Blanca Nord<\/strong> associent <strong data-start=\"321\" data-end=\"351\">architecture contemporaine<\/strong>, <strong data-start=\"353\" data-end=\"382\">prestations haut de gamme<\/strong> et <strong data-start=\"386\" data-end=\"446\">vues panoramiques spectaculaires sur la mer M\u00e9diterran\u00e9e<\/strong>.<\/p>\n<h2 data-start=\"449\" data-end=\"507\"><strong data-start=\"453\" data-end=\"507\">Pourquoi la zone r\u00e9sidentielle Jazmines est unique<\/strong><\/h2>\n<h3 data-start=\"509\" data-end=\"554\"><strong data-start=\"514\" data-end=\"554\">1. Villas de luxe pr\u00eates \u00e0 emm\u00e9nager<\/strong><\/h3>\n<p data-start=\"556\" data-end=\"629\">Chaque villa est con\u00e7ue avec des finitions de haute qualit\u00e9 et comprend :<\/p>\n<ul data-start=\"631\" data-end=\"738\">\n<li data-start=\"631\" data-end=\"649\">\n<p data-start=\"633\" data-end=\"649\">Piscine priv\u00e9e<\/p>\n<\/li>\n<li data-start=\"650\" data-end=\"679\">\n<p data-start=\"652\" data-end=\"679\">Jardins paysagers soign\u00e9s<\/p>\n<\/li>\n<li data-start=\"680\" data-end=\"738\">\n<p data-start=\"682\" data-end=\"738\">Murs en pierre naturelle, alliant \u00e9l\u00e9gance et intimit\u00e9<\/p>\n<\/li>\n<\/ul>\n<h3 data-start=\"740\" data-end=\"783\"><strong data-start=\"745\" data-end=\"783\">2. Vues panoramiques incomparables<\/strong><\/h3>\n<p data-start=\"785\" data-end=\"847\">Depuis votre propri\u00e9t\u00e9, profitez de vues exceptionnelles sur :<\/p>\n<ul data-start=\"849\" data-end=\"1003\">\n<li data-start=\"849\" data-end=\"858\">\n<p data-start=\"851\" data-end=\"858\">Ibiza<\/p>\n<\/li>\n<li data-start=\"859\" data-end=\"907\">\n<p data-start=\"861\" data-end=\"907\">Le <strong data-start=\"864\" data-end=\"905\">Parc naturel de la Granadella (J\u00e1vea)<\/strong><\/p>\n<\/li>\n<li data-start=\"908\" data-end=\"943\">\n<p data-start=\"910\" data-end=\"943\">La <strong data-start=\"913\" data-end=\"941\">tour du Portet (Moraira)<\/strong><\/p>\n<\/li>\n<li data-start=\"944\" data-end=\"977\">\n<p data-start=\"946\" data-end=\"977\">Le <strong data-start=\"949\" data-end=\"975\">Pe\u00f1\u00f3n de Ifach (Calpe)<\/strong><\/p>\n<\/li>\n<li data-start=\"978\" data-end=\"1003\">\n<p data-start=\"980\" data-end=\"1003\">La <strong data-start=\"983\" data-end=\"1003\">Sierra de Bernia<\/strong><\/p>\n<\/li>\n<\/ul>\n<p data-start=\"1005\" data-end=\"1072\">Le tout sublim\u00e9 par l\u2019intensit\u00e9 du bleu de la <strong data-start=\"1051\" data-end=\"1071\">mer M\u00e9diterran\u00e9e<\/strong>.<\/p>\n<h3 data-start=\"1074\" data-end=\"1137\"><strong data-start=\"1079\" data-end=\"1137\">3. Emplacement strat\u00e9gique et excellente accessibilit\u00e9<\/strong><\/h3>\n<p data-start=\"1139\" data-end=\"1378\">Situ\u00e9e \u00e0 l\u2019entr\u00e9e sud de <strong data-start=\"1164\" data-end=\"1182\">Cumbre del Sol<\/strong>, la zone Jazmines b\u00e9n\u00e9ficie d\u2019un acc\u00e8s rapide \u00e0 <strong data-start=\"1231\" data-end=\"1242\">Moraira<\/strong>, ce qui en fait un choix id\u00e9al pour une <strong data-start=\"1283\" data-end=\"1307\">r\u00e9sidence principale<\/strong>, une <strong data-start=\"1313\" data-end=\"1335\">maison de vacances<\/strong> ou un <strong data-start=\"1342\" data-end=\"1377\">investissement \u00e0 fort rendement<\/strong>.<\/p>\n<h3 data-start=\"1380\" data-end=\"1437\"><strong data-start=\"1385\" data-end=\"1437\">4. Parcelles spacieuses et parfaitement agenc\u00e9es<\/strong><\/h3>\n<p data-start=\"1439\" data-end=\"1583\">Avec <strong data-start=\"1444\" data-end=\"1461\">255 parcelles<\/strong> allant de <strong data-start=\"1472\" data-end=\"1493\">800 m\u00b2 \u00e0 1 200 m\u00b2<\/strong>, chaque villa offre espace, intimit\u00e9 et exclusivit\u00e9 dans un cadre r\u00e9sidentiel privil\u00e9gi\u00e9.<\/p>\n<h3 data-start=\"1585\" data-end=\"1638\"><strong data-start=\"1590\" data-end=\"1638\">5. Quartier \u00e9tabli et environnement paisible<\/strong><\/h3>\n<p data-start=\"1640\" data-end=\"1814\">Limitrophe des prestigieuses zones <strong data-start=\"1675\" data-end=\"1686\">Kalmias<\/strong> et <strong data-start=\"1690\" data-end=\"1700\">Lirios<\/strong>, Jazmines forme un ensemble r\u00e9sidentiel harmonieux et tr\u00e8s recherch\u00e9, notamment par une client\u00e8le internationale.<\/p>\n<h2 data-start=\"1816\" data-end=\"1869\"><strong data-start=\"1820\" data-end=\"1869\">Caract\u00e9ristiques principales en un coup d\u2019\u0153il<\/strong><\/h2>\n<ul data-start=\"1871\" data-end=\"2076\">\n<li data-start=\"1871\" data-end=\"1902\">\n<p data-start=\"1873\" data-end=\"1902\">Villas de luxe cl\u00e9s en main<\/p>\n<\/li>\n<li data-start=\"1903\" data-end=\"1947\">\n<p data-start=\"1905\" data-end=\"1947\">Vues exceptionnelles sur la M\u00e9diterran\u00e9e<\/p>\n<\/li>\n<li data-start=\"1948\" data-end=\"1979\">\n<p data-start=\"1950\" data-end=\"1979\">Parcelles de 800 \u00e0 1 200 m\u00b2<\/p>\n<\/li>\n<li data-start=\"1980\" data-end=\"2019\">\n<p data-start=\"1982\" data-end=\"2019\">Acc\u00e8s privil\u00e9gi\u00e9 \u00e0 Moraira et J\u00e1vea<\/p>\n<\/li>\n<li data-start=\"2020\" data-end=\"2076\">\n<p data-start=\"2022\" data-end=\"2076\">Quartier r\u00e9sidentiel exclusif et parfaitement \u00e9tabli<\/p>\n<\/li>\n<\/ul>\n<h2 data-start=\"2078\" data-end=\"2136\"><strong data-start=\"2082\" data-end=\"2136\">Contactez Cumbre del Sol Pre-Owned d\u00e8s aujourd\u2019hui<\/strong><\/h2>\n<p data-start=\"2138\" data-end=\"2397\">Imaginez votre quotidien dans ce cadre spectaculaire. <strong data-start=\"2192\" data-end=\"2230\">Contactez Cumbre del Sol Pre-Owned<\/strong> pour d\u00e9couvrir pourquoi la <strong data-start=\"2258\" data-end=\"2289\">Zone R\u00e9sidentielle Jazmines<\/strong> est l\u2019un des joyaux de la Costa Blanca.<br data-start=\"2329\" data-end=\"2332\" \/><strong data-start=\"2332\" data-end=\"2397\">Demandez plus d\u2019informations d\u00e8s maintenant, sans engagement.<\/strong><\/p>\n<p data-start=\"2415\" data-end=\"2644\">La <strong data-start=\"2418\" data-end=\"2466\">Zone R\u00e9sidentielle Jazmines \u00e0 Cumbre del Sol<\/strong> r\u00e9unit <strong data-start=\"2474\" data-end=\"2517\">villas de luxe sur la Costa Blanca Nord<\/strong>, <strong data-start=\"2519\" data-end=\"2550\">vues maritimes panoramiques<\/strong> et <strong data-start=\"2554\" data-end=\"2581\">emplacement strat\u00e9gique<\/strong>, offrant une exp\u00e9rience r\u00e9sidentielle v\u00e9ritablement exclusive.<\/p>\n<p>&nbsp;<\/p>\n<p>[\/et_pb_text][\/et_pb_column][\/et_pb_row][et_pb_row _builder_version=\u00a0\u00bb4.27.4&Prime; _module_preset=\u00a0\u00bbdefault\u00a0\u00bb width_tablet=\u00a0\u00bb\u00a0\u00bb width_phone=\u00a0\u00bb90%\u00a0\u00bb width_last_edited=\u00a0\u00bbon|phone\u00a0\u00bb custom_padding=\u00a0\u00bb0px|||||\u00a0\u00bb global_colors_info=\u00a0\u00bb{}\u00a0\u00bb][et_pb_column type=\u00a0\u00bb4_4&Prime; _builder_version=\u00a0\u00bb4.27.4&Prime; _module_preset=\u00a0\u00bbdefault\u00a0\u00bb global_colors_info=\u00a0\u00bb{}\u00a0\u00bb][et_pb_text _builder_version=\u00a0\u00bb4.27.5&Prime; _module_preset=\u00a0\u00bbdefault\u00a0\u00bb header_2_font=\u00a0\u00bb|700|||||||\u00a0\u00bb header_2_text_align=\u00a0\u00bbcenter\u00a0\u00bb header_2_text_color=\u00a0\u00bb#003E64&Prime; header_2_font_size=\u00a0\u00bb32px\u00a0\u00bb custom_padding=\u00a0\u00bb40px||||false|false\u00a0\u00bb global_colors_info=\u00a0\u00bb{}\u00a0\u00bb]<\/p>\n<h2>Questions fr\u00e9quentes concernant le quartier r\u00e9sidentiel de Jazmines Cumbre del Sol<\/h2>\n<p>[\/et_pb_text][et_pb_accordion open_toggle_text_color=\u00a0\u00bb#003E64&Prime; closed_toggle_text_color=\u00a0\u00bb#003E64&Prime; closed_toggle_background_color=\u00a0\u00bb#F3F3F3&Prime; toggle_icon=\u00a0\u00bb&#x4c;||divi||400&Prime; icon_color=\u00a0\u00bb#E06F1D\u00a0\u00bb use_icon_font_size=\u00a0\u00bbon\u00a0\u00bb icon_font_size=\u00a0\u00bb26px\u00a0\u00bb _builder_version=\u00a0\u00bb4.27.5&Prime; _module_preset=\u00a0\u00bbdefault\u00a0\u00bb toggle_text_color=\u00a0\u00bb#FFFFFF\u00a0\u00bb toggle_level=\u00a0\u00bbh3&Prime; toggle_font=\u00a0\u00bb|700|||||||\u00a0\u00bb custom_margin=\u00a0\u00bb||||false|false\u00a0\u00bb custom_padding=\u00a0\u00bb||||false|false\u00a0\u00bb hover_enabled=\u00a0\u00bb0&Prime; rank_math_faq_schema=\u00a0\u00bbon\u00a0\u00bb border_color_all=\u00a0\u00bb#FFFFFF\u00a0\u00bb global_colors_info=\u00a0\u00bb{}\u00a0\u00bb sticky_enabled=\u00a0\u00bb0&Prime;][et_pb_accordion_item title=\u00a0\u00bb1. Quels types de villas sont disponibles dans la zone Jazmines ?\u00a0\u00bb open=\u00a0\u00bbon\u00a0\u00bb _builder_version=\u00a0\u00bb4.27.5&Prime; _module_preset=\u00a0\u00bbdefault\u00a0\u00bb custom_margin=\u00a0\u00bb||0px||false|false\u00a0\u00bb border_radii=\u00a0\u00bboff|5px|5px||\u00a0\u00bb global_colors_info=\u00a0\u00bb{}\u00a0\u00bb]<\/p>\n<p>Des villas modernes cl\u00e9s en main, avec piscine priv\u00e9e, jardins paysagers et finitions en pierre naturelle.<\/p>\n<p>[\/et_pb_accordion_item][et_pb_accordion_item title=\u00a0\u00bb2. Quelle est la superficie des parcelles \u00e0 Jazmines ?\u00a0\u00bb _builder_version=\u00a0\u00bb4.27.5&Prime; _module_preset=\u00a0\u00bbdefault\u00a0\u00bb custom_margin=\u00a0\u00bb||0px||false|false\u00a0\u00bb border_radii=\u00a0\u00bboff||||\u00a0\u00bb global_colors_info=\u00a0\u00bb{}\u00a0\u00bb open=\u00a0\u00bboff\u00a0\u00bb]<\/p>\n<p>Les parcelles varient de <strong data-start=\"2934\" data-end=\"2955\">800 m\u00b2 \u00e0 1 200 m\u00b2<\/strong>, garantissant espace et intimit\u00e9.<\/p>\n<p>[\/et_pb_accordion_item][et_pb_accordion_item title=\u00a0\u00bb3. Quelles vues peut-on admirer depuis les villas ?\u00a0\u00bb _builder_version=\u00a0\u00bb4.27.5&Prime; _module_preset=\u00a0\u00bbdefault\u00a0\u00bb custom_margin=\u00a0\u00bb||0px||false|false\u00a0\u00bb border_radii=\u00a0\u00bboff||||\u00a0\u00bb global_colors_info=\u00a0\u00bb{}\u00a0\u00bb open=\u00a0\u00bboff\u00a0\u00bb]<\/p>\n<p>Des panoramas spectaculaires sur <strong data-start=\"3082\" data-end=\"3091\">Ibiza<\/strong>, la <strong data-start=\"3096\" data-end=\"3110\">Granadella<\/strong>, la <strong data-start=\"3115\" data-end=\"3133\">tour du Portet<\/strong>, le <strong data-start=\"3138\" data-end=\"3156\">Pe\u00f1\u00f3n de Ifach<\/strong>, la <strong data-start=\"3161\" data-end=\"3181\">Sierra de Bernia<\/strong> et la <strong data-start=\"3188\" data-end=\"3208\">mer M\u00e9diterran\u00e9e<\/strong>.<\/p>\n<p>[\/et_pb_accordion_item][et_pb_accordion_item title=\u00a0\u00bb4. La zone Jazmines est-elle adapt\u00e9e \u00e0 l\u2019investissement immobilier ?\u00a0\u00bb _builder_version=\u00a0\u00bb4.27.5&Prime; _module_preset=\u00a0\u00bbdefault\u00a0\u00bb custom_margin=\u00a0\u00bb||0px||false|false\u00a0\u00bb border_radii=\u00a0\u00bboff||||\u00a0\u00bb global_colors_info=\u00a0\u00bb{}\u00a0\u00bb open=\u00a0\u00bboff\u00a0\u00bb]<\/p>\n<p>Oui, son emplacement strat\u00e9gique pr\u00e8s de Moraira et sa forte demande internationale en font une option d\u2019investissement tr\u00e8s attractive.<\/p>\n<p>[\/et_pb_accordion_item][et_pb_accordion_item title=\u00a0\u00bb5. Le quartier est-il calme et r\u00e9sidentiel ?\u00a0\u00bb _builder_version=\u00a0\u00bb4.27.5&Prime; _module_preset=\u00a0\u00bbdefault\u00a0\u00bb custom_margin=\u00a0\u00bb||0px||false|false\u00a0\u00bb border_radii=\u00a0\u00bboff||||\u00a0\u00bb global_colors_info=\u00a0\u00bb{}\u00a0\u00bb open=\u00a0\u00bboff\u00a0\u00bb]<\/p>\n<p>Absolument, Jazmines est un quartier mature, paisible et exclusivement r\u00e9sidentiel.<\/p>\n<p>[\/et_pb_accordion_item][et_pb_accordion_item title=\u00a0\u00bb6. Peut-on y vivre toute l\u2019ann\u00e9e ?\u00a0\u00bb _builder_version=\u00a0\u00bb4.27.5&Prime; _module_preset=\u00a0\u00bbdefault\u00a0\u00bb custom_margin=\u00a0\u00bb||0px||false|false\u00a0\u00bb border_radii=\u00a0\u00bboff||||\u00a0\u00bb global_colors_info=\u00a0\u00bb{}\u00a0\u00bb open=\u00a0\u00bboff\u00a0\u00bb]<\/p>\n<p>Oui, gr\u00e2ce \u00e0 la qualit\u00e9 des constructions, au climat et \u00e0 la proximit\u00e9 des services, la zone est id\u00e9ale pour une r\u00e9sidence permanente.<\/p>\n<p>[\/et_pb_accordion_item][\/et_pb_accordion][\/et_pb_column][\/et_pb_row][\/et_pb_section][et_pb_section fb_built=\u00a0\u00bb1&Prime; _builder_version=\u00a0\u00bb4.27.4&Prime; _module_preset=\u00a0\u00bbdefault\u00a0\u00bb background_image=\u00a0\u00bbhttps:\/\/www.cumbredelsolpreowned.webloading.es\/wp-content\/uploads\/2025\/10\/restaurant-views-cumbre-del-sol.png\u00a0\u00bb parallax=\u00a0\u00bbon\u00a0\u00bb da_disable_devices=\u00a0\u00bboff|off|off\u00a0\u00bb locked=\u00a0\u00bboff\u00a0\u00bb global_colors_info=\u00a0\u00bb{}\u00a0\u00bb da_is_popup=\u00a0\u00bboff\u00a0\u00bb da_exit_intent=\u00a0\u00bboff\u00a0\u00bb da_has_close=\u00a0\u00bbon\u00a0\u00bb da_alt_close=\u00a0\u00bboff\u00a0\u00bb da_dark_close=\u00a0\u00bboff\u00a0\u00bb da_not_modal=\u00a0\u00bbon\u00a0\u00bb da_is_singular=\u00a0\u00bboff\u00a0\u00bb da_with_loader=\u00a0\u00bboff\u00a0\u00bb da_has_shadow=\u00a0\u00bbon\u00a0\u00bb][et_pb_row column_structure=\u00a0\u00bb1_2,1_2&Prime; _builder_version=\u00a0\u00bb4.27.4&Prime; _module_preset=\u00a0\u00bbdefault\u00a0\u00bb width_tablet=\u00a0\u00bb\u00a0\u00bb width_phone=\u00a0\u00bb90%\u00a0\u00bb width_last_edited=\u00a0\u00bbon|phone\u00a0\u00bb custom_margin_tablet=\u00a0\u00bb\u00a0\u00bb custom_margin_phone=\u00a0\u00bb20px||||false|false\u00a0\u00bb custom_margin_last_edited=\u00a0\u00bbon|phone\u00a0\u00bb global_colors_info=\u00a0\u00bb{}\u00a0\u00bb][et_pb_column type=\u00a0\u00bb1_2&Prime; _builder_version=\u00a0\u00bb4.27.4&Prime; _module_preset=\u00a0\u00bbdefault\u00a0\u00bb global_colors_info=\u00a0\u00bb{}\u00a0\u00bb][\/et_pb_column][et_pb_column type=\u00a0\u00bb1_2&Prime; _builder_version=\u00a0\u00bb4.27.4&Prime; _module_preset=\u00a0\u00bbdefault\u00a0\u00bb background_color=\u00a0\u00bb#FFFFFF\u00a0\u00bb custom_padding=\u00a0\u00bb40px|40px|20px|40px|false|true\u00a0\u00bb custom_padding_tablet=\u00a0\u00bb40px|40px|40px|40px|true|true\u00a0\u00bb custom_padding_phone=\u00a0\u00bb20px|15px|20px|15px|true|true\u00a0\u00bb custom_padding_last_edited=\u00a0\u00bbon|phone\u00a0\u00bb scroll_vertical_motion_enable=\u00a0\u00bbon\u00a0\u00bb scroll_vertical_motion=\u00a0\u00bb0|50|50|100|0.5|0|-1&Prime; border_radii=\u00a0\u00bbon|8px|8px|8px|8px\u00a0\u00bb box_shadow_style=\u00a0\u00bbpreset2&Prime; global_colors_info=\u00a0\u00bb{}\u00a0\u00bb][et_pb_text _builder_version=\u00a0\u00bb4.27.5&Prime; _module_preset=\u00a0\u00bbdefault\u00a0\u00bb header_2_font=\u00a0\u00bb|700|||||||\u00a0\u00bb header_2_text_color=\u00a0\u00bb#003E64&Prime; global_colors_info=\u00a0\u00bb{}\u00a0\u00bb]<\/p>\n<h2>Pr\u00eat \u00e0 vous rencontrer !<\/h2>\n<p>[\/et_pb_text][et_pb_dcgd_gravity_divi_module dc_dgfcm_form_id=\u00a0\u00bb12&Prime; dc_dgfcm_show_title=\u00a0\u00bboff\u00a0\u00bb dc_dgfcm_show_description=\u00a0\u00bboff\u00a0\u00bb dc_dgfcm_enable_ajax=\u00a0\u00bbon\u00a0\u00bb _builder_version=\u00a0\u00bb4.27.4&Prime; _module_preset=\u00a0\u00bbdefault\u00a0\u00bb global_colors_info=\u00a0\u00bb{}\u00a0\u00bb][\/et_pb_dcgd_gravity_divi_module][\/et_pb_column][\/et_pb_row][\/et_pb_section]<\/p>\n","protected":false},"excerpt":{"rendered":"<p><nav aria-label=\"breadcrumbs\" class=\"rank-math-breadcrumb\"><p><span class=\"last\">Home<\/span><\/p><\/nav>[BAvanzado KUBE][LVenta KUBE WDCUMBREJAZMINES]Zone r\u00e9sidentielle Jazmines \u00e0 Cumbre del SolD\u00e9couvrez un art de vivre luxueux sur la Costa Blanca Nord Bienvenue dans la Zone R\u00e9sidentielle Jazmines \u00e0 Cumbre del Sol, un emplacement d\u2019exception o\u00f9 des villas de luxe sur la Costa Blanca Nord associent architecture contemporaine, prestations haut de gamme et vues panoramiques spectaculaires sur [&hellip;]<\/p>\n","protected":false},"author":2,"featured_media":0,"parent":0,"menu_order":0,"comment_status":"closed","ping_status":"closed","template":"","meta":{"_acf_changed":false,"_et_pb_use_builder":"on","_et_pb_old_content":"","_et_gb_content_width":"","footnotes":""},"class_list":["post-10623","page","type-page","status-publish","hentry"],"acf":[],"_links":{"self":[{"href":"https:\/\/www.cumbredelsolpreowned.webloading.es\/fr\/wp-json\/wp\/v2\/pages\/10623","targetHints":{"allow":["GET"]}}],"collection":[{"href":"https:\/\/www.cumbredelsolpreowned.webloading.es\/fr\/wp-json\/wp\/v2\/pages"}],"about":[{"href":"https:\/\/www.cumbredelsolpreowned.webloading.es\/fr\/wp-json\/wp\/v2\/types\/page"}],"author":[{"embeddable":true,"href":"https:\/\/www.cumbredelsolpreowned.webloading.es\/fr\/wp-json\/wp\/v2\/users\/2"}],"replies":[{"embeddable":true,"href":"https:\/\/www.cumbredelsolpreowned.webloading.es\/fr\/wp-json\/wp\/v2\/comments?post=10623"}],"version-history":[{"count":3,"href":"https:\/\/www.cumbredelsolpreowned.webloading.es\/fr\/wp-json\/wp\/v2\/pages\/10623\/revisions"}],"predecessor-version":[{"id":12880,"href":"https:\/\/www.cumbredelsolpreowned.webloading.es\/fr\/wp-json\/wp\/v2\/pages\/10623\/revisions\/12880"}],"wp:attachment":[{"href":"https:\/\/www.cumbredelsolpreowned.webloading.es\/fr\/wp-json\/wp\/v2\/media?parent=10623"}],"curies":[{"name":"wp","href":"https:\/\/api.w.org\/{rel}","templated":true}]}}