{"id":10581,"date":"2025-09-25T10:18:45","date_gmt":"2025-09-25T09:18:45","guid":{"rendered":"https:\/\/www.cumbredelsolpreowned.webloading.es\/appartements-de-luxe-novamar-suites-i-et-ii-a-cumbre-del-sol\/"},"modified":"2026-01-07T11:35:08","modified_gmt":"2026-01-07T10:35:08","slug":"appartements-de-luxe-novamar-suites-i-et-ii-a-cumbre-del-sol","status":"publish","type":"page","link":"https:\/\/www.cumbredelsolpreowned.webloading.es\/fr\/appartements-de-luxe-novamar-suites-i-et-ii-a-cumbre-del-sol\/","title":{"rendered":"Appartements de luxe Novamar Suites I et II \u00e0 Cumbre del Sol"},"content":{"rendered":"<p>[et_pb_section fb_built=\u00a0\u00bb1&Prime; custom_padding_last_edited=\u00a0\u00bbon|phone\u00a0\u00bb _builder_version=\u00a0\u00bb4.27.4&Prime; _module_preset=\u00a0\u00bbdefault\u00a0\u00bb background_color=\u00a0\u00bb#FFFFFF\u00a0\u00bb custom_padding=\u00a0\u00bb20px||0px||false|false\u00a0\u00bb custom_padding_tablet=\u00a0\u00bb0px||||false|false\u00a0\u00bb custom_padding_phone=\u00a0\u00bb0px||0px||false|false\u00a0\u00bb da_disable_devices=\u00a0\u00bboff|off|off\u00a0\u00bb global_colors_info=\u00a0\u00bb{}\u00a0\u00bb da_is_popup=\u00a0\u00bboff\u00a0\u00bb da_exit_intent=\u00a0\u00bboff\u00a0\u00bb da_has_close=\u00a0\u00bbon\u00a0\u00bb da_alt_close=\u00a0\u00bboff\u00a0\u00bb da_dark_close=\u00a0\u00bboff\u00a0\u00bb da_not_modal=\u00a0\u00bbon\u00a0\u00bb da_is_singular=\u00a0\u00bboff\u00a0\u00bb da_with_loader=\u00a0\u00bboff\u00a0\u00bb da_has_shadow=\u00a0\u00bbon\u00a0\u00bb][et_pb_row custom_padding_last_edited=\u00a0\u00bbon|phone\u00a0\u00bb _builder_version=\u00a0\u00bb4.27.4&Prime; _module_preset=\u00a0\u00bbdefault\u00a0\u00bb custom_padding_tablet=\u00a0\u00bb\u00a0\u00bb custom_padding_phone=\u00a0\u00bb10px||10px||true|false\u00a0\u00bb global_colors_info=\u00a0\u00bb{}\u00a0\u00bb][et_pb_column type=\u00a0\u00bb4_4&Prime; _builder_version=\u00a0\u00bb4.27.4&Prime; _module_preset=\u00a0\u00bbdefault\u00a0\u00bb global_colors_info=\u00a0\u00bb{}\u00a0\u00bb][et_pb_post_title meta=\u00a0\u00bboff\u00a0\u00bb featured_image=\u00a0\u00bboff\u00a0\u00bb _builder_version=\u00a0\u00bb4.27.4&Prime; _module_preset=\u00a0\u00bbdefault\u00a0\u00bb title_font=\u00a0\u00bb|700|||||||\u00a0\u00bb title_text_color=\u00a0\u00bb#003E64&Prime; title_font_size=\u00a0\u00bb32px\u00a0\u00bb custom_margin=\u00a0\u00bb||12px|||\u00a0\u00bb custom_margin_tablet=\u00a0\u00bb\u00a0\u00bb custom_margin_phone=\u00a0\u00bb||0px||false|false\u00a0\u00bb custom_margin_last_edited=\u00a0\u00bbon|phone\u00a0\u00bb custom_padding=\u00a0\u00bb||0px||false|false\u00a0\u00bb global_colors_info=\u00a0\u00bb{}\u00a0\u00bb][\/et_pb_post_title][et_pb_code _builder_version=\u00a0\u00bb4.27.4&Prime; _module_preset=\u00a0\u00bbdefault\u00a0\u00bb global_colors_info=\u00a0\u00bb{}\u00a0\u00bb]<nav aria-label=\"breadcrumbs\" class=\"rank-math-breadcrumb\"><p><span class=\"last\">Home<\/span><\/p><\/nav>[\/et_pb_code][\/et_pb_column][\/et_pb_row][\/et_pb_section][et_pb_section fb_built=\u00a0\u00bb1&Prime; _builder_version=\u00a0\u00bb4.27.4&Prime; _module_preset=\u00a0\u00bbdefault\u00a0\u00bb background_color=\u00a0\u00bb#e0e0e0&Prime; custom_margin=\u00a0\u00bb||||false|false\u00a0\u00bb custom_padding=\u00a0\u00bb0px||0px||false|false\u00a0\u00bb da_disable_devices=\u00a0\u00bboff|off|off\u00a0\u00bb global_colors_info=\u00a0\u00bb{}\u00a0\u00bb da_is_popup=\u00a0\u00bboff\u00a0\u00bb da_exit_intent=\u00a0\u00bboff\u00a0\u00bb da_has_close=\u00a0\u00bbon\u00a0\u00bb da_alt_close=\u00a0\u00bboff\u00a0\u00bb da_dark_close=\u00a0\u00bboff\u00a0\u00bb da_not_modal=\u00a0\u00bbon\u00a0\u00bb da_is_singular=\u00a0\u00bboff\u00a0\u00bb da_with_loader=\u00a0\u00bboff\u00a0\u00bb da_has_shadow=\u00a0\u00bbon\u00a0\u00bb][et_pb_row custom_padding_last_edited=\u00a0\u00bbon|phone\u00a0\u00bb _builder_version=\u00a0\u00bb4.27.4&Prime; _module_preset=\u00a0\u00bbdefault\u00a0\u00bb width=\u00a0\u00bb95%\u00a0\u00bb custom_padding=\u00a0\u00bb20px||20px||true|false\u00a0\u00bb custom_padding_tablet=\u00a0\u00bb10px||10px||true|false\u00a0\u00bb custom_padding_phone=\u00a0\u00bb0px||0px||true|false\u00a0\u00bb global_colors_info=\u00a0\u00bb{}\u00a0\u00bb][et_pb_column type=\u00a0\u00bb4_4&Prime; _builder_version=\u00a0\u00bb4.27.4&Prime; _module_preset=\u00a0\u00bbdefault\u00a0\u00bb global_colors_info=\u00a0\u00bb{}\u00a0\u00bb][et_pb_code _builder_version=\u00a0\u00bb4.27.4&Prime; _module_preset=\u00a0\u00bbdefault\u00a0\u00bb text_orientation=\u00a0\u00bbcenter\u00a0\u00bb module_alignment=\u00a0\u00bbcenter\u00a0\u00bb custom_css_free_form=\u00a0\u00bbselector .search-wrapper2 .search2{||  background-color:transparent;||}||||selector .col-md-4 input{||  border-radius:5px;||  padding: 15px 10px;||}||||selector .col-md-4 .form-control{||  border-radius:5px;||}||@media only screen and (min-width: 768px) {||selector .advance-search-form {||  display: flex;||  flex-wrap: wrap;||}||||selector .row {||  margin-right: 0;||  margin-left: 0;||  width: 33.333%;||   flex-grow: 1 !important;||}||||  selector .option .double .clearfix{||    min-width:70px !important;||  }||  ||  ||  selector .col-md-4{||    padding: 5px;||  }||}||||@media only screen and (max-width: 768px) {||selector .col-xs-12{||  width:50%;||}||  selector .opciones-avanzadas span {||  font-size: 14px;||  }||  selector .mb-2{||    margin-bottom:0px !important;||  }||  selector .col-md-6:nth-of-type(1){||    margin-bottom:5px;||  }||  selector .mb-2:nth-of-type(3){||    margin-top:10px;||  }||\/*   selector .col-md-4 input{||    margin-top:10px !important;||  }|| ||    selector .col-md-6:nth-of-type(2){||    display: inline-block;||  }*\/||  selector .mb-2{||    display:flex !important;||  }||  selector .col-xs-12 {||    padding: 5px;||  }||  selector .col-md-12 {||    padding: 0 5px !important;||  }||  selector .search-wrapper2 .search2 .form-control{||    margin:0;||  }||  selector  .search-wrapper2 .col-md-12{||    padding:0;||  }||  selector  .col-md-12 .opciones-avanzadas{||    text-align:left !important;||  }||}\u00a0\u00bb global_colors_info=\u00a0\u00bb{}\u00a0\u00bb][BAvanzado KUBE][\/et_pb_code][\/et_pb_column][\/et_pb_row][\/et_pb_section][et_pb_section fb_built=\u00a0\u00bb1&Prime; custom_padding_last_edited=\u00a0\u00bbon|phone\u00a0\u00bb _builder_version=\u00a0\u00bb4.27.4&Prime; _module_preset=\u00a0\u00bbdefault\u00a0\u00bb custom_padding=\u00a0\u00bb20px||20px||true|false\u00a0\u00bb custom_padding_tablet=\u00a0\u00bb\u00a0\u00bb custom_padding_phone=\u00a0\u00bb10px||10px||true|false\u00a0\u00bb da_disable_devices=\u00a0\u00bboff|off|off\u00a0\u00bb global_colors_info=\u00a0\u00bb{}\u00a0\u00bb da_is_popup=\u00a0\u00bboff\u00a0\u00bb da_exit_intent=\u00a0\u00bboff\u00a0\u00bb da_has_close=\u00a0\u00bbon\u00a0\u00bb da_alt_close=\u00a0\u00bboff\u00a0\u00bb da_dark_close=\u00a0\u00bboff\u00a0\u00bb da_not_modal=\u00a0\u00bbon\u00a0\u00bb da_is_singular=\u00a0\u00bboff\u00a0\u00bb da_with_loader=\u00a0\u00bboff\u00a0\u00bb da_has_shadow=\u00a0\u00bbon\u00a0\u00bb][et_pb_row _builder_version=\u00a0\u00bb4.27.4&Prime; _module_preset=\u00a0\u00bbdefault\u00a0\u00bb width=\u00a0\u00bb90%\u00a0\u00bb custom_padding=\u00a0\u00bb0px||||false|false\u00a0\u00bb global_colors_info=\u00a0\u00bb{}\u00a0\u00bb][et_pb_column type=\u00a0\u00bb4_4&Prime; _builder_version=\u00a0\u00bb4.27.4&Prime; _module_preset=\u00a0\u00bbdefault\u00a0\u00bb global_colors_info=\u00a0\u00bb{}\u00a0\u00bb][et_pb_code _builder_version=\u00a0\u00bb4.27.4&Prime; _module_preset=\u00a0\u00bbdefault\u00a0\u00bb text_orientation=\u00a0\u00bbcenter\u00a0\u00bb custom_css_free_form=\u00a0\u00bb@media only screen and (max-width: 768px) {||||  selector .filters-wrapper-plugin{||    margin:10px 17px !important;||  }||}\u00a0\u00bb global_colors_info=\u00a0\u00bb{}\u00a0\u00bb][LVenta KUBE WDCUMBRENOVAMAR][\/et_pb_code][\/et_pb_column][\/et_pb_row][\/et_pb_section][et_pb_section fb_built=\u00a0\u00bb1&Prime; disabled_on=\u00a0\u00bboff|off|off\u00a0\u00bb _builder_version=\u00a0\u00bb4.27.5&Prime; _module_preset=\u00a0\u00bbdefault\u00a0\u00bb hover_enabled=\u00a0\u00bb0&Prime; da_disable_devices=\u00a0\u00bboff|off|off\u00a0\u00bb global_colors_info=\u00a0\u00bb{}\u00a0\u00bb sticky_enabled=\u00a0\u00bb0&Prime; da_is_popup=\u00a0\u00bboff\u00a0\u00bb da_exit_intent=\u00a0\u00bboff\u00a0\u00bb da_has_close=\u00a0\u00bbon\u00a0\u00bb da_alt_close=\u00a0\u00bboff\u00a0\u00bb da_dark_close=\u00a0\u00bboff\u00a0\u00bb da_not_modal=\u00a0\u00bbon\u00a0\u00bb da_is_singular=\u00a0\u00bboff\u00a0\u00bb da_with_loader=\u00a0\u00bboff\u00a0\u00bb da_has_shadow=\u00a0\u00bbon\u00a0\u00bb][et_pb_row _builder_version=\u00a0\u00bb4.27.4&Prime; _module_preset=\u00a0\u00bbdefault\u00a0\u00bb global_colors_info=\u00a0\u00bb{}\u00a0\u00bb][et_pb_column type=\u00a0\u00bb4_4&Prime; _builder_version=\u00a0\u00bb4.27.4&Prime; _module_preset=\u00a0\u00bbdefault\u00a0\u00bb global_colors_info=\u00a0\u00bb{}\u00a0\u00bb][et_pb_text _builder_version=\u00a0\u00bb4.27.5&Prime; _module_preset=\u00a0\u00bbdefault\u00a0\u00bb hover_enabled=\u00a0\u00bb0&Prime; global_colors_info=\u00a0\u00bb{}\u00a0\u00bb sticky_enabled=\u00a0\u00bb0&Prime;]<\/p>\n<h2>Appartements de luxe \u00e0 vendre \u00e0 Cumbre del Sol \u2013 Novamar Suites I et II<\/h2>\n<p>Vous recherchez des <strong data-start=\"147\" data-end=\"197\">appartements de luxe \u00e0 vendre \u00e0 Cumbre del Sol<\/strong> ? <strong data-start=\"200\" data-end=\"226\">Novamar Suites I et II<\/strong> proposent un art de vivre exclusif avec <strong data-start=\"267\" data-end=\"298\">vues imprenables sur la mer<\/strong> et <strong data-start=\"302\" data-end=\"331\">prestations haut de gamme<\/strong> sur la <strong data-start=\"339\" data-end=\"355\">Costa Blanca<\/strong>, entre <strong data-start=\"363\" data-end=\"383\">J\u00e1vea et Moraira<\/strong>.<\/p>\n<h2>D\u00e9couvrez Novamar Suites I \u2013 Un cadre paisible et exclusif<\/h2>\n<p>Situ\u00e9 dans le secteur calme de <strong data-start=\"485\" data-end=\"513\">Fresnos \u00e0 Cumbre del Sol<\/strong>, <strong data-start=\"515\" data-end=\"535\">Novamar Suites I<\/strong> se compose de seulement <strong data-start=\"560\" data-end=\"590\">9 appartements de standing<\/strong>, r\u00e9partis sur trois niveaux. Ces logements spacieux de <strong data-start=\"646\" data-end=\"665\">2 et 3 chambres<\/strong> ont \u00e9t\u00e9 con\u00e7us pour offrir \u00e9l\u00e9gance, confort et intimit\u00e9.<\/p>\n<h3>Caract\u00e9ristiques principales de Novamar Suites I :<\/h3>\n<ul>\n<li>Climatisation gainable<\/li>\n<li>Piscine chauff\u00e9e<\/li>\n<li>Sauna priv\u00e9<\/li>\n<li>Jardins paysagers<\/li>\n<li>Acc\u00e8s \u00e0 la piscine communautaire de <strong data-start=\"906\" data-end=\"926\">Pueblo de la Paz<\/strong><\/li>\n<\/ul>\n<p>Ce complexe associe tranquillit\u00e9 et raffinement, pour un confort quotidien rehauss\u00e9 par des prestations de qualit\u00e9.<\/p>\n<h2>Novamar Suites II \u2013 Vues spectaculaires et confort moderne<\/h2>\n<p>Implant\u00e9 dans le secteur <strong data-start=\"1138\" data-end=\"1149\">Encinas<\/strong>, <strong data-start=\"1151\" data-end=\"1172\">Novamar Suites II<\/strong> offre des <strong data-start=\"1183\" data-end=\"1228\">vues panoramiques sur la mer M\u00e9diterran\u00e9e<\/strong>, les falaises et la <strong data-start=\"1249\" data-end=\"1286\">tour de guet du Portet de Moraira<\/strong>. Cette r\u00e9sidence s\u00e9curis\u00e9e comprend <strong data-start=\"1323\" data-end=\"1374\">deux immeubles de 9 appartements de luxe chacun<\/strong>.<\/p>\n<h3>Prestations premium de Novamar Suites II :<\/h3>\n<ul>\n<li>Chauffage au sol<\/li>\n<li>Climatisation gainable<\/li>\n<li>Syst\u00e8me domotique<\/li>\n<li>Ascenseur dans chaque b\u00e2timent<\/li>\n<li>Piscine int\u00e9rieure chauff\u00e9e et sauna priv\u00e9<\/li>\n<li>Piscine ext\u00e9rieure commune<\/li>\n<li>Place de parking couverte incluse<\/li>\n<\/ul>\n<p>Profitez de vues exceptionnelles sur la mer \u00e0 seulement quelques minutes de la <strong data-start=\"1727\" data-end=\"1747\">Playa del Moraig<\/strong>, dans une r\u00e9sidence pens\u00e9e pour le confort et la sophistication.<\/p>\n<h3>Votre r\u00e9sidence id\u00e9ale sur la Costa Blanca<\/h3>\n<p><strong data-start=\"1866\" data-end=\"1892\">Novamar Suites I et II<\/strong> sont parfaits pour ceux qui recherchent une <strong data-start=\"1937\" data-end=\"1975\">propri\u00e9t\u00e9 de luxe \u00e0 Cumbre del Sol<\/strong>, dot\u00e9e d\u2019\u00e9quipements haut de gamme et situ\u00e9e dans un environnement naturel exceptionnel. Que ce soit pour une r\u00e9sidence principale, secondaire ou un investissement, ces appartements offrent un style de vie incomparable.<\/p>\n<h3>Pourquoi choisir Novamar Suites ?<\/h3>\n<ul>\n<li>Emplacement privil\u00e9gi\u00e9 entre <strong data-start=\"2271\" data-end=\"2291\">J\u00e1vea et Moraira<\/strong><\/li>\n<li>Vues spectaculaires sur la mer<\/li>\n<li>Finitions et mat\u00e9riaux premium<\/li>\n<li>Proximit\u00e9 des plages et des services<\/li>\n<\/ul>\n<h2>Contactez Cumbre del Sol Pre-Owned<\/h2>\n<p><a href=\"https:\/\/www.cumbredelsolpreowned.webloading.es\/fr\/contact\/\" title=\"Contact\"><strong><\/strong><\/a>Contactez <strong data-start=\"2460\" data-end=\"2488\">Cumbre del Sol Pre-Owned<\/strong> d\u00e8s aujourd\u2019hui pour obtenir plus d\u2019informations ou organiser une visite. Nous vous accompagnons dans la recherche de votre <strong data-start=\"2613\" data-end=\"2653\">bien d\u2019exception sur la Costa Blanca<\/strong>.<\/p>\n<p>D\u00e9couvrez l\u2019excellence de l\u2019habitat de luxe \u00e0 <strong data-start=\"2722\" data-end=\"2740\">Cumbre del Sol<\/strong> avec <strong data-start=\"2746\" data-end=\"2772\">Novamar Suites I et II<\/strong>. Vues incomparables, \u00e9quipements raffin\u00e9s et emplacement privil\u00e9gi\u00e9 font de ces appartements une opportunit\u00e9 unique sur la Costa Blanca.<\/p>\n<p>[\/et_pb_text][\/et_pb_column][\/et_pb_row][et_pb_row _builder_version=\u00a0\u00bb4.27.4&Prime; _module_preset=\u00a0\u00bbdefault\u00a0\u00bb width_tablet=\u00a0\u00bb\u00a0\u00bb width_phone=\u00a0\u00bb90%\u00a0\u00bb width_last_edited=\u00a0\u00bbon|phone\u00a0\u00bb custom_padding=\u00a0\u00bb0px|||||\u00a0\u00bb global_colors_info=\u00a0\u00bb{}\u00a0\u00bb][et_pb_column type=\u00a0\u00bb4_4&Prime; _builder_version=\u00a0\u00bb4.27.4&Prime; _module_preset=\u00a0\u00bbdefault\u00a0\u00bb global_colors_info=\u00a0\u00bb{}\u00a0\u00bb][et_pb_text _builder_version=\u00a0\u00bb4.27.5&Prime; _module_preset=\u00a0\u00bbdefault\u00a0\u00bb header_2_font=\u00a0\u00bb|700|||||||\u00a0\u00bb header_2_text_align=\u00a0\u00bbcenter\u00a0\u00bb header_2_text_color=\u00a0\u00bb#003E64&Prime; header_2_font_size=\u00a0\u00bb32px\u00a0\u00bb custom_padding=\u00a0\u00bb40px||||false|false\u00a0\u00bb global_colors_info=\u00a0\u00bb{}\u00a0\u00bb]<\/p>\n<h2>Questions fr\u00e9quentes concernant les appartements de luxe Novamar Suites I et II \u00e0 Cumbre del Sol<\/h2>\n<p>[\/et_pb_text][et_pb_accordion open_toggle_text_color=\u00a0\u00bb#003E64&Prime; closed_toggle_text_color=\u00a0\u00bb#003E64&Prime; closed_toggle_background_color=\u00a0\u00bb#F3F3F3&Prime; toggle_icon=\u00a0\u00bb&#x4c;||divi||400&Prime; icon_color=\u00a0\u00bb#E06F1D\u00a0\u00bb use_icon_font_size=\u00a0\u00bbon\u00a0\u00bb icon_font_size=\u00a0\u00bb26px\u00a0\u00bb _builder_version=\u00a0\u00bb4.27.5&Prime; _module_preset=\u00a0\u00bbdefault\u00a0\u00bb toggle_text_color=\u00a0\u00bb#FFFFFF\u00a0\u00bb toggle_level=\u00a0\u00bbh3&Prime; toggle_font=\u00a0\u00bb|700|||||||\u00a0\u00bb custom_margin=\u00a0\u00bb||||false|false\u00a0\u00bb custom_padding=\u00a0\u00bb||||false|false\u00a0\u00bb rank_math_faq_schema=\u00a0\u00bbon\u00a0\u00bb border_color_all=\u00a0\u00bb#FFFFFF\u00a0\u00bb global_colors_info=\u00a0\u00bb{}\u00a0\u00bb][et_pb_accordion_item title=\u00a0\u00bb1. O\u00f9 se situent les r\u00e9sidences Novamar Suites I et II ?\u00a0\u00bb open=\u00a0\u00bbon\u00a0\u00bb _builder_version=\u00a0\u00bb4.27.5&Prime; _module_preset=\u00a0\u00bbdefault\u00a0\u00bb custom_margin=\u00a0\u00bb||0px||false|false\u00a0\u00bb border_radii=\u00a0\u00bboff|5px|5px||\u00a0\u00bb global_colors_info=\u00a0\u00bb{}\u00a0\u00bb]<\/p>\n<p>Elles sont situ\u00e9es \u00e0 <strong data-start=\"3017\" data-end=\"3035\">Cumbre del Sol<\/strong>, entre <strong data-start=\"3043\" data-end=\"3063\">J\u00e1vea et Moraira<\/strong>, sur la Costa Blanca.<\/p>\n<p>[\/et_pb_accordion_item][et_pb_accordion_item title=\u00a0\u00bb2. Quels \u00e9quipements sont inclus dans les appartements ?\u00a0\u00bb _builder_version=\u00a0\u00bb4.27.5&Prime; _module_preset=\u00a0\u00bbdefault\u00a0\u00bb custom_margin=\u00a0\u00bb||0px||false|false\u00a0\u00bb border_radii=\u00a0\u00bboff||||\u00a0\u00bb global_colors_info=\u00a0\u00bb{}\u00a0\u00bb open=\u00a0\u00bboff\u00a0\u00bb]<\/p>\n<p>Piscines chauff\u00e9es, saunas, climatisation gainable, chauffage au sol, domotique, jardins paysagers et vues sur la mer.<\/p>\n<p>[\/et_pb_accordion_item][et_pb_accordion_item title=\u00a0\u00bb3. Les appartements conviennent-ils pour y vivre toute l\u2019ann\u00e9e ?\u00a0\u00bb _builder_version=\u00a0\u00bb4.27.5&Prime; _module_preset=\u00a0\u00bbdefault\u00a0\u00bb custom_margin=\u00a0\u00bb||0px||false|false\u00a0\u00bb border_radii=\u00a0\u00bboff||||\u00a0\u00bb global_colors_info=\u00a0\u00bb{}\u00a0\u00bb open=\u00a0\u00bboff\u00a0\u00bb]<\/p>\n<p>Oui, gr\u00e2ce au contr\u00f4le climatique, aux finitions haut de gamme et \u00e0 une infrastructure r\u00e9sidentielle compl\u00e8te.<\/p>\n<p>[\/et_pb_accordion_item][et_pb_accordion_item title=\u00a0\u00bb4. Les r\u00e9sidences sont-elles proches des plages ?\u00a0\u00bb _builder_version=\u00a0\u00bb4.27.5&Prime; _module_preset=\u00a0\u00bbdefault\u00a0\u00bb custom_margin=\u00a0\u00bb||0px||false|false\u00a0\u00bb border_radii=\u00a0\u00bboff||||\u00a0\u00bb global_colors_info=\u00a0\u00bb{}\u00a0\u00bb open=\u00a0\u00bboff\u00a0\u00bb]<\/p>\n<p>Oui, notamment la <strong data-start=\"3527\" data-end=\"3547\">Playa del Moraig<\/strong>, situ\u00e9e \u00e0 quelques minutes en voiture.<\/p>\n<p>[\/et_pb_accordion_item][et_pb_accordion_item title=\u00a0\u00bb5. S\u2019agit-il d\u2019une bonne opportunit\u00e9 d\u2019investissement immobilier ?\u00a0\u00bb _builder_version=\u00a0\u00bb4.27.5&Prime; _module_preset=\u00a0\u00bbdefault\u00a0\u00bb custom_margin=\u00a0\u00bb||0px||false|false\u00a0\u00bb border_radii=\u00a0\u00bboff||||\u00a0\u00bb global_colors_info=\u00a0\u00bb{}\u00a0\u00bb open=\u00a0\u00bboff\u00a0\u00bb]<\/p>\n<p>Oui, l\u2019emplacement, la qualit\u00e9 des prestations et la forte demande \u00e0 Cumbre del Sol en font un excellent choix pour l\u2019investissement.<\/p>\n<p>[\/et_pb_accordion_item][et_pb_accordion_item title=\u00a0\u00bb6. Les appartements incluent-ils un parking ?\u00a0\u00bb _builder_version=\u00a0\u00bb4.27.5&Prime; _module_preset=\u00a0\u00bbdefault\u00a0\u00bb custom_margin=\u00a0\u00bb||0px||false|false\u00a0\u00bb border_radii=\u00a0\u00bboff||||\u00a0\u00bb global_colors_info=\u00a0\u00bb{}\u00a0\u00bb open=\u00a0\u00bboff\u00a0\u00bb]<\/p>\n<p>Oui, <strong data-start=\"3853\" data-end=\"3874\">Novamar Suites II<\/strong> propose des places de parking couvertes incluses.<\/p>\n<p>[\/et_pb_accordion_item][\/et_pb_accordion][\/et_pb_column][\/et_pb_row][\/et_pb_section][et_pb_section fb_built=\u00a0\u00bb1&Prime; _builder_version=\u00a0\u00bb4.27.4&Prime; _module_preset=\u00a0\u00bbdefault\u00a0\u00bb background_image=\u00a0\u00bbhttps:\/\/www.cumbredelsolpreowned.webloading.es\/wp-content\/uploads\/2025\/10\/restaurant-views-cumbre-del-sol.png\u00a0\u00bb parallax=\u00a0\u00bbon\u00a0\u00bb da_disable_devices=\u00a0\u00bboff|off|off\u00a0\u00bb locked=\u00a0\u00bboff\u00a0\u00bb global_colors_info=\u00a0\u00bb{}\u00a0\u00bb da_is_popup=\u00a0\u00bboff\u00a0\u00bb da_exit_intent=\u00a0\u00bboff\u00a0\u00bb da_has_close=\u00a0\u00bbon\u00a0\u00bb da_alt_close=\u00a0\u00bboff\u00a0\u00bb da_dark_close=\u00a0\u00bboff\u00a0\u00bb da_not_modal=\u00a0\u00bbon\u00a0\u00bb da_is_singular=\u00a0\u00bboff\u00a0\u00bb da_with_loader=\u00a0\u00bboff\u00a0\u00bb da_has_shadow=\u00a0\u00bbon\u00a0\u00bb][et_pb_row column_structure=\u00a0\u00bb1_2,1_2&Prime; _builder_version=\u00a0\u00bb4.27.4&Prime; _module_preset=\u00a0\u00bbdefault\u00a0\u00bb width_tablet=\u00a0\u00bb\u00a0\u00bb width_phone=\u00a0\u00bb90%\u00a0\u00bb width_last_edited=\u00a0\u00bbon|phone\u00a0\u00bb custom_margin_tablet=\u00a0\u00bb\u00a0\u00bb custom_margin_phone=\u00a0\u00bb20px||||false|false\u00a0\u00bb custom_margin_last_edited=\u00a0\u00bbon|phone\u00a0\u00bb global_colors_info=\u00a0\u00bb{}\u00a0\u00bb][et_pb_column type=\u00a0\u00bb1_2&Prime; _builder_version=\u00a0\u00bb4.27.4&Prime; _module_preset=\u00a0\u00bbdefault\u00a0\u00bb global_colors_info=\u00a0\u00bb{}\u00a0\u00bb][\/et_pb_column][et_pb_column type=\u00a0\u00bb1_2&Prime; _builder_version=\u00a0\u00bb4.27.4&Prime; _module_preset=\u00a0\u00bbdefault\u00a0\u00bb background_color=\u00a0\u00bb#FFFFFF\u00a0\u00bb custom_padding=\u00a0\u00bb40px|40px|20px|40px|false|true\u00a0\u00bb custom_padding_tablet=\u00a0\u00bb40px|40px|40px|40px|true|true\u00a0\u00bb custom_padding_phone=\u00a0\u00bb20px|15px|20px|15px|true|true\u00a0\u00bb custom_padding_last_edited=\u00a0\u00bbon|phone\u00a0\u00bb scroll_vertical_motion_enable=\u00a0\u00bbon\u00a0\u00bb scroll_vertical_motion=\u00a0\u00bb0|50|50|100|0.5|0|-1&Prime; border_radii=\u00a0\u00bbon|8px|8px|8px|8px\u00a0\u00bb box_shadow_style=\u00a0\u00bbpreset2&Prime; global_colors_info=\u00a0\u00bb{}\u00a0\u00bb][et_pb_text _builder_version=\u00a0\u00bb4.27.5&Prime; _module_preset=\u00a0\u00bbdefault\u00a0\u00bb header_2_font=\u00a0\u00bb|700|||||||\u00a0\u00bb header_2_text_color=\u00a0\u00bb#003E64&Prime; global_colors_info=\u00a0\u00bb{}\u00a0\u00bb]<\/p>\n<h2>Pr\u00eat \u00e0 vous rencontrer !<\/h2>\n<p>[\/et_pb_text][et_pb_dcgd_gravity_divi_module dc_dgfcm_form_id=\u00a0\u00bb12&Prime; dc_dgfcm_show_title=\u00a0\u00bboff\u00a0\u00bb dc_dgfcm_show_description=\u00a0\u00bboff\u00a0\u00bb dc_dgfcm_enable_ajax=\u00a0\u00bbon\u00a0\u00bb _builder_version=\u00a0\u00bb4.27.4&Prime; _module_preset=\u00a0\u00bbdefault\u00a0\u00bb global_colors_info=\u00a0\u00bb{}\u00a0\u00bb][\/et_pb_dcgd_gravity_divi_module][\/et_pb_column][\/et_pb_row][\/et_pb_section]<\/p>\n","protected":false},"excerpt":{"rendered":"<p><nav aria-label=\"breadcrumbs\" class=\"rank-math-breadcrumb\"><p><span class=\"last\">Home<\/span><\/p><\/nav>[BAvanzado KUBE][LVenta KUBE WDCUMBRENOVAMAR]Appartements de luxe \u00e0 vendre \u00e0 Cumbre del Sol \u2013 Novamar Suites I et II Vous recherchez des appartements de luxe \u00e0 vendre \u00e0 Cumbre del Sol ? Novamar Suites I et II proposent un art de vivre exclusif avec vues imprenables sur la mer et prestations haut de gamme sur la [&hellip;]<\/p>\n","protected":false},"author":2,"featured_media":0,"parent":0,"menu_order":0,"comment_status":"closed","ping_status":"closed","template":"","meta":{"_acf_changed":false,"_et_pb_use_builder":"on","_et_pb_old_content":"","_et_gb_content_width":"","footnotes":""},"class_list":["post-10581","page","type-page","status-publish","hentry"],"acf":[],"_links":{"self":[{"href":"https:\/\/www.cumbredelsolpreowned.webloading.es\/fr\/wp-json\/wp\/v2\/pages\/10581","targetHints":{"allow":["GET"]}}],"collection":[{"href":"https:\/\/www.cumbredelsolpreowned.webloading.es\/fr\/wp-json\/wp\/v2\/pages"}],"about":[{"href":"https:\/\/www.cumbredelsolpreowned.webloading.es\/fr\/wp-json\/wp\/v2\/types\/page"}],"author":[{"embeddable":true,"href":"https:\/\/www.cumbredelsolpreowned.webloading.es\/fr\/wp-json\/wp\/v2\/users\/2"}],"replies":[{"embeddable":true,"href":"https:\/\/www.cumbredelsolpreowned.webloading.es\/fr\/wp-json\/wp\/v2\/comments?post=10581"}],"version-history":[{"count":2,"href":"https:\/\/www.cumbredelsolpreowned.webloading.es\/fr\/wp-json\/wp\/v2\/pages\/10581\/revisions"}],"predecessor-version":[{"id":12903,"href":"https:\/\/www.cumbredelsolpreowned.webloading.es\/fr\/wp-json\/wp\/v2\/pages\/10581\/revisions\/12903"}],"wp:attachment":[{"href":"https:\/\/www.cumbredelsolpreowned.webloading.es\/fr\/wp-json\/wp\/v2\/media?parent=10581"}],"curies":[{"name":"wp","href":"https:\/\/api.w.org\/{rel}","templated":true}]}}