{"id":573,"date":"2021-02-24T08:50:18","date_gmt":"2021-02-24T08:50:18","guid":{"rendered":"https:\/\/www.cumbredelsolpreowned.webloading.es\/?page_id=573"},"modified":"2021-02-24T08:51:50","modified_gmt":"2021-02-24T08:51:50","slug":"gastos-al-vender-una-propiedad","status":"publish","type":"page","link":"https:\/\/www.cumbredelsolpreowned.webloading.es\/es\/vender-mi-propiedad\/gastos-al-vender-una-propiedad\/","title":{"rendered":"Gastos al vender una propiedad"},"content":{"rendered":"<p>[et_pb_section fb_built=\u00bb1&#8243; _builder_version=\u00bb4.9.0&#8243; _module_preset=\u00bbdefault\u00bb da_disable_devices=\u00bboff|off|off\u00bb da_is_popup=\u00bboff\u00bb da_exit_intent=\u00bboff\u00bb da_has_close=\u00bbon\u00bb da_alt_close=\u00bboff\u00bb da_dark_close=\u00bboff\u00bb da_not_modal=\u00bbon\u00bb da_is_singular=\u00bboff\u00bb da_with_loader=\u00bboff\u00bb da_has_shadow=\u00bbon\u00bb][et_pb_row _builder_version=\u00bb4.9.0&#8243; _module_preset=\u00bbdefault\u00bb][et_pb_column type=\u00bb4_4&#8243; _builder_version=\u00bb4.9.0&#8243; _module_preset=\u00bbdefault\u00bb][et_pb_text _builder_version=\u00bb4.9.0&#8243; _module_preset=\u00bbdefault\u00bb]<\/p>\n<h1>\u00bfComo propietario de una vivienda qu\u00e9 gastos tengo a la hora de vender?<\/h1>\n<p>Los gastos b\u00e1sicos a la hora de vender una propiedad son;<br \/>\u2022 La ganancia patrimonial<br \/>\u2022 La plusval\u00eda municipal<br \/>\u2022 Los honorarios de la agencia inmobiliaria (si procede)<br \/>\u2022 Los gastos de los diversos certificados (certificado de eficiencia energ\u00e9tica, certificado licencia de 2\u00aa ocupaci\u00f3n, Certificado de no infracci\u00f3n urban\u00edstica, etc.)<br \/>\u2022 Los gastos de posibles trabajos o mejoras en la vivienda que no se han inscrito (legalizaci\u00f3n de la vivienda)<br \/>\u2022 Abogado (si procede)<br \/>\u2022 Notaria (esto puede variar dependiendo en que zona de Espa\u00f1a est\u00e1 ubicado la vivienda)<br \/>\u2022 Posibles gastos (notaria y registro) derivado de la cancelaci\u00f3n de una hipoteca<br \/>\u2022 Gastos anuales (IBI, suministros, comunidad de propietarios)<\/p>\n<p>[\/et_pb_text][\/et_pb_column][\/et_pb_row][et_pb_row column_structure=\u00bb1_2,1_2&#8243; _builder_version=\u00bb4.9.0&#8243; _module_preset=\u00bbdefault\u00bb][et_pb_column type=\u00bb1_2&#8243; _builder_version=\u00bb4.9.0&#8243; _module_preset=\u00bbdefault\u00bb][et_pb_text module_id=\u00bbplusvalia\u00bb _builder_version=\u00bb4.9.0&#8243; _module_preset=\u00bbdefault\u00bb hover_enabled=\u00bb0&#8243; sticky_enabled=\u00bb0&#8243;]<\/p>\n<h2>La ganancia patrimonial derivada de la venta de un inmueble<\/h2>\n<p>La plusval\u00eda es el impuesto que debemos pagar en nuestra declaraci\u00f3n de IRPF sobre las ganancias obtenidas entre la compra y la venta de la propiedad. <br \/>Toda ganancia (si la hay), debe declararse como incremento patrimonial. Es decir, se tributa por la diferencia entre el importe del valor del precio de la compra y el de la venta siempre que haya habido beneficios.<br \/>En caso de no ser residentes en Espa\u00f1a el comprador esta obligado a retener y efectuar el pago, al estado de un 3% del valor de la venta en escritura, en concepto de posibles ganancias patrimoniales, en su modalidad del impuesto sobre la renta de no los no residentes. <\/p>\n<p>[\/et_pb_text][et_pb_text module_id=\u00bbhonorarios\u00bb _builder_version=\u00bb4.9.0&#8243; _module_preset=\u00bbdefault\u00bb]<\/p>\n<h2>Los honorarios de la Agencia Inmobiliaria<\/h2>\n<p>Aunque su porcentaje var\u00eda dependiendo de la ubicaci\u00f3n del inmueble en l\u00edneas generales oscila entre el 4% y 6% + IVA.<\/p>\n<p>[\/et_pb_text][et_pb_text module_id=\u00bblegalizacion\u00bb _builder_version=\u00bb4.9.0&#8243; _module_preset=\u00bbdefault\u00bb]<\/p>\n<h2>Legalizaci\u00f3n de la vivienda<\/h2>\n<p>La legalizaci\u00f3n de la propiedad es un proceso que necesita mucho tiempo y puede acarear unos costos m\u00e1s elevados. <br \/>Es un proceso que deberemos realizar bien por infracciones que han salido en el certificado de infracci\u00f3n urban\u00edstica o simplemente por haber realizado obras con o sin permiso pero que no se han legalizado y que la parte compradora exige para poder realizar la compraventa. <br \/>En este caso debemos valorar si vale la pena anticiparse, ya que a veces no es tanto el coste sino el tiempo que perdemos y puede ocurrir que se pierda una compraventa por este problema.<\/p>\n<p>[\/et_pb_text][et_pb_text module_id=\u00bbnotaria\u00bb _builder_version=\u00bb4.9.0&#8243; _module_preset=\u00bbdefault\u00bb]<\/p>\n<h2>Notaria<\/h2>\n<p>Aunque lo habitual es nuestra zona es que todos los gastos de notaria van a cargo del comprador hay excepciones ya que seg\u00fan ley hay una parte que debe asumir el vendedor. <br \/>Si nos atenemos a la legalidad vigente, nuestro C\u00f3digo Civil en su art\u00edculo 1455 dice: \u201cLos gastos de otorgamiento de escrituras ser\u00e1n de cuenta del vendedor, y los de la primera copia y los dem\u00e1s posteriores a la venta ser\u00e1n de cuenta del comprador, salvo pacto en contrario\u201d.<\/p>\n<p>[\/et_pb_text][et_pb_text module_id=\u00bbgastosanuales\u00bb _builder_version=\u00bb4.9.0&#8243; _module_preset=\u00bbdefault\u00bb]<\/p>\n<h2>Gastos anuales<\/h2>\n<p>Hay algunos gastos como el IBI que por ley corresponden al vendedor, pero en cada zona hay acuerdos diferentes. <br \/>Lo habitual en nuestra zona es que se prorratean todos los gastos (IBI, Basura, Comunidad de propietarios, suministros) a la fecha de la compraventa.<\/p>\n<p>[\/et_pb_text][et_pb_text module_id=\u00bbdeudas\u00bb _builder_version=\u00bb4.9.0&#8243; _module_preset=\u00bbdefault\u00bb]<\/p>\n<h2>Notaria y registro cancelaciones de deudas<\/h2>\n<p>Si la propiedad esta gravada con alguna deuda los gastos correspondientes de notaria y registro son a cargo del vendedor.<\/p>\n<p>[\/et_pb_text][\/et_pb_column][et_pb_column type=\u00bb1_2&#8243; _builder_version=\u00bb4.9.0&#8243; _module_preset=\u00bbdefault\u00bb][et_pb_text module_id=\u00bbplusvaliamunicipal\u00bb _builder_version=\u00bb4.9.0&#8243; _module_preset=\u00bbdefault\u00bb]<\/p>\n<h2>La plusval\u00eda municipal<\/h2>\n<p>El Impuesto sobre el Incremento del Valor de los Terrenos de Naturaleza Urbana (IIVTU) se paga al ayuntamiento que corresponda, es decir, donde est\u00e1 ubicada la vivienda y se paga, aunque no haya habido beneficios.<br \/>Se calcula sobre el valor catastral de la vivienda y el n\u00famero de a\u00f1os que se ha tenido en propiedad. Si queremos saber con anterioridad la cantidad hay que enviar a su gestor o agencia inmobiliaria el \u00faltimo recibo del IBI y la fecha en la que han adquirido la vivienda. <\/p>\n<p>[\/et_pb_text][et_pb_text module_id=\u00bbcertificados\u00bb _builder_version=\u00bb4.9.0&#8243; _module_preset=\u00bbdefault\u00bb]<\/p>\n<h2>Los gastos de los certificados<\/h2>\n<h3>Certificado de eficiencia energ\u00e9tica<\/h3>\n<p>El certificado de eficiencia energ\u00e9tica es obligatorio desde el 1 de junio del 2013, es un certificado r\u00e1pido de obtener y su coste depende del tipo de inmueble y ubicaci\u00f3n, aunque en l\u00edneas generales no supera los 125\u20ac incluido las tasas de registro.<\/p>\n<h3>El certificado Licencia de 2\u00aa ocupaci\u00f3n (renovaci\u00f3n de la cedula de habitabilidad)<\/h3>\n<p>En los territorios donde la licencia de segunda ocupaci\u00f3n sea obligatoria, es responsabilidad del propietario legal de la vivienda el tener una licencia de segunda ocupaci\u00f3n para el inmueble y que permanezca vigente.<br \/>Este certificado es obligatorio en la comunidad valenciana a la hora de una compraventa de una propiedad.<br \/>Para obtener una licencia de segunda ocupaci\u00f3n debes contactar con un t\u00e9cnico acreditado, que ser\u00e1 un arquitecto o aparejador, para que genere un informe sobre el estado de tu inmueble.<br \/>Despu\u00e9s, ese informe puedes llevarlo al ayuntamiento t\u00fa mismo (o firmar una autorizaci\u00f3n para que lo lleve el t\u00e9cnico que has contratado) y ser\u00e1 el propio ayuntamiento el que te otorgue la licencia de segunda ocupaci\u00f3n.<\/p>\n<h3>Certificado de inexistencia de infracci\u00f3n urban\u00edstica<\/h3>\n<p>El certificado de inexistencia de expediente de infracci\u00f3n urban\u00edstica es el documento por el cual se certifica que el inmueble no posee ning\u00fan expediente abierto por infracci\u00f3n urban\u00edstica. En las transacciones de compraventa, muchos vendedores deciden solicitar el mismo para presentar a futuros interesados.<br \/>Tambi\u00e9n es muy habitual y sobre todo en si la propiedad es una villa que el abogado de la parte compradora exige este documento. <br \/>Este documento si puede alargar significativamente la compraventa sobre todo si salen infracciones de obra no legalizadas, etc.<\/p>\n<p>[\/et_pb_text][et_pb_text module_id=\u00bbabogado\u00bb _builder_version=\u00bb4.9.0&#8243; _module_preset=\u00bbdefault\u00bb]<\/p>\n<h2>Abogado<\/h2>\n<p>Es muy habitual que usted como propietario prefiera usar su propio abogado para gestionar su parte de la compraventa.<\/p>\n<p>[\/et_pb_text][\/et_pb_column][\/et_pb_row][\/et_pb_section]<\/p>\n","protected":false},"excerpt":{"rendered":"<p>\u00bfComo propietario de una vivienda qu\u00e9 gastos tengo a la hora de vender? Los gastos b\u00e1sicos a la hora de vender una propiedad son;\u2022 La ganancia patrimonial\u2022 La plusval\u00eda municipal\u2022 Los honorarios de la agencia inmobiliaria (si procede)\u2022 Los gastos de los diversos certificados (certificado de eficiencia energ\u00e9tica, certificado licencia de 2\u00aa ocupaci\u00f3n, Certificado de [&hellip;]<\/p>\n","protected":false},"author":2,"featured_media":0,"parent":331,"menu_order":0,"comment_status":"closed","ping_status":"closed","template":"","meta":{"_acf_changed":false,"_et_pb_use_builder":"on","_et_pb_old_content":"","_et_gb_content_width":"","footnotes":""},"class_list":["post-573","page","type-page","status-publish","hentry"],"acf":[],"_links":{"self":[{"href":"https:\/\/www.cumbredelsolpreowned.webloading.es\/es\/wp-json\/wp\/v2\/pages\/573","targetHints":{"allow":["GET"]}}],"collection":[{"href":"https:\/\/www.cumbredelsolpreowned.webloading.es\/es\/wp-json\/wp\/v2\/pages"}],"about":[{"href":"https:\/\/www.cumbredelsolpreowned.webloading.es\/es\/wp-json\/wp\/v2\/types\/page"}],"author":[{"embeddable":true,"href":"https:\/\/www.cumbredelsolpreowned.webloading.es\/es\/wp-json\/wp\/v2\/users\/2"}],"replies":[{"embeddable":true,"href":"https:\/\/www.cumbredelsolpreowned.webloading.es\/es\/wp-json\/wp\/v2\/comments?post=573"}],"version-history":[{"count":0,"href":"https:\/\/www.cumbredelsolpreowned.webloading.es\/es\/wp-json\/wp\/v2\/pages\/573\/revisions"}],"up":[{"embeddable":true,"href":"https:\/\/www.cumbredelsolpreowned.webloading.es\/es\/wp-json\/wp\/v2\/pages\/331"}],"wp:attachment":[{"href":"https:\/\/www.cumbredelsolpreowned.webloading.es\/es\/wp-json\/wp\/v2\/media?parent=573"}],"curies":[{"name":"wp","href":"https:\/\/api.w.org\/{rel}","templated":true}]}}