{"id":2435,"date":"2023-03-20T10:28:21","date_gmt":"2023-03-20T09:28:21","guid":{"rendered":"https:\/\/www.cumbredelsolpreowned.webloading.es\/cumbre-del-sol-benitachell\/cumbre-del-sol-properties-for-sale\/"},"modified":"2025-12-02T11:38:23","modified_gmt":"2025-12-02T10:38:23","slug":"casas-en-venta-en-cumbre-del-sol","status":"publish","type":"page","link":"https:\/\/www.cumbredelsolpreowned.webloading.es\/es\/cumbre-del-sol-benitachell\/casas-en-venta-en-cumbre-del-sol\/","title":{"rendered":"Casas en venta en Cumbre del Sol"},"content":{"rendered":"<p>[et_pb_section fb_built=\u00bb1&#8243; _builder_version=\u00bb4.20.2&#8243; _module_preset=\u00bbdefault\u00bb custom_margin=\u00bb0px||0px||false|false\u00bb custom_padding=\u00bb0px||0px||false|false\u00bb da_disable_devices=\u00bboff|off|off\u00bb collapsed=\u00bbon\u00bb global_colors_info=\u00bb{}\u00bb da_is_popup=\u00bboff\u00bb da_exit_intent=\u00bboff\u00bb da_has_close=\u00bbon\u00bb da_alt_close=\u00bboff\u00bb da_dark_close=\u00bboff\u00bb da_not_modal=\u00bbon\u00bb da_is_singular=\u00bboff\u00bb da_with_loader=\u00bboff\u00bb da_has_shadow=\u00bbon\u00bb][et_pb_row column_structure=\u00bb2_3,1_3&#8243; _builder_version=\u00bb4.20.2&#8243; _module_preset=\u00bbdefault\u00bb custom_margin=\u00bb||0px||false|false\u00bb custom_padding=\u00bb||0px||false|false\u00bb global_colors_info=\u00bb{}\u00bb][et_pb_column type=\u00bb2_3&#8243; _builder_version=\u00bb4.20.2&#8243; _module_preset=\u00bbdefault\u00bb global_colors_info=\u00bb{}\u00bb][et_pb_code _builder_version=\u00bb4.20.2&#8243; _module_preset=\u00bbdefault\u00bb global_colors_info=\u00bb{}\u00bb]<nav aria-label=\"breadcrumbs\" class=\"rank-math-breadcrumb\"><p><span class=\"last\">Home<\/span><\/p><\/nav>[\/et_pb_code][et_pb_text _builder_version=\u00bb4.20.2&#8243; _module_preset=\u00bbdefault\u00bb text_text_color=\u00bb#000000&#8243; header_text_color=\u00bb#003e64&#8243; background_enable_image=\u00bboff\u00bb hover_enabled=\u00bb0&#8243; global_colors_info=\u00bb{}\u00bb sticky_enabled=\u00bb0&#8243;]<\/p>\n<h1>Casas en venta en Cumbre del Sol<\/h1>\n<p>Si est\u00e1s buscando <a href=\"https:\/\/www.properties.cumbredelsolpreowned.com\/venta\/precio-asc\/\" title=\"Casas en venta en Cumbre del Sol\" rel=\"nofollow noopener\" target=\"_blank\">comprar una casa en la urbanizaci\u00f3n Cumbre del Sol<\/a>, \u00a1tienes muchas opciones!<\/p>\n<p>Hay <strong>una amplia variedad de casas en venta<\/strong>, incluyendo apartamentos de estilo <strong>mediterr\u00e1neo<\/strong>, apartamentos <strong>modernos<\/strong>, villas de estilo mediterr\u00e1neo y villas modernas, tanto <strong>con vistas al mar<\/strong> como sin ellas.<\/p>\n<p>[\/et_pb_text][pac_divi_table_of_contents title=\u00bbTabel of contents\u00bb included_headings=\u00bboff|on|off|off|off|off\u00bb active_link_highlight=\u00bbon\u00bb title_container_padding=\u00bb10px|23px|10px|23px|false|false\u00bb title_container_bg_color=\u00bb#004d80&#8243; _builder_version=\u00bb4.20.2&#8243; _module_preset=\u00bbdefault\u00bb title_font_size=\u00bb20px\u00bb global_colors_info=\u00bb{}\u00bb][\/pac_divi_table_of_contents][\/et_pb_column][et_pb_column type=\u00bb1_3&#8243; _builder_version=\u00bb4.20.2&#8243; _module_preset=\u00bbdefault\u00bb global_colors_info=\u00bb{}\u00bb][et_pb_image src=\u00bbhttps:\/\/www.cumbredelsolpreowned.webloading.es\/wp-content\/uploads\/2023\/03\/cumbre-del-sol-properties-for-sale2-1.jpg\u00bb alt=\u00bbCasas en venta en Cumbre del Sol\u00bb title_text=\u00bbCasas en venta en Cumbre del Sol\u00bb _builder_version=\u00bb4.20.2&#8243; _module_preset=\u00bbdefault\u00bb hover_enabled=\u00bb0&#8243; global_colors_info=\u00bb{}\u00bb sticky_enabled=\u00bb0&#8243;][\/et_pb_image][\/et_pb_column][\/et_pb_row][et_pb_row column_structure=\u00bb2_5,3_5&#8243; _builder_version=\u00bb4.20.2&#8243; _module_preset=\u00bbdefault\u00bb global_colors_info=\u00bb{}\u00bb][et_pb_column type=\u00bb2_5&#8243; _builder_version=\u00bb4.20.2&#8243; _module_preset=\u00bbdefault\u00bb global_colors_info=\u00bb{}\u00bb][et_pb_text _builder_version=\u00bb4.20.2&#8243; _module_preset=\u00bbdefault\u00bb text_font_size=\u00bb16px\u00bb hover_enabled=\u00bb0&#8243; global_colors_info=\u00bb{}\u00bb sticky_enabled=\u00bb0&#8243;]<\/p>\n<h2>Apartamentos en Benitachell<\/h2>\n<p>Los <strong>apartamentos de estilo mediterr\u00e1neo<\/strong> son muy populares en <a href=\"https:\/\/www.cumbredelsolpreowned.webloading.es\/es\/cumbre-del-sol-benitachell\/\" title=\"Cumbre del Sol Benitachell\">Cumbre del Sol.<\/a><\/p>\n<p>Estas casas tienen un encanto tradicional, con techos de tejas y balcones con vistas al mar, a jardines y piscinas.<\/p>\n<p>Si te gusta el estilo cl\u00e1sico y acogedor, un apartamento de estilo mediterr\u00e1neo <strong>puede ser la opci\u00f3n ideal para ti.<\/strong><\/p>\n<p>&nbsp;<\/p>\n<p>Por otro lado, los <strong>apartamentos modernos<\/strong> tambi\u00e9n son muy populares en la urbanizaci\u00f3n.<\/p>\n<p>Estos cuentan con una arquitectura elegante y contempor\u00e1nea, con l\u00edneas limpias y materiales de alta calidad.<\/p>\n<p>Los apartamentos modernos ofrecen todas las comodidades que se esperan de un hogar de lujo, <strong>incluyendo vistas espectaculares<\/strong>, piscinas climatizadas, gimnasio, sauna y jardines bien cuidados.<\/p>\n<p>&nbsp;<\/p>\n<p>[\/et_pb_text][\/et_pb_column][et_pb_column type=\u00bb3_5&#8243; _builder_version=\u00bb4.20.2&#8243; _module_preset=\u00bbdefault\u00bb global_colors_info=\u00bb{}\u00bb][et_pb_image src=\u00bbhttps:\/\/www.cumbredelsolpreowned.webloading.es\/wp-content\/uploads\/2023\/03\/benitachell-apartments-for-sale.jpg\u00bb alt=\u00bbApartamentos en Benitachell Cumbre del Sol\u00bb title_text=\u00bbApartamentos en Benitachell Cumbre del Sol\u00bb force_fullwidth=\u00bbon\u00bb _builder_version=\u00bb4.20.2&#8243; _module_preset=\u00bbdefault\u00bb custom_margin=\u00bb0px|0px|0px|0px|false|false\u00bb custom_padding=\u00bb|0px|0px|0px|false|false\u00bb hover_enabled=\u00bb0&#8243; global_colors_info=\u00bb{}\u00bb sticky_enabled=\u00bb0&#8243;][\/et_pb_image][\/et_pb_column][\/et_pb_row][\/et_pb_section][et_pb_section fb_built=\u00bb1&#8243; admin_label=\u00bbllamada accion\u00bb _builder_version=\u00bb4.20.2&#8243; _module_preset=\u00bbdefault\u00bb background_color=\u00bb#003e64&#8243; custom_margin=\u00bb0px||0px||false|false\u00bb custom_padding=\u00bb0px||0px||false|false\u00bb da_disable_devices=\u00bboff|off|off\u00bb collapsed=\u00bbon\u00bb global_colors_info=\u00bb{}\u00bb da_is_popup=\u00bboff\u00bb da_exit_intent=\u00bboff\u00bb da_has_close=\u00bbon\u00bb da_alt_close=\u00bboff\u00bb da_dark_close=\u00bboff\u00bb da_not_modal=\u00bbon\u00bb da_is_singular=\u00bboff\u00bb da_with_loader=\u00bboff\u00bb da_has_shadow=\u00bbon\u00bb][et_pb_row _builder_version=\u00bb4.20.2&#8243; _module_preset=\u00bbdefault\u00bb custom_margin=\u00bb5px||5px||false|false\u00bb custom_padding=\u00bb5px||5px||false|false\u00bb global_colors_info=\u00bb{}\u00bb][et_pb_column type=\u00bb4_4&#8243; _builder_version=\u00bb4.20.2&#8243; _module_preset=\u00bbdefault\u00bb global_colors_info=\u00bb{}\u00bb][et_pb_button button_url=\u00bb#contact\u00bb button_text=\u00bbSolicitar m\u00e1s informaci\u00f3n  \u00bb button_alignment=\u00bbcenter\u00bb _builder_version=\u00bb4.20.2&#8243; _module_preset=\u00bbdefault\u00bb custom_button=\u00bbon\u00bb button_text_color=\u00bb#FFFFFF\u00bb hover_enabled=\u00bb0&#8243; global_colors_info=\u00bb{}\u00bb sticky_enabled=\u00bb0&#8243;][\/et_pb_button][\/et_pb_column][\/et_pb_row][\/et_pb_section][et_pb_section fb_built=\u00bb1&#8243; _builder_version=\u00bb4.20.2&#8243; _module_preset=\u00bbdefault\u00bb custom_margin=\u00bb0px||0px||false|false\u00bb custom_padding=\u00bb0px||0px||false|false\u00bb da_disable_devices=\u00bboff|off|off\u00bb collapsed=\u00bbon\u00bb global_colors_info=\u00bb{}\u00bb da_is_popup=\u00bboff\u00bb da_exit_intent=\u00bboff\u00bb da_has_close=\u00bbon\u00bb da_alt_close=\u00bboff\u00bb da_dark_close=\u00bboff\u00bb da_not_modal=\u00bbon\u00bb da_is_singular=\u00bboff\u00bb da_with_loader=\u00bboff\u00bb da_has_shadow=\u00bbon\u00bb][et_pb_row column_structure=\u00bb3_5,2_5&#8243; _builder_version=\u00bb4.20.2&#8243; _module_preset=\u00bbdefault\u00bb global_colors_info=\u00bb{}\u00bb][et_pb_column type=\u00bb3_5&#8243; _builder_version=\u00bb4.20.2&#8243; _module_preset=\u00bbdefault\u00bb global_colors_info=\u00bb{}\u00bb][et_pb_image src=\u00bbhttps:\/\/www.cumbredelsolpreowned.webloading.es\/wp-content\/uploads\/2023\/03\/cumbre-del-sol-villas-for-sale.jpg\u00bb alt=\u00bbCumbre del Sol Villas y chalets en venta\u00bb title_text=\u00bbCumbre del Sol Villas y chalets en venta\u00bb force_fullwidth=\u00bbon\u00bb _builder_version=\u00bb4.20.2&#8243; _module_preset=\u00bbdefault\u00bb custom_margin=\u00bb0px|0px|0px|0px|false|false\u00bb custom_padding=\u00bb|0px|0px|0px|false|false\u00bb hover_enabled=\u00bb0&#8243; global_colors_info=\u00bb{}\u00bb sticky_enabled=\u00bb0&#8243;][\/et_pb_image][\/et_pb_column][et_pb_column type=\u00bb2_5&#8243; _builder_version=\u00bb4.20.2&#8243; _module_preset=\u00bbdefault\u00bb global_colors_info=\u00bb{}\u00bb][et_pb_text _builder_version=\u00bb4.20.2&#8243; _module_preset=\u00bbdefault\u00bb text_font_size=\u00bb16px\u00bb hover_enabled=\u00bb0&#8243; global_colors_info=\u00bb{}\u00bb sticky_enabled=\u00bb0&#8243;]<\/p>\n<h2>Cumbre del sol villas y chalets en venta<\/h2>\n<p>Si prefieres tener una casa independiente, <strong>las villas son una excelente opci\u00f3n<\/strong>. Las villas de <strong>estilo mediterr\u00e1neo son encantadoras y acogedoras<\/strong>, con techos de tejas y paredes blancas o color crema.<\/p>\n<p>Estas casas suelen tener jardines muy cuidados y crecidos con terrazas con vistas al mar y\/o a las monta\u00f1as.<\/p>\n<p><strong>Las villas modernas,<\/strong> por otro lado, son elegantes y minimalistas, con una arquitectura impresionante y una amplia variedad de comodidades modernas.<\/p>\n<p>Adem\u00e1s de ser una construcci\u00f3n m\u00e1s reciente que aporta unas calidades superiores tanto en acabados como a nivel de instalaciones, aislamientos, etc.<\/p>\n<p>La mayor\u00eda de las casas modernas incluyen calefacci\u00f3n por suelo radiante y aire acondicionado mediante conductos basado en sistema de aerotermia que producen adem\u00e1s agua caliente sanitario.<\/p>\n<p>[\/et_pb_text][\/et_pb_column][\/et_pb_row][\/et_pb_section][et_pb_section fb_built=\u00bb1&#8243; admin_label=\u00bbllamada accion\u00bb _builder_version=\u00bb4.20.2&#8243; _module_preset=\u00bbdefault\u00bb background_color=\u00bb#003e64&#8243; custom_margin=\u00bb0px||0px||false|false\u00bb custom_padding=\u00bb0px||0px||false|false\u00bb da_disable_devices=\u00bboff|off|off\u00bb collapsed=\u00bbon\u00bb global_colors_info=\u00bb{}\u00bb da_is_popup=\u00bboff\u00bb da_exit_intent=\u00bboff\u00bb da_has_close=\u00bbon\u00bb da_alt_close=\u00bboff\u00bb da_dark_close=\u00bboff\u00bb da_not_modal=\u00bbon\u00bb da_is_singular=\u00bboff\u00bb da_with_loader=\u00bboff\u00bb da_has_shadow=\u00bbon\u00bb][et_pb_row _builder_version=\u00bb4.20.2&#8243; _module_preset=\u00bbdefault\u00bb custom_margin=\u00bb5px||5px||false|false\u00bb custom_padding=\u00bb5px||5px||false|false\u00bb global_colors_info=\u00bb{}\u00bb][et_pb_column type=\u00bb4_4&#8243; _builder_version=\u00bb4.20.2&#8243; _module_preset=\u00bbdefault\u00bb global_colors_info=\u00bb{}\u00bb][et_pb_button button_url=\u00bb#contact\u00bb button_text=\u00bbSolicitar m\u00e1s informaci\u00f3n  \u00bb button_alignment=\u00bbcenter\u00bb _builder_version=\u00bb4.20.2&#8243; _module_preset=\u00bbdefault\u00bb custom_button=\u00bbon\u00bb button_text_color=\u00bb#FFFFFF\u00bb hover_enabled=\u00bb0&#8243; global_colors_info=\u00bb{}\u00bb sticky_enabled=\u00bb0&#8243;][\/et_pb_button][\/et_pb_column][\/et_pb_row][\/et_pb_section][et_pb_section fb_built=\u00bb1&#8243; _builder_version=\u00bb4.20.2&#8243; _module_preset=\u00bbdefault\u00bb custom_margin=\u00bb0px||0px||false|false\u00bb custom_padding=\u00bb0px||0px||false|false\u00bb da_disable_devices=\u00bboff|off|off\u00bb collapsed=\u00bbon\u00bb global_colors_info=\u00bb{}\u00bb da_is_popup=\u00bboff\u00bb da_exit_intent=\u00bboff\u00bb da_has_close=\u00bbon\u00bb da_alt_close=\u00bboff\u00bb da_dark_close=\u00bboff\u00bb da_not_modal=\u00bbon\u00bb da_is_singular=\u00bboff\u00bb da_with_loader=\u00bboff\u00bb da_has_shadow=\u00bbon\u00bb][et_pb_row _builder_version=\u00bb4.20.2&#8243; _module_preset=\u00bbdefault\u00bb global_colors_info=\u00bb{}\u00bb][et_pb_column type=\u00bb4_4&#8243; _builder_version=\u00bb4.20.2&#8243; _module_preset=\u00bbdefault\u00bb global_colors_info=\u00bb{}\u00bb][et_pb_text _builder_version=\u00bb4.20.2&#8243; _module_preset=\u00bbdefault\u00bb text_font_size=\u00bb16px\u00bb hover_enabled=\u00bb0&#8243; global_colors_info=\u00bb{}\u00bb sticky_enabled=\u00bb0&#8243;]<\/p>\n<h2>Solicitar m\u00e1s informaci\u00f3n<\/h2>\n<blockquote>\n<p>En definitiva, <strong>hay muchas opciones de viviendas en venta en la urbanizaci\u00f3n Cumbre del Sol.<\/strong> Tanto si prefiere una vivienda de estilo mediterr\u00e1neo o moderno, con o sin vistas al mar, seguro que encontrar\u00e1 la casa perfecta para usted.<\/p>\n<\/blockquote>\n<p><strong>No pierda la oportunidad<\/strong> de explorar la oferta inmobiliaria en Cumbre del Sol.<\/p>\n<p><strong>Solicite m\u00e1s informaci\u00f3n ahora<\/strong> y empiece a descubrir las posibilidades para la casa de sus sue\u00f1os.<\/p>\n<p>&nbsp;<\/p>\n<p>[\/et_pb_text][\/et_pb_column][\/et_pb_row][\/et_pb_section][et_pb_section fb_built=\u00bb1&#8243; admin_label=\u00bbSection\u00bb module_id=\u00bbcontact\u00bb _builder_version=\u00bb4.20.2&#8243; background_color=\u00bb#eeeeee\u00bb custom_margin=\u00bb0px||||false|false\u00bb custom_padding=\u00bb0px||||false|false\u00bb da_popup_slug=\u00bbcontact\u00bb da_disable_devices=\u00bboff|off|off\u00bb collapsed=\u00bboff\u00bb global_colors_info=\u00bb{}\u00bb da_is_popup=\u00bboff\u00bb da_exit_intent=\u00bboff\u00bb da_has_close=\u00bbon\u00bb da_alt_close=\u00bboff\u00bb da_dark_close=\u00bboff\u00bb da_not_modal=\u00bbon\u00bb da_is_singular=\u00bboff\u00bb da_with_loader=\u00bboff\u00bb da_has_shadow=\u00bbon\u00bb][et_pb_row column_structure=\u00bb3_5,2_5&#8243; module_id=\u00bbform\u00bb _builder_version=\u00bb4.16&#8243; global_colors_info=\u00bb{}\u00bb][et_pb_column type=\u00bb3_5&#8243; _builder_version=\u00bb4.16&#8243; global_colors_info=\u00bb{}\u00bb][et_pb_dcgd_gravity_divi_module dc_dgfcm_form_id=\u00bb1&#8243; dc_dgfcm_show_title=\u00bboff\u00bb dc_dgfcm_show_description=\u00bboff\u00bb dc_dgfcm_enable_confirmation=\u00bbon\u00bb dc_dgfcm_confirmation_message=\u00bb<\/p>\n<p>Thank you<\/p>\n<p>\u00bb _builder_version=\u00bb4.16&#8243; form_submit_button_alignment=\u00bbright\u00bb custom_margin=\u00bb||||false|false\u00bb custom_padding=\u00bb10px|10px|0px|10px|false|false\u00bb form_submit_button_alignment_tablet=\u00bb\u00bb form_submit_button_alignment_phone=\u00bbcenter\u00bb form_submit_button_alignment_last_edited=\u00bbon|phone\u00bb border_radii=\u00bbon|10px|10px|10px|10px\u00bb border_width_all=\u00bb3px\u00bb border_color_all=\u00bb#E06F1D\u00bb box_shadow_style=\u00bbpreset1&#8243; global_colors_info=\u00bb{}\u00bb][\/et_pb_dcgd_gravity_divi_module][\/et_pb_column][et_pb_column type=\u00bb2_5&#8243; _builder_version=\u00bb4.16&#8243; global_colors_info=\u00bb{}\u00bb][et_pb_text _builder_version=\u00bb4.16&#8243; text_font=\u00bb|600|||||||\u00bb text_font_size=\u00bb16px\u00bb text_line_height=\u00bb2em\u00bb ul_line_height=\u00bb2em\u00bb global_colors_info=\u00bb{}\u00bb]<\/p>\n<p>You can contact us via the form or if you wish via:<\/p>\n<ul>\n<li><i class=\"fas fa-at\"><\/i> E-mail <a href=\"mailto:management@cumbredelsol.com\">management@cumbredelsol.com<\/a><\/li>\n<li><i class=\"fas fa-phone-alt\"><\/i> Phone\u00a0\u00a0<a href=\"tel:+34609612552\">+34 609 612 552<\/a><\/li>\n<li><i class=\"fab fa-whatsapp\"><\/i> Whatsapp<a href=\"whatsapp:+34609612552\">+34 609 612 552<\/a><\/li>\n<li><a href=\"https:\/\/goo.gl\/maps\/zJcyZXNpmSnfX2yv8\" target=\"_blank\" rel=\"noopener noreferrer nofollow\"> Office North entrance<\/a> Cumbre del Sol<\/li>\n<\/ul>\n<p>we will contact you as soon as possible!<\/p>\n<p>[\/et_pb_text][\/et_pb_column][\/et_pb_row][et_pb_row _builder_version=\u00bb4.20.2&#8243; custom_margin=\u00bb0px||0px||false|false\u00bb custom_padding=\u00bb0px||0px||false|false\u00bb global_colors_info=\u00bb{}\u00bb][et_pb_column type=\u00bb4_4&#8243; _builder_version=\u00bb4.16&#8243; global_colors_info=\u00bb{}\u00bb][et_pb_text module_class=\u00bbavisolegal\u00bb _builder_version=\u00bb4.20.2&#8243; global_colors_info=\u00bb{}\u00bb]<\/p>\n<p>Responsible for the treatment: Aflys consultants SL<br \/>Manager&#8217;s address: Acceso norte s \/ n, Oficina informaci\u00f3n, Cumbre del Sol, CP 03726 Benitachell, Alicante<br \/>Purpose: Your data will be used to meet your requests and provide you with our services.<br \/>Advertising: We will only send you advertising with your prior authorization, which you can provide us with through the corresponding box established for this purpose.<br \/>Legitimation: We will only process your data with your prior consent, which you can provide us through the corresponding box established for this purpose.<br \/>Recipients: In general, only the personnel of our entity who are duly authorized may have knowledge of the information we request.<br \/>Rights: You have the right to know what information we have about you, correct it and delete it, as explained in the additional information available on our website.<br \/>Additional information: More information in the \u00ab<a href=\"https:\/\/www.cumbredelsolpreowned.webloading.es\/aviso-legal\/\" target=\"_blank\" rel=\"noopener noreferrer\">Privacy Policy<\/a>\u00bb section of our website.<\/p>\n<p>[\/et_pb_text][\/et_pb_column][\/et_pb_row][\/et_pb_section]<\/p>\n","protected":false},"excerpt":{"rendered":"<p><nav aria-label=\"breadcrumbs\" class=\"rank-math-breadcrumb\"><p><span class=\"last\">Home<\/span><\/p><\/nav>Casas en venta en Cumbre del Sol Si est\u00e1s buscando comprar una casa en la urbanizaci\u00f3n Cumbre del Sol, \u00a1tienes muchas opciones! Hay una amplia variedad de casas en venta, incluyendo apartamentos de estilo mediterr\u00e1neo, apartamentos modernos, villas de estilo mediterr\u00e1neo y villas modernas, tanto con vistas al mar como sin ellas.<div class=\"et_pb_module pac_divi_table_of_contents pac_divi_table_of_contents_0\">\n\t\t\t\t\n\t\t\t\t\n\t\t\t\t\n\t\t\t\t\n\t\t\t\t\n\t\t\t\t\n\t\t\t\t<div class=\"et_pb_module_inner\">\n\t\t\t\t\t\n        <div class=\"pac_dtoc_main_container\"\n        data-allow_collapse_minimize=\"on\"\n        data-allow_collapse_minimize_tablet=\"on\"\n        data-allow_collapse_minimize_phone=\"on\"\n        data-ss=\"2000\"\n        data-sah=\"100\"\n        data-collapse_when_sticky=\"off\"\n        data-collapse_when_sticky_tablet=\"off\"\n        data-collapse_when_sticky_phone=\"off\"\n        data-skh=\"off\"\n        data-mtocai=\"off\"\n        data-mtocai_tablet=\"off\"\n        data-mtocai_phone=\"off\"\n        data-alh=\"off\"\n        data-ds=\"open\"\n        data-dst=\"open\"\n        data-dsp=\"open\">\n            <div class=\"pac_dtoc_title_area click_on click_tablet_on click_phone_on\">\n                <div role=\"heading\" aria-level=\"2\" id=\"pac_dtocm_title\" class=\"pac_dtoc_title\">\u00bbTabel<\/div>\n                \n                <div class=\"pac_dtoc_icon_responsive\">\n                    <div class=\"pac_dtoc_opened_icon\">2<\/div>\n                    <div class=\"pac_dtoc_closed_icon\">3<\/div>\n                <\/div>\n                \n            <\/div>\n            <div role=\"navigation\" aria-labelledby=\"pac_dtocm_title\" class=\"pac_dtoc_body_area inside\">\n                \n                <div class='divi_table_of_contents' role=\"tree\" ><\/div>\n            <\/div>\n        <\/div>\n        \n\t\t\t\t<\/div>\n\t\t\t<\/div><\/p>\n","protected":false},"author":2,"featured_media":0,"parent":2091,"menu_order":0,"comment_status":"closed","ping_status":"closed","template":"","meta":{"_acf_changed":false,"_et_pb_use_builder":"on","_et_pb_old_content":"","_et_gb_content_width":"","footnotes":""},"class_list":["post-2435","page","type-page","status-publish","hentry"],"acf":[],"_links":{"self":[{"href":"https:\/\/www.cumbredelsolpreowned.webloading.es\/es\/wp-json\/wp\/v2\/pages\/2435","targetHints":{"allow":["GET"]}}],"collection":[{"href":"https:\/\/www.cumbredelsolpreowned.webloading.es\/es\/wp-json\/wp\/v2\/pages"}],"about":[{"href":"https:\/\/www.cumbredelsolpreowned.webloading.es\/es\/wp-json\/wp\/v2\/types\/page"}],"author":[{"embeddable":true,"href":"https:\/\/www.cumbredelsolpreowned.webloading.es\/es\/wp-json\/wp\/v2\/users\/2"}],"replies":[{"embeddable":true,"href":"https:\/\/www.cumbredelsolpreowned.webloading.es\/es\/wp-json\/wp\/v2\/comments?post=2435"}],"version-history":[{"count":4,"href":"https:\/\/www.cumbredelsolpreowned.webloading.es\/es\/wp-json\/wp\/v2\/pages\/2435\/revisions"}],"predecessor-version":[{"id":12250,"href":"https:\/\/www.cumbredelsolpreowned.webloading.es\/es\/wp-json\/wp\/v2\/pages\/2435\/revisions\/12250"}],"up":[{"embeddable":true,"href":"https:\/\/www.cumbredelsolpreowned.webloading.es\/es\/wp-json\/wp\/v2\/pages\/2091"}],"wp:attachment":[{"href":"https:\/\/www.cumbredelsolpreowned.webloading.es\/es\/wp-json\/wp\/v2\/media?parent=2435"}],"curies":[{"name":"wp","href":"https:\/\/api.w.org\/{rel}","templated":true}]}}