{"id":10716,"date":"2025-09-25T11:32:32","date_gmt":"2025-09-25T10:32:32","guid":{"rendered":"https:\/\/www.cumbredelsolpreowned.webloading.es\/pueblo-del-mar-cumbre-del-sol\/"},"modified":"2026-01-26T12:18:21","modified_gmt":"2026-01-26T11:18:21","slug":"pueblo-del-mar-cumbre-del-sol","status":"publish","type":"page","link":"https:\/\/www.cumbredelsolpreowned.webloading.es\/es\/pueblo-del-mar-cumbre-del-sol\/","title":{"rendered":"Pueblo del Mar Cumbre del Sol"},"content":{"rendered":"<p>[et_pb_section fb_built=\u00bb1&#8243; custom_padding_last_edited=\u00bbon|phone\u00bb _builder_version=\u00bb4.27.4&#8243; _module_preset=\u00bbdefault\u00bb background_color=\u00bb#FFFFFF\u00bb custom_padding=\u00bb20px||0px||false|false\u00bb custom_padding_tablet=\u00bb0px||||false|false\u00bb custom_padding_phone=\u00bb0px||0px||false|false\u00bb da_disable_devices=\u00bboff|off|off\u00bb global_colors_info=\u00bb{}\u00bb da_is_popup=\u00bboff\u00bb da_exit_intent=\u00bboff\u00bb da_has_close=\u00bbon\u00bb da_alt_close=\u00bboff\u00bb da_dark_close=\u00bboff\u00bb da_not_modal=\u00bbon\u00bb da_is_singular=\u00bboff\u00bb da_with_loader=\u00bboff\u00bb da_has_shadow=\u00bbon\u00bb][et_pb_row custom_padding_last_edited=\u00bbon|phone\u00bb _builder_version=\u00bb4.27.4&#8243; _module_preset=\u00bbdefault\u00bb custom_padding_tablet=\u00bb\u00bb custom_padding_phone=\u00bb10px||10px||true|false\u00bb global_colors_info=\u00bb{}\u00bb][et_pb_column type=\u00bb4_4&#8243; _builder_version=\u00bb4.27.4&#8243; _module_preset=\u00bbdefault\u00bb global_colors_info=\u00bb{}\u00bb][et_pb_post_title meta=\u00bboff\u00bb featured_image=\u00bboff\u00bb _builder_version=\u00bb4.27.4&#8243; _module_preset=\u00bbdefault\u00bb title_font=\u00bb|700|||||||\u00bb title_text_color=\u00bb#003E64&#8243; title_font_size=\u00bb32px\u00bb custom_margin=\u00bb||12px|||\u00bb custom_margin_tablet=\u00bb\u00bb custom_margin_phone=\u00bb||0px||false|false\u00bb custom_margin_last_edited=\u00bbon|phone\u00bb custom_padding=\u00bb||0px||false|false\u00bb global_colors_info=\u00bb{}\u00bb][\/et_pb_post_title][et_pb_code _builder_version=\u00bb4.27.4&#8243; _module_preset=\u00bbdefault\u00bb global_colors_info=\u00bb{}\u00bb]<nav aria-label=\"breadcrumbs\" class=\"rank-math-breadcrumb\"><p><span class=\"last\">Home<\/span><\/p><\/nav>[\/et_pb_code][\/et_pb_column][\/et_pb_row][\/et_pb_section][et_pb_section fb_built=\u00bb1&#8243; _builder_version=\u00bb4.27.4&#8243; _module_preset=\u00bbdefault\u00bb background_color=\u00bb#e0e0e0&#8243; custom_margin=\u00bb||||false|false\u00bb custom_padding=\u00bb0px||0px||false|false\u00bb da_disable_devices=\u00bboff|off|off\u00bb global_colors_info=\u00bb{}\u00bb da_is_popup=\u00bboff\u00bb da_exit_intent=\u00bboff\u00bb da_has_close=\u00bbon\u00bb da_alt_close=\u00bboff\u00bb da_dark_close=\u00bboff\u00bb da_not_modal=\u00bbon\u00bb da_is_singular=\u00bboff\u00bb da_with_loader=\u00bboff\u00bb da_has_shadow=\u00bbon\u00bb][et_pb_row custom_padding_last_edited=\u00bbon|phone\u00bb _builder_version=\u00bb4.27.4&#8243; _module_preset=\u00bbdefault\u00bb width=\u00bb95%\u00bb custom_padding=\u00bb20px||20px||true|false\u00bb custom_padding_tablet=\u00bb10px||10px||true|false\u00bb custom_padding_phone=\u00bb0px||0px||true|false\u00bb global_colors_info=\u00bb{}\u00bb][et_pb_column type=\u00bb4_4&#8243; _builder_version=\u00bb4.27.4&#8243; _module_preset=\u00bbdefault\u00bb global_colors_info=\u00bb{}\u00bb][et_pb_code _builder_version=\u00bb4.27.4&#8243; _module_preset=\u00bbdefault\u00bb text_orientation=\u00bbcenter\u00bb module_alignment=\u00bbcenter\u00bb custom_css_free_form=\u00bbselector .search-wrapper2 .search2{||  background-color:transparent;||}||||selector .col-md-4 input{||  border-radius:5px;||  padding: 15px 10px;||}||||selector .col-md-4 .form-control{||  border-radius:5px;||}||@media only screen and (min-width: 768px) {||selector .advance-search-form {||  display: flex;||  flex-wrap: wrap;||}||||selector .row {||  margin-right: 0;||  margin-left: 0;||  width: 33.333%;||   flex-grow: 1 !important;||}||||  selector .option .double .clearfix{||    min-width:70px !important;||  }||  ||  ||  selector .col-md-4{||    padding: 5px;||  }||}||||@media only screen and (max-width: 768px) {||selector .col-xs-12{||  width:50%;||}||  selector .opciones-avanzadas span {||  font-size: 14px;||  }||  selector .mb-2{||    margin-bottom:0px !important;||  }||  selector .col-md-6:nth-of-type(1){||    margin-bottom:5px;||  }||  selector .mb-2:nth-of-type(3){||    margin-top:10px;||  }||\/*   selector .col-md-4 input{||    margin-top:10px !important;||  }|| ||    selector .col-md-6:nth-of-type(2){||    display: inline-block;||  }*\/||  selector .mb-2{||    display:flex !important;||  }||  selector .col-xs-12 {||    padding: 5px;||  }||  selector .col-md-12 {||    padding: 0 5px !important;||  }||  selector .search-wrapper2 .search2 .form-control{||    margin:0;||  }||  selector  .search-wrapper2 .col-md-12{||    padding:0;||  }||  selector  .col-md-12 .opciones-avanzadas{||    text-align:left !important;||  }||}\u00bb global_colors_info=\u00bb{}\u00bb][BAvanzado KUBE][\/et_pb_code][\/et_pb_column][\/et_pb_row][\/et_pb_section][et_pb_section fb_built=\u00bb1&#8243; custom_padding_last_edited=\u00bbon|phone\u00bb _builder_version=\u00bb4.27.4&#8243; _module_preset=\u00bbdefault\u00bb custom_padding=\u00bb20px||20px||true|false\u00bb custom_padding_tablet=\u00bb\u00bb custom_padding_phone=\u00bb10px||10px||true|false\u00bb da_disable_devices=\u00bboff|off|off\u00bb global_colors_info=\u00bb{}\u00bb da_is_popup=\u00bboff\u00bb da_exit_intent=\u00bboff\u00bb da_has_close=\u00bbon\u00bb da_alt_close=\u00bboff\u00bb da_dark_close=\u00bboff\u00bb da_not_modal=\u00bbon\u00bb da_is_singular=\u00bboff\u00bb da_with_loader=\u00bboff\u00bb da_has_shadow=\u00bbon\u00bb][et_pb_row _builder_version=\u00bb4.27.4&#8243; _module_preset=\u00bbdefault\u00bb width=\u00bb90%\u00bb custom_padding=\u00bb0px||||false|false\u00bb global_colors_info=\u00bb{}\u00bb][et_pb_column type=\u00bb4_4&#8243; _builder_version=\u00bb4.27.4&#8243; _module_preset=\u00bbdefault\u00bb global_colors_info=\u00bb{}\u00bb][et_pb_code _builder_version=\u00bb4.27.4&#8243; _module_preset=\u00bbdefault\u00bb text_orientation=\u00bbcenter\u00bb custom_css_free_form=\u00bb@media only screen and (max-width: 768px) {||||  selector .filters-wrapper-plugin{||    margin:10px 17px !important;||  }||}\u00bb global_colors_info=\u00bb{}\u00bb][LVenta KUBE WDCUMBREPUEBLOMAR][\/et_pb_code][\/et_pb_column][\/et_pb_row][\/et_pb_section][et_pb_section fb_built=\u00bb1&#8243; disabled_on=\u00bboff|off|off\u00bb _builder_version=\u00bb4.27.5&#8243; _module_preset=\u00bbdefault\u00bb hover_enabled=\u00bb0&#8243; da_disable_devices=\u00bboff|off|off\u00bb global_colors_info=\u00bb{}\u00bb sticky_enabled=\u00bb0&#8243; da_is_popup=\u00bboff\u00bb da_exit_intent=\u00bboff\u00bb da_has_close=\u00bbon\u00bb da_alt_close=\u00bboff\u00bb da_dark_close=\u00bboff\u00bb da_not_modal=\u00bbon\u00bb da_is_singular=\u00bboff\u00bb da_with_loader=\u00bboff\u00bb da_has_shadow=\u00bbon\u00bb][et_pb_row _builder_version=\u00bb4.27.4&#8243; _module_preset=\u00bbdefault\u00bb global_colors_info=\u00bb{}\u00bb][et_pb_column type=\u00bb4_4&#8243; _builder_version=\u00bb4.27.4&#8243; _module_preset=\u00bbdefault\u00bb global_colors_info=\u00bb{}\u00bb][et_pb_text _builder_version=\u00bb4.27.5&#8243; _module_preset=\u00bbdefault\u00bb hover_enabled=\u00bb0&#8243; global_colors_info=\u00bb{}\u00bb sticky_enabled=\u00bb0&#8243;]<\/p>\n<div class=\"flex basis-auto flex-col -mb-(--composer-overlap-px) [--composer-overlap-px:55px] grow overflow-hidden\">\n<div class=\"relative h-full\">\n<div class=\"flex h-full flex-col overflow-y-auto [scrollbar-gutter:stable_both-edges] @[84rem]\/thread:pt-(--header-height)\">\n<div class=\"@thread-xl\/thread:pt-header-height flex flex-col text-sm pb-25\">\n<article class=\"text-token-text-primary w-full\" dir=\"auto\" data-testid=\"conversation-turn-2\" data-scroll-anchor=\"true\">\n<div class=\"text-base my-auto mx-auto py-5 [--thread-content-margin:--spacing(4)] @[37rem]:[--thread-content-margin:--spacing(6)] @[72rem]:[--thread-content-margin:--spacing(16)] px-(--thread-content-margin)\">\n<div class=\"[--thread-content-max-width:32rem] @[34rem]:[--thread-content-max-width:40rem] @[64rem]:[--thread-content-max-width:48rem] mx-auto flex max-w-(--thread-content-max-width) flex-1 text-base gap-4 md:gap-5 lg:gap-6 group\/turn-messages focus-visible:outline-hidden\" tabindex=\"-1\">\n<div class=\"group\/conversation-turn relative flex w-full min-w-0 flex-col agent-turn\">\n<div class=\"relative flex-col gap-1 md:gap-3\">\n<div class=\"flex max-w-full flex-col grow\">\n<div data-message-author-role=\"assistant\" data-message-id=\"b81c00de-063d-4742-b805-3fcda21694d5\" dir=\"auto\" class=\"min-h-8 text-message relative flex w-full flex-col items-end gap-2 text-start break-words whitespace-normal [.text-message+&amp;]:mt-5\" data-message-model-slug=\"gpt-4o\">\n<div class=\"flex w-full flex-col gap-1 empty:hidden first:pt-[3px]\">\n<div class=\"markdown prose dark:prose-invert w-full break-words light\">\n<h2 data-start=\"0\" data-end=\"36\"><strong data-start=\"3\" data-end=\"36\">Pueblo del Mar Cumbre del Sol<\/strong><\/h2>\n<h2 data-start=\"38\" data-end=\"58\"><\/h2>\n<p data-start=\"60\" data-end=\"364\">Descubra <strong data-start=\"69\" data-end=\"105\">Pueblo del Mar en Cumbre del Sol<\/strong>, un exclusivo conjunto de <strong data-start=\"132\" data-end=\"186\">adosados y villas independientes orientados al sur<\/strong> en Benitachell. Un entorno privilegiado con <strong data-start=\"231\" data-end=\"255\">vistas mediterr\u00e1neas<\/strong>, ideal para compradores que valoran la <strong data-start=\"295\" data-end=\"310\">luz natural<\/strong>, la tranquilidad y el encanto de la <strong data-start=\"347\" data-end=\"363\">Costa Blanca<\/strong>.<\/p>\n<h2 data-start=\"371\" data-end=\"440\"><strong data-start=\"374\" data-end=\"440\">Pueblo del Mar \u2013 Viviendas de Reventa con Encanto Mediterr\u00e1neo<\/strong><\/h2>\n<p data-start=\"442\" data-end=\"763\"><strong data-start=\"442\" data-end=\"460\">Pueblo del Mar<\/strong> es una cuidada urbanizaci\u00f3n compuesta por <strong data-start=\"503\" data-end=\"550\">adosados y villas independientes de reventa<\/strong>, construidas sobre parcelas de <strong data-start=\"582\" data-end=\"598\">250 a 400 m\u00b2<\/strong>. Se ubica en la <strong data-start=\"615\" data-end=\"642\">zona residencial Olivos<\/strong>, dentro del prestigioso complejo <strong data-start=\"676\" data-end=\"694\">Cumbre del Sol<\/strong>, entre las demandadas localidades de <strong data-start=\"732\" data-end=\"762\">J\u00e1vea y Moraira (Alicante)<\/strong>.<\/p>\n<p data-start=\"765\" data-end=\"1052\">La mayor\u00eda de las viviendas cuentan con <strong data-start=\"805\" data-end=\"834\">orientaci\u00f3n sur o sureste<\/strong>, lo que garantiza una excelente <strong data-start=\"867\" data-end=\"910\">iluminaci\u00f3n natural durante todo el a\u00f1o<\/strong>. Muchas propiedades disfrutan adem\u00e1s de <strong data-start=\"951\" data-end=\"993\">vistas panor\u00e1micas al mar Mediterr\u00e1neo<\/strong>, aportando un plus de calidad de vida en un entorno \u00fanico.<\/p>\n<h2 data-start=\"1059\" data-end=\"1091\"><strong data-start=\"1062\" data-end=\"1091\">Zonas Comunes y Servicios<\/strong><\/h2>\n<p data-start=\"1093\" data-end=\"1166\">La urbanizaci\u00f3n ofrece completas instalaciones comunitarias, entre ellas:<\/p>\n<ul data-start=\"1168\" data-end=\"1387\">\n<li data-start=\"1168\" data-end=\"1243\">\n<p data-start=\"1170\" data-end=\"1243\"><strong data-start=\"1170\" data-end=\"1195\">Piscinas comunitarias<\/strong> en cada fase, con amplias <strong data-start=\"1222\" data-end=\"1243\">terrazas sol\u00e1rium<\/strong><\/p>\n<\/li>\n<li data-start=\"1244\" data-end=\"1311\">\n<p data-start=\"1246\" data-end=\"1311\">Espacios de ocio como <strong data-start=\"1268\" data-end=\"1287\">zona de petanca<\/strong> (entre las Fases 1 y 2)<\/p>\n<\/li>\n<li data-start=\"1312\" data-end=\"1387\">\n<p data-start=\"1314\" data-end=\"1387\"><strong data-start=\"1314\" data-end=\"1339\">Miradores panor\u00e1micos<\/strong> para disfrutar del paisaje y el entorno natural<\/p>\n<\/li>\n<\/ul>\n<h2 data-start=\"1394\" data-end=\"1456\"><strong data-start=\"1397\" data-end=\"1456\">Ubicaci\u00f3n Privilegiada y Distancias a Puntos de Inter\u00e9s<\/strong><\/h2>\n<ul data-start=\"1458\" data-end=\"2148\">\n<li data-start=\"1458\" data-end=\"1563\">\n<p data-start=\"1460\" data-end=\"1563\"><strong data-start=\"1460\" data-end=\"1469\">1 km:<\/strong> Playa del Moraig, Cala de los Tiestos y <strong data-start=\"1510\" data-end=\"1541\">Dreamsea Mediterranean Camp<\/strong> (bar y restaurante)<\/p>\n<\/li>\n<li data-start=\"1564\" data-end=\"1870\">\n<p data-start=\"1566\" data-end=\"1870\"><strong data-start=\"1566\" data-end=\"1577\">2\u20133 km:<\/strong> Centro Comercial Adelfas (supermercado <strong data-start=\"1617\" data-end=\"1632\">Pepe la Sal<\/strong>, cafeter\u00eda, peluquer\u00eda, servicios de mantenimiento y alquiler), <strong data-start=\"1697\" data-end=\"1722\">Restaurante La Cumbre<\/strong>, farmacia, centro ecuestre, <strong data-start=\"1751\" data-end=\"1771\">centro deportivo<\/strong> con pistas de p\u00e1del y tenis, acceso a <strong data-start=\"1810\" data-end=\"1826\">Cala Llebeig<\/strong> y <strong data-start=\"1829\" data-end=\"1868\">Lady Elizabeth International School<\/strong><\/p>\n<\/li>\n<li data-start=\"1871\" data-end=\"1996\">\n<p data-start=\"1873\" data-end=\"1996\"><strong data-start=\"1873\" data-end=\"1884\">4\u20136 km:<\/strong> Supermercados <strong data-start=\"1899\" data-end=\"1912\">Mercadona<\/strong> y <strong data-start=\"1915\" data-end=\"1928\">Mas y Mas<\/strong>, casco urbano de <strong data-start=\"1946\" data-end=\"1961\">Benitachell<\/strong>, <strong data-start=\"1963\" data-end=\"1994\">Playa del Portet de Moraira<\/strong><\/p>\n<\/li>\n<li data-start=\"1997\" data-end=\"2068\">\n<p data-start=\"1999\" data-end=\"2068\"><strong data-start=\"1999\" data-end=\"2008\">7 km:<\/strong> <strong data-start=\"2009\" data-end=\"2035\">Campo de golf de J\u00e1vea<\/strong> y centro urbano de <strong data-start=\"2055\" data-end=\"2066\">Moraira<\/strong><\/p>\n<\/li>\n<li data-start=\"2069\" data-end=\"2148\">\n<p data-start=\"2071\" data-end=\"2148\"><strong data-start=\"2071\" data-end=\"2081\">13 km:<\/strong> <strong data-start=\"2082\" data-end=\"2111\">Playa del Arenal de J\u00e1vea<\/strong>, ideal para planes familiares y ocio<\/p>\n<\/li>\n<\/ul>\n<h2 data-start=\"2155\" data-end=\"2208\"><strong data-start=\"2158\" data-end=\"2208\">\u00bfPor qu\u00e9 elegir Pueblo del Mar Cumbre del Sol?<\/strong><\/h2>\n<ul data-start=\"2210\" data-end=\"2524\">\n<li data-start=\"2210\" data-end=\"2292\">\n<p data-start=\"2212\" data-end=\"2292\">Viviendas <strong data-start=\"2222\" data-end=\"2243\">orientadas al sur<\/strong> y con <strong data-start=\"2250\" data-end=\"2267\">vistas al mar<\/strong>, llenas de luz natural<\/p>\n<\/li>\n<li data-start=\"2293\" data-end=\"2383\">\n<p data-start=\"2295\" data-end=\"2383\">Ubicaci\u00f3n exclusiva, rodeada de <strong data-start=\"2327\" data-end=\"2341\">naturaleza<\/strong> y con f\u00e1cil acceso a playas y servicios<\/p>\n<\/li>\n<li data-start=\"2384\" data-end=\"2444\">\n<p data-start=\"2386\" data-end=\"2444\"><strong data-start=\"2386\" data-end=\"2423\">Excelente relaci\u00f3n calidad-precio<\/strong> en la Costa Blanca<\/p>\n<\/li>\n<li data-start=\"2445\" data-end=\"2524\">\n<p data-start=\"2447\" data-end=\"2524\">Ideal tanto para <strong data-start=\"2464\" data-end=\"2487\">residencia habitual<\/strong> como para <strong data-start=\"2498\" data-end=\"2524\">inversi\u00f3n inmobiliaria<\/strong><\/p>\n<\/li>\n<\/ul>\n<p data-start=\"2526\" data-end=\"2808\">Si busca una propiedad con encanto, rodeada de mar, naturaleza y servicios exclusivos, <strong data-start=\"2613\" data-end=\"2646\">Pueblo del Mar Cumbre del Sol<\/strong> es una oportunidad \u00fanica.<br data-start=\"2672\" data-end=\"2675\" \/><strong data-start=\"2675\" data-end=\"2726\"><br \/>Contacte hoy mismo con Cumbre del Sol Pre-Owned<\/strong> y deje que nuestro equipo le asesore y le muestre todas las opciones disponibles.<\/p>\n<h2 data-start=\"2815\" data-end=\"2832\"><\/h2>\n<p data-start=\"2834\" data-end=\"3194\"><strong data-start=\"2834\" data-end=\"2877\">Pueblo del Mar Cumbre del Sol Pre-Owned<\/strong> ofrece atractivos <strong data-start=\"2896\" data-end=\"2935\">adosados y villas orientados al sur<\/strong>, con <strong data-start=\"2941\" data-end=\"2967\">vistas al Mediterr\u00e1neo<\/strong>, excelentes zonas comunes y una ubicaci\u00f3n privilegiada entre <strong data-start=\"3029\" data-end=\"3048\">J\u00e1vea y Moraira<\/strong>, en el coraz\u00f3n de la <strong data-start=\"3070\" data-end=\"3086\">Costa Blanca<\/strong>. Una opci\u00f3n perfecta tanto para disfrutar del estilo de vida mediterr\u00e1neo como para invertir con garant\u00edas.<\/p>\n<\/div>\n<\/div>\n<\/div>\n<\/div>\n<\/div>\n<\/div>\n<\/div>\n<\/div>\n<\/article>\n<\/div>\n<\/div>\n<\/div>\n<\/div>\n<p>[\/et_pb_text][\/et_pb_column][\/et_pb_row][et_pb_row _builder_version=\u00bb4.27.4&#8243; _module_preset=\u00bbdefault\u00bb width_tablet=\u00bb\u00bb width_phone=\u00bb90%\u00bb width_last_edited=\u00bbon|phone\u00bb custom_padding=\u00bb0px|||||\u00bb global_colors_info=\u00bb{}\u00bb][et_pb_column type=\u00bb4_4&#8243; _builder_version=\u00bb4.27.4&#8243; _module_preset=\u00bbdefault\u00bb global_colors_info=\u00bb{}\u00bb][et_pb_text _builder_version=\u00bb4.27.5&#8243; _module_preset=\u00bbdefault\u00bb header_2_font=\u00bb|700|||||||\u00bb header_2_text_align=\u00bbcenter\u00bb header_2_text_color=\u00bb#003E64&#8243; header_2_font_size=\u00bb32px\u00bb custom_padding=\u00bb40px||||false|false\u00bb global_colors_info=\u00bb{}\u00bb]<\/p>\n<h2>Preguntas frecuentes sobre el Pueblo del Mar Cumbre del Sol<\/h2>\n<p>[\/et_pb_text][et_pb_accordion open_toggle_text_color=\u00bb#003E64&#8243; closed_toggle_text_color=\u00bb#003E64&#8243; closed_toggle_background_color=\u00bb#F3F3F3&#8243; toggle_icon=\u00bb&#x4c;||divi||400&#8243; icon_color=\u00bb#E06F1D\u00bb use_icon_font_size=\u00bbon\u00bb icon_font_size=\u00bb26px\u00bb _builder_version=\u00bb4.27.5&#8243; _module_preset=\u00bbdefault\u00bb toggle_text_color=\u00bb#FFFFFF\u00bb toggle_level=\u00bbh3&#8243; toggle_font=\u00bb|700|||||||\u00bb custom_margin=\u00bb||||false|false\u00bb custom_padding=\u00bb||||false|false\u00bb hover_enabled=\u00bb0&#8243; rank_math_faq_schema=\u00bbon\u00bb border_color_all=\u00bb#FFFFFF\u00bb global_colors_info=\u00bb{}\u00bb sticky_enabled=\u00bb0&#8243;][et_pb_accordion_item title=\u00bb1. \u00bfQu\u00e9 tama\u00f1o tienen las parcelas en Pueblo del Mar?\u00bb open=\u00bbon\u00bb _builder_version=\u00bb4.27.5&#8243; _module_preset=\u00bbdefault\u00bb custom_margin=\u00bb||0px||false|false\u00bb border_radii=\u00bboff|5px|5px||\u00bb global_colors_info=\u00bb{}\u00bb]<\/p>\n<p>Las parcelas tienen una superficie aproximada de <strong data-start=\"3346\" data-end=\"3362\">250 a 400 m\u00b2<\/strong>, tanto en adosados como en villas independientes.<\/p>\n<p>[\/et_pb_accordion_item][et_pb_accordion_item title=\u00bb2. \u00bfLas viviendas tienen vistas al mar?\u00bb _builder_version=\u00bb4.27.5&#8243; _module_preset=\u00bbdefault\u00bb custom_margin=\u00bb||0px||false|false\u00bb border_radii=\u00bboff||||\u00bb global_colors_info=\u00bb{}\u00bb open=\u00bboff\u00bb]<\/p>\n<p>S\u00ed. La mayor\u00eda de las propiedades est\u00e1n orientadas al sur o sureste y muchas ofrecen <strong data-start=\"3545\" data-end=\"3584\">vistas abiertas al mar Mediterr\u00e1neo<\/strong>.<\/p>\n<p>[\/et_pb_accordion_item][et_pb_accordion_item title=\u00bb3. \u00bfQu\u00e9 instalaciones comunitarias ofrece la urbanizaci\u00f3n?\u00bb _builder_version=\u00bb4.27.5&#8243; _module_preset=\u00bbdefault\u00bb custom_margin=\u00bb||0px||false|false\u00bb border_radii=\u00bboff||||\u00bb global_colors_info=\u00bb{}\u00bb open=\u00bboff\u00bb]<\/p>\n<p>Cada fase dispone de <strong data-start=\"3673\" data-end=\"3696\">piscina comunitaria<\/strong>, terrazas sol\u00e1rium, zona de petanca y miradores panor\u00e1micos.<\/p>\n<p>[\/et_pb_accordion_item][et_pb_accordion_item title=\u00bb4. \u00bfA qu\u00e9 distancia se encuentran las playas m\u00e1s cercanas?\u00bb _builder_version=\u00bb4.27.5&#8243; _module_preset=\u00bbdefault\u00bb custom_margin=\u00bb||0px||false|false\u00bb border_radii=\u00bboff||||\u00bb global_colors_info=\u00bb{}\u00bb open=\u00bboff\u00bb]<\/p>\n<p>La <strong data-start=\"3827\" data-end=\"3847\">Playa del Moraig<\/strong> y <strong data-start=\"3850\" data-end=\"3873\">Cala de los Tiestos<\/strong> est\u00e1n a solo <strong data-start=\"3887\" data-end=\"3895\">1 km<\/strong>, mientras que otras playas como El Portet o el Arenal se encuentran entre <strong data-start=\"3970\" data-end=\"3983\">6 y 13 km<\/strong>.<\/p>\n<p>[\/et_pb_accordion_item][et_pb_accordion_item title=\u00bb5. \u00bfEs una zona adecuada para vivir todo el a\u00f1o?\u00bb _builder_version=\u00bb4.27.5&#8243; _module_preset=\u00bbdefault\u00bb custom_margin=\u00bb||0px||false|false\u00bb border_radii=\u00bboff||||\u00bb global_colors_info=\u00bb{}\u00bb open=\u00bboff\u00bb]<\/p>\n<p>S\u00ed, gracias a su cercan\u00eda a colegios internacionales, supermercados, servicios deportivos y n\u00facleos urbanos, es ideal para <strong data-start=\"4164\" data-end=\"4202\">residencia permanente o vacacional<\/strong>.<\/p>\n<p>[\/et_pb_accordion_item][\/et_pb_accordion][\/et_pb_column][\/et_pb_row][\/et_pb_section][et_pb_section fb_built=\u00bb1&#8243; _builder_version=\u00bb4.27.4&#8243; _module_preset=\u00bbdefault\u00bb background_image=\u00bbhttps:\/\/www.cumbredelsolpreowned.webloading.es\/wp-content\/uploads\/2025\/10\/restaurant-views-cumbre-del-sol.png\u00bb parallax=\u00bbon\u00bb da_disable_devices=\u00bboff|off|off\u00bb locked=\u00bboff\u00bb global_colors_info=\u00bb{}\u00bb da_is_popup=\u00bboff\u00bb da_exit_intent=\u00bboff\u00bb da_has_close=\u00bbon\u00bb da_alt_close=\u00bboff\u00bb da_dark_close=\u00bboff\u00bb da_not_modal=\u00bbon\u00bb da_is_singular=\u00bboff\u00bb da_with_loader=\u00bboff\u00bb da_has_shadow=\u00bbon\u00bb][et_pb_row column_structure=\u00bb1_2,1_2&#8243; _builder_version=\u00bb4.27.4&#8243; _module_preset=\u00bbdefault\u00bb width_tablet=\u00bb\u00bb width_phone=\u00bb90%\u00bb width_last_edited=\u00bbon|phone\u00bb custom_margin_tablet=\u00bb\u00bb custom_margin_phone=\u00bb20px||||false|false\u00bb custom_margin_last_edited=\u00bbon|phone\u00bb global_colors_info=\u00bb{}\u00bb][et_pb_column type=\u00bb1_2&#8243; _builder_version=\u00bb4.27.4&#8243; _module_preset=\u00bbdefault\u00bb global_colors_info=\u00bb{}\u00bb][\/et_pb_column][et_pb_column type=\u00bb1_2&#8243; _builder_version=\u00bb4.27.4&#8243; _module_preset=\u00bbdefault\u00bb background_color=\u00bb#FFFFFF\u00bb custom_padding=\u00bb40px|40px|20px|40px|false|true\u00bb custom_padding_tablet=\u00bb40px|40px|40px|40px|true|true\u00bb custom_padding_phone=\u00bb20px|15px|20px|15px|true|true\u00bb custom_padding_last_edited=\u00bbon|phone\u00bb scroll_vertical_motion_enable=\u00bbon\u00bb scroll_vertical_motion=\u00bb0|50|50|100|0.5|0|-1&#8243; border_radii=\u00bbon|8px|8px|8px|8px\u00bb box_shadow_style=\u00bbpreset2&#8243; global_colors_info=\u00bb{}\u00bb][et_pb_text _builder_version=\u00bb4.27.5&#8243; _module_preset=\u00bbdefault\u00bb header_2_font=\u00bb|700|||||||\u00bb header_2_text_color=\u00bb#003E64&#8243; global_colors_info=\u00bb{}\u00bb]<\/p>\n<h2>\u00a1Listo para conocerte!<\/h2>\n<p>[\/et_pb_text][et_pb_dcgd_gravity_divi_module dc_dgfcm_form_id=\u00bb12&#8243; dc_dgfcm_show_title=\u00bboff\u00bb dc_dgfcm_show_description=\u00bboff\u00bb dc_dgfcm_enable_ajax=\u00bbon\u00bb _builder_version=\u00bb4.27.4&#8243; _module_preset=\u00bbdefault\u00bb global_colors_info=\u00bb{}\u00bb][\/et_pb_dcgd_gravity_divi_module][\/et_pb_column][\/et_pb_row][\/et_pb_section]<\/p>\n","protected":false},"excerpt":{"rendered":"<p><nav aria-label=\"breadcrumbs\" class=\"rank-math-breadcrumb\"><p><span class=\"last\">Home<\/span><\/p><\/nav>[BAvanzado KUBE][LVenta KUBE WDCUMBREPUEBLOMAR] Pueblo del Mar Cumbre del Sol Descubra Pueblo del Mar en Cumbre del Sol, un exclusivo conjunto de adosados y villas independientes orientados al sur en Benitachell. Un entorno privilegiado con vistas mediterr\u00e1neas, ideal para compradores que valoran la luz natural, la tranquilidad y el encanto de la Costa Blanca. Pueblo [&hellip;]<\/p>\n","protected":false},"author":2,"featured_media":0,"parent":0,"menu_order":0,"comment_status":"closed","ping_status":"closed","template":"","meta":{"_acf_changed":false,"_et_pb_use_builder":"on","_et_pb_old_content":"","_et_gb_content_width":"","footnotes":""},"class_list":["post-10716","page","type-page","status-publish","hentry"],"acf":[],"_links":{"self":[{"href":"https:\/\/www.cumbredelsolpreowned.webloading.es\/es\/wp-json\/wp\/v2\/pages\/10716","targetHints":{"allow":["GET"]}}],"collection":[{"href":"https:\/\/www.cumbredelsolpreowned.webloading.es\/es\/wp-json\/wp\/v2\/pages"}],"about":[{"href":"https:\/\/www.cumbredelsolpreowned.webloading.es\/es\/wp-json\/wp\/v2\/types\/page"}],"author":[{"embeddable":true,"href":"https:\/\/www.cumbredelsolpreowned.webloading.es\/es\/wp-json\/wp\/v2\/users\/2"}],"replies":[{"embeddable":true,"href":"https:\/\/www.cumbredelsolpreowned.webloading.es\/es\/wp-json\/wp\/v2\/comments?post=10716"}],"version-history":[{"count":3,"href":"https:\/\/www.cumbredelsolpreowned.webloading.es\/es\/wp-json\/wp\/v2\/pages\/10716\/revisions"}],"predecessor-version":[{"id":13039,"href":"https:\/\/www.cumbredelsolpreowned.webloading.es\/es\/wp-json\/wp\/v2\/pages\/10716\/revisions\/13039"}],"wp:attachment":[{"href":"https:\/\/www.cumbredelsolpreowned.webloading.es\/es\/wp-json\/wp\/v2\/media?parent=10716"}],"curies":[{"name":"wp","href":"https:\/\/api.w.org\/{rel}","templated":true}]}}