{"id":10635,"date":"2025-09-25T10:43:56","date_gmt":"2025-09-25T09:43:56","guid":{"rendered":"https:\/\/www.cumbredelsolpreowned.webloading.es\/area-residencial-jazmines-cumbre-del-sol\/"},"modified":"2026-01-07T10:58:58","modified_gmt":"2026-01-07T09:58:58","slug":"area-residencial-jazmines-cumbre-del-sol","status":"publish","type":"page","link":"https:\/\/www.cumbredelsolpreowned.webloading.es\/es\/area-residencial-jazmines-cumbre-del-sol\/","title":{"rendered":"\u00c1rea residencial Jazmines Cumbre del Sol"},"content":{"rendered":"<p>[et_pb_section fb_built=\u00bb1&#8243; custom_padding_last_edited=\u00bbon|phone\u00bb _builder_version=\u00bb4.27.4&#8243; _module_preset=\u00bbdefault\u00bb background_color=\u00bb#FFFFFF\u00bb custom_padding=\u00bb20px||0px||false|false\u00bb custom_padding_tablet=\u00bb0px||||false|false\u00bb custom_padding_phone=\u00bb0px||0px||false|false\u00bb da_disable_devices=\u00bboff|off|off\u00bb global_colors_info=\u00bb{}\u00bb da_is_popup=\u00bboff\u00bb da_exit_intent=\u00bboff\u00bb da_has_close=\u00bbon\u00bb da_alt_close=\u00bboff\u00bb da_dark_close=\u00bboff\u00bb da_not_modal=\u00bbon\u00bb da_is_singular=\u00bboff\u00bb da_with_loader=\u00bboff\u00bb da_has_shadow=\u00bbon\u00bb][et_pb_row custom_padding_last_edited=\u00bbon|phone\u00bb _builder_version=\u00bb4.27.4&#8243; _module_preset=\u00bbdefault\u00bb custom_padding_tablet=\u00bb\u00bb custom_padding_phone=\u00bb10px||10px||true|false\u00bb global_colors_info=\u00bb{}\u00bb][et_pb_column type=\u00bb4_4&#8243; _builder_version=\u00bb4.27.4&#8243; _module_preset=\u00bbdefault\u00bb global_colors_info=\u00bb{}\u00bb][et_pb_post_title meta=\u00bboff\u00bb featured_image=\u00bboff\u00bb _builder_version=\u00bb4.27.4&#8243; _module_preset=\u00bbdefault\u00bb title_font=\u00bb|700|||||||\u00bb title_text_color=\u00bb#003E64&#8243; title_font_size=\u00bb32px\u00bb custom_margin=\u00bb||12px|||\u00bb custom_margin_tablet=\u00bb\u00bb custom_margin_phone=\u00bb||0px||false|false\u00bb custom_margin_last_edited=\u00bbon|phone\u00bb custom_padding=\u00bb||0px||false|false\u00bb global_colors_info=\u00bb{}\u00bb][\/et_pb_post_title][et_pb_code _builder_version=\u00bb4.27.4&#8243; _module_preset=\u00bbdefault\u00bb global_colors_info=\u00bb{}\u00bb]<nav aria-label=\"breadcrumbs\" class=\"rank-math-breadcrumb\"><p><span class=\"last\">Home<\/span><\/p><\/nav>[\/et_pb_code][\/et_pb_column][\/et_pb_row][\/et_pb_section][et_pb_section fb_built=\u00bb1&#8243; _builder_version=\u00bb4.27.4&#8243; _module_preset=\u00bbdefault\u00bb background_color=\u00bb#e0e0e0&#8243; custom_margin=\u00bb||||false|false\u00bb custom_padding=\u00bb0px||0px||false|false\u00bb da_disable_devices=\u00bboff|off|off\u00bb global_colors_info=\u00bb{}\u00bb da_is_popup=\u00bboff\u00bb da_exit_intent=\u00bboff\u00bb da_has_close=\u00bbon\u00bb da_alt_close=\u00bboff\u00bb da_dark_close=\u00bboff\u00bb da_not_modal=\u00bbon\u00bb da_is_singular=\u00bboff\u00bb da_with_loader=\u00bboff\u00bb da_has_shadow=\u00bbon\u00bb][et_pb_row custom_padding_last_edited=\u00bbon|phone\u00bb _builder_version=\u00bb4.27.4&#8243; _module_preset=\u00bbdefault\u00bb width=\u00bb95%\u00bb custom_padding=\u00bb20px||20px||true|false\u00bb custom_padding_tablet=\u00bb10px||10px||true|false\u00bb custom_padding_phone=\u00bb0px||0px||true|false\u00bb global_colors_info=\u00bb{}\u00bb][et_pb_column type=\u00bb4_4&#8243; _builder_version=\u00bb4.27.4&#8243; _module_preset=\u00bbdefault\u00bb global_colors_info=\u00bb{}\u00bb][et_pb_code _builder_version=\u00bb4.27.4&#8243; _module_preset=\u00bbdefault\u00bb text_orientation=\u00bbcenter\u00bb module_alignment=\u00bbcenter\u00bb custom_css_free_form=\u00bbselector .search-wrapper2 .search2{||  background-color:transparent;||}||||selector .col-md-4 input{||  border-radius:5px;||  padding: 15px 10px;||}||||selector .col-md-4 .form-control{||  border-radius:5px;||}||@media only screen and (min-width: 768px) {||selector .advance-search-form {||  display: flex;||  flex-wrap: wrap;||}||||selector .row {||  margin-right: 0;||  margin-left: 0;||  width: 33.333%;||   flex-grow: 1 !important;||}||||  selector .option .double .clearfix{||    min-width:70px !important;||  }||  ||  ||  selector .col-md-4{||    padding: 5px;||  }||}||||@media only screen and (max-width: 768px) {||selector .col-xs-12{||  width:50%;||}||  selector .opciones-avanzadas span {||  font-size: 14px;||  }||  selector .mb-2{||    margin-bottom:0px !important;||  }||  selector .col-md-6:nth-of-type(1){||    margin-bottom:5px;||  }||  selector .mb-2:nth-of-type(3){||    margin-top:10px;||  }||\/*   selector .col-md-4 input{||    margin-top:10px !important;||  }|| ||    selector .col-md-6:nth-of-type(2){||    display: inline-block;||  }*\/||  selector .mb-2{||    display:flex !important;||  }||  selector .col-xs-12 {||    padding: 5px;||  }||  selector .col-md-12 {||    padding: 0 5px !important;||  }||  selector .search-wrapper2 .search2 .form-control{||    margin:0;||  }||  selector  .search-wrapper2 .col-md-12{||    padding:0;||  }||  selector  .col-md-12 .opciones-avanzadas{||    text-align:left !important;||  }||}\u00bb global_colors_info=\u00bb{}\u00bb][BAvanzado KUBE][\/et_pb_code][\/et_pb_column][\/et_pb_row][\/et_pb_section][et_pb_section fb_built=\u00bb1&#8243; custom_padding_last_edited=\u00bbon|phone\u00bb _builder_version=\u00bb4.27.4&#8243; _module_preset=\u00bbdefault\u00bb custom_padding=\u00bb20px||20px||true|false\u00bb custom_padding_tablet=\u00bb\u00bb custom_padding_phone=\u00bb10px||10px||true|false\u00bb da_disable_devices=\u00bboff|off|off\u00bb global_colors_info=\u00bb{}\u00bb da_is_popup=\u00bboff\u00bb da_exit_intent=\u00bboff\u00bb da_has_close=\u00bbon\u00bb da_alt_close=\u00bboff\u00bb da_dark_close=\u00bboff\u00bb da_not_modal=\u00bbon\u00bb da_is_singular=\u00bboff\u00bb da_with_loader=\u00bboff\u00bb da_has_shadow=\u00bbon\u00bb][et_pb_row _builder_version=\u00bb4.27.4&#8243; _module_preset=\u00bbdefault\u00bb width=\u00bb90%\u00bb custom_padding=\u00bb0px||||false|false\u00bb global_colors_info=\u00bb{}\u00bb][et_pb_column type=\u00bb4_4&#8243; _builder_version=\u00bb4.27.4&#8243; _module_preset=\u00bbdefault\u00bb global_colors_info=\u00bb{}\u00bb][et_pb_code _builder_version=\u00bb4.27.4&#8243; _module_preset=\u00bbdefault\u00bb text_orientation=\u00bbcenter\u00bb custom_css_free_form=\u00bb@media only screen and (max-width: 768px) {||||  selector .filters-wrapper-plugin{||    margin:10px 17px !important;||  }||}\u00bb global_colors_info=\u00bb{}\u00bb][LVenta KUBE WDCUMBREJAZMINES][\/et_pb_code][\/et_pb_column][\/et_pb_row][\/et_pb_section][et_pb_section fb_built=\u00bb1&#8243; disabled_on=\u00bboff|off|off\u00bb _builder_version=\u00bb4.27.5&#8243; _module_preset=\u00bbdefault\u00bb hover_enabled=\u00bb0&#8243; da_disable_devices=\u00bboff|off|off\u00bb global_colors_info=\u00bb{}\u00bb sticky_enabled=\u00bb0&#8243; da_is_popup=\u00bboff\u00bb da_exit_intent=\u00bboff\u00bb da_has_close=\u00bbon\u00bb da_alt_close=\u00bboff\u00bb da_dark_close=\u00bboff\u00bb da_not_modal=\u00bbon\u00bb da_is_singular=\u00bboff\u00bb da_with_loader=\u00bboff\u00bb da_has_shadow=\u00bbon\u00bb][et_pb_row _builder_version=\u00bb4.27.4&#8243; _module_preset=\u00bbdefault\u00bb global_colors_info=\u00bb{}\u00bb][et_pb_column type=\u00bb4_4&#8243; _builder_version=\u00bb4.27.4&#8243; _module_preset=\u00bbdefault\u00bb global_colors_info=\u00bb{}\u00bb][et_pb_text _builder_version=\u00bb4.27.5&#8243; _module_preset=\u00bbdefault\u00bb hover_enabled=\u00bb0&#8243; global_colors_info=\u00bb{}\u00bb sticky_enabled=\u00bb0&#8243;]<\/p>\n<h2 data-start=\"216\" data-end=\"258\">Zona Residencial Jazmines en <strong>Cumbre del Sol<\/strong><\/h2>\n<h2 data-start=\"260\" data-end=\"313\">Descubre el lujo residencial en la <strong>Costa Blanca Norte<\/strong><\/h2>\n<p data-start=\"315\" data-end=\"497\"><br data-start=\"332\" data-end=\"335\" \/>Bienvenido a la <strong data-start=\"180\" data-end=\"224\">Zona Residencial Jazmines Cumbre del Sol<\/strong>, un enclave exclusivo donde las <strong data-start=\"257\" data-end=\"300\">villas de lujo en la Costa Blanca Norte<\/strong> combinan arquitectura contempor\u00e1nea, acabados de alta gama y <strong data-start=\"362\" data-end=\"419\">espectaculares vistas panor\u00e1micas al mar Mediterr\u00e1neo<\/strong>.<\/p>\n<h2 data-start=\"504\" data-end=\"546\">Por qu\u00e9 la Zona Residencial Jazmines es \u00fanica<\/h2>\n<h3 data-start=\"548\" data-end=\"587\">1. Villas de lujo listas para entrar a vivir<\/h3>\n<p data-start=\"588\" data-end=\"652\">Cada villa ha sido dise\u00f1ada con especial atenci\u00f3n al detalle y ofrece:<\/p>\n<ul data-start=\"653\" data-end=\"762\">\n<li data-start=\"653\" data-end=\"682\">\n<p data-start=\"655\" data-end=\"682\">Piscina privada<\/p>\n<\/li>\n<li data-start=\"683\" data-end=\"709\">\n<p data-start=\"685\" data-end=\"709\">Jardines paisaj\u00edsticos<\/p>\n<\/li>\n<li data-start=\"710\" data-end=\"762\">\n<p data-start=\"712\" data-end=\"762\">Muros de piedra natural que aportan elegancia y privacidad<\/p>\n<\/li>\n<\/ul>\n<h3 data-start=\"764\" data-end=\"798\">2. Vistas panor\u00e1micas inigualables<\/h3>\n<p data-start=\"799\" data-end=\"829\">Desde las viviendas se disfrutan impresionantes vistas hacia:<\/p>\n<ul data-start=\"830\" data-end=\"1022\">\n<li data-start=\"830\" data-end=\"844\">\n<p data-start=\"833\" data-end=\"844\">Ibiza<\/p>\n<\/li>\n<li data-start=\"845\" data-end=\"885\">\n<p data-start=\"848\" data-end=\"885\">Parque Natural de la Granadella (J\u00e1vea)<\/p>\n<\/li>\n<li data-start=\"886\" data-end=\"917\">\n<p data-start=\"889\" data-end=\"917\">Torre del Portet (Moraira)<\/p>\n<\/li>\n<li data-start=\"918\" data-end=\"949\">\n<p data-start=\"921\" data-end=\"949\">Pe\u00f1\u00f3n de Ifach (Calpe)<\/p>\n<\/li>\n<li data-start=\"950\" data-end=\"1022\">\n<p data-start=\"953\" data-end=\"1022\">Sierra de Bernia<\/p>\n<\/li>\n<\/ul>\n<p data-start=\"953\" data-end=\"1022\">Todo ello enmarcado por el azul intenso del <strong data-start=\"1001\" data-end=\"1021\">mar Mediterr\u00e1neo<\/strong>.<\/p>\n<h3 data-start=\"1024\" data-end=\"1076\">3. Ubicaci\u00f3n estrat\u00e9gica y excelente conectividad<\/h3>\n<p data-start=\"1077\" data-end=\"1259\">Situada en la entrada sur de <strong data-start=\"1113\" data-end=\"1131\">Cumbre del Sol<\/strong>, la zona Jazmines ofrece un acceso r\u00e1pido a <strong data-start=\"1176\" data-end=\"1187\">Moraira<\/strong>, lo que la convierte en una opci\u00f3n ideal tanto para residencia habitual como para vivienda vacacional o <strong data-start=\"1292\" data-end=\"1338\">inversi\u00f3n inmobiliaria de alto rendimiento<\/strong>.<\/p>\n<h3 data-start=\"1261\" data-end=\"1308\">4. Parcelas amplias y bien distribuidas<\/h3>\n<p data-start=\"1309\" data-end=\"1421\">Con un total de <strong data-start=\"1407\" data-end=\"1423\">255 parcelas<\/strong> que oscilan entre <strong data-start=\"1442\" data-end=\"1463\">800 m\u00b2 y 1.200 m\u00b2<\/strong>, cada propiedad disfruta de espacio, privacidad y un alto nivel de exclusividad.<\/p>\n<h3 data-start=\"1423\" data-end=\"1466\">5. Entorno consolidado y tranquilo<\/h3>\n<p data-start=\"1467\" data-end=\"1614\">Colindante con las prestigiosas zonas de <strong data-start=\"1632\" data-end=\"1643\">Kalmias<\/strong> y <strong data-start=\"1646\" data-end=\"1656\">Lirios<\/strong>, Jazmines forma parte de una comunidad residencial madura, armoniosa y muy demandada, especialmente por compradores internacionales.<\/p>\n<h2 data-start=\"1621\" data-end=\"1651\">Caracter\u00edsticas principales<\/h2>\n<ul data-start=\"1652\" data-end=\"1826\">\n<li data-start=\"1652\" data-end=\"1679\">\n<p data-start=\"1654\" data-end=\"1679\">Villas de lujo llave en mano<\/p>\n<\/li>\n<li data-start=\"1680\" data-end=\"1717\">\n<p data-start=\"1682\" data-end=\"1717\">Vistas abiertas al Mediterr\u00e1neo<\/p>\n<\/li>\n<li data-start=\"1718\" data-end=\"1742\">\n<p data-start=\"1720\" data-end=\"1742\">Parcelas de 800 a 1.200 m\u00b2<\/p>\n<\/li>\n<li data-start=\"1743\" data-end=\"1782\">\n<p data-start=\"1745\" data-end=\"1782\">Excelente acceso a Moraira y J\u00e1vea<\/p>\n<\/li>\n<li data-start=\"1783\" data-end=\"1826\">\n<p data-start=\"1785\" data-end=\"1826\">Urbanizaci\u00f3n exclusiva y consolidada<\/p>\n<\/li>\n<\/ul>\n<h2 data-start=\"1833\" data-end=\"1854\">Contacta con Cumbre del Sol Pre-Owned<\/h2>\n<p data-start=\"1855\" data-end=\"2062\">Imagina vivir en este entorno privilegiado. <strong data-start=\"2105\" data-end=\"2150\">Contacta hoy con Cumbre del Sol Pre-Owned<\/strong> y descubre por qu\u00e9 la <strong data-start=\"2173\" data-end=\"2202\">Zona Residencial Jazmines<\/strong> es una aut\u00e9ntica joya de la Costa Blanca.<br data-start=\"2244\" data-end=\"2247\" \/>Solicita m\u00e1s informaci\u00f3n <strong data-start=\"2272\" data-end=\"2290\">sin compromiso<\/strong>.<\/p>\n<p>La <strong data-start=\"2316\" data-end=\"2360\">Zona Residencial Jazmines Cumbre del Sol<\/strong> re\u00fane <strong data-start=\"2367\" data-end=\"2410\">villas de lujo en la Costa Blanca Norte<\/strong>, vistas panor\u00e1micas al mar y una ubicaci\u00f3n estrat\u00e9gica para ofrecer una experiencia residencial verdaderamente exclusiva.<\/p>\n<p>[\/et_pb_text][\/et_pb_column][\/et_pb_row][et_pb_row _builder_version=\u00bb4.27.4&#8243; _module_preset=\u00bbdefault\u00bb width_tablet=\u00bb\u00bb width_phone=\u00bb90%\u00bb width_last_edited=\u00bbon|phone\u00bb custom_padding=\u00bb0px|||||\u00bb global_colors_info=\u00bb{}\u00bb][et_pb_column type=\u00bb4_4&#8243; _builder_version=\u00bb4.27.4&#8243; _module_preset=\u00bbdefault\u00bb global_colors_info=\u00bb{}\u00bb][et_pb_text _builder_version=\u00bb4.27.5&#8243; _module_preset=\u00bbdefault\u00bb header_2_font=\u00bb|700|||||||\u00bb header_2_text_align=\u00bbcenter\u00bb header_2_text_color=\u00bb#003E64&#8243; header_2_font_size=\u00bb32px\u00bb custom_padding=\u00bb40px||||false|false\u00bb global_colors_info=\u00bb{}\u00bb]<\/p>\n<h2>Preguntas frecuentes sobre Residencial Los Jazmines Cumbre del Sol<\/h2>\n<p>[\/et_pb_text][et_pb_accordion open_toggle_text_color=\u00bb#003E64&#8243; closed_toggle_text_color=\u00bb#003E64&#8243; closed_toggle_background_color=\u00bb#F3F3F3&#8243; toggle_icon=\u00bb&#x4c;||divi||400&#8243; icon_color=\u00bb#E06F1D\u00bb use_icon_font_size=\u00bbon\u00bb icon_font_size=\u00bb26px\u00bb _builder_version=\u00bb4.27.5&#8243; _module_preset=\u00bbdefault\u00bb toggle_text_color=\u00bb#FFFFFF\u00bb toggle_level=\u00bbh3&#8243; toggle_font=\u00bb|700|||||||\u00bb custom_margin=\u00bb||||false|false\u00bb custom_padding=\u00bb||||false|false\u00bb hover_enabled=\u00bb0&#8243; rank_math_faq_schema=\u00bbon\u00bb border_color_all=\u00bb#FFFFFF\u00bb global_colors_info=\u00bb{}\u00bb sticky_enabled=\u00bb0&#8243;][et_pb_accordion_item title=\u00bb1. \u00bfQu\u00e9 tipo de viviendas ofrece la Zona Residencial Jazmines?\u00bb open=\u00bbon\u00bb _builder_version=\u00bb4.27.5&#8243; _module_preset=\u00bbdefault\u00bb custom_margin=\u00bb||0px||false|false\u00bb border_radii=\u00bboff|5px|5px||\u00bb global_colors_info=\u00bb{}\u00bb]<\/p>\n<p>Ofrece villas modernas, listas para entrar a vivir, con piscina privada, jardines paisaj\u00edsticos y acabados de alta calidad.<\/p>\n<p>[\/et_pb_accordion_item][et_pb_accordion_item title=\u00bb2. \u00bfDe qu\u00e9 tama\u00f1o son las parcelas en Jazmines?\u00bb _builder_version=\u00bb4.27.5&#8243; _module_preset=\u00bbdefault\u00bb custom_margin=\u00bb||0px||false|false\u00bb border_radii=\u00bboff||||\u00bb global_colors_info=\u00bb{}\u00bb open=\u00bboff\u00bb]<\/p>\n<p>Las parcelas tienen superficies comprendidas entre <strong data-start=\"2895\" data-end=\"2916\">800 m\u00b2 y 1.200 m\u00b2<\/strong>, garantizando amplitud y privacidad.<\/p>\n<p>[\/et_pb_accordion_item][et_pb_accordion_item title=\u00bb3. \u00bfQu\u00e9 vistas se pueden disfrutar desde las villas?\u00bb _builder_version=\u00bb4.27.5&#8243; _module_preset=\u00bbdefault\u00bb custom_margin=\u00bb||0px||false|false\u00bb border_radii=\u00bboff||||\u00bb global_colors_info=\u00bb{}\u00bb open=\u00bboff\u00bb]<\/p>\n<p>Las viviendas cuentan con vistas panor\u00e1micas a <strong data-start=\"3061\" data-end=\"3169\">Ibiza, la Granadella, el Portet de Moraira, el Pe\u00f1\u00f3n de Ifach, la Sierra de Bernia y el mar Mediterr\u00e1neo<\/strong>.<\/p>\n<p>[\/et_pb_accordion_item][et_pb_accordion_item title=\u00bb4. \u00bfEs Jazmines una buena zona para invertir en vivienda?\u00bb _builder_version=\u00bb4.27.5&#8243; _module_preset=\u00bbdefault\u00bb custom_margin=\u00bb||0px||false|false\u00bb border_radii=\u00bboff||||\u00bb global_colors_info=\u00bb{}\u00bb open=\u00bboff\u00bb]<\/p>\n<p>S\u00ed, su proximidad a Moraira, su entorno exclusivo y la alta demanda internacional la convierten en una excelente opci\u00f3n de inversi\u00f3n.<\/p>\n<p>[\/et_pb_accordion_item][et_pb_accordion_item title=\u00bb5. \u00bfLa zona es adecuada para vivir todo el a\u00f1o?\u00bb _builder_version=\u00bb4.27.5&#8243; _module_preset=\u00bbdefault\u00bb custom_margin=\u00bb||0px||false|false\u00bb border_radii=\u00bboff||||\u00bb global_colors_info=\u00bb{}\u00bb open=\u00bboff\u00bb]<\/p>\n<p>Absolutamente. Su tranquilidad, servicios cercanos y excelente comunicaci\u00f3n la hacen ideal tanto para residencia permanente como vacacional.<\/p>\n<p>[\/et_pb_accordion_item][et_pb_accordion_item title=\u00bb6. \u00bfQu\u00e9 diferencia a Jazmines de otras zonas de Cumbre del Sol?\u00bb _builder_version=\u00bb4.27.5&#8243; _module_preset=\u00bbdefault\u00bb custom_margin=\u00bb||0px||false|false\u00bb border_radii=\u00bboff||||\u00bb global_colors_info=\u00bb{}\u00bb open=\u00bboff\u00bb]<\/p>\n<p>Su combinaci\u00f3n de villas de alto nivel, vistas abiertas al mar, parcelas amplias y un entorno residencial consolidado y exclusivo.<\/p>\n<p>[\/et_pb_accordion_item][\/et_pb_accordion][\/et_pb_column][\/et_pb_row][\/et_pb_section][et_pb_section fb_built=\u00bb1&#8243; _builder_version=\u00bb4.27.4&#8243; _module_preset=\u00bbdefault\u00bb background_image=\u00bbhttps:\/\/www.cumbredelsolpreowned.webloading.es\/wp-content\/uploads\/2025\/10\/restaurant-views-cumbre-del-sol.png\u00bb parallax=\u00bbon\u00bb da_disable_devices=\u00bboff|off|off\u00bb locked=\u00bboff\u00bb global_colors_info=\u00bb{}\u00bb da_is_popup=\u00bboff\u00bb da_exit_intent=\u00bboff\u00bb da_has_close=\u00bbon\u00bb da_alt_close=\u00bboff\u00bb da_dark_close=\u00bboff\u00bb da_not_modal=\u00bbon\u00bb da_is_singular=\u00bboff\u00bb da_with_loader=\u00bboff\u00bb da_has_shadow=\u00bbon\u00bb][et_pb_row column_structure=\u00bb1_2,1_2&#8243; _builder_version=\u00bb4.27.4&#8243; _module_preset=\u00bbdefault\u00bb width_tablet=\u00bb\u00bb width_phone=\u00bb90%\u00bb width_last_edited=\u00bbon|phone\u00bb custom_margin_tablet=\u00bb\u00bb custom_margin_phone=\u00bb20px||||false|false\u00bb custom_margin_last_edited=\u00bbon|phone\u00bb global_colors_info=\u00bb{}\u00bb][et_pb_column type=\u00bb1_2&#8243; _builder_version=\u00bb4.27.4&#8243; _module_preset=\u00bbdefault\u00bb global_colors_info=\u00bb{}\u00bb][\/et_pb_column][et_pb_column type=\u00bb1_2&#8243; _builder_version=\u00bb4.27.4&#8243; _module_preset=\u00bbdefault\u00bb background_color=\u00bb#FFFFFF\u00bb custom_padding=\u00bb40px|40px|20px|40px|false|true\u00bb custom_padding_tablet=\u00bb40px|40px|40px|40px|true|true\u00bb custom_padding_phone=\u00bb20px|15px|20px|15px|true|true\u00bb custom_padding_last_edited=\u00bbon|phone\u00bb scroll_vertical_motion_enable=\u00bbon\u00bb scroll_vertical_motion=\u00bb0|50|50|100|0.5|0|-1&#8243; border_radii=\u00bbon|8px|8px|8px|8px\u00bb box_shadow_style=\u00bbpreset2&#8243; global_colors_info=\u00bb{}\u00bb][et_pb_text _builder_version=\u00bb4.27.5&#8243; _module_preset=\u00bbdefault\u00bb header_2_font=\u00bb|700|||||||\u00bb header_2_text_color=\u00bb#003E64&#8243; global_colors_info=\u00bb{}\u00bb]<\/p>\n<h2>\u00a1Listo para conocerte!<\/h2>\n<p>[\/et_pb_text][et_pb_dcgd_gravity_divi_module dc_dgfcm_form_id=\u00bb12&#8243; dc_dgfcm_show_title=\u00bboff\u00bb dc_dgfcm_show_description=\u00bboff\u00bb dc_dgfcm_enable_ajax=\u00bbon\u00bb _builder_version=\u00bb4.27.4&#8243; _module_preset=\u00bbdefault\u00bb global_colors_info=\u00bb{}\u00bb][\/et_pb_dcgd_gravity_divi_module][\/et_pb_column][\/et_pb_row][\/et_pb_section]<\/p>\n","protected":false},"excerpt":{"rendered":"<p><nav aria-label=\"breadcrumbs\" class=\"rank-math-breadcrumb\"><p><span class=\"last\">Home<\/span><\/p><\/nav>[BAvanzado KUBE][LVenta KUBE WDCUMBREJAZMINES]Zona Residencial Jazmines en Cumbre del Sol Descubre el lujo residencial en la Costa Blanca Norte Bienvenido a la Zona Residencial Jazmines Cumbre del Sol, un enclave exclusivo donde las villas de lujo en la Costa Blanca Norte combinan arquitectura contempor\u00e1nea, acabados de alta gama y espectaculares vistas panor\u00e1micas al mar Mediterr\u00e1neo. [&hellip;]<\/p>\n","protected":false},"author":2,"featured_media":0,"parent":0,"menu_order":0,"comment_status":"closed","ping_status":"closed","template":"","meta":{"_acf_changed":false,"_et_pb_use_builder":"on","_et_pb_old_content":"","_et_gb_content_width":"","footnotes":""},"class_list":["post-10635","page","type-page","status-publish","hentry"],"acf":[],"_links":{"self":[{"href":"https:\/\/www.cumbredelsolpreowned.webloading.es\/es\/wp-json\/wp\/v2\/pages\/10635","targetHints":{"allow":["GET"]}}],"collection":[{"href":"https:\/\/www.cumbredelsolpreowned.webloading.es\/es\/wp-json\/wp\/v2\/pages"}],"about":[{"href":"https:\/\/www.cumbredelsolpreowned.webloading.es\/es\/wp-json\/wp\/v2\/types\/page"}],"author":[{"embeddable":true,"href":"https:\/\/www.cumbredelsolpreowned.webloading.es\/es\/wp-json\/wp\/v2\/users\/2"}],"replies":[{"embeddable":true,"href":"https:\/\/www.cumbredelsolpreowned.webloading.es\/es\/wp-json\/wp\/v2\/comments?post=10635"}],"version-history":[{"count":3,"href":"https:\/\/www.cumbredelsolpreowned.webloading.es\/es\/wp-json\/wp\/v2\/pages\/10635\/revisions"}],"predecessor-version":[{"id":12877,"href":"https:\/\/www.cumbredelsolpreowned.webloading.es\/es\/wp-json\/wp\/v2\/pages\/10635\/revisions\/12877"}],"wp:attachment":[{"href":"https:\/\/www.cumbredelsolpreowned.webloading.es\/es\/wp-json\/wp\/v2\/media?parent=10635"}],"curies":[{"name":"wp","href":"https:\/\/api.w.org\/{rel}","templated":true}]}}