{"id":10587,"date":"2025-09-25T10:22:14","date_gmt":"2025-09-25T09:22:14","guid":{"rendered":"https:\/\/www.cumbredelsolpreowned.webloading.es\/apartamentos-de-lujo-novamar-suites-i-y-ii-en-cumbre-del-sol\/"},"modified":"2026-01-07T11:33:06","modified_gmt":"2026-01-07T10:33:06","slug":"apartamentos-de-lujo-novamar-suites-i-y-ii-en-cumbre-del-sol","status":"publish","type":"page","link":"https:\/\/www.cumbredelsolpreowned.webloading.es\/es\/apartamentos-de-lujo-novamar-suites-i-y-ii-en-cumbre-del-sol\/","title":{"rendered":"Apartamentos de lujo Novamar Suites I y II en Cumbre del Sol"},"content":{"rendered":"<p>[et_pb_section fb_built=\u00bb1&#8243; custom_padding_last_edited=\u00bbon|phone\u00bb _builder_version=\u00bb4.27.4&#8243; _module_preset=\u00bbdefault\u00bb background_color=\u00bb#FFFFFF\u00bb custom_padding=\u00bb20px||0px||false|false\u00bb custom_padding_tablet=\u00bb0px||||false|false\u00bb custom_padding_phone=\u00bb0px||0px||false|false\u00bb da_disable_devices=\u00bboff|off|off\u00bb global_colors_info=\u00bb{}\u00bb da_is_popup=\u00bboff\u00bb da_exit_intent=\u00bboff\u00bb da_has_close=\u00bbon\u00bb da_alt_close=\u00bboff\u00bb da_dark_close=\u00bboff\u00bb da_not_modal=\u00bbon\u00bb da_is_singular=\u00bboff\u00bb da_with_loader=\u00bboff\u00bb da_has_shadow=\u00bbon\u00bb][et_pb_row custom_padding_last_edited=\u00bbon|phone\u00bb _builder_version=\u00bb4.27.4&#8243; _module_preset=\u00bbdefault\u00bb custom_padding_tablet=\u00bb\u00bb custom_padding_phone=\u00bb10px||10px||true|false\u00bb global_colors_info=\u00bb{}\u00bb][et_pb_column type=\u00bb4_4&#8243; _builder_version=\u00bb4.27.4&#8243; _module_preset=\u00bbdefault\u00bb global_colors_info=\u00bb{}\u00bb][et_pb_post_title meta=\u00bboff\u00bb featured_image=\u00bboff\u00bb _builder_version=\u00bb4.27.4&#8243; _module_preset=\u00bbdefault\u00bb title_font=\u00bb|700|||||||\u00bb title_text_color=\u00bb#003E64&#8243; title_font_size=\u00bb32px\u00bb custom_margin=\u00bb||12px|||\u00bb custom_margin_tablet=\u00bb\u00bb custom_margin_phone=\u00bb||0px||false|false\u00bb custom_margin_last_edited=\u00bbon|phone\u00bb custom_padding=\u00bb||0px||false|false\u00bb global_colors_info=\u00bb{}\u00bb][\/et_pb_post_title][et_pb_code _builder_version=\u00bb4.27.4&#8243; _module_preset=\u00bbdefault\u00bb global_colors_info=\u00bb{}\u00bb]<nav aria-label=\"breadcrumbs\" class=\"rank-math-breadcrumb\"><p><span class=\"last\">Home<\/span><\/p><\/nav>[\/et_pb_code][\/et_pb_column][\/et_pb_row][\/et_pb_section][et_pb_section fb_built=\u00bb1&#8243; _builder_version=\u00bb4.27.4&#8243; _module_preset=\u00bbdefault\u00bb background_color=\u00bb#e0e0e0&#8243; custom_margin=\u00bb||||false|false\u00bb custom_padding=\u00bb0px||0px||false|false\u00bb da_disable_devices=\u00bboff|off|off\u00bb global_colors_info=\u00bb{}\u00bb da_is_popup=\u00bboff\u00bb da_exit_intent=\u00bboff\u00bb da_has_close=\u00bbon\u00bb da_alt_close=\u00bboff\u00bb da_dark_close=\u00bboff\u00bb da_not_modal=\u00bbon\u00bb da_is_singular=\u00bboff\u00bb da_with_loader=\u00bboff\u00bb da_has_shadow=\u00bbon\u00bb][et_pb_row custom_padding_last_edited=\u00bbon|phone\u00bb _builder_version=\u00bb4.27.4&#8243; _module_preset=\u00bbdefault\u00bb width=\u00bb95%\u00bb custom_padding=\u00bb20px||20px||true|false\u00bb custom_padding_tablet=\u00bb10px||10px||true|false\u00bb custom_padding_phone=\u00bb0px||0px||true|false\u00bb global_colors_info=\u00bb{}\u00bb][et_pb_column type=\u00bb4_4&#8243; _builder_version=\u00bb4.27.4&#8243; _module_preset=\u00bbdefault\u00bb global_colors_info=\u00bb{}\u00bb][et_pb_code _builder_version=\u00bb4.27.4&#8243; _module_preset=\u00bbdefault\u00bb text_orientation=\u00bbcenter\u00bb module_alignment=\u00bbcenter\u00bb custom_css_free_form=\u00bbselector .search-wrapper2 .search2{||  background-color:transparent;||}||||selector .col-md-4 input{||  border-radius:5px;||  padding: 15px 10px;||}||||selector .col-md-4 .form-control{||  border-radius:5px;||}||@media only screen and (min-width: 768px) {||selector .advance-search-form {||  display: flex;||  flex-wrap: wrap;||}||||selector .row {||  margin-right: 0;||  margin-left: 0;||  width: 33.333%;||   flex-grow: 1 !important;||}||||  selector .option .double .clearfix{||    min-width:70px !important;||  }||  ||  ||  selector .col-md-4{||    padding: 5px;||  }||}||||@media only screen and (max-width: 768px) {||selector .col-xs-12{||  width:50%;||}||  selector .opciones-avanzadas span {||  font-size: 14px;||  }||  selector .mb-2{||    margin-bottom:0px !important;||  }||  selector .col-md-6:nth-of-type(1){||    margin-bottom:5px;||  }||  selector .mb-2:nth-of-type(3){||    margin-top:10px;||  }||\/*   selector .col-md-4 input{||    margin-top:10px !important;||  }|| ||    selector .col-md-6:nth-of-type(2){||    display: inline-block;||  }*\/||  selector .mb-2{||    display:flex !important;||  }||  selector .col-xs-12 {||    padding: 5px;||  }||  selector .col-md-12 {||    padding: 0 5px !important;||  }||  selector .search-wrapper2 .search2 .form-control{||    margin:0;||  }||  selector  .search-wrapper2 .col-md-12{||    padding:0;||  }||  selector  .col-md-12 .opciones-avanzadas{||    text-align:left !important;||  }||}\u00bb global_colors_info=\u00bb{}\u00bb][BAvanzado KUBE][\/et_pb_code][\/et_pb_column][\/et_pb_row][\/et_pb_section][et_pb_section fb_built=\u00bb1&#8243; custom_padding_last_edited=\u00bbon|phone\u00bb _builder_version=\u00bb4.27.4&#8243; _module_preset=\u00bbdefault\u00bb custom_padding=\u00bb20px||20px||true|false\u00bb custom_padding_tablet=\u00bb\u00bb custom_padding_phone=\u00bb10px||10px||true|false\u00bb da_disable_devices=\u00bboff|off|off\u00bb global_colors_info=\u00bb{}\u00bb da_is_popup=\u00bboff\u00bb da_exit_intent=\u00bboff\u00bb da_has_close=\u00bbon\u00bb da_alt_close=\u00bboff\u00bb da_dark_close=\u00bboff\u00bb da_not_modal=\u00bbon\u00bb da_is_singular=\u00bboff\u00bb da_with_loader=\u00bboff\u00bb da_has_shadow=\u00bbon\u00bb][et_pb_row _builder_version=\u00bb4.27.4&#8243; _module_preset=\u00bbdefault\u00bb width=\u00bb90%\u00bb custom_padding=\u00bb0px||||false|false\u00bb global_colors_info=\u00bb{}\u00bb][et_pb_column type=\u00bb4_4&#8243; _builder_version=\u00bb4.27.4&#8243; _module_preset=\u00bbdefault\u00bb global_colors_info=\u00bb{}\u00bb][et_pb_code _builder_version=\u00bb4.27.4&#8243; _module_preset=\u00bbdefault\u00bb text_orientation=\u00bbcenter\u00bb custom_css_free_form=\u00bb@media only screen and (max-width: 768px) {||||  selector .filters-wrapper-plugin{||    margin:10px 17px !important;||  }||}\u00bb global_colors_info=\u00bb{}\u00bb][LVenta KUBE WDCUMBRENOVAMAR][\/et_pb_code][\/et_pb_column][\/et_pb_row][\/et_pb_section][et_pb_section fb_built=\u00bb1&#8243; disabled_on=\u00bboff|off|off\u00bb _builder_version=\u00bb4.27.5&#8243; _module_preset=\u00bbdefault\u00bb hover_enabled=\u00bb0&#8243; da_disable_devices=\u00bboff|off|off\u00bb global_colors_info=\u00bb{}\u00bb sticky_enabled=\u00bb0&#8243; da_is_popup=\u00bboff\u00bb da_exit_intent=\u00bboff\u00bb da_has_close=\u00bbon\u00bb da_alt_close=\u00bboff\u00bb da_dark_close=\u00bboff\u00bb da_not_modal=\u00bbon\u00bb da_is_singular=\u00bboff\u00bb da_with_loader=\u00bboff\u00bb da_has_shadow=\u00bbon\u00bb][et_pb_row _builder_version=\u00bb4.27.4&#8243; _module_preset=\u00bbdefault\u00bb global_colors_info=\u00bb{}\u00bb][et_pb_column type=\u00bb4_4&#8243; _builder_version=\u00bb4.27.4&#8243; _module_preset=\u00bbdefault\u00bb global_colors_info=\u00bb{}\u00bb][et_pb_text _builder_version=\u00bb4.27.5&#8243; _module_preset=\u00bbdefault\u00bb hover_enabled=\u00bb0&#8243; global_colors_info=\u00bb{}\u00bb sticky_enabled=\u00bb0&#8243;]<\/p>\n<h2>Apartamentos de lujo en venta en Cumbre del Sol \u2013 Novamar Suites I y II<\/h2>\n<p>\u00bfBuscas <strong data-start=\"137\" data-end=\"188\">apartamentos de lujo en venta en Cumbre del Sol<\/strong>? <strong data-start=\"190\" data-end=\"215\">Novamar Suites I y II<\/strong> ofrecen una experiencia residencial exclusiva, con <strong data-start=\"267\" data-end=\"299\">impresionantes vistas al mar<\/strong> y <strong data-start=\"302\" data-end=\"332\">equipamientos de alta gama<\/strong> en plena <strong data-start=\"342\" data-end=\"358\">Costa Blanca<\/strong>, entre <strong data-start=\"366\" data-end=\"385\">J\u00e1vea y Moraira<\/strong>.<\/p>\n<h2>Descubre Novamar Suites I \u2013 Exclusividad y tranquilidad<\/h2>\n<p>Ubicado en la apacible zona de <strong data-start=\"484\" data-end=\"495\">Fresnos<\/strong>, dentro de Cumbre del Sol, <strong data-start=\"523\" data-end=\"543\">Novamar Suites I<\/strong> es un proyecto boutique compuesto por solo <strong data-start=\"587\" data-end=\"605\">9 apartamentos<\/strong> distribuidos en <strong data-start=\"622\" data-end=\"638\">tres plantas<\/strong>. Las viviendas, de <strong data-start=\"658\" data-end=\"679\">2 y 3 dormitorios<\/strong>, destacan por su amplitud, dise\u00f1o elegante y alto nivel de confort.<\/p>\n<h3>Caracter\u00edsticas principales de Novamar Suites I:<\/h3>\n<ul>\n<li>Aire acondicionado por conductos<\/li>\n<li>Piscina climatizada<\/li>\n<li>Sauna privada<\/li>\n<li>Jardines ajardinados<\/li>\n<li>Acceso a la piscina comunitaria de <strong data-start=\"943\" data-end=\"963\">Pueblo de la Paz<\/strong><\/li>\n<\/ul>\n<p>Este residencial combina privacidad, calma y detalles de lujo pensados para el d\u00eda a d\u00eda.<\/p>\n<h2>Novamar Suites II \u2013 Vistas espectaculares y confort moderno<\/h2>\n<p>Situado en la zona de <strong data-start=\"1147\" data-end=\"1158\">Encinas<\/strong>, <strong data-start=\"1160\" data-end=\"1181\">Novamar Suites II<\/strong> ofrece <strong data-start=\"1189\" data-end=\"1231\">vistas panor\u00e1micas al mar Mediterr\u00e1neo<\/strong>, los acantilados y la <strong data-start=\"1254\" data-end=\"1291\">torre vig\u00eda del Portet de Moraira<\/strong>. Este complejo cerrado consta de <strong data-start=\"1325\" data-end=\"1342\">dos edificios<\/strong>, cada uno con <strong data-start=\"1357\" data-end=\"1383\">9 apartamentos de lujo<\/strong>.<\/p>\n<h3>Prestaciones premium de Novamar Suites II:<\/h3>\n<ul>\n<li>Suelo radiante<\/li>\n<li>Aire acondicionado por conductos<\/li>\n<li>Sistema dom\u00f3tico<\/li>\n<li>Ascensor en cada edificio<\/li>\n<li>Piscina interior climatizada y sauna privada<\/li>\n<li>Piscina exterior comunitaria<\/li>\n<li>Plaza de aparcamiento cubierta incluida<\/li>\n<\/ul>\n<p>Disfruta de vistas incomparables al mar a pocos minutos de <strong data-start=\"1726\" data-end=\"1749\">la Playa del Moraig<\/strong>, en un hogar dise\u00f1ado para el m\u00e1ximo confort y sofisticaci\u00f3n.<\/p>\n<h3>Tu hogar ideal en la Costa Blanca<\/h3>\n<p><strong data-start=\"1856\" data-end=\"1881\">Novamar Suites I y II<\/strong> son la opci\u00f3n perfecta para quienes buscan una <strong data-start=\"1929\" data-end=\"1968\">propiedad de lujo en Cumbre del Sol<\/strong>, con servicios de primer nivel y un entorno natural privilegiado. Tanto como refugio de descanso como residencia permanente junto al mar, estos apartamentos ofrecen un estilo de vida excepcional.<\/p>\n<h3><strong>\u00bfPor qu\u00e9 elegir Novamar Suites?<\/strong><\/h3>\n<ul>\n<li>Ubicaci\u00f3n privilegiada entre <strong data-start=\"2237\" data-end=\"2256\">J\u00e1vea y Moraira<\/strong><\/li>\n<li>Vistas al mar espectaculares<\/li>\n<li>Acabados y materiales de alta calidad<\/li>\n<li>Cercan\u00eda a playas y servicios<\/li>\n<\/ul>\n<h2>Contacta con Cumbre del Sol Pre-Owned<\/h2>\n<p>Ponte en contacto con <strong data-start=\"2438\" data-end=\"2466\">Cumbre del Sol Pre-Owned<\/strong> hoy mismo para obtener m\u00e1s informaci\u00f3n o concertar una visita. Te ayudamos a encontrar tu hogar ideal en el Mediterr\u00e1neo.<\/p>\n<p>Vive el m\u00e1ximo exponente del <strong data-start=\"2639\" data-end=\"2677\">lujo residencial en Cumbre del Sol<\/strong> con <strong data-start=\"2682\" data-end=\"2707\">Novamar Suites I y II<\/strong>. Sus vistas \u00fanicas, completas instalaciones y ubicaci\u00f3n estrat\u00e9gica en la Costa Blanca convierten estos apartamentos en una oportunidad irrepetible.<\/p>\n<p>[\/et_pb_text][\/et_pb_column][\/et_pb_row][et_pb_row _builder_version=\u00bb4.27.4&#8243; _module_preset=\u00bbdefault\u00bb width_tablet=\u00bb\u00bb width_phone=\u00bb90%\u00bb width_last_edited=\u00bbon|phone\u00bb custom_padding=\u00bb0px|||||\u00bb global_colors_info=\u00bb{}\u00bb][et_pb_column type=\u00bb4_4&#8243; _builder_version=\u00bb4.27.4&#8243; _module_preset=\u00bbdefault\u00bb global_colors_info=\u00bb{}\u00bb][et_pb_text _builder_version=\u00bb4.27.5&#8243; _module_preset=\u00bbdefault\u00bb header_2_font=\u00bb|700|||||||\u00bb header_2_text_align=\u00bbcenter\u00bb header_2_text_color=\u00bb#003E64&#8243; header_2_font_size=\u00bb32px\u00bb custom_padding=\u00bb40px||||false|false\u00bb global_colors_info=\u00bb{}\u00bb]<\/p>\n<h2>Preguntas frecuentes sobre los apartamentos de lujo Novamar Suites I y II en Cumbre del Sol<\/h2>\n<p>[\/et_pb_text][et_pb_accordion open_toggle_text_color=\u00bb#003E64&#8243; closed_toggle_text_color=\u00bb#003E64&#8243; closed_toggle_background_color=\u00bb#F3F3F3&#8243; toggle_icon=\u00bb&#x4c;||divi||400&#8243; icon_color=\u00bb#E06F1D\u00bb use_icon_font_size=\u00bbon\u00bb icon_font_size=\u00bb26px\u00bb _builder_version=\u00bb4.27.5&#8243; _module_preset=\u00bbdefault\u00bb toggle_text_color=\u00bb#FFFFFF\u00bb toggle_level=\u00bbh3&#8243; toggle_font=\u00bb|700|||||||\u00bb custom_margin=\u00bb||||false|false\u00bb custom_padding=\u00bb||||false|false\u00bb rank_math_faq_schema=\u00bbon\u00bb border_color_all=\u00bb#FFFFFF\u00bb global_colors_info=\u00bb{}\u00bb][et_pb_accordion_item title=\u00bb1. \u00bfD\u00f3nde se encuentran los apartamentos Novamar Suites?\u00bb open=\u00bbon\u00bb _builder_version=\u00bb4.27.5&#8243; _module_preset=\u00bbdefault\u00bb custom_margin=\u00bb||0px||false|false\u00bb border_radii=\u00bboff|5px|5px||\u00bb global_colors_info=\u00bb{}\u00bb]<\/p>\n<p>Est\u00e1n ubicados en <strong data-start=\"2961\" data-end=\"2979\">Cumbre del Sol<\/strong>, entre <strong data-start=\"2987\" data-end=\"3006\">J\u00e1vea y Moraira<\/strong>, una de las zonas m\u00e1s exclusivas de la Costa Blanca.<\/p>\n<p>[\/et_pb_accordion_item][et_pb_accordion_item title=\u00bb2. \u00bfQu\u00e9 servicios incluyen Novamar Suites I y II?\u00bb _builder_version=\u00bb4.27.5&#8243; _module_preset=\u00bbdefault\u00bb custom_margin=\u00bb||0px||false|false\u00bb border_radii=\u00bboff||||\u00bb global_colors_info=\u00bb{}\u00bb open=\u00bboff\u00bb]<\/p>\n<p>Piscinas climatizadas, sauna, dom\u00f3tica, aire acondicionado por conductos, jardines cuidados y vistas al mar.<\/p>\n<p>[\/et_pb_accordion_item][et_pb_accordion_item title=\u00bb3. \u00bfLos apartamentos son adecuados para vivir todo el a\u00f1o?\u00bb _builder_version=\u00bb4.27.5&#8243; _module_preset=\u00bbdefault\u00bb custom_margin=\u00bb||0px||false|false\u00bb border_radii=\u00bboff||||\u00bb global_colors_info=\u00bb{}\u00bb open=\u00bboff\u00bb]<\/p>\n<p>S\u00ed, cuentan con climatizaci\u00f3n eficiente, acabados de alta calidad y todos los servicios necesarios para residencia permanente.<\/p>\n<p>[\/et_pb_accordion_item][et_pb_accordion_item title=\u00bb4. \u00bfQu\u00e9 diferencia a Novamar Suites I de Novamar Suites II?\u00bb _builder_version=\u00bb4.27.5&#8243; _module_preset=\u00bbdefault\u00bb custom_margin=\u00bb||0px||false|false\u00bb border_radii=\u00bboff||||\u00bb global_colors_info=\u00bb{}\u00bb open=\u00bboff\u00bb]<\/p>\n<p>Novamar Suites I destaca por su car\u00e1cter boutique y entorno tranquilo, mientras que Novamar Suites II ofrece vistas panor\u00e1micas y equipamiento tecnol\u00f3gico avanzado.<\/p>\n<p>[\/et_pb_accordion_item][et_pb_accordion_item title=\u00bb5. \u00bfHay aparcamiento incluido?\u00bb _builder_version=\u00bb4.27.5&#8243; _module_preset=\u00bbdefault\u00bb custom_margin=\u00bb||0px||false|false\u00bb border_radii=\u00bboff||||\u00bb global_colors_info=\u00bb{}\u00bb open=\u00bboff\u00bb]<\/p>\n<p>S\u00ed, en <strong data-start=\"3696\" data-end=\"3717\">Novamar Suites II<\/strong> se incluye plaza de aparcamiento cubierta.<\/p>\n<p>[\/et_pb_accordion_item][et_pb_accordion_item title=\u00bb6. \u00bfEst\u00e1n cerca de la playa?\u00bb _builder_version=\u00bb4.27.5&#8243; _module_preset=\u00bbdefault\u00bb custom_margin=\u00bb||0px||false|false\u00bb border_radii=\u00bboff||||\u00bb global_colors_info=\u00bb{}\u00bb open=\u00bboff\u00bb]<\/p>\n<p>S\u00ed, se encuentran a pocos minutos de <strong data-start=\"3834\" data-end=\"3857\">la Playa del Moraig<\/strong> y otras calas de la zona.<\/p>\n<p>[\/et_pb_accordion_item][\/et_pb_accordion][\/et_pb_column][\/et_pb_row][\/et_pb_section][et_pb_section fb_built=\u00bb1&#8243; _builder_version=\u00bb4.27.4&#8243; _module_preset=\u00bbdefault\u00bb background_image=\u00bbhttps:\/\/www.cumbredelsolpreowned.webloading.es\/wp-content\/uploads\/2025\/10\/restaurant-views-cumbre-del-sol.png\u00bb parallax=\u00bbon\u00bb da_disable_devices=\u00bboff|off|off\u00bb locked=\u00bboff\u00bb global_colors_info=\u00bb{}\u00bb da_is_popup=\u00bboff\u00bb da_exit_intent=\u00bboff\u00bb da_has_close=\u00bbon\u00bb da_alt_close=\u00bboff\u00bb da_dark_close=\u00bboff\u00bb da_not_modal=\u00bbon\u00bb da_is_singular=\u00bboff\u00bb da_with_loader=\u00bboff\u00bb da_has_shadow=\u00bbon\u00bb][et_pb_row column_structure=\u00bb1_2,1_2&#8243; _builder_version=\u00bb4.27.4&#8243; _module_preset=\u00bbdefault\u00bb width_tablet=\u00bb\u00bb width_phone=\u00bb90%\u00bb width_last_edited=\u00bbon|phone\u00bb custom_margin_tablet=\u00bb\u00bb custom_margin_phone=\u00bb20px||||false|false\u00bb custom_margin_last_edited=\u00bbon|phone\u00bb global_colors_info=\u00bb{}\u00bb][et_pb_column type=\u00bb1_2&#8243; _builder_version=\u00bb4.27.4&#8243; _module_preset=\u00bbdefault\u00bb global_colors_info=\u00bb{}\u00bb][\/et_pb_column][et_pb_column type=\u00bb1_2&#8243; _builder_version=\u00bb4.27.4&#8243; _module_preset=\u00bbdefault\u00bb background_color=\u00bb#FFFFFF\u00bb custom_padding=\u00bb40px|40px|20px|40px|false|true\u00bb custom_padding_tablet=\u00bb40px|40px|40px|40px|true|true\u00bb custom_padding_phone=\u00bb20px|15px|20px|15px|true|true\u00bb custom_padding_last_edited=\u00bbon|phone\u00bb scroll_vertical_motion_enable=\u00bbon\u00bb scroll_vertical_motion=\u00bb0|50|50|100|0.5|0|-1&#8243; border_radii=\u00bbon|8px|8px|8px|8px\u00bb box_shadow_style=\u00bbpreset2&#8243; global_colors_info=\u00bb{}\u00bb][et_pb_text _builder_version=\u00bb4.27.5&#8243; _module_preset=\u00bbdefault\u00bb header_2_font=\u00bb|700|||||||\u00bb header_2_text_color=\u00bb#003E64&#8243; global_colors_info=\u00bb{}\u00bb]<\/p>\n<h2>\u00a1Listo para conocerte!<\/h2>\n<p>[\/et_pb_text][et_pb_dcgd_gravity_divi_module dc_dgfcm_form_id=\u00bb12&#8243; dc_dgfcm_show_title=\u00bboff\u00bb dc_dgfcm_show_description=\u00bboff\u00bb dc_dgfcm_enable_ajax=\u00bbon\u00bb _builder_version=\u00bb4.27.4&#8243; _module_preset=\u00bbdefault\u00bb global_colors_info=\u00bb{}\u00bb][\/et_pb_dcgd_gravity_divi_module][\/et_pb_column][\/et_pb_row][\/et_pb_section]<\/p>\n","protected":false},"excerpt":{"rendered":"<p><nav aria-label=\"breadcrumbs\" class=\"rank-math-breadcrumb\"><p><span class=\"last\">Home<\/span><\/p><\/nav>[BAvanzado KUBE][LVenta KUBE WDCUMBRENOVAMAR]Apartamentos de lujo en venta en Cumbre del Sol \u2013 Novamar Suites I y II \u00bfBuscas apartamentos de lujo en venta en Cumbre del Sol? Novamar Suites I y II ofrecen una experiencia residencial exclusiva, con impresionantes vistas al mar y equipamientos de alta gama en plena Costa Blanca, entre J\u00e1vea y [&hellip;]<\/p>\n","protected":false},"author":2,"featured_media":0,"parent":0,"menu_order":0,"comment_status":"closed","ping_status":"closed","template":"","meta":{"_acf_changed":false,"_et_pb_use_builder":"on","_et_pb_old_content":"","_et_gb_content_width":"","footnotes":""},"class_list":["post-10587","page","type-page","status-publish","hentry"],"acf":[],"_links":{"self":[{"href":"https:\/\/www.cumbredelsolpreowned.webloading.es\/es\/wp-json\/wp\/v2\/pages\/10587","targetHints":{"allow":["GET"]}}],"collection":[{"href":"https:\/\/www.cumbredelsolpreowned.webloading.es\/es\/wp-json\/wp\/v2\/pages"}],"about":[{"href":"https:\/\/www.cumbredelsolpreowned.webloading.es\/es\/wp-json\/wp\/v2\/types\/page"}],"author":[{"embeddable":true,"href":"https:\/\/www.cumbredelsolpreowned.webloading.es\/es\/wp-json\/wp\/v2\/users\/2"}],"replies":[{"embeddable":true,"href":"https:\/\/www.cumbredelsolpreowned.webloading.es\/es\/wp-json\/wp\/v2\/comments?post=10587"}],"version-history":[{"count":2,"href":"https:\/\/www.cumbredelsolpreowned.webloading.es\/es\/wp-json\/wp\/v2\/pages\/10587\/revisions"}],"predecessor-version":[{"id":12901,"href":"https:\/\/www.cumbredelsolpreowned.webloading.es\/es\/wp-json\/wp\/v2\/pages\/10587\/revisions\/12901"}],"wp:attachment":[{"href":"https:\/\/www.cumbredelsolpreowned.webloading.es\/es\/wp-json\/wp\/v2\/media?parent=10587"}],"curies":[{"name":"wp","href":"https:\/\/api.w.org\/{rel}","templated":true}]}}