{"id":10557,"date":"2025-09-25T10:06:27","date_gmt":"2025-09-25T09:06:27","guid":{"rendered":"https:\/\/www.cumbredelsolpreowned.webloading.es\/pueblo-panorama-cumbre-del-sol\/"},"modified":"2025-12-03T11:06:15","modified_gmt":"2025-12-03T10:06:15","slug":"pueblo-panorama-cumbre-del-sol","status":"publish","type":"page","link":"https:\/\/www.cumbredelsolpreowned.webloading.es\/es\/pueblo-panorama-cumbre-del-sol\/","title":{"rendered":"Pueblo Panorama Cumbre del Sol"},"content":{"rendered":"<p>[et_pb_section fb_built=\u00bb1&#8243; custom_padding_last_edited=\u00bbon|phone\u00bb _builder_version=\u00bb4.27.4&#8243; _module_preset=\u00bbdefault\u00bb background_color=\u00bb#FFFFFF\u00bb custom_padding=\u00bb20px||0px||false|false\u00bb custom_padding_tablet=\u00bb0px||||false|false\u00bb custom_padding_phone=\u00bb0px||0px||false|false\u00bb da_disable_devices=\u00bboff|off|off\u00bb global_colors_info=\u00bb{}\u00bb da_is_popup=\u00bboff\u00bb da_exit_intent=\u00bboff\u00bb da_has_close=\u00bbon\u00bb da_alt_close=\u00bboff\u00bb da_dark_close=\u00bboff\u00bb da_not_modal=\u00bbon\u00bb da_is_singular=\u00bboff\u00bb da_with_loader=\u00bboff\u00bb da_has_shadow=\u00bbon\u00bb][et_pb_row custom_padding_last_edited=\u00bbon|phone\u00bb _builder_version=\u00bb4.27.4&#8243; _module_preset=\u00bbdefault\u00bb custom_padding_tablet=\u00bb\u00bb custom_padding_phone=\u00bb10px||10px||true|false\u00bb global_colors_info=\u00bb{}\u00bb][et_pb_column type=\u00bb4_4&#8243; _builder_version=\u00bb4.27.4&#8243; _module_preset=\u00bbdefault\u00bb global_colors_info=\u00bb{}\u00bb][et_pb_post_title meta=\u00bboff\u00bb featured_image=\u00bboff\u00bb _builder_version=\u00bb4.27.4&#8243; _module_preset=\u00bbdefault\u00bb title_font=\u00bb|700|||||||\u00bb title_text_color=\u00bb#003E64&#8243; title_font_size=\u00bb32px\u00bb custom_margin=\u00bb||12px|||\u00bb custom_margin_tablet=\u00bb\u00bb custom_margin_phone=\u00bb||0px||false|false\u00bb custom_margin_last_edited=\u00bbon|phone\u00bb custom_padding=\u00bb||0px||false|false\u00bb global_colors_info=\u00bb{}\u00bb][\/et_pb_post_title][et_pb_code _builder_version=\u00bb4.27.4&#8243; _module_preset=\u00bbdefault\u00bb global_colors_info=\u00bb{}\u00bb]<nav aria-label=\"breadcrumbs\" class=\"rank-math-breadcrumb\"><p><span class=\"last\">Home<\/span><\/p><\/nav>[\/et_pb_code][\/et_pb_column][\/et_pb_row][\/et_pb_section][et_pb_section fb_built=\u00bb1&#8243; _builder_version=\u00bb4.27.4&#8243; _module_preset=\u00bbdefault\u00bb background_color=\u00bb#e0e0e0&#8243; custom_margin=\u00bb||||false|false\u00bb custom_padding=\u00bb0px||0px||false|false\u00bb da_disable_devices=\u00bboff|off|off\u00bb global_colors_info=\u00bb{}\u00bb da_is_popup=\u00bboff\u00bb da_exit_intent=\u00bboff\u00bb da_has_close=\u00bbon\u00bb da_alt_close=\u00bboff\u00bb da_dark_close=\u00bboff\u00bb da_not_modal=\u00bbon\u00bb da_is_singular=\u00bboff\u00bb da_with_loader=\u00bboff\u00bb da_has_shadow=\u00bbon\u00bb][et_pb_row custom_padding_last_edited=\u00bbon|phone\u00bb _builder_version=\u00bb4.27.4&#8243; _module_preset=\u00bbdefault\u00bb width=\u00bb95%\u00bb custom_padding=\u00bb20px||20px||true|false\u00bb custom_padding_tablet=\u00bb10px||10px||true|false\u00bb custom_padding_phone=\u00bb0px||0px||true|false\u00bb global_colors_info=\u00bb{}\u00bb][et_pb_column type=\u00bb4_4&#8243; _builder_version=\u00bb4.27.4&#8243; _module_preset=\u00bbdefault\u00bb global_colors_info=\u00bb{}\u00bb][et_pb_code _builder_version=\u00bb4.27.4&#8243; _module_preset=\u00bbdefault\u00bb text_orientation=\u00bbcenter\u00bb module_alignment=\u00bbcenter\u00bb custom_css_free_form=\u00bbselector .search-wrapper2 .search2{||  background-color:transparent;||}||||selector .col-md-4 input{||  border-radius:5px;||  padding: 15px 10px;||}||||selector .col-md-4 .form-control{||  border-radius:5px;||}||@media only screen and (min-width: 768px) {||selector .advance-search-form {||  display: flex;||  flex-wrap: wrap;||}||||selector .row {||  margin-right: 0;||  margin-left: 0;||  width: 33.333%;||   flex-grow: 1 !important;||}||||  selector .option .double .clearfix{||    min-width:70px !important;||  }||  ||  ||  selector .col-md-4{||    padding: 5px;||  }||}||||@media only screen and (max-width: 768px) {||selector .col-xs-12{||  width:50%;||}||  selector .opciones-avanzadas span {||  font-size: 14px;||  }||  selector .mb-2{||    margin-bottom:0px !important;||  }||  selector .col-md-6:nth-of-type(1){||    margin-bottom:5px;||  }||  selector .mb-2:nth-of-type(3){||    margin-top:10px;||  }||\/*   selector .col-md-4 input{||    margin-top:10px !important;||  }|| ||    selector .col-md-6:nth-of-type(2){||    display: inline-block;||  }*\/||  selector .mb-2{||    display:flex !important;||  }||  selector .col-xs-12 {||    padding: 5px;||  }||  selector .col-md-12 {||    padding: 0 5px !important;||  }||  selector .search-wrapper2 .search2 .form-control{||    margin:0;||  }||  selector  .search-wrapper2 .col-md-12{||    padding:0;||  }||  selector  .col-md-12 .opciones-avanzadas{||    text-align:left !important;||  }||}\u00bb global_colors_info=\u00bb{}\u00bb][BAvanzado KUBE][\/et_pb_code][\/et_pb_column][\/et_pb_row][\/et_pb_section][et_pb_section fb_built=\u00bb1&#8243; custom_padding_last_edited=\u00bbon|phone\u00bb _builder_version=\u00bb4.27.4&#8243; _module_preset=\u00bbdefault\u00bb custom_padding=\u00bb20px||20px||true|false\u00bb custom_padding_tablet=\u00bb\u00bb custom_padding_phone=\u00bb10px||10px||true|false\u00bb da_disable_devices=\u00bboff|off|off\u00bb global_colors_info=\u00bb{}\u00bb da_is_popup=\u00bboff\u00bb da_exit_intent=\u00bboff\u00bb da_has_close=\u00bbon\u00bb da_alt_close=\u00bboff\u00bb da_dark_close=\u00bboff\u00bb da_not_modal=\u00bbon\u00bb da_is_singular=\u00bboff\u00bb da_with_loader=\u00bboff\u00bb da_has_shadow=\u00bbon\u00bb][et_pb_row _builder_version=\u00bb4.27.4&#8243; _module_preset=\u00bbdefault\u00bb width=\u00bb90%\u00bb custom_padding=\u00bb0px||||false|false\u00bb global_colors_info=\u00bb{}\u00bb][et_pb_column type=\u00bb4_4&#8243; _builder_version=\u00bb4.27.4&#8243; _module_preset=\u00bbdefault\u00bb global_colors_info=\u00bb{}\u00bb][et_pb_code _builder_version=\u00bb4.27.4&#8243; _module_preset=\u00bbdefault\u00bb text_orientation=\u00bbcenter\u00bb custom_css_free_form=\u00bb@media only screen and (max-width: 768px) {||||  selector .filters-wrapper-plugin{||    margin:10px 17px !important;||  }||}\u00bb global_colors_info=\u00bb{}\u00bb][LVenta KUBE WDCUMBREPUEBLOPANORAMA][\/et_pb_code][\/et_pb_column][\/et_pb_row][\/et_pb_section][et_pb_section fb_built=\u00bb1&#8243; disabled_on=\u00bbon|on|on\u00bb _builder_version=\u00bb4.27.4&#8243; _module_preset=\u00bbdefault\u00bb custom_padding=\u00bb20px||||false|false\u00bb da_disable_devices=\u00bboff|off|off\u00bb disabled=\u00bbon\u00bb global_colors_info=\u00bb{}\u00bb da_is_popup=\u00bboff\u00bb da_exit_intent=\u00bboff\u00bb da_has_close=\u00bbon\u00bb da_alt_close=\u00bboff\u00bb da_dark_close=\u00bboff\u00bb da_not_modal=\u00bbon\u00bb da_is_singular=\u00bboff\u00bb da_with_loader=\u00bboff\u00bb da_has_shadow=\u00bbon\u00bb][et_pb_row _builder_version=\u00bb4.27.4&#8243; _module_preset=\u00bbdefault\u00bb custom_padding=\u00bb0px||||false|false\u00bb global_colors_info=\u00bb{}\u00bb][et_pb_column type=\u00bb4_4&#8243; _builder_version=\u00bb4.27.4&#8243; _module_preset=\u00bbdefault\u00bb global_colors_info=\u00bb{}\u00bb][et_pb_text _builder_version=\u00bb4.27.4&#8243; _module_preset=\u00bbdefault\u00bb global_colors_info=\u00bb{}\u00bb]<\/p>\n<p>Your content goes here. Edit or remove this text inline or in the module Content settings. You can also style every aspect of this content in the module Design settings and even apply custom CSS to this text in the module Advanced settings.   Your content goes here. Edit or remove this text inline or in the module Content settings. You can also style every aspect of this content in the module Design settings and even apply custom CSS to this text in the module Advanced settings.Your content goes here. Edit or remove this text inline or in the module Content settings. You can also style every aspect of this content in the module Design settings and even apply custom CSS to this text in the module Advanced settings.<\/p>\n<p>[\/et_pb_text][\/et_pb_column][\/et_pb_row][\/et_pb_section][et_pb_section fb_built=\u00bb1&#8243; disabled_on=\u00bboff|off|off\u00bb _builder_version=\u00bb4.27.4&#8243; _module_preset=\u00bbdefault\u00bb hover_enabled=\u00bb0&#8243; da_disable_devices=\u00bboff|off|off\u00bb global_colors_info=\u00bb{}\u00bb sticky_enabled=\u00bb0&#8243; da_is_popup=\u00bboff\u00bb da_exit_intent=\u00bboff\u00bb da_has_close=\u00bbon\u00bb da_alt_close=\u00bboff\u00bb da_dark_close=\u00bboff\u00bb da_not_modal=\u00bbon\u00bb da_is_singular=\u00bboff\u00bb da_with_loader=\u00bboff\u00bb da_has_shadow=\u00bbon\u00bb][et_pb_row _builder_version=\u00bb4.27.4&#8243; _module_preset=\u00bbdefault\u00bb global_colors_info=\u00bb{}\u00bb][et_pb_column type=\u00bb4_4&#8243; _builder_version=\u00bb4.27.4&#8243; _module_preset=\u00bbdefault\u00bb global_colors_info=\u00bb{}\u00bb][et_pb_text _builder_version=\u00bb4.27.4&#8243; _module_preset=\u00bbdefault\u00bb hover_enabled=\u00bb0&#8243; global_colors_info=\u00bb{}\u00bb sticky_enabled=\u00bb0&#8243;]<\/p>\n<h2><strong>Apartamentos Exclusivos Pueblo Panorama en la Costa Blanca \u2013 Lujo y Vistas al Mar<\/strong><\/h2>\n<p data-start=\"301\" data-end=\"555\">Descubre los exclusivos apartamentos Pueblo Panorama en solo dos frases: estas elegantes viviendas ofrecen un estilo de vida de lujo con vistas panor\u00e1micas al mar Mediterr\u00e1neo en Cumbre del Sol, ubicadas entre J\u00e1vea y Moraira, en la hermosa Costa Blanca.<\/p>\n<h2><strong>Dise\u00f1o Espectacular y Vistas al Mediterr\u00e1neo<\/strong><\/h2>\n<p>Todos los apartamentos cuentan con orientaci\u00f3n sureste, garantizando m\u00e1xima luminosidad natural y vistas impresionantes al mar Mediterr\u00e1neo. Comienza cada d\u00eda con un horizonte sereno y la brisa marina desde tu propio hogar.<\/p>\n<h2><strong>Instalaciones Comunitarias Excepcionales<\/strong><\/h2>\n<ul>\n<li data-start=\"886\" data-end=\"1014\">\n<p data-start=\"888\" data-end=\"1014\">8 piscinas comunitarias distribuidas en 4 zonas exclusivas, cada una con doble piscina y amplias terrazas con vistas al mar.<\/p>\n<\/li>\n<li data-start=\"1015\" data-end=\"1132\">\n<p data-start=\"1017\" data-end=\"1132\">Las cuatro fases, dise\u00f1adas con detalle, aseguran privacidad y servicios de primer nivel para todos los residentes.<\/p>\n<\/li>\n<\/ul>\n<h2><strong>Una Ubicaci\u00f3n Privilegiada en Benitachell<\/strong><\/h2>\n<p data-start=\"1185\" data-end=\"1271\">Disfruta de una ubicaci\u00f3n inmejorable en la prestigiosa zona residencial <a href=\"https:\/\/www.cumbredelsolpreowned.webloading.es\/es\/area-residencial-dalias\/\">Dalias en Cumbre del Sol<\/a>:<\/p>\n<ul data-start=\"1273\" data-end=\"1957\">\n<li data-start=\"1273\" data-end=\"1368\">\n<p data-start=\"1275\" data-end=\"1368\"><strong data-start=\"1275\" data-end=\"1285\">A 1 km<\/strong> del Lady Elisabeth International School, reconocido por su excelencia acad\u00e9mica.<\/p>\n<\/li>\n<li data-start=\"1369\" data-end=\"1443\">\n<p data-start=\"1371\" data-end=\"1443\"><strong data-start=\"1371\" data-end=\"1383\">A 2\u20133 km<\/strong> de playas y calas paradis\u00edacas como Morach y Los Tiestos.<\/p>\n<\/li>\n<li data-start=\"1444\" data-end=\"1566\">\n<p data-start=\"1446\" data-end=\"1566\"><strong data-start=\"1446\" data-end=\"1458\">A 2\u20133 km<\/strong> del centro comercial Adelfas, con supermercado Pepe la Sal, restaurante La Cumbre, caf\u00e9-bar y peluquer\u00eda.<\/p>\n<\/li>\n<li data-start=\"1567\" data-end=\"1689\">\n<p data-start=\"1569\" data-end=\"1689\">Cercano a instalaciones deportivas como centro ecuestre, pistas de p\u00e1del y tenis, adem\u00e1s del bar del centro deportivo.<\/p>\n<\/li>\n<li data-start=\"1690\" data-end=\"1797\">\n<p data-start=\"1692\" data-end=\"1797\"><strong data-start=\"1692\" data-end=\"1704\">A 4\u20135 km<\/strong> de supermercados como Mercadona y Mas y Mas, y del encantador casco urbano de Benitachell.<\/p>\n<\/li>\n<li data-start=\"1798\" data-end=\"1957\">\n<p data-start=\"1800\" data-end=\"1957\"><strong data-start=\"1800\" data-end=\"1812\">A 6\u20137 km<\/strong> de las playas de El Portet en Moraira y <strong data-start=\"1853\" data-end=\"1864\">a 11 km<\/strong> de la playa del Arenal en J\u00e1vea, perfectas para amantes del mar y actividades al aire libre.<\/p>\n<\/li>\n<\/ul>\n<h2><strong>Tu Nuevo Hogar Te Espera en Pueblo Panorama<\/strong><\/h2>\n<p>Los exclusivos apartamentos <strong>Pueblo Panorama<\/strong> combinan un dise\u00f1o excepcional, vistas impresionantes al mar y una ubicaci\u00f3n privilegiada en la Costa Blanca, dentro de Cumbre del Sol.<br data-start=\"2172\" data-end=\"2175\" \/>Contacta con <strong data-start=\"2188\" data-end=\"2216\">Cumbre del Sol Pre-Owned<\/strong> hoy mismo y descubre c\u00f3mo hacer realidad este estilo de vida \u00fanico.<\/p>\n<p>En resumen, los apartamentos Pueblo Panorama ofrecen lujo, vistas al mar y una ubicaci\u00f3n privilegiada en la Costa Blanca.<br data-start=\"2427\" data-end=\"2430\" \/><strong data-start=\"2430\" data-end=\"2451\">Cont\u00e1ctanos ahora<\/strong> para asegurar tu pr\u00f3ximo hogar.<\/p>\n<p>&nbsp;<\/p>\n<p><!-- Meta Description (for SEO plugin like Yoast or RankMath) --><br \/><!-- Meta Description: Discover exclusive Pueblo Panorama apartments on the Costa Blanca. Luxurious homes with Mediterranean sea views, communal pools, top amenities, and a prime Cumbre del Sol location. Contact us today! --><\/p>\n<p>[\/et_pb_text][et_pb_text _builder_version=\u00bb4.27.4&#8243; _module_preset=\u00bbdefault\u00bb header_2_font=\u00bb|700|||||||\u00bb header_2_text_align=\u00bbcenter\u00bb header_2_text_color=\u00bb#003E64&#8243; header_2_font_size=\u00bb32px\u00bb custom_padding=\u00bb40px||||false|false\u00bb hover_enabled=\u00bb0&#8243; global_colors_info=\u00bb{}\u00bb sticky_enabled=\u00bb0&#8243;]<\/p>\n<h2>Preguntas frecuentes sobre Pueblo Panorama en Cumbre del Sol<\/h2>\n<p>[\/et_pb_text][\/et_pb_column][\/et_pb_row][et_pb_row _builder_version=\u00bb4.27.4&#8243; _module_preset=\u00bbdefault\u00bb width_tablet=\u00bb\u00bb width_phone=\u00bb90%\u00bb width_last_edited=\u00bbon|phone\u00bb custom_padding=\u00bb0px|||||\u00bb global_colors_info=\u00bb{}\u00bb][et_pb_column type=\u00bb4_4&#8243; _builder_version=\u00bb4.27.4&#8243; _module_preset=\u00bbdefault\u00bb global_colors_info=\u00bb{}\u00bb][et_pb_accordion open_toggle_text_color=\u00bb#003E64&#8243; closed_toggle_text_color=\u00bb#003E64&#8243; closed_toggle_background_color=\u00bb#F3F3F3&#8243; toggle_icon=\u00bb&#x4c;||divi||400&#8243; icon_color=\u00bb#E06F1D\u00bb use_icon_font_size=\u00bbon\u00bb icon_font_size=\u00bb26px\u00bb _builder_version=\u00bb4.27.4&#8243; _module_preset=\u00bbdefault\u00bb toggle_text_color=\u00bb#FFFFFF\u00bb toggle_level=\u00bbh3&#8243; toggle_font=\u00bb|700|||||||\u00bb custom_margin=\u00bb||||false|false\u00bb custom_padding=\u00bb||||false|false\u00bb hover_enabled=\u00bb0&#8243; border_color_all=\u00bb#FFFFFF\u00bb global_colors_info=\u00bb{}\u00bb sticky_enabled=\u00bb0&#8243; rank_math_faq_schema=\u00bbon\u00bb][et_pb_accordion_item title=\u00bb\u00bfD\u00f3nde se encuentran los apartamentos Pueblo Panorama?\u00bb open=\u00bbon\u00bb _builder_version=\u00bb4.27.4&#8243; _module_preset=\u00bbdefault\u00bb custom_margin=\u00bb||0px||false|false\u00bb hover_enabled=\u00bb0&#8243; border_radii=\u00bboff|5px|5px||\u00bb global_colors_info=\u00bb{}\u00bb sticky_enabled=\u00bb0&#8243;]<\/p>\n<p>Est\u00e1n ubicados en la zona residencial Dalias de Cumbre del Sol, en Benitachell, entre J\u00e1vea y Moraira, en la Costa Blanca.<\/p>\n<p>[\/et_pb_accordion_item][et_pb_accordion_item title=\u00bb\u00bfTodos los apartamentos tienen vistas al mar?\u00bb _builder_version=\u00bb4.27.4&#8243; _module_preset=\u00bbdefault\u00bb custom_margin=\u00bb||0px||false|false\u00bb hover_enabled=\u00bb0&#8243; border_radii=\u00bboff||||\u00bb global_colors_info=\u00bb{}\u00bb open=\u00bboff\u00bb sticky_enabled=\u00bb0&#8243;]<\/p>\n<p>S\u00ed, todas las viviendas disfrutan de orientaci\u00f3n sureste y vistas despejadas al mar Mediterr\u00e1neo.<\/p>\n<p>[\/et_pb_accordion_item][et_pb_accordion_item title=\u00bb\u00bfQu\u00e9 instalaciones comunitarias incluye el residencial?\u00bb _builder_version=\u00bb4.27.4&#8243; _module_preset=\u00bbdefault\u00bb custom_margin=\u00bb||0px||false|false\u00bb hover_enabled=\u00bb0&#8243; border_radii=\u00bboff||||\u00bb global_colors_info=\u00bb{}\u00bb open=\u00bboff\u00bb sticky_enabled=\u00bb0&#8243;]<\/p>\n<p>El complejo cuenta con 8 piscinas comunitarias repartidas en 4 zonas exclusivas, terrazas con vistas al mar y servicios de alta calidad en sus cuatro fases.<\/p>\n<p>[\/et_pb_accordion_item][et_pb_accordion_item title=\u00bb\u00bfQu\u00e9 servicios y puntos de inter\u00e9s hay cerca?\u00bb _builder_version=\u00bb4.27.4&#8243; _module_preset=\u00bbdefault\u00bb custom_margin=\u00bb||0px||false|false\u00bb hover_enabled=\u00bb0&#8243; border_radii=\u00bboff||||\u00bb global_colors_info=\u00bb{}\u00bb open=\u00bboff\u00bb sticky_enabled=\u00bb0&#8243;]<\/p>\n<p>A pocos minutos encontrar\u00e1s un colegio internacional, playas, centros comerciales, instalaciones deportivas, supermercados y pueblos costeros.<\/p>\n<p>[\/et_pb_accordion_item][et_pb_accordion_item title=\u00bb\u00bfEs una buena zona para vivir todo el a\u00f1o o con familia?\u00bb _builder_version=\u00bb4.27.4&#8243; _module_preset=\u00bbdefault\u00bb custom_margin=\u00bb||0px||false|false\u00bb hover_enabled=\u00bb0&#8243; border_radii=\u00bboff||||\u00bb global_colors_info=\u00bb{}\u00bb open=\u00bboff\u00bb sticky_enabled=\u00bb0&#8243;]<\/p>\n<p>Sin duda. Su cercan\u00eda a servicios, colegios, zonas deportivas y playas lo convierte en un lugar ideal tanto para familias como para estancias durante todo el a\u00f1o.<\/p>\n<p>[\/et_pb_accordion_item][et_pb_accordion_item title=\u00bb\u00bfA qu\u00e9 distancia est\u00e1n Moraira y J\u00e1vea?\u00bb _builder_version=\u00bb4.27.4&#8243; _module_preset=\u00bbdefault\u00bb custom_margin=\u00bb||0px||false|false\u00bb hover_enabled=\u00bb0&#8243; border_radii=\u00bboff||||\u00bb global_colors_info=\u00bb{}\u00bb open=\u00bboff\u00bb sticky_enabled=\u00bb0&#8243;]<\/p>\n<p>El Portet de Moraira est\u00e1 a unos 6\u20137 km, mientras que la playa del Arenal en J\u00e1vea se encuentra a unos 11 km.<\/p>\n<p>[\/et_pb_accordion_item][\/et_pb_accordion][\/et_pb_column][\/et_pb_row][\/et_pb_section][et_pb_section fb_built=\u00bb1&#8243; _builder_version=\u00bb4.27.4&#8243; _module_preset=\u00bbdefault\u00bb background_image=\u00bbhttps:\/\/www.cumbredelsolpreowned.webloading.es\/wp-content\/uploads\/2025\/10\/restaurant-views-cumbre-del-sol.png\u00bb parallax=\u00bbon\u00bb da_disable_devices=\u00bboff|off|off\u00bb global_colors_info=\u00bb{}\u00bb locked=\u00bboff\u00bb width=\u00bb100%\u00bb da_is_popup=\u00bboff\u00bb da_exit_intent=\u00bboff\u00bb da_has_close=\u00bbon\u00bb da_alt_close=\u00bboff\u00bb da_dark_close=\u00bboff\u00bb da_not_modal=\u00bbon\u00bb da_is_singular=\u00bboff\u00bb da_with_loader=\u00bboff\u00bb da_has_shadow=\u00bbon\u00bb][et_pb_row column_structure=\u00bb1_2,1_2&#8243; _builder_version=\u00bb4.27.4&#8243; _module_preset=\u00bbdefault\u00bb width_tablet=\u00bb\u00bb width_phone=\u00bb90%\u00bb width_last_edited=\u00bbon|phone\u00bb custom_margin_tablet=\u00bb\u00bb custom_margin_phone=\u00bb20px||||false|false\u00bb custom_margin_last_edited=\u00bbon|phone\u00bb hover_enabled=\u00bb0&#8243; global_colors_info=\u00bb{}\u00bb sticky_enabled=\u00bb0&#8243;][et_pb_column type=\u00bb1_2&#8243; _builder_version=\u00bb4.27.4&#8243; _module_preset=\u00bbdefault\u00bb global_colors_info=\u00bb{}\u00bb][\/et_pb_column][et_pb_column type=\u00bb1_2&#8243; _builder_version=\u00bb4.27.4&#8243; _module_preset=\u00bbdefault\u00bb background_color=\u00bb#FFFFFF\u00bb custom_padding=\u00bb40px|40px|20px|40px|false|true\u00bb custom_padding_tablet=\u00bb40px|40px|40px|40px|true|true\u00bb custom_padding_phone=\u00bb20px|15px|20px|15px|true|true\u00bb custom_padding_last_edited=\u00bbon|phone\u00bb scroll_vertical_motion_enable=\u00bbon\u00bb scroll_vertical_motion=\u00bb0|50|50|100|0.5|0|-1&#8243; border_radii=\u00bbon|8px|8px|8px|8px\u00bb box_shadow_style=\u00bbpreset2&#8243; global_colors_info=\u00bb{}\u00bb][et_pb_text _builder_version=\u00bb4.27.4&#8243; _module_preset=\u00bbdefault\u00bb header_2_font=\u00bb|700|||||||\u00bb header_2_text_color=\u00bb#003E64&#8243; hover_enabled=\u00bb0&#8243; global_colors_info=\u00bb{}\u00bb sticky_enabled=\u00bb0&#8243;]<\/p>\n<div class=\"et_pb_module et_pb_text et_pb_text_2  et_pb_text_align_left et_pb_bg_layout_light\">\n<div class=\"et_pb_text_inner\">\n<h2 id=\"Estamosdeseandoconocerte\" style=\"text-align: left;\">Estamos deseando conocerte<\/h2>\n<\/div>\n<\/div>\n<p>[\/et_pb_text][et_pb_dcgd_gravity_divi_module dc_dgfcm_form_id=\u00bb12&#8243; dc_dgfcm_show_title=\u00bboff\u00bb dc_dgfcm_show_description=\u00bboff\u00bb dc_dgfcm_enable_ajax=\u00bbon\u00bb _builder_version=\u00bb4.27.4&#8243; _module_preset=\u00bbdefault\u00bb hover_enabled=\u00bb0&#8243; global_colors_info=\u00bb{}\u00bb sticky_enabled=\u00bb0&#8243;][\/et_pb_dcgd_gravity_divi_module][\/et_pb_column][\/et_pb_row][\/et_pb_section]<\/p>\n","protected":false},"excerpt":{"rendered":"<p><nav aria-label=\"breadcrumbs\" class=\"rank-math-breadcrumb\"><p><span class=\"last\">Home<\/span><\/p><\/nav>[BAvanzado KUBE][LVenta KUBE WDCUMBREPUEBLOPANORAMA]Your content goes here. Edit or remove this text inline or in the module Content settings. You can also style every aspect of this content in the module Design settings and even apply custom CSS to this text in the module Advanced settings. Your content goes here. Edit or remove this text [&hellip;]<\/p>\n","protected":false},"author":2,"featured_media":0,"parent":0,"menu_order":0,"comment_status":"closed","ping_status":"closed","template":"","meta":{"_acf_changed":false,"_et_pb_use_builder":"on","_et_pb_old_content":"","_et_gb_content_width":"","footnotes":""},"class_list":["post-10557","page","type-page","status-publish","hentry"],"acf":[],"_links":{"self":[{"href":"https:\/\/www.cumbredelsolpreowned.webloading.es\/es\/wp-json\/wp\/v2\/pages\/10557","targetHints":{"allow":["GET"]}}],"collection":[{"href":"https:\/\/www.cumbredelsolpreowned.webloading.es\/es\/wp-json\/wp\/v2\/pages"}],"about":[{"href":"https:\/\/www.cumbredelsolpreowned.webloading.es\/es\/wp-json\/wp\/v2\/types\/page"}],"author":[{"embeddable":true,"href":"https:\/\/www.cumbredelsolpreowned.webloading.es\/es\/wp-json\/wp\/v2\/users\/2"}],"replies":[{"embeddable":true,"href":"https:\/\/www.cumbredelsolpreowned.webloading.es\/es\/wp-json\/wp\/v2\/comments?post=10557"}],"version-history":[{"count":2,"href":"https:\/\/www.cumbredelsolpreowned.webloading.es\/es\/wp-json\/wp\/v2\/pages\/10557\/revisions"}],"predecessor-version":[{"id":12611,"href":"https:\/\/www.cumbredelsolpreowned.webloading.es\/es\/wp-json\/wp\/v2\/pages\/10557\/revisions\/12611"}],"wp:attachment":[{"href":"https:\/\/www.cumbredelsolpreowned.webloading.es\/es\/wp-json\/wp\/v2\/media?parent=10557"}],"curies":[{"name":"wp","href":"https:\/\/api.w.org\/{rel}","templated":true}]}}