{"id":1041,"date":"2022-03-16T16:31:51","date_gmt":"2022-03-16T16:31:51","guid":{"rendered":"https:\/\/www.cumbredelsolpreowned.webloading.es\/1021-2\/"},"modified":"2025-11-13T10:37:05","modified_gmt":"2025-11-13T09:37:05","slug":"blog","status":"publish","type":"page","link":"https:\/\/www.cumbredelsolpreowned.webloading.es\/es\/blog\/","title":{"rendered":"Blog"},"content":{"rendered":"<p>[et_pb_section fb_built=\u00bb1&#8243; _builder_version=\u00bb4.27.4&#8243; _module_preset=\u00bbdefault\u00bb background_image=\u00bbhttps:\/\/www.cumbredelsolpreowned.webloading.es\/wp-content\/uploads\/2025\/09\/cumbre-del-sol-urbanizacion.jpg\u00bb da_disable_devices=\u00bboff|off|off\u00bb locked=\u00bboff\u00bb global_colors_info=\u00bb{}\u00bb da_is_popup=\u00bboff\u00bb da_exit_intent=\u00bboff\u00bb da_has_close=\u00bbon\u00bb da_alt_close=\u00bboff\u00bb da_dark_close=\u00bboff\u00bb da_not_modal=\u00bbon\u00bb da_is_singular=\u00bboff\u00bb da_with_loader=\u00bboff\u00bb da_has_shadow=\u00bbon\u00bb][et_pb_row _builder_version=\u00bb4.27.4&#8243; _module_preset=\u00bbdefault\u00bb global_colors_info=\u00bb{}\u00bb][et_pb_column type=\u00bb4_4&#8243; _builder_version=\u00bb4.27.4&#8243; _module_preset=\u00bbdefault\u00bb global_colors_info=\u00bb{}\u00bb][et_pb_post_title meta=\u00bboff\u00bb featured_image=\u00bboff\u00bb _builder_version=\u00bb4.27.4&#8243; _module_preset=\u00bbdefault\u00bb title_font=\u00bb|700|||||||\u00bb title_text_color=\u00bb#FFFFFF\u00bb title_font_size=\u00bb32px\u00bb custom_margin=\u00bb||0px||false|false\u00bb global_colors_info=\u00bb{}\u00bb][\/et_pb_post_title][et_pb_text disabled_on=\u00bbon|off|off\u00bb _builder_version=\u00bb4.27.4&#8243; _module_preset=\u00bbdefault\u00bb text_text_color=\u00bb#FFFFFF\u00bb text_font_size=\u00bb21px\u00bb global_colors_info=\u00bb{}\u00bb]<\/p>\n<p>La informaci\u00f3n m\u00e1s \u00fatil y completa<br \/>para residentes y futuros propietarios de Cumbre del Sol<\/p>\n<p>[\/et_pb_text][\/et_pb_column][\/et_pb_row][\/et_pb_section][et_pb_section fb_built=\u00bb1&#8243; custom_padding_last_edited=\u00bbon|phone\u00bb _builder_version=\u00bb4.27.4&#8243; _module_preset=\u00bbdefault\u00bb background_color=\u00bb#F3F3F3&#8243; custom_padding_tablet=\u00bb\u00bb custom_padding_phone=\u00bb20px||||false|false\u00bb da_disable_devices=\u00bboff|off|off\u00bb global_colors_info=\u00bb{}\u00bb da_is_popup=\u00bboff\u00bb da_exit_intent=\u00bboff\u00bb da_has_close=\u00bbon\u00bb da_alt_close=\u00bboff\u00bb da_dark_close=\u00bboff\u00bb da_not_modal=\u00bbon\u00bb da_is_singular=\u00bboff\u00bb da_with_loader=\u00bboff\u00bb da_has_shadow=\u00bbon\u00bb][et_pb_row column_structure=\u00bb1_2,1_2&#8243; _builder_version=\u00bb4.27.4&#8243; _module_preset=\u00bbdefault\u00bb custom_padding=\u00bb0px||0px|||\u00bb global_colors_info=\u00bb{}\u00bb][et_pb_column type=\u00bb1_2&#8243; module_class=\u00bbpa-inline-buttons\u00bb _builder_version=\u00bb4.27.4&#8243; _module_preset=\u00bbdefault\u00bb custom_css_free_form=\u00bb.pa-inline-buttons {||    text-align: center !important;||}\u00bb global_colors_info=\u00bb{}\u00bb][et_pb_button button_url=\u00bbhttps:\/\/www.cumbredelsolpreowned.webloading.es\/es\/category\/consejos-practicos\/\u00bb button_text=\u00bbConsejos pr\u00e1cticos\u00bb _builder_version=\u00bb4.27.4&#8243; _module_preset=\u00bbdefault\u00bb custom_margin=\u00bb|15px|||false|false\u00bb global_colors_info=\u00bb{}\u00bb][\/et_pb_button][et_pb_button button_url=\u00bbhttps:\/\/www.cumbredelsolpreowned.webloading.es\/es\/category\/servicios\/\u00bb button_text=\u00bbServicios\u00bb _builder_version=\u00bb4.27.4&#8243; _module_preset=\u00bbdefault\u00bb custom_margin=\u00bb|15px|||false|false\u00bb global_colors_info=\u00bb{}\u00bb][\/et_pb_button][et_pb_button button_url=\u00bbhttps:\/\/www.cumbredelsolpreowned.webloading.es\/es\/category\/servicios\/renovaciones\/\u00bb button_text=\u00bbRenovaciones\u00bb _builder_version=\u00bb4.27.4&#8243; _module_preset=\u00bbdefault\u00bb global_colors_info=\u00bb{}\u00bb][\/et_pb_button][\/et_pb_column][et_pb_column type=\u00bb1_2&#8243; module_class=\u00bbpa-inline-buttons\u00bb _builder_version=\u00bb4.27.4&#8243; _module_preset=\u00bbdefault\u00bb custom_css_free_form=\u00bb.pa-inline-buttons {||    text-align: center !important;||}\u00bb global_colors_info=\u00bb{}\u00bb][et_pb_search button_color=\u00bb#E06F1D\u00bb _builder_version=\u00bb4.27.4&#8243; _module_preset=\u00bbdefault\u00bb button_text_color=\u00bb#FFFFFF\u00bb button_font_size=\u00bb16px\u00bb background_color=\u00bb#FFFFFF\u00bb border_radii=\u00bbon|5px|5px|5px|5px\u00bb border_width_all=\u00bb0px\u00bb global_colors_info=\u00bb{}\u00bb][\/et_pb_search][\/et_pb_column][\/et_pb_row][et_pb_row custom_padding_last_edited=\u00bbon|phone\u00bb _builder_version=\u00bb4.27.4&#8243; _module_preset=\u00bbdefault\u00bb width_tablet=\u00bb\u00bb width_phone=\u00bb90%\u00bb width_last_edited=\u00bbon|phone\u00bb custom_padding=\u00bb||0px|||\u00bb custom_padding_tablet=\u00bb||0px|||\u00bb custom_padding_phone=\u00bb0px||0px||false|false\u00bb global_colors_info=\u00bb{}\u00bb][et_pb_column type=\u00bb4_4&#8243; _builder_version=\u00bb4.16&#8243; _module_preset=\u00bbdefault\u00bb global_colors_info=\u00bb{}\u00bb][et_pb_text disabled_on=\u00bboff|on|on\u00bb _builder_version=\u00bb4.27.4&#8243; _module_preset=\u00bbdefault\u00bb text_text_color=\u00bb#003E64&#8243; text_font_size=\u00bb21px\u00bb global_colors_info=\u00bb{}\u00bb]<\/p>\n<p>La informaci\u00f3n m\u00e1s \u00fatil y completa para residentes y futuros propietarios de Cumbre del Sol<\/p>\n<p>[\/et_pb_text][et_pb_blog fullwidth=\u00bboff\u00bb posts_number=\u00bb12&#8243; show_more=\u00bbon\u00bb show_date=\u00bboff\u00bb _builder_version=\u00bb4.27.4&#8243; _module_preset=\u00bbdefault\u00bb header_font=\u00bb|700|||||||\u00bb header_text_color=\u00bb#003e64&#8243; header_font_size=\u00bb22px\u00bb header_line_height=\u00bb1.1em\u00bb meta_font=\u00bb||||||||\u00bb meta_text_color=\u00bb#E06F1D\u00bb read_more_font=\u00bb|700||on|on||||\u00bb read_more_text_color=\u00bb#003E64&#8243; read_more_font_size=\u00bb16px\u00bb read_more_line_height=\u00bb2.4em\u00bb border_radii=\u00bbon|5px|5px|5px|5px\u00bb border_width_all=\u00bb0px\u00bb global_colors_info=\u00bb{}\u00bb][\/et_pb_blog][\/et_pb_column][\/et_pb_row][\/et_pb_section]<\/p>\n","protected":false},"excerpt":{"rendered":"<p>La informaci\u00f3n m\u00e1s \u00fatil y completapara residentes y futuros propietarios de Cumbre del SolLa informaci\u00f3n m\u00e1s \u00fatil y completa para residentes y futuros propietarios de Cumbre del Sol<\/p>\n","protected":false},"author":2,"featured_media":0,"parent":0,"menu_order":0,"comment_status":"closed","ping_status":"closed","template":"","meta":{"_acf_changed":false,"_et_pb_use_builder":"on","_et_pb_old_content":"","_et_gb_content_width":"","footnotes":""},"class_list":["post-1041","page","type-page","status-publish","hentry"],"acf":[],"_links":{"self":[{"href":"https:\/\/www.cumbredelsolpreowned.webloading.es\/es\/wp-json\/wp\/v2\/pages\/1041","targetHints":{"allow":["GET"]}}],"collection":[{"href":"https:\/\/www.cumbredelsolpreowned.webloading.es\/es\/wp-json\/wp\/v2\/pages"}],"about":[{"href":"https:\/\/www.cumbredelsolpreowned.webloading.es\/es\/wp-json\/wp\/v2\/types\/page"}],"author":[{"embeddable":true,"href":"https:\/\/www.cumbredelsolpreowned.webloading.es\/es\/wp-json\/wp\/v2\/users\/2"}],"replies":[{"embeddable":true,"href":"https:\/\/www.cumbredelsolpreowned.webloading.es\/es\/wp-json\/wp\/v2\/comments?post=1041"}],"version-history":[{"count":4,"href":"https:\/\/www.cumbredelsolpreowned.webloading.es\/es\/wp-json\/wp\/v2\/pages\/1041\/revisions"}],"predecessor-version":[{"id":12179,"href":"https:\/\/www.cumbredelsolpreowned.webloading.es\/es\/wp-json\/wp\/v2\/pages\/1041\/revisions\/12179"}],"wp:attachment":[{"href":"https:\/\/www.cumbredelsolpreowned.webloading.es\/es\/wp-json\/wp\/v2\/media?parent=1041"}],"curies":[{"name":"wp","href":"https:\/\/api.w.org\/{rel}","templated":true}]}}