{"id":576,"date":"2021-02-24T08:52:16","date_gmt":"2021-02-24T08:52:16","guid":{"rendered":"https:\/\/www.cumbredelsolpreowned.webloading.es\/?page_id=576"},"modified":"2021-02-24T08:52:16","modified_gmt":"2021-02-24T08:52:16","slug":"kosten-beim-verkauf-einer-immobilie","status":"publish","type":"page","link":"https:\/\/www.cumbredelsolpreowned.webloading.es\/de\/verkauf\/kosten-beim-verkauf-einer-immobilie\/","title":{"rendered":"Kosten beim Verkauf einer Immobilie"},"content":{"rendered":"<p>[et_pb_section fb_built=&#8220;1&#8243; _builder_version=&#8220;4.9.0&#8243; _module_preset=&#8220;default&#8220; da_disable_devices=&#8220;off|off|off&#8220; da_is_popup=&#8220;off&#8220; da_exit_intent=&#8220;off&#8220; da_has_close=&#8220;on&#8220; da_alt_close=&#8220;off&#8220; da_dark_close=&#8220;off&#8220; da_not_modal=&#8220;on&#8220; da_is_singular=&#8220;off&#8220; da_with_loader=&#8220;off&#8220; da_has_shadow=&#8220;on&#8220;][et_pb_row _builder_version=&#8220;4.9.0&#8243; _module_preset=&#8220;default&#8220;][et_pb_column type=&#8220;4_4&#8243; _builder_version=&#8220;4.9.0&#8243; _module_preset=&#8220;default&#8220;][et_pb_text _builder_version=&#8220;4.9.0&#8243; _module_preset=&#8220;default&#8220;]<\/p>\n<h1>Welche Kosten habe ich als Hausbesitzer beim Verkauf?<\/h1>\n<p>Die Grundkosten beim Verkauf einer Immobilie sind;<br \/>\u2022 Kapitalgewinn<br \/>\u2022 Der kommunale Kapitalgewinn<br \/>\u2022 Geb\u00fchren f\u00fcr Immobilienagenturen (falls zutreffend)<br \/>\u2022 Die Kosten der verschiedenen Zertifikate (Energieeffizienzzertifikat, 2. Berufslizenzzertifikat, Zertifikat ohne st\u00e4dtische Verletzung usw.)<br \/>\u2022 Die Kosten f\u00fcr m\u00f6gliche Arbeiten oder Verbesserungen im Haus, die nicht registriert wurden (Legalisierung des Hauses)<br \/>\u2022 Anwalt (falls zutreffend)<br \/>\u2022 Notar (dies kann variieren, je nachdem, in welchem \u200b\u200bGebiet Spaniens sich das Haus befindet)<br \/>\u2022 M\u00f6gliche Kosten (Notar und Register), die sich aus der Stornierung einer Hypothek ergeben<br \/>\u2022 J\u00e4hrliche Ausgaben (IBI, Lieferungen, Eigent\u00fcmergemeinschaft)<\/p>\n<p>[\/et_pb_text][\/et_pb_column][\/et_pb_row][et_pb_row column_structure=&#8220;1_2,1_2&#8243; _builder_version=&#8220;4.9.0&#8243; _module_preset=&#8220;default&#8220;][et_pb_column type=&#8220;1_2&#8243; _builder_version=&#8220;4.9.0&#8243; _module_preset=&#8220;default&#8220;][et_pb_text module_id=&#8220;plusvalia&#8220; _builder_version=&#8220;4.9.0&#8243; _module_preset=&#8220;default&#8220; hover_enabled=&#8220;0&#8243; sticky_enabled=&#8220;0&#8243;]<\/p>\n<h2>Der Kapitalgewinn aus dem Verkauf einer Immobilie<\/h2>\n<p>Der Kapitalgewinn ist die Steuer, die wir in unserer Einkommensteuererkl\u00e4rung auf die zwischen dem Kauf und Verkauf der Immobilie erzielten Gewinne zahlen m\u00fcssen.<br \/>Jeder Gewinn (falls vorhanden) muss als Erh\u00f6hung des Eigenkapitals deklariert werden. Das hei\u00dft, es wird f\u00fcr die Differenz zwischen der H\u00f6he des Kaufpreises und dem Verkaufspreis besteuert, sofern Gewinne erzielt wurden.<br \/>Wenn der K\u00e4ufer nicht in Spanien ans\u00e4ssig ist, ist er verpflichtet, die Zahlung in H\u00f6he von 3% des Verkaufswerts in Form einer m\u00f6glichen Einkommensteuer in Form einer Einkommensteuer von Nr. 3 einzubehalten und schriftlich zu leisten Nichtans\u00e4ssige.<\/p>\n<p>[\/et_pb_text][et_pb_text module_id=&#8220;honorarios&#8220; _builder_version=&#8220;4.9.0&#8243; _module_preset=&#8220;default&#8220;]<\/p>\n<h2>Die Geb\u00fchren der Immobilienagentur<\/h2>\n<p>Obwohl der Prozentsatz je nach Standort der Immobilie variiert, liegt er im Allgemeinen zwischen 4% und 6% + MwSt.<\/p>\n<p>[\/et_pb_text][et_pb_text module_id=&#8220;legalizacion&#8220; _builder_version=&#8220;4.9.0&#8243; _module_preset=&#8220;default&#8220;]<\/p>\n<h2>Legalisierung der Immobilie<\/h2>\n<p>Die Legalisierung der Immobilie ist zeitaufw\u00e4ndig und kann h\u00f6here Kosten verursachen.<br \/>Es ist ein Prozess, den wir entweder f\u00fcr Verst\u00f6\u00dfe durchf\u00fchren m\u00fcssen, die in der st\u00e4dtischen Vertragsverletzungsbescheinigung aufgef\u00fchrt sind, oder einfach f\u00fcr Arbeiten mit oder ohne Erlaubnis, die jedoch nicht legalisiert wurden und die der K\u00e4ufer zur Durchf\u00fchrung des Verkaufs ben\u00f6tigt.<br \/>In diesem Fall m\u00fcssen wir beurteilen, ob es sich lohnt, vorauszusehen, da es manchmal nicht so sehr um die Kosten geht, sondern um die Zeit, die wir verlieren, und es kann vorkommen, dass ein Verkauf aufgrund dieses Problems verloren geht.<\/p>\n<p>[\/et_pb_text][et_pb_text module_id=&#8220;notaria&#8220; _builder_version=&#8220;4.9.0&#8243; _module_preset=&#8220;default&#8220;]<\/p>\n<h2>Notar<\/h2>\n<p>Obwohl es in unserer Region \u00fcblich ist, dass alle Notargeb\u00fchren vom K\u00e4ufer bezahlt werden, gibt es Ausnahmen, da es laut Gesetz einen Teil gibt, den der Verk\u00e4ufer \u00fcbernehmen muss.<br \/>Wenn wir uns an die geltenden Rechtsvorschriften halten, hei\u00dft es in unserem B\u00fcrgerlichen Gesetzbuch in Artikel 1455: \u201eDie Kosten f\u00fcr die Erteilung von Urkunden werden vom Verk\u00e4ufer getragen, und die Kosten f\u00fcr die erste Kopie und die anderen nach dem Verkauf werden vom K\u00e4ufer getragen, au\u00dfer gegenteiliger Pakt &#8222;.<\/p>\n<p>[\/et_pb_text][et_pb_text module_id=&#8220;gastosanuales&#8220; _builder_version=&#8220;4.9.0&#8243; _module_preset=&#8220;default&#8220;]<\/p>\n<h2>J\u00e4hrliche Ausgaben<\/h2>\n<p>Es gibt einige Ausgaben wie den IBI, die gesetzlich dem Verk\u00e4ufer entsprechen, aber in jedem Bereich gibt es unterschiedliche Vereinbarungen.<br \/>In unserer Region ist es \u00fcblich, dass alle Ausgaben anteilig (IBI, M\u00fcll, Eigent\u00fcmergemeinschaft, Lieferungen) zum Zeitpunkt des Verkaufs anfallen. <\/p>\n<p>[\/et_pb_text][et_pb_text module_id=&#8220;deudas&#8220; _builder_version=&#8220;4.9.0&#8243; _module_preset=&#8220;default&#8220;]<\/p>\n<h2>Notar und Register der Schuldenerlass<\/h2>\n<p>Wenn die Immobilie mit einer Schuld belastet ist, tr\u00e4gt der Verk\u00e4ufer die entsprechenden Notar- und Registrierungskosten.<\/p>\n<p>[\/et_pb_text][\/et_pb_column][et_pb_column type=&#8220;1_2&#8243; _builder_version=&#8220;4.9.0&#8243; _module_preset=&#8220;default&#8220;][et_pb_text module_id=&#8220;plusvaliamunicipal&#8220; _builder_version=&#8220;4.9.0&#8243; _module_preset=&#8220;default&#8220;]<\/p>\n<h2>Der kommunale Kapitalgewinn<\/h2>\n<p>Die Steuer auf die Wertsteigerung von Stadtgrundst\u00fccken (IIVTU) wird an das entsprechende Rathaus gezahlt, dh an den Ort, an dem sich das Haus befindet, und wird gezahlt, auch wenn keine Leistungen erbracht wurden.<br \/>Sie berechnet sich aus dem Katasterwert des Hauses und der Anzahl der Jahre, in denen es im Besitz war. Wenn wir den Betrag im Voraus wissen m\u00f6chten, m\u00fcssen wir die letzte IBI-Quittung und das Datum, an dem die Immobilie gekauft wurde, an Ihren Manager oder Ihre Immobilienagentur senden.<\/p>\n<p>[\/et_pb_text][et_pb_text module_id=&#8220;certificados&#8220; _builder_version=&#8220;4.9.0&#8243; _module_preset=&#8220;default&#8220;]<\/p>\n<h2>Die Kosten f\u00fcr die Zertifikate<\/h2>\n<h3>Energieeffizienzzertifikat<\/h3>\n<p>Das Energieeffizienzzertifikat ist ab dem 1. Juni 2013 obligatorisch. Es ist ein schnell zu beschaffendes Zertifikat und seine Kosten h\u00e4ngen von der Art der Immobilie und dem Standort ab, obwohl es im Allgemeinen 125 \u20ac einschlie\u00dflich Registrierungsgeb\u00fchren nicht \u00fcberschreitet.<\/p>\n<h3>Die 2. Berufsgenehmigungsbescheinigung (Erneuerung der bewohnbarkeitsbescheinigung)<\/h3>\n<p>In Gebieten, in denen die Zweitbelegungslizenz obligatorisch ist, liegt es in der Verantwortung des gesetzlichen Eigent\u00fcmers des Hauses, eine Zweitbelegungslizenz f\u00fcr die Immobilie zu besitzen und diese in Kraft zu halten.<br \/>Dieses Zertifikat ist in der valencianischen Gemeinde beim Kauf und Verkauf einer Immobilie obligatorisch.<br \/>Um eine Zweitberufslizenz zu erhalten, m\u00fcssen Sie sich an einen akkreditierten Techniker wenden, der Architekt oder Vermesser ist, um einen Bericht \u00fcber den Status Ihrer Immobilie zu erstellen.<br \/>Danach k\u00f6nnen Sie diesen Bericht selbst zum Rathaus bringen (oder eine Genehmigung f\u00fcr den von Ihnen beauftragten Techniker unterschreiben), und das Rathaus selbst erteilt Ihnen die zweite Berufsgenehmigung.<\/p>\n<h3>Bescheinigung \u00fcber das Nichtvorhandensein eines st\u00e4dtischen Versto\u00dfes<\/h3>\n<p>Die Bescheinigung \u00fcber das Nichtvorhandensein einer Stadtverletzungsakte ist das Dokument, mit dem best\u00e4tigt wird, dass die Immobilie keine offene Akte f\u00fcr eine Stadtverletzungsakte hat. Bei Verkaufstransaktionen beschlie\u00dfen viele Verk\u00e4ufer, dasselbe zu verlangen, um es zuk\u00fcnftigen Interessenten zu pr\u00e4sentieren.<br \/>Es ist auch sehr h\u00e4ufig und insbesondere wenn es sich bei der Immobilie um eine Villa handelt, dass der Anwalt des K\u00e4ufers dieses Dokument ben\u00f6tigt.<br \/>Dieses Dokument kann den Verkauf erheblich verl\u00e4ngern, insbesondere wenn nicht legalisierte Arbeitsverst\u00f6\u00dfe usw. vorliegen.<\/p>\n<p>[\/et_pb_text][et_pb_text module_id=&#8220;abogado&#8220; _builder_version=&#8220;4.9.0&#8243; _module_preset=&#8220;default&#8220;]<\/p>\n<h2>Anwalt<\/h2>\n<p>Es ist sehr h\u00e4ufig, dass Sie als Eigent\u00fcmer es vorziehen, Ihren eigenen Anwalt zu beauftragen, um Ihren Teil des Verkaufs zu verwalten.<\/p>\n<p>[\/et_pb_text][\/et_pb_column][\/et_pb_row][\/et_pb_section]<\/p>\n","protected":false},"excerpt":{"rendered":"<p>Welche Kosten habe ich als Hausbesitzer beim Verkauf? Die Grundkosten beim Verkauf einer Immobilie sind;\u2022 Kapitalgewinn\u2022 Der kommunale Kapitalgewinn\u2022 Geb\u00fchren f\u00fcr Immobilienagenturen (falls zutreffend)\u2022 Die Kosten der verschiedenen Zertifikate (Energieeffizienzzertifikat, 2. Berufslizenzzertifikat, Zertifikat ohne st\u00e4dtische Verletzung usw.)\u2022 Die Kosten f\u00fcr m\u00f6gliche Arbeiten oder Verbesserungen im Haus, die nicht registriert wurden (Legalisierung des Hauses)\u2022 Anwalt (falls [&hellip;]<\/p>\n","protected":false},"author":2,"featured_media":0,"parent":469,"menu_order":0,"comment_status":"closed","ping_status":"closed","template":"","meta":{"_acf_changed":false,"_et_pb_use_builder":"on","_et_pb_old_content":"","_et_gb_content_width":"","footnotes":""},"class_list":["post-576","page","type-page","status-publish","hentry"],"acf":[],"_links":{"self":[{"href":"https:\/\/www.cumbredelsolpreowned.webloading.es\/de\/wp-json\/wp\/v2\/pages\/576","targetHints":{"allow":["GET"]}}],"collection":[{"href":"https:\/\/www.cumbredelsolpreowned.webloading.es\/de\/wp-json\/wp\/v2\/pages"}],"about":[{"href":"https:\/\/www.cumbredelsolpreowned.webloading.es\/de\/wp-json\/wp\/v2\/types\/page"}],"author":[{"embeddable":true,"href":"https:\/\/www.cumbredelsolpreowned.webloading.es\/de\/wp-json\/wp\/v2\/users\/2"}],"replies":[{"embeddable":true,"href":"https:\/\/www.cumbredelsolpreowned.webloading.es\/de\/wp-json\/wp\/v2\/comments?post=576"}],"version-history":[{"count":0,"href":"https:\/\/www.cumbredelsolpreowned.webloading.es\/de\/wp-json\/wp\/v2\/pages\/576\/revisions"}],"up":[{"embeddable":true,"href":"https:\/\/www.cumbredelsolpreowned.webloading.es\/de\/wp-json\/wp\/v2\/pages\/469"}],"wp:attachment":[{"href":"https:\/\/www.cumbredelsolpreowned.webloading.es\/de\/wp-json\/wp\/v2\/media?parent=576"}],"curies":[{"name":"wp","href":"https:\/\/api.w.org\/{rel}","templated":true}]}}