{"id":2434,"date":"2023-03-20T10:28:21","date_gmt":"2023-03-20T09:28:21","guid":{"rendered":"https:\/\/www.cumbredelsolpreowned.webloading.es\/cumbre-del-sol-benitachell\/cumbre-del-sol-properties-for-sale\/"},"modified":"2023-03-20T11:45:16","modified_gmt":"2023-03-20T10:45:16","slug":"cumbre-del-sol-immobilien-zum-verkauf","status":"publish","type":"page","link":"https:\/\/www.cumbredelsolpreowned.webloading.es\/de\/cumbre-del-sol-benitachell\/cumbre-del-sol-immobilien-zum-verkauf\/","title":{"rendered":"Cumbre del sol immobilien zum verkauf"},"content":{"rendered":"<p>[et_pb_section fb_built=&#8220;1&#8243; _builder_version=&#8220;4.20.2&#8243; _module_preset=&#8220;default&#8220; custom_margin=&#8220;0px||0px||false|false&#8220; custom_padding=&#8220;0px||0px||false|false&#8220; da_disable_devices=&#8220;off|off|off&#8220; collapsed=&#8220;on&#8220; global_colors_info=&#8220;{}&#8220; da_is_popup=&#8220;off&#8220; da_exit_intent=&#8220;off&#8220; da_has_close=&#8220;on&#8220; da_alt_close=&#8220;off&#8220; da_dark_close=&#8220;off&#8220; da_not_modal=&#8220;on&#8220; da_is_singular=&#8220;off&#8220; da_with_loader=&#8220;off&#8220; da_has_shadow=&#8220;on&#8220;][et_pb_row column_structure=&#8220;2_3,1_3&#8243; _builder_version=&#8220;4.20.2&#8243; _module_preset=&#8220;default&#8220; custom_margin=&#8220;||0px||false|false&#8220; custom_padding=&#8220;||0px||false|false&#8220; global_colors_info=&#8220;{}&#8220;][et_pb_column type=&#8220;2_3&#8243; _builder_version=&#8220;4.20.2&#8243; _module_preset=&#8220;default&#8220; global_colors_info=&#8220;{}&#8220;][et_pb_code _builder_version=&#8220;4.20.2&#8243; _module_preset=&#8220;default&#8220; global_colors_info=&#8220;{}&#8220;]<nav aria-label=\"breadcrumbs\" class=\"rank-math-breadcrumb\"><p><span class=\"last\">Home<\/span><\/p><\/nav>[\/et_pb_code][et_pb_text _builder_version=&#8220;4.20.2&#8243; _module_preset=&#8220;default&#8220; text_text_color=&#8220;#000000&#8243; header_text_color=&#8220;#003e64&#8243; background_enable_image=&#8220;off&#8220; hover_enabled=&#8220;0&#8243; global_colors_info=&#8220;{}&#8220; sticky_enabled=&#8220;0&#8243;]<\/p>\n<h1>Cumbre del sol immobilien zum verkauf<\/h1>\n<p>Wenn Sie ein Haus in der Urbanisation <a href=\"https:\/\/www.properties.cumbredelsolpreowned.com\/de\/verkauf\/preis-asc\/\" title=\"Cumbre del Sol hauskauf\" rel=\"nofollow noopener\" target=\"_blank\">Cumbre del Sol kaufen m\u00f6chten<\/a>, haben Sie viele M\u00f6glichkeiten!<\/p>\n<p>Es gibt <strong>eine gro\u00dfe Auswahl an H\u00e4usern zum Verkauf,<\/strong> darunter Wohnungen im mediterranen Stil, moderne Wohnungen, Villen im mediterranen Stil und moderne Villen, sowohl mit als auch ohne Meerblick.<\/p>\n<p>&nbsp;<\/p>\n<p>[\/et_pb_text][pac_divi_table_of_contents title=&#8220;Tabel of contents&#8220; included_headings=&#8220;off|on|off|off|off|off&#8220; active_link_highlight=&#8220;on&#8220; title_container_padding=&#8220;10px|23px|10px|23px|false|false&#8220; title_container_bg_color=&#8220;#004d80&#8243; _builder_version=&#8220;4.20.2&#8243; _module_preset=&#8220;default&#8220; title_font_size=&#8220;20px&#8220; global_colors_info=&#8220;{}&#8220;][\/pac_divi_table_of_contents][\/et_pb_column][et_pb_column type=&#8220;1_3&#8243; _builder_version=&#8220;4.20.2&#8243; _module_preset=&#8220;default&#8220; global_colors_info=&#8220;{}&#8220;][et_pb_image src=&#8220;https:\/\/www.cumbredelsolpreowned.webloading.es\/wp-content\/uploads\/2023\/03\/cumbre-del-sol-properties-for-sale2-1.jpg&#8220; alt=&#8220;Cumbre del sol immobilien zum verkauf&#8220; title_text=&#8220;Cumbre del sol immobilien zum verkauf&#8220; _builder_version=&#8220;4.20.2&#8243; _module_preset=&#8220;default&#8220; hover_enabled=&#8220;0&#8243; global_colors_info=&#8220;{}&#8220; sticky_enabled=&#8220;0&#8243;][\/et_pb_image][\/et_pb_column][\/et_pb_row][et_pb_row column_structure=&#8220;2_5,3_5&#8243; _builder_version=&#8220;4.20.2&#8243; _module_preset=&#8220;default&#8220; global_colors_info=&#8220;{}&#8220;][et_pb_column type=&#8220;2_5&#8243; _builder_version=&#8220;4.20.2&#8243; _module_preset=&#8220;default&#8220; global_colors_info=&#8220;{}&#8220;][et_pb_text _builder_version=&#8220;4.20.2&#8243; _module_preset=&#8220;default&#8220; text_font_size=&#8220;16px&#8220; hover_enabled=&#8220;0&#8243; global_colors_info=&#8220;{}&#8220; sticky_enabled=&#8220;0&#8243;]<\/p>\n<h2>Wohnung kaufen cumbre del sol<\/h2>\n<p><strong>Wohnungen im mediterranen Stil<\/strong> sind in <a href=\"https:\/\/www.cumbredelsolpreowned.webloading.es\/de\/cumbre-del-sol-benitachell\/\" title=\"Cumbre del Sol Benitachell\">Cumbre del Sol<\/a> sehr beliebt.<\/p>\n<p>Diese Wohnungen haben einen traditionellen Charme, mit Ziegeld\u00e4chern und Balkonen mit Blick auf das Meer, G\u00e4rten und Swimmingpools.<\/p>\n<p>Wenn Sie einen klassischen und gem\u00fctlichen Stil m\u00f6gen, k\u00f6nnte eine Wohnung im mediterranen Stil <strong>die ideale Wahl f\u00fcr Sie sein<\/strong>.<\/p>\n<p>&nbsp;<\/p>\n<p>Andererseits sind auch <strong>moderne Wohnungen<\/strong> in der Urbanisation sehr beliebt.<\/p>\n<p>Sie zeichnen sich durch eine elegante, zeitgen\u00f6ssische Architektur, klare Linien und hochwertige Materialien aus. Moderne Wohnungen bieten alle Annehmlichkeiten, die Sie von einem luxuri\u00f6sen Haus erwarten w\u00fcrden, darunter spektakul\u00e4re Aussichten, beheizte Swimmingpools, einen Fitnessraum, eine Sauna und gepflegte G\u00e4rten.<\/p>\n<p>&nbsp;<\/p>\n<p>[\/et_pb_text][\/et_pb_column][et_pb_column type=&#8220;3_5&#8243; _builder_version=&#8220;4.20.2&#8243; _module_preset=&#8220;default&#8220; global_colors_info=&#8220;{}&#8220;][et_pb_image src=&#8220;https:\/\/www.cumbredelsolpreowned.webloading.es\/wp-content\/uploads\/2023\/03\/benitachell-apartments-for-sale.jpg&#8220; alt=&#8220;Wohnung kaufen cumbre del sol&#8220; title_text=&#8220;Wohnung kaufen cumbre del sol&#8220; force_fullwidth=&#8220;on&#8220; _builder_version=&#8220;4.20.2&#8243; _module_preset=&#8220;default&#8220; custom_margin=&#8220;0px|0px|0px|0px|false|false&#8220; custom_padding=&#8220;|0px|0px|0px|false|false&#8220; hover_enabled=&#8220;0&#8243; global_colors_info=&#8220;{}&#8220; sticky_enabled=&#8220;0&#8243;][\/et_pb_image][\/et_pb_column][\/et_pb_row][\/et_pb_section][et_pb_section fb_built=&#8220;1&#8243; admin_label=&#8220;llamada accion&#8220; _builder_version=&#8220;4.20.2&#8243; _module_preset=&#8220;default&#8220; background_color=&#8220;#003e64&#8243; custom_margin=&#8220;0px||0px||false|false&#8220; custom_padding=&#8220;0px||0px||false|false&#8220; da_disable_devices=&#8220;off|off|off&#8220; collapsed=&#8220;on&#8220; global_colors_info=&#8220;{}&#8220; da_is_popup=&#8220;off&#8220; da_exit_intent=&#8220;off&#8220; da_has_close=&#8220;on&#8220; da_alt_close=&#8220;off&#8220; da_dark_close=&#8220;off&#8220; da_not_modal=&#8220;on&#8220; da_is_singular=&#8220;off&#8220; da_with_loader=&#8220;off&#8220; da_has_shadow=&#8220;on&#8220;][et_pb_row _builder_version=&#8220;4.20.2&#8243; _module_preset=&#8220;default&#8220; custom_margin=&#8220;5px||5px||false|false&#8220; custom_padding=&#8220;5px||5px||false|false&#8220; global_colors_info=&#8220;{}&#8220;][et_pb_column type=&#8220;4_4&#8243; _builder_version=&#8220;4.20.2&#8243; _module_preset=&#8220;default&#8220; global_colors_info=&#8220;{}&#8220;][et_pb_button button_url=&#8220;#contact&#8220; button_text=&#8220;Weitere Informationen anfragen&#8220; button_alignment=&#8220;center&#8220; _builder_version=&#8220;4.20.2&#8243; _module_preset=&#8220;default&#8220; custom_button=&#8220;on&#8220; button_text_color=&#8220;#FFFFFF&#8220; hover_enabled=&#8220;0&#8243; global_colors_info=&#8220;{}&#8220; sticky_enabled=&#8220;0&#8243;][\/et_pb_button][\/et_pb_column][\/et_pb_row][\/et_pb_section][et_pb_section fb_built=&#8220;1&#8243; _builder_version=&#8220;4.20.2&#8243; _module_preset=&#8220;default&#8220; custom_margin=&#8220;0px||0px||false|false&#8220; custom_padding=&#8220;0px||0px||false|false&#8220; da_disable_devices=&#8220;off|off|off&#8220; collapsed=&#8220;on&#8220; global_colors_info=&#8220;{}&#8220; da_is_popup=&#8220;off&#8220; da_exit_intent=&#8220;off&#8220; da_has_close=&#8220;on&#8220; da_alt_close=&#8220;off&#8220; da_dark_close=&#8220;off&#8220; da_not_modal=&#8220;on&#8220; da_is_singular=&#8220;off&#8220; da_with_loader=&#8220;off&#8220; da_has_shadow=&#8220;on&#8220;][et_pb_row column_structure=&#8220;3_5,2_5&#8243; _builder_version=&#8220;4.20.2&#8243; _module_preset=&#8220;default&#8220; global_colors_info=&#8220;{}&#8220;][et_pb_column type=&#8220;3_5&#8243; _builder_version=&#8220;4.20.2&#8243; _module_preset=&#8220;default&#8220; global_colors_info=&#8220;{}&#8220;][et_pb_image src=&#8220;https:\/\/www.cumbredelsolpreowned.webloading.es\/wp-content\/uploads\/2023\/03\/cumbre-del-sol-villas-for-sale.jpg&#8220; alt=&#8220;Cumbre del Sol Villen zum Verkauf&#8220; title_text=&#8220;Cumbre del Sol Villen zum Verkauf&#8220; force_fullwidth=&#8220;on&#8220; _builder_version=&#8220;4.20.2&#8243; _module_preset=&#8220;default&#8220; custom_margin=&#8220;0px|0px|0px|0px|false|false&#8220; custom_padding=&#8220;|0px|0px|0px|false|false&#8220; hover_enabled=&#8220;0&#8243; global_colors_info=&#8220;{}&#8220; sticky_enabled=&#8220;0&#8243;][\/et_pb_image][\/et_pb_column][et_pb_column type=&#8220;2_5&#8243; _builder_version=&#8220;4.20.2&#8243; _module_preset=&#8220;default&#8220; global_colors_info=&#8220;{}&#8220;][et_pb_text _builder_version=&#8220;4.20.2&#8243; _module_preset=&#8220;default&#8220; text_font_size=&#8220;16px&#8220; hover_enabled=&#8220;0&#8243; global_colors_info=&#8220;{}&#8220; sticky_enabled=&#8220;0&#8243;]<\/p>\n<h2>Cumbre del sol Villen zum Verkauf<\/h2>\n<p>Wenn Sie ein freistehendes Haus bevorzugen, <strong>sind Villen eine ausgezeichnete Wahl<\/strong>.<\/p>\n<p><strong>Villen im mediterranen Stil<\/strong> sind charmant und gem\u00fctlich, mit Ziegeld\u00e4chern und wei\u00dfen oder cremefarbenen W\u00e4nden.<\/p>\n<p>Diese H\u00e4user haben oft gepflegte, bewachsene G\u00e4rten mit Terrassen mit Blick auf das Meer und\/oder die Berge.<\/p>\n<p>&nbsp;<\/p>\n<p><strong>Moderne Villen<\/strong> hingegen sind schlicht und minimalistisch, mit einer atemberaubenden Architektur und einer Vielzahl von modernen Annehmlichkeiten.<\/p>\n<p>Sie sind nicht nur neueren Datums, sondern auch von <strong>h\u00f6herer Qualit\u00e4t<\/strong> in Bezug auf Verarbeitung, Installationen, Isolierung usw.<\/p>\n<p>Die meisten modernen H\u00e4user verf\u00fcgen \u00fcber eine Fu\u00dfbodenheizung und eine kanalisierte Klimaanlage, die auf aerothermischen Systemen basiert, die auch sanit\u00e4res Warmwasser produzieren. <\/p>\n<p>&nbsp;<\/p>\n<p>[\/et_pb_text][\/et_pb_column][\/et_pb_row][\/et_pb_section][et_pb_section fb_built=&#8220;1&#8243; admin_label=&#8220;llamada accion&#8220; _builder_version=&#8220;4.20.2&#8243; _module_preset=&#8220;default&#8220; background_color=&#8220;#003e64&#8243; custom_margin=&#8220;0px||0px||false|false&#8220; custom_padding=&#8220;0px||0px||false|false&#8220; da_disable_devices=&#8220;off|off|off&#8220; collapsed=&#8220;on&#8220; global_colors_info=&#8220;{}&#8220; da_is_popup=&#8220;off&#8220; da_exit_intent=&#8220;off&#8220; da_has_close=&#8220;on&#8220; da_alt_close=&#8220;off&#8220; da_dark_close=&#8220;off&#8220; da_not_modal=&#8220;on&#8220; da_is_singular=&#8220;off&#8220; da_with_loader=&#8220;off&#8220; da_has_shadow=&#8220;on&#8220;][et_pb_row _builder_version=&#8220;4.20.2&#8243; _module_preset=&#8220;default&#8220; custom_margin=&#8220;5px||5px||false|false&#8220; custom_padding=&#8220;5px||5px||false|false&#8220; global_colors_info=&#8220;{}&#8220;][et_pb_column type=&#8220;4_4&#8243; _builder_version=&#8220;4.20.2&#8243; _module_preset=&#8220;default&#8220; global_colors_info=&#8220;{}&#8220;][et_pb_button button_url=&#8220;#contact&#8220; button_text=&#8220;Weitere Informationen anfragen&#8220; button_alignment=&#8220;center&#8220; _builder_version=&#8220;4.20.2&#8243; _module_preset=&#8220;default&#8220; custom_button=&#8220;on&#8220; button_text_color=&#8220;#FFFFFF&#8220; hover_enabled=&#8220;0&#8243; global_colors_info=&#8220;{}&#8220; sticky_enabled=&#8220;0&#8243;][\/et_pb_button][\/et_pb_column][\/et_pb_row][\/et_pb_section][et_pb_section fb_built=&#8220;1&#8243; _builder_version=&#8220;4.20.2&#8243; _module_preset=&#8220;default&#8220; custom_margin=&#8220;0px||0px||false|false&#8220; custom_padding=&#8220;0px||0px||false|false&#8220; da_disable_devices=&#8220;off|off|off&#8220; collapsed=&#8220;on&#8220; global_colors_info=&#8220;{}&#8220; da_is_popup=&#8220;off&#8220; da_exit_intent=&#8220;off&#8220; da_has_close=&#8220;on&#8220; da_alt_close=&#8220;off&#8220; da_dark_close=&#8220;off&#8220; da_not_modal=&#8220;on&#8220; da_is_singular=&#8220;off&#8220; da_with_loader=&#8220;off&#8220; da_has_shadow=&#8220;on&#8220;][et_pb_row _builder_version=&#8220;4.20.2&#8243; _module_preset=&#8220;default&#8220; global_colors_info=&#8220;{}&#8220;][et_pb_column type=&#8220;4_4&#8243; _builder_version=&#8220;4.20.2&#8243; _module_preset=&#8220;default&#8220; global_colors_info=&#8220;{}&#8220;][et_pb_text _builder_version=&#8220;4.20.2&#8243; _module_preset=&#8220;default&#8220; text_font_size=&#8220;16px&#8220; hover_enabled=&#8220;0&#8243; global_colors_info=&#8220;{}&#8220; sticky_enabled=&#8220;0&#8243;]<\/p>\n<h2>Weitere Informationen anfragen<\/h2>\n<p>Dar\u00fcber hinaus bieten viele dieser H\u00e4user einen <strong>atemberaubenden Meerblick<\/strong>. Viele der Villen und Wohnungen verf\u00fcgen \u00fcber Swimmingpools und Terrassen mit <strong>Panoramablick auf das Mittelmeer und die Klippen von Benitachell<\/strong>. An manchen Tagen k\u00f6nnen wir sogar die <strong>Insel Ibiza am Horizont erkennen<\/strong>, was sie zu einem idealen Ort macht, um die nat\u00fcrliche Sch\u00f6nheit der spanischen K\u00fcste zu genie\u00dfen.<\/p>\n<blockquote>\n<p>Kurzum, <strong>es gibt viele M\u00f6glichkeiten f\u00fcr H\u00e4user<\/strong>, die in der Urbanisation Cumbre del Sol zum Verkauf stehen. Ganz gleich, ob Sie ein Haus im mediterranen oder modernen Stil bevorzugen, mit oder ohne Meerblick, Sie werden sicher das perfekte Haus f\u00fcr sich finden.<\/p>\n<\/blockquote>\n<p>Verpassen Sie nicht die Gelegenheit, die Immobilien in Cumbre del Sol zu erkunden!<\/p>\n<p><strong>Fordern Sie jetzt weitere Informationen<\/strong> an und entdecken Sie die M\u00f6glichkeiten f\u00fcr Ihr Traumhaus.<\/p>\n<p>[\/et_pb_text][\/et_pb_column][\/et_pb_row][\/et_pb_section][et_pb_section fb_built=&#8220;1&#8243; admin_label=&#8220;Section&#8220; module_id=&#8220;contact&#8220; _builder_version=&#8220;4.20.2&#8243; background_color=&#8220;#eeeeee&#8220; custom_margin=&#8220;0px||||false|false&#8220; custom_padding=&#8220;0px||||false|false&#8220; da_popup_slug=&#8220;contact&#8220; da_disable_devices=&#8220;off|off|off&#8220; collapsed=&#8220;off&#8220; global_colors_info=&#8220;{}&#8220; da_is_popup=&#8220;off&#8220; da_exit_intent=&#8220;off&#8220; da_has_close=&#8220;on&#8220; da_alt_close=&#8220;off&#8220; da_dark_close=&#8220;off&#8220; da_not_modal=&#8220;on&#8220; da_is_singular=&#8220;off&#8220; da_with_loader=&#8220;off&#8220; da_has_shadow=&#8220;on&#8220;][et_pb_row column_structure=&#8220;3_5,2_5&#8243; module_id=&#8220;form&#8220; _builder_version=&#8220;4.16&#8243; global_colors_info=&#8220;{}&#8220;][et_pb_column type=&#8220;3_5&#8243; _builder_version=&#8220;4.16&#8243; global_colors_info=&#8220;{}&#8220;][et_pb_dcgd_gravity_divi_module dc_dgfcm_form_id=&#8220;1&#8243; dc_dgfcm_show_title=&#8220;off&#8220; dc_dgfcm_show_description=&#8220;off&#8220; dc_dgfcm_enable_confirmation=&#8220;on&#8220; dc_dgfcm_confirmation_message=&#8220;<\/p>\n<p>Thank you<\/p>\n<p>&#8220; _builder_version=&#8220;4.16&#8243; form_submit_button_alignment=&#8220;right&#8220; custom_margin=&#8220;||||false|false&#8220; custom_padding=&#8220;10px|10px|0px|10px|false|false&#8220; form_submit_button_alignment_tablet=&#8220;&#8220; form_submit_button_alignment_phone=&#8220;center&#8220; form_submit_button_alignment_last_edited=&#8220;on|phone&#8220; border_radii=&#8220;on|10px|10px|10px|10px&#8220; border_width_all=&#8220;3px&#8220; border_color_all=&#8220;#E06F1D&#8220; box_shadow_style=&#8220;preset1&#8243; global_colors_info=&#8220;{}&#8220;][\/et_pb_dcgd_gravity_divi_module][\/et_pb_column][et_pb_column type=&#8220;2_5&#8243; _builder_version=&#8220;4.16&#8243; global_colors_info=&#8220;{}&#8220;][et_pb_text _builder_version=&#8220;4.16&#8243; text_font=&#8220;|600|||||||&#8220; text_font_size=&#8220;16px&#8220; text_line_height=&#8220;2em&#8220; ul_line_height=&#8220;2em&#8220; global_colors_info=&#8220;{}&#8220;]<\/p>\n<p>You can contact us via the form or if you wish via:<\/p>\n<ul>\n<li><i class=\"fas fa-at\"><\/i> E-mail <a href=\"mailto:management@cumbredelsol.com\">management@cumbredelsol.com<\/a><\/li>\n<li><i class=\"fas fa-phone-alt\"><\/i> Phone\u00a0\u00a0<a href=\"tel:+34609612552\">+34 609 612 552<\/a><\/li>\n<li><i class=\"fab fa-whatsapp\"><\/i> Whatsapp<a href=\"whatsapp:+34609612552\">+34 609 612 552<\/a><\/li>\n<li><a href=\"https:\/\/goo.gl\/maps\/zJcyZXNpmSnfX2yv8\" target=\"_blank\" rel=\"noopener noreferrer nofollow\"> Office North entrance<\/a> Cumbre del Sol<\/li>\n<\/ul>\n<p>we will contact you as soon as possible!<\/p>\n<p>[\/et_pb_text][\/et_pb_column][\/et_pb_row][et_pb_row _builder_version=&#8220;4.20.2&#8243; custom_margin=&#8220;0px||0px||false|false&#8220; custom_padding=&#8220;0px||0px||false|false&#8220; global_colors_info=&#8220;{}&#8220;][et_pb_column type=&#8220;4_4&#8243; _builder_version=&#8220;4.16&#8243; global_colors_info=&#8220;{}&#8220;][et_pb_text module_class=&#8220;avisolegal&#8220; _builder_version=&#8220;4.20.2&#8243; global_colors_info=&#8220;{}&#8220;]<\/p>\n<p>Responsible for the treatment: Aflys consultants SL<br \/>Manager&#8217;s address: Acceso norte s \/ n, Oficina informaci\u00f3n, Cumbre del Sol, CP 03726 Benitachell, Alicante<br \/>Purpose: Your data will be used to meet your requests and provide you with our services.<br \/>Advertising: We will only send you advertising with your prior authorization, which you can provide us with through the corresponding box established for this purpose.<br \/>Legitimation: We will only process your data with your prior consent, which you can provide us through the corresponding box established for this purpose.<br \/>Recipients: In general, only the personnel of our entity who are duly authorized may have knowledge of the information we request.<br \/>Rights: You have the right to know what information we have about you, correct it and delete it, as explained in the additional information available on our website.<br \/>Additional information: More information in the &#8222;<a href=\"https:\/\/www.cumbredelsolpreowned.webloading.es\/aviso-legal\/\" target=\"_blank\" rel=\"noopener noreferrer\">Privacy Policy<\/a>&#8220; section of our website.<\/p>\n<p>[\/et_pb_text][\/et_pb_column][\/et_pb_row][\/et_pb_section]<\/p>\n","protected":false},"excerpt":{"rendered":"<p><nav aria-label=\"breadcrumbs\" class=\"rank-math-breadcrumb\"><p><span class=\"last\">Home<\/span><\/p><\/nav>Cumbre del sol immobilien zum verkauf Wenn Sie ein Haus in der Urbanisation Cumbre del Sol kaufen m\u00f6chten, haben Sie viele M\u00f6glichkeiten! Es gibt eine gro\u00dfe Auswahl an H\u00e4usern zum Verkauf, darunter Wohnungen im mediterranen Stil, moderne Wohnungen, Villen im mediterranen Stil und moderne Villen, sowohl mit als auch ohne Meerblick. &nbsp;<div class=\"et_pb_module pac_divi_table_of_contents pac_divi_table_of_contents_0\">\n\t\t\t\t\n\t\t\t\t\n\t\t\t\t\n\t\t\t\t\n\t\t\t\t\n\t\t\t\t\n\t\t\t\t<div class=\"et_pb_module_inner\">\n\t\t\t\t\t\n        <div class=\"pac_dtoc_main_container\"\n        data-allow_collapse_minimize=\"on\"\n        data-allow_collapse_minimize_tablet=\"on\"\n        data-allow_collapse_minimize_phone=\"on\"\n        data-ss=\"2000\"\n        data-sah=\"100\"\n        data-collapse_when_sticky=\"off\"\n        data-collapse_when_sticky_tablet=\"off\"\n        data-collapse_when_sticky_phone=\"off\"\n        data-skh=\"off\"\n        data-mtocai=\"off\"\n        data-mtocai_tablet=\"off\"\n        data-mtocai_phone=\"off\"\n        data-alh=\"off\"\n        data-ds=\"open\"\n        data-dst=\"open\"\n        data-dsp=\"open\">\n            <div class=\"pac_dtoc_title_area click_on click_tablet_on click_phone_on\">\n                <div role=\"heading\" aria-level=\"2\" id=\"pac_dtocm_title\" class=\"pac_dtoc_title\">&#8220;Tabel<\/div>\n                \n                <div class=\"pac_dtoc_icon_responsive\">\n                    <div class=\"pac_dtoc_opened_icon\">2<\/div>\n                    <div class=\"pac_dtoc_closed_icon\">3<\/div>\n                <\/div>\n                \n            <\/div>\n            <div role=\"navigation\" aria-labelledby=\"pac_dtocm_title\" class=\"pac_dtoc_body_area inside\">\n                \n                <div class='divi_table_of_contents' role=\"tree\" ><\/div>\n            <\/div>\n        <\/div>\n        \n\t\t\t\t<\/div>\n\t\t\t<\/div><\/p>\n","protected":false},"author":2,"featured_media":0,"parent":2090,"menu_order":0,"comment_status":"closed","ping_status":"closed","template":"","meta":{"_acf_changed":false,"_et_pb_use_builder":"on","_et_pb_old_content":"","_et_gb_content_width":"","footnotes":""},"class_list":["post-2434","page","type-page","status-publish","hentry"],"acf":[],"_links":{"self":[{"href":"https:\/\/www.cumbredelsolpreowned.webloading.es\/de\/wp-json\/wp\/v2\/pages\/2434","targetHints":{"allow":["GET"]}}],"collection":[{"href":"https:\/\/www.cumbredelsolpreowned.webloading.es\/de\/wp-json\/wp\/v2\/pages"}],"about":[{"href":"https:\/\/www.cumbredelsolpreowned.webloading.es\/de\/wp-json\/wp\/v2\/types\/page"}],"author":[{"embeddable":true,"href":"https:\/\/www.cumbredelsolpreowned.webloading.es\/de\/wp-json\/wp\/v2\/users\/2"}],"replies":[{"embeddable":true,"href":"https:\/\/www.cumbredelsolpreowned.webloading.es\/de\/wp-json\/wp\/v2\/comments?post=2434"}],"version-history":[{"count":0,"href":"https:\/\/www.cumbredelsolpreowned.webloading.es\/de\/wp-json\/wp\/v2\/pages\/2434\/revisions"}],"up":[{"embeddable":true,"href":"https:\/\/www.cumbredelsolpreowned.webloading.es\/de\/wp-json\/wp\/v2\/pages\/2090"}],"wp:attachment":[{"href":"https:\/\/www.cumbredelsolpreowned.webloading.es\/de\/wp-json\/wp\/v2\/media?parent=2434"}],"curies":[{"name":"wp","href":"https:\/\/api.w.org\/{rel}","templated":true}]}}