{"id":10713,"date":"2025-09-25T11:31:24","date_gmt":"2025-09-25T10:31:24","guid":{"rendered":"https:\/\/www.cumbredelsolpreowned.webloading.es\/pueblo-del-mar-cumbre-del-sol\/"},"modified":"2026-01-26T12:19:12","modified_gmt":"2026-01-26T11:19:12","slug":"pueblo-del-mar-cumbre-del-sol","status":"publish","type":"page","link":"https:\/\/www.cumbredelsolpreowned.webloading.es\/de\/pueblo-del-mar-cumbre-del-sol\/","title":{"rendered":"Pueblo del Mar Cumbre del Sol"},"content":{"rendered":"<p>[et_pb_section fb_built=&#8220;1&#8243; custom_padding_last_edited=&#8220;on|phone&#8220; _builder_version=&#8220;4.27.4&#8243; _module_preset=&#8220;default&#8220; background_color=&#8220;#FFFFFF&#8220; custom_padding=&#8220;20px||0px||false|false&#8220; custom_padding_tablet=&#8220;0px||||false|false&#8220; custom_padding_phone=&#8220;0px||0px||false|false&#8220; da_disable_devices=&#8220;off|off|off&#8220; global_colors_info=&#8220;{}&#8220; da_is_popup=&#8220;off&#8220; da_exit_intent=&#8220;off&#8220; da_has_close=&#8220;on&#8220; da_alt_close=&#8220;off&#8220; da_dark_close=&#8220;off&#8220; da_not_modal=&#8220;on&#8220; da_is_singular=&#8220;off&#8220; da_with_loader=&#8220;off&#8220; da_has_shadow=&#8220;on&#8220;][et_pb_row custom_padding_last_edited=&#8220;on|phone&#8220; _builder_version=&#8220;4.27.4&#8243; _module_preset=&#8220;default&#8220; custom_padding_tablet=&#8220;&#8220; custom_padding_phone=&#8220;10px||10px||true|false&#8220; global_colors_info=&#8220;{}&#8220;][et_pb_column type=&#8220;4_4&#8243; _builder_version=&#8220;4.27.4&#8243; _module_preset=&#8220;default&#8220; global_colors_info=&#8220;{}&#8220;][et_pb_post_title meta=&#8220;off&#8220; featured_image=&#8220;off&#8220; _builder_version=&#8220;4.27.4&#8243; _module_preset=&#8220;default&#8220; title_font=&#8220;|700|||||||&#8220; title_text_color=&#8220;#003E64&#8243; title_font_size=&#8220;32px&#8220; custom_margin=&#8220;||12px|||&#8220; custom_margin_tablet=&#8220;&#8220; custom_margin_phone=&#8220;||0px||false|false&#8220; custom_margin_last_edited=&#8220;on|phone&#8220; custom_padding=&#8220;||0px||false|false&#8220; global_colors_info=&#8220;{}&#8220;][\/et_pb_post_title][et_pb_code _builder_version=&#8220;4.27.4&#8243; _module_preset=&#8220;default&#8220; global_colors_info=&#8220;{}&#8220;]<nav aria-label=\"breadcrumbs\" class=\"rank-math-breadcrumb\"><p><span class=\"last\">Home<\/span><\/p><\/nav>[\/et_pb_code][\/et_pb_column][\/et_pb_row][\/et_pb_section][et_pb_section fb_built=&#8220;1&#8243; _builder_version=&#8220;4.27.4&#8243; _module_preset=&#8220;default&#8220; background_color=&#8220;#e0e0e0&#8243; custom_margin=&#8220;||||false|false&#8220; custom_padding=&#8220;0px||0px||false|false&#8220; da_disable_devices=&#8220;off|off|off&#8220; global_colors_info=&#8220;{}&#8220; da_is_popup=&#8220;off&#8220; da_exit_intent=&#8220;off&#8220; da_has_close=&#8220;on&#8220; da_alt_close=&#8220;off&#8220; da_dark_close=&#8220;off&#8220; da_not_modal=&#8220;on&#8220; da_is_singular=&#8220;off&#8220; da_with_loader=&#8220;off&#8220; da_has_shadow=&#8220;on&#8220;][et_pb_row custom_padding_last_edited=&#8220;on|phone&#8220; _builder_version=&#8220;4.27.4&#8243; _module_preset=&#8220;default&#8220; width=&#8220;95%&#8220; custom_padding=&#8220;20px||20px||true|false&#8220; custom_padding_tablet=&#8220;10px||10px||true|false&#8220; custom_padding_phone=&#8220;0px||0px||true|false&#8220; global_colors_info=&#8220;{}&#8220;][et_pb_column type=&#8220;4_4&#8243; _builder_version=&#8220;4.27.4&#8243; _module_preset=&#8220;default&#8220; global_colors_info=&#8220;{}&#8220;][et_pb_code _builder_version=&#8220;4.27.4&#8243; _module_preset=&#8220;default&#8220; text_orientation=&#8220;center&#8220; module_alignment=&#8220;center&#8220; custom_css_free_form=&#8220;selector .search-wrapper2 .search2{||  background-color:transparent;||}||||selector .col-md-4 input{||  border-radius:5px;||  padding: 15px 10px;||}||||selector .col-md-4 .form-control{||  border-radius:5px;||}||@media only screen and (min-width: 768px) {||selector .advance-search-form {||  display: flex;||  flex-wrap: wrap;||}||||selector .row {||  margin-right: 0;||  margin-left: 0;||  width: 33.333%;||   flex-grow: 1 !important;||}||||  selector .option .double .clearfix{||    min-width:70px !important;||  }||  ||  ||  selector .col-md-4{||    padding: 5px;||  }||}||||@media only screen and (max-width: 768px) {||selector .col-xs-12{||  width:50%;||}||  selector .opciones-avanzadas span {||  font-size: 14px;||  }||  selector .mb-2{||    margin-bottom:0px !important;||  }||  selector .col-md-6:nth-of-type(1){||    margin-bottom:5px;||  }||  selector .mb-2:nth-of-type(3){||    margin-top:10px;||  }||\/*   selector .col-md-4 input{||    margin-top:10px !important;||  }|| ||    selector .col-md-6:nth-of-type(2){||    display: inline-block;||  }*\/||  selector .mb-2{||    display:flex !important;||  }||  selector .col-xs-12 {||    padding: 5px;||  }||  selector .col-md-12 {||    padding: 0 5px !important;||  }||  selector .search-wrapper2 .search2 .form-control{||    margin:0;||  }||  selector  .search-wrapper2 .col-md-12{||    padding:0;||  }||  selector  .col-md-12 .opciones-avanzadas{||    text-align:left !important;||  }||}&#8220; global_colors_info=&#8220;{}&#8220;][BAvanzado KUBE][\/et_pb_code][\/et_pb_column][\/et_pb_row][\/et_pb_section][et_pb_section fb_built=&#8220;1&#8243; custom_padding_last_edited=&#8220;on|phone&#8220; _builder_version=&#8220;4.27.4&#8243; _module_preset=&#8220;default&#8220; custom_padding=&#8220;20px||20px||true|false&#8220; custom_padding_tablet=&#8220;&#8220; custom_padding_phone=&#8220;10px||10px||true|false&#8220; da_disable_devices=&#8220;off|off|off&#8220; global_colors_info=&#8220;{}&#8220; da_is_popup=&#8220;off&#8220; da_exit_intent=&#8220;off&#8220; da_has_close=&#8220;on&#8220; da_alt_close=&#8220;off&#8220; da_dark_close=&#8220;off&#8220; da_not_modal=&#8220;on&#8220; da_is_singular=&#8220;off&#8220; da_with_loader=&#8220;off&#8220; da_has_shadow=&#8220;on&#8220;][et_pb_row _builder_version=&#8220;4.27.4&#8243; _module_preset=&#8220;default&#8220; width=&#8220;90%&#8220; custom_padding=&#8220;0px||||false|false&#8220; global_colors_info=&#8220;{}&#8220;][et_pb_column type=&#8220;4_4&#8243; _builder_version=&#8220;4.27.4&#8243; _module_preset=&#8220;default&#8220; global_colors_info=&#8220;{}&#8220;][et_pb_code _builder_version=&#8220;4.27.4&#8243; _module_preset=&#8220;default&#8220; text_orientation=&#8220;center&#8220; custom_css_free_form=&#8220;@media only screen and (max-width: 768px) {||||  selector .filters-wrapper-plugin{||    margin:10px 17px !important;||  }||}&#8220; global_colors_info=&#8220;{}&#8220;][LVenta KUBE WDCUMBREPUEBLOMAR][\/et_pb_code][\/et_pb_column][\/et_pb_row][\/et_pb_section][et_pb_section fb_built=&#8220;1&#8243; disabled_on=&#8220;off|off|off&#8220; _builder_version=&#8220;4.27.5&#8243; _module_preset=&#8220;default&#8220; hover_enabled=&#8220;0&#8243; da_disable_devices=&#8220;off|off|off&#8220; global_colors_info=&#8220;{}&#8220; sticky_enabled=&#8220;0&#8243; da_is_popup=&#8220;off&#8220; da_exit_intent=&#8220;off&#8220; da_has_close=&#8220;on&#8220; da_alt_close=&#8220;off&#8220; da_dark_close=&#8220;off&#8220; da_not_modal=&#8220;on&#8220; da_is_singular=&#8220;off&#8220; da_with_loader=&#8220;off&#8220; da_has_shadow=&#8220;on&#8220;][et_pb_row _builder_version=&#8220;4.27.4&#8243; _module_preset=&#8220;default&#8220; global_colors_info=&#8220;{}&#8220;][et_pb_column type=&#8220;4_4&#8243; _builder_version=&#8220;4.27.4&#8243; _module_preset=&#8220;default&#8220; global_colors_info=&#8220;{}&#8220;][et_pb_text _builder_version=&#8220;4.27.5&#8243; _module_preset=&#8220;default&#8220; hover_enabled=&#8220;0&#8243; global_colors_info=&#8220;{}&#8220; sticky_enabled=&#8220;0&#8243;]<\/p>\n<div class=\"flex basis-auto flex-col -mb-(--composer-overlap-px) [--composer-overlap-px:55px] grow overflow-hidden\">\n<div class=\"relative h-full\">\n<div class=\"flex h-full flex-col overflow-y-auto [scrollbar-gutter:stable_both-edges] @[84rem]\/thread:pt-(--header-height)\">\n<div class=\"@thread-xl\/thread:pt-header-height flex flex-col text-sm pb-25\">\n<article class=\"text-token-text-primary w-full\" dir=\"auto\" data-testid=\"conversation-turn-2\" data-scroll-anchor=\"true\">\n<div class=\"text-base my-auto mx-auto py-5 [--thread-content-margin:--spacing(4)] @[37rem]:[--thread-content-margin:--spacing(6)] @[72rem]:[--thread-content-margin:--spacing(16)] px-(--thread-content-margin)\">\n<div class=\"[--thread-content-max-width:32rem] @[34rem]:[--thread-content-max-width:40rem] @[64rem]:[--thread-content-max-width:48rem] mx-auto flex max-w-(--thread-content-max-width) flex-1 text-base gap-4 md:gap-5 lg:gap-6 group\/turn-messages focus-visible:outline-hidden\" tabindex=\"-1\">\n<div class=\"group\/conversation-turn relative flex w-full min-w-0 flex-col agent-turn\">\n<div class=\"relative flex-col gap-1 md:gap-3\">\n<div class=\"flex max-w-full flex-col grow\">\n<div data-message-author-role=\"assistant\" data-message-id=\"b81c00de-063d-4742-b805-3fcda21694d5\" dir=\"auto\" class=\"min-h-8 text-message relative flex w-full flex-col items-end gap-2 text-start break-words whitespace-normal [.text-message+&amp;]:mt-5\" data-message-model-slug=\"gpt-4o\">\n<div class=\"flex w-full flex-col gap-1 empty:hidden first:pt-[3px]\">\n<div class=\"markdown prose dark:prose-invert w-full break-words light\">\n<h2 data-start=\"0\" data-end=\"37\"><strong data-start=\"4\" data-end=\"37\">Pueblo del Mar Cumbre del Sol<\/strong><\/h2>\n<h2 data-start=\"39\" data-end=\"58\"><\/h2>\n<p data-start=\"60\" data-end=\"370\">Entdecken Sie <strong data-start=\"74\" data-end=\"110\">Pueblo del Mar in Cumbre del Sol<\/strong>, eine exklusive Wohnanlage mit <strong data-start=\"142\" data-end=\"207\">s\u00fcdlich ausgerichteten Reihenh\u00e4usern und freistehenden Villen<\/strong> in Benitachell. Mediterrane Ausblicke, viel Tageslicht und der besondere K\u00fcstencharme machen diese Anlage ideal f\u00fcr anspruchsvolle K\u00e4ufer an der <strong data-start=\"353\" data-end=\"369\">Costa Blanca<\/strong>.<\/p>\n<h2 data-start=\"377\" data-end=\"442\"><strong data-start=\"380\" data-end=\"442\">\u00dcber Pueblo del Mar \u2013 Gebrauchte Immobilien in bester Lage<\/strong><\/h2>\n<p data-start=\"444\" data-end=\"765\"><strong data-start=\"444\" data-end=\"462\">Pueblo del Mar<\/strong> ist eine charmante Wohnanlage mit <strong data-start=\"497\" data-end=\"551\">gebrauchten Reihenh\u00e4usern und freistehenden Villen<\/strong> auf Grundst\u00fccken von <strong data-start=\"573\" data-end=\"591\">250 bis 400 m\u00b2<\/strong>. Sie befindet sich im <strong data-start=\"614\" data-end=\"635\">Wohngebiet Olivos<\/strong>, innerhalb der renommierten Urbanisation <strong data-start=\"677\" data-end=\"695\">Cumbre del Sol<\/strong>, zwischen den beliebten K\u00fcstenorten <strong data-start=\"732\" data-end=\"764\">J\u00e1vea und Moraira (Alicante)<\/strong>.<\/p>\n<p data-start=\"767\" data-end=\"1018\">Die meisten Immobilien sind <strong data-start=\"795\" data-end=\"836\">nach S\u00fcden oder S\u00fcdosten ausgerichtet<\/strong>, was ganzj\u00e4hrig f\u00fcr hervorragende nat\u00fcrliche Helligkeit sorgt. Viele H\u00e4user bieten zudem <strong data-start=\"926\" data-end=\"978\">beeindruckende Panoramablicke auf das Mittelmeer<\/strong>, die das Wohngef\u00fchl deutlich aufwerten.<\/p>\n<h2 data-start=\"1025\" data-end=\"1068\"><strong data-start=\"1028\" data-end=\"1068\">Gemeinschaftsanlagen und Ausstattung<\/strong><\/h2>\n<p data-start=\"1070\" data-end=\"1162\">Die Bewohner von Pueblo del Mar profitieren von gepflegten Gemeinschaftsbereichen, darunter:<\/p>\n<ul data-start=\"1164\" data-end=\"1398\">\n<li data-start=\"1164\" data-end=\"1240\">\n<p data-start=\"1166\" data-end=\"1240\"><strong data-start=\"1166\" data-end=\"1206\">Gemeinschaftspools in jeder Bauphase<\/strong> mit gro\u00dfz\u00fcgigen Sonnenterrassen<\/p>\n<\/li>\n<li data-start=\"1241\" data-end=\"1316\">\n<p data-start=\"1243\" data-end=\"1316\"><strong data-start=\"1243\" data-end=\"1268\">Freizeiteinrichtungen<\/strong>, wie ein Boule-Platz (zwischen Phase 1 und 2)<\/p>\n<\/li>\n<li data-start=\"1317\" data-end=\"1398\">\n<p data-start=\"1319\" data-end=\"1398\">Mehrere <strong data-start=\"1327\" data-end=\"1346\">Aussichtspunkte<\/strong>, um die umliegende Natur und das Meer zu genie\u00dfen<\/p>\n<\/li>\n<\/ul>\n<h2 data-start=\"1405\" data-end=\"1464\"><strong data-start=\"1408\" data-end=\"1464\">Attraktive Lage und Entfernungen zu wichtigen Zielen<\/strong><\/h2>\n<ul data-start=\"1466\" data-end=\"2131\">\n<li data-start=\"1466\" data-end=\"1567\">\n<p data-start=\"1468\" data-end=\"1567\"><strong data-start=\"1468\" data-end=\"1477\">1 km:<\/strong> Cala Moraig, Cala de los Tiestos und <strong data-start=\"1515\" data-end=\"1546\">Dreamsea Mediterranean Camp<\/strong> (Bar &amp; Restaurant)<\/p>\n<\/li>\n<li data-start=\"1568\" data-end=\"1868\">\n<p data-start=\"1570\" data-end=\"1583\"><strong data-start=\"1570\" data-end=\"1581\">2\u20133 km:<\/strong><\/p>\n<ul data-start=\"1586\" data-end=\"1868\">\n<li data-start=\"1586\" data-end=\"1691\">\n<p data-start=\"1588\" data-end=\"1691\"><strong data-start=\"1588\" data-end=\"1615\">Einkaufszentrum Adelfas<\/strong> (Supermarkt Pepe la Sal, Caf\u00e9, Friseur, Vermietungs- und Wartungsservice)<\/p>\n<\/li>\n<li data-start=\"1694\" data-end=\"1728\">\n<p data-start=\"1696\" data-end=\"1728\">Restaurant La Cumbre, Apotheke<\/p>\n<\/li>\n<li data-start=\"1731\" data-end=\"1744\">\n<p data-start=\"1733\" data-end=\"1744\">Reitstall<\/p>\n<\/li>\n<li data-start=\"1747\" data-end=\"1792\">\n<p data-start=\"1749\" data-end=\"1792\">Sportzentrum mit Padel- und Tennispl\u00e4tzen<\/p>\n<\/li>\n<li data-start=\"1795\" data-end=\"1822\">\n<p data-start=\"1797\" data-end=\"1822\">Zugang zur Cala Llebeig<\/p>\n<\/li>\n<li data-start=\"1825\" data-end=\"1868\">\n<p data-start=\"1827\" data-end=\"1868\"><strong data-start=\"1827\" data-end=\"1866\">Lady Elizabeth International School<\/strong><\/p>\n<\/li>\n<\/ul>\n<\/li>\n<li data-start=\"1869\" data-end=\"1986\">\n<p data-start=\"1871\" data-end=\"1986\"><strong data-start=\"1871\" data-end=\"1882\">4\u20136 km:<\/strong> Mercadona- und Mas y Mas-Superm\u00e4rkte, Ortszentrum von <strong data-start=\"1937\" data-end=\"1952\">Benitachell<\/strong>, <strong data-start=\"1954\" data-end=\"1984\">Strand El Portet (Moraira)<\/strong><\/p>\n<\/li>\n<li data-start=\"1987\" data-end=\"2045\">\n<p data-start=\"1989\" data-end=\"2045\"><strong data-start=\"1989\" data-end=\"1998\">7 km:<\/strong> Golfplatz J\u00e1vea und Stadtzentrum von Moraira<\/p>\n<\/li>\n<li data-start=\"2046\" data-end=\"2131\">\n<p data-start=\"2048\" data-end=\"2131\"><strong data-start=\"2048\" data-end=\"2058\">13 km:<\/strong> <strong data-start=\"2059\" data-end=\"2085\">Arenal-Strand in J\u00e1vea<\/strong>, ideal f\u00fcr Familien und Freizeitaktivit\u00e4ten<\/p>\n<\/li>\n<\/ul>\n<h2 data-start=\"2138\" data-end=\"2188\"><strong data-start=\"2141\" data-end=\"2188\">Warum Pueblo del Mar Cumbre del Sol w\u00e4hlen?<\/strong><\/h2>\n<ul data-start=\"2190\" data-end=\"2465\">\n<li data-start=\"2190\" data-end=\"2268\">\n<p data-start=\"2192\" data-end=\"2268\"><strong data-start=\"2192\" data-end=\"2242\">S\u00fcdlich ausgerichtete Immobilien mit Meerblick<\/strong> f\u00fcr maximale Helligkeit<\/p>\n<\/li>\n<li data-start=\"2269\" data-end=\"2331\">\n<p data-start=\"2271\" data-end=\"2331\">Exklusive Lage inmitten der Natur und dennoch nahe am Meer<\/p>\n<\/li>\n<li data-start=\"2332\" data-end=\"2397\">\n<p data-start=\"2334\" data-end=\"2397\">Sehr gutes <strong data-start=\"2345\" data-end=\"2375\">Preis-Leistungs-Verh\u00e4ltnis<\/strong> an der Costa Blanca<\/p>\n<\/li>\n<li data-start=\"2398\" data-end=\"2465\">\n<p data-start=\"2400\" data-end=\"2465\">Ideal als <strong data-start=\"2410\" data-end=\"2463\">Hauptwohnsitz, Ferienimmobilie oder Kapitalanlage<\/strong><\/p>\n<\/li>\n<\/ul>\n<p data-start=\"2467\" data-end=\"2734\">Wenn Sie auf der Suche nach einer Immobilie mit Meerblick, Ruhe und exzellenter Infrastruktur sind, ist <strong data-start=\"2571\" data-end=\"2604\">Pueblo del Mar Cumbre del Sol<\/strong> eine hervorragende Gelegenheit. Kontaktieren Sie <strong data-start=\"2654\" data-end=\"2682\">Cumbre del Sol Pre-Owned<\/strong> noch heute \u2013 unser Team ber\u00e4t Sie gerne pers\u00f6nlich.<\/p>\n<h2 data-start=\"2741\" data-end=\"2753\"><\/h2>\n<p data-start=\"2755\" data-end=\"3070\"><strong data-start=\"2755\" data-end=\"2798\">Pueblo del Mar Cumbre del Sol Pre-Owned<\/strong> bietet attraktive <strong data-start=\"2817\" data-end=\"2866\">s\u00fcdlich ausgerichtete Reihenh\u00e4user und Villen<\/strong> mit mediterranem Meerblick, gepflegten Gemeinschaftsanlagen und einer privilegierten Lage zwischen <strong data-start=\"2966\" data-end=\"2987\">J\u00e1vea und Moraira<\/strong>. Eine ausgezeichnete Wahl f\u00fcr Lebensqualit\u00e4t oder Investition an der Costa Blanca.<\/p>\n<\/div>\n<\/div>\n<\/div>\n<\/div>\n<\/div>\n<\/div>\n<\/div>\n<\/div>\n<\/article>\n<\/div>\n<\/div>\n<\/div>\n<\/div>\n<p>[\/et_pb_text][\/et_pb_column][\/et_pb_row][et_pb_row _builder_version=&#8220;4.27.4&#8243; _module_preset=&#8220;default&#8220; width_tablet=&#8220;&#8220; width_phone=&#8220;90%&#8220; width_last_edited=&#8220;on|phone&#8220; custom_padding=&#8220;0px|||||&#8220; global_colors_info=&#8220;{}&#8220;][et_pb_column type=&#8220;4_4&#8243; _builder_version=&#8220;4.27.4&#8243; _module_preset=&#8220;default&#8220; global_colors_info=&#8220;{}&#8220;][et_pb_text _builder_version=&#8220;4.27.5&#8243; _module_preset=&#8220;default&#8220; header_2_font=&#8220;|700|||||||&#8220; header_2_text_align=&#8220;center&#8220; header_2_text_color=&#8220;#003E64&#8243; header_2_font_size=&#8220;32px&#8220; custom_padding=&#8220;40px||||false|false&#8220; global_colors_info=&#8220;{}&#8220;]<\/p>\n<h2>H\u00e4ufig gestellte Fragen zu Pueblo del Mar Cumbre del Sol<\/h2>\n<p>[\/et_pb_text][et_pb_accordion open_toggle_text_color=&#8220;#003E64&#8243; closed_toggle_text_color=&#8220;#003E64&#8243; closed_toggle_background_color=&#8220;#F3F3F3&#8243; toggle_icon=&#8220;&#x4c;||divi||400&#8243; icon_color=&#8220;#E06F1D&#8220; use_icon_font_size=&#8220;on&#8220; icon_font_size=&#8220;26px&#8220; _builder_version=&#8220;4.27.5&#8243; _module_preset=&#8220;default&#8220; toggle_text_color=&#8220;#FFFFFF&#8220; toggle_level=&#8220;h3&#8243; toggle_font=&#8220;|700|||||||&#8220; custom_margin=&#8220;||||false|false&#8220; custom_padding=&#8220;||||false|false&#8220; rank_math_faq_schema=&#8220;on&#8220; border_color_all=&#8220;#FFFFFF&#8220; global_colors_info=&#8220;{}&#8220;][et_pb_accordion_item title=&#8220;1. Wie gro\u00df sind die Grundst\u00fccke in Pueblo del Mar?&#8220; open=&#8220;on&#8220; _builder_version=&#8220;4.27.5&#8243; _module_preset=&#8220;default&#8220; custom_margin=&#8220;||0px||false|false&#8220; border_radii=&#8220;off|5px|5px||&#8220; global_colors_info=&#8220;{}&#8220;]<\/p>\n<p>Die Grundst\u00fccksgr\u00f6\u00dfen liegen zwischen <strong data-start=\"3211\" data-end=\"3229\">250 und 400 m\u00b2<\/strong>, sowohl f\u00fcr Reihenh\u00e4user als auch f\u00fcr freistehende Villen.<\/p>\n<p>[\/et_pb_accordion_item][et_pb_accordion_item title=&#8220;2. Haben die Immobilien Meerblick?&#8220; _builder_version=&#8220;4.27.5&#8243; _module_preset=&#8220;default&#8220; custom_margin=&#8220;||0px||false|false&#8220; border_radii=&#8220;off||||&#8220; global_colors_info=&#8220;{}&#8220; open=&#8220;off&#8220;]<\/p>\n<p>Ja, die meisten H\u00e4user sind nach S\u00fcden oder S\u00fcdosten ausgerichtet und viele bieten <strong data-start=\"3414\" data-end=\"3449\">freien Blick auf das Mittelmeer<\/strong>.<\/p>\n<p>[\/et_pb_accordion_item][et_pb_accordion_item title=&#8220;3. Gibt es Gemeinschaftseinrichtungen?&#8220; _builder_version=&#8220;4.27.5&#8243; _module_preset=&#8220;default&#8220; custom_margin=&#8220;||0px||false|false&#8220; border_radii=&#8220;off||||&#8220; global_colors_info=&#8220;{}&#8220; open=&#8220;off&#8220;]<\/p>\n<p>Ja, jede Bauphase verf\u00fcgt \u00fcber einen <strong data-start=\"3534\" data-end=\"3555\">Gemeinschaftspool<\/strong>, Sonnenterrassen, einen Boule-Platz und mehrere Aussichtspunkte.<\/p>\n<p>[\/et_pb_accordion_item][et_pb_accordion_item title=&#8220;4. Wie nah sind Str\u00e4nde und Dienstleistungen?&#8220; _builder_version=&#8220;4.27.5&#8243; _module_preset=&#8220;default&#8220; custom_margin=&#8220;||0px||false|false&#8220; border_radii=&#8220;off||||&#8220; global_colors_info=&#8220;{}&#8220; open=&#8220;off&#8220;]<\/p>\n<p>Str\u00e4nde wie Cala Moraig sind nur <strong data-start=\"3707\" data-end=\"3724\">1 km entfernt<\/strong>, Gesch\u00e4fte, Restaurants, Sportanlagen und eine internationale Schule erreichen Sie in <strong data-start=\"3811\" data-end=\"3821\">2\u20133 km<\/strong>.<\/p>\n<p>[\/et_pb_accordion_item][et_pb_accordion_item title=&#8220;5. Eignet sich Pueblo del Mar als Investition?&#8220; _builder_version=&#8220;4.27.5&#8243; _module_preset=&#8220;default&#8220; custom_margin=&#8220;||0px||false|false&#8220; border_radii=&#8220;off||||&#8220; global_colors_info=&#8220;{}&#8220; open=&#8220;off&#8220;]<\/p>\n<p>Absolut. Die Lage, Ausrichtung und Nachfrage machen Pueblo del Mar zu einer <strong data-start=\"3953\" data-end=\"4012\">attraktiven Investitionsm\u00f6glichkeit an der Costa Blanca<\/strong>.<\/p>\n<p>[\/et_pb_accordion_item][\/et_pb_accordion][\/et_pb_column][\/et_pb_row][\/et_pb_section][et_pb_section fb_built=&#8220;1&#8243; _builder_version=&#8220;4.27.4&#8243; _module_preset=&#8220;default&#8220; background_image=&#8220;https:\/\/www.cumbredelsolpreowned.webloading.es\/wp-content\/uploads\/2025\/10\/restaurant-views-cumbre-del-sol.png&#8220; parallax=&#8220;on&#8220; da_disable_devices=&#8220;off|off|off&#8220; locked=&#8220;off&#8220; global_colors_info=&#8220;{}&#8220; da_is_popup=&#8220;off&#8220; da_exit_intent=&#8220;off&#8220; da_has_close=&#8220;on&#8220; da_alt_close=&#8220;off&#8220; da_dark_close=&#8220;off&#8220; da_not_modal=&#8220;on&#8220; da_is_singular=&#8220;off&#8220; da_with_loader=&#8220;off&#8220; da_has_shadow=&#8220;on&#8220;][et_pb_row column_structure=&#8220;1_2,1_2&#8243; _builder_version=&#8220;4.27.4&#8243; _module_preset=&#8220;default&#8220; width_tablet=&#8220;&#8220; width_phone=&#8220;90%&#8220; width_last_edited=&#8220;on|phone&#8220; custom_margin_tablet=&#8220;&#8220; custom_margin_phone=&#8220;20px||||false|false&#8220; custom_margin_last_edited=&#8220;on|phone&#8220; global_colors_info=&#8220;{}&#8220;][et_pb_column type=&#8220;1_2&#8243; _builder_version=&#8220;4.27.4&#8243; _module_preset=&#8220;default&#8220; global_colors_info=&#8220;{}&#8220;][\/et_pb_column][et_pb_column type=&#8220;1_2&#8243; _builder_version=&#8220;4.27.4&#8243; _module_preset=&#8220;default&#8220; background_color=&#8220;#FFFFFF&#8220; custom_padding=&#8220;40px|40px|20px|40px|false|true&#8220; custom_padding_tablet=&#8220;40px|40px|40px|40px|true|true&#8220; custom_padding_phone=&#8220;20px|15px|20px|15px|true|true&#8220; custom_padding_last_edited=&#8220;on|phone&#8220; scroll_vertical_motion_enable=&#8220;on&#8220; scroll_vertical_motion=&#8220;0|50|50|100|0.5|0|-1&#8243; border_radii=&#8220;on|8px|8px|8px|8px&#8220; box_shadow_style=&#8220;preset2&#8243; global_colors_info=&#8220;{}&#8220;][et_pb_text _builder_version=&#8220;4.27.5&#8243; _module_preset=&#8220;default&#8220; header_2_font=&#8220;|700|||||||&#8220; header_2_text_color=&#8220;#003E64&#8243; global_colors_info=&#8220;{}&#8220;]<\/p>\n<h2>Ich freue mich darauf, Sie kennenzulernen!<\/h2>\n<p>[\/et_pb_text][et_pb_dcgd_gravity_divi_module dc_dgfcm_form_id=&#8220;12&#8243; dc_dgfcm_show_title=&#8220;off&#8220; dc_dgfcm_show_description=&#8220;off&#8220; dc_dgfcm_enable_ajax=&#8220;on&#8220; _builder_version=&#8220;4.27.4&#8243; _module_preset=&#8220;default&#8220; global_colors_info=&#8220;{}&#8220;][\/et_pb_dcgd_gravity_divi_module][\/et_pb_column][\/et_pb_row][\/et_pb_section]<\/p>\n","protected":false},"excerpt":{"rendered":"<p><nav aria-label=\"breadcrumbs\" class=\"rank-math-breadcrumb\"><p><span class=\"last\">Home<\/span><\/p><\/nav>[BAvanzado KUBE][LVenta KUBE WDCUMBREPUEBLOMAR] Pueblo del Mar Cumbre del Sol Entdecken Sie Pueblo del Mar in Cumbre del Sol, eine exklusive Wohnanlage mit s\u00fcdlich ausgerichteten Reihenh\u00e4usern und freistehenden Villen in Benitachell. Mediterrane Ausblicke, viel Tageslicht und der besondere K\u00fcstencharme machen diese Anlage ideal f\u00fcr anspruchsvolle K\u00e4ufer an der Costa Blanca. \u00dcber Pueblo del Mar \u2013 [&hellip;]<\/p>\n","protected":false},"author":2,"featured_media":0,"parent":0,"menu_order":0,"comment_status":"closed","ping_status":"closed","template":"","meta":{"_acf_changed":false,"_et_pb_use_builder":"on","_et_pb_old_content":"","_et_gb_content_width":"","footnotes":""},"class_list":["post-10713","page","type-page","status-publish","hentry"],"acf":[],"_links":{"self":[{"href":"https:\/\/www.cumbredelsolpreowned.webloading.es\/de\/wp-json\/wp\/v2\/pages\/10713","targetHints":{"allow":["GET"]}}],"collection":[{"href":"https:\/\/www.cumbredelsolpreowned.webloading.es\/de\/wp-json\/wp\/v2\/pages"}],"about":[{"href":"https:\/\/www.cumbredelsolpreowned.webloading.es\/de\/wp-json\/wp\/v2\/types\/page"}],"author":[{"embeddable":true,"href":"https:\/\/www.cumbredelsolpreowned.webloading.es\/de\/wp-json\/wp\/v2\/users\/2"}],"replies":[{"embeddable":true,"href":"https:\/\/www.cumbredelsolpreowned.webloading.es\/de\/wp-json\/wp\/v2\/comments?post=10713"}],"version-history":[{"count":2,"href":"https:\/\/www.cumbredelsolpreowned.webloading.es\/de\/wp-json\/wp\/v2\/pages\/10713\/revisions"}],"predecessor-version":[{"id":13040,"href":"https:\/\/www.cumbredelsolpreowned.webloading.es\/de\/wp-json\/wp\/v2\/pages\/10713\/revisions\/13040"}],"wp:attachment":[{"href":"https:\/\/www.cumbredelsolpreowned.webloading.es\/de\/wp-json\/wp\/v2\/media?parent=10713"}],"curies":[{"name":"wp","href":"https:\/\/api.w.org\/{rel}","templated":true}]}}