{"id":10661,"date":"2025-09-25T10:55:16","date_gmt":"2025-09-25T09:55:16","guid":{"rendered":"https:\/\/www.cumbredelsolpreowned.webloading.es\/wohngebiet-lirios-cumbre-del-sol\/"},"modified":"2026-01-07T11:12:20","modified_gmt":"2026-01-07T10:12:20","slug":"wohngebiet-lirios-cumbre-del-sol","status":"publish","type":"page","link":"https:\/\/www.cumbredelsolpreowned.webloading.es\/de\/wohngebiet-lirios-cumbre-del-sol\/","title":{"rendered":"Wohngebiet Lirios Cumbre del Sol"},"content":{"rendered":"<p>[et_pb_section fb_built=&#8220;1&#8243; custom_padding_last_edited=&#8220;on|phone&#8220; _builder_version=&#8220;4.27.4&#8243; _module_preset=&#8220;default&#8220; background_color=&#8220;#FFFFFF&#8220; custom_padding=&#8220;20px||0px||false|false&#8220; custom_padding_tablet=&#8220;0px||||false|false&#8220; custom_padding_phone=&#8220;0px||0px||false|false&#8220; da_disable_devices=&#8220;off|off|off&#8220; global_colors_info=&#8220;{}&#8220; da_is_popup=&#8220;off&#8220; da_exit_intent=&#8220;off&#8220; da_has_close=&#8220;on&#8220; da_alt_close=&#8220;off&#8220; da_dark_close=&#8220;off&#8220; da_not_modal=&#8220;on&#8220; da_is_singular=&#8220;off&#8220; da_with_loader=&#8220;off&#8220; da_has_shadow=&#8220;on&#8220;][et_pb_row custom_padding_last_edited=&#8220;on|phone&#8220; _builder_version=&#8220;4.27.4&#8243; _module_preset=&#8220;default&#8220; custom_padding_tablet=&#8220;&#8220; custom_padding_phone=&#8220;10px||10px||true|false&#8220; global_colors_info=&#8220;{}&#8220;][et_pb_column type=&#8220;4_4&#8243; _builder_version=&#8220;4.27.4&#8243; _module_preset=&#8220;default&#8220; global_colors_info=&#8220;{}&#8220;][et_pb_post_title meta=&#8220;off&#8220; featured_image=&#8220;off&#8220; _builder_version=&#8220;4.27.4&#8243; _module_preset=&#8220;default&#8220; title_font=&#8220;|700|||||||&#8220; title_text_color=&#8220;#003E64&#8243; title_font_size=&#8220;32px&#8220; custom_margin=&#8220;||12px|||&#8220; custom_margin_tablet=&#8220;&#8220; custom_margin_phone=&#8220;||0px||false|false&#8220; custom_margin_last_edited=&#8220;on|phone&#8220; custom_padding=&#8220;||0px||false|false&#8220; global_colors_info=&#8220;{}&#8220;][\/et_pb_post_title][et_pb_code _builder_version=&#8220;4.27.4&#8243; _module_preset=&#8220;default&#8220; global_colors_info=&#8220;{}&#8220;]<nav aria-label=\"breadcrumbs\" class=\"rank-math-breadcrumb\"><p><span class=\"last\">Home<\/span><\/p><\/nav>[\/et_pb_code][\/et_pb_column][\/et_pb_row][\/et_pb_section][et_pb_section fb_built=&#8220;1&#8243; _builder_version=&#8220;4.27.4&#8243; _module_preset=&#8220;default&#8220; background_color=&#8220;#e0e0e0&#8243; custom_margin=&#8220;||||false|false&#8220; custom_padding=&#8220;0px||0px||false|false&#8220; da_disable_devices=&#8220;off|off|off&#8220; global_colors_info=&#8220;{}&#8220; da_is_popup=&#8220;off&#8220; da_exit_intent=&#8220;off&#8220; da_has_close=&#8220;on&#8220; da_alt_close=&#8220;off&#8220; da_dark_close=&#8220;off&#8220; da_not_modal=&#8220;on&#8220; da_is_singular=&#8220;off&#8220; da_with_loader=&#8220;off&#8220; da_has_shadow=&#8220;on&#8220;][et_pb_row custom_padding_last_edited=&#8220;on|phone&#8220; _builder_version=&#8220;4.27.4&#8243; _module_preset=&#8220;default&#8220; width=&#8220;95%&#8220; custom_padding=&#8220;20px||20px||true|false&#8220; custom_padding_tablet=&#8220;10px||10px||true|false&#8220; custom_padding_phone=&#8220;0px||0px||true|false&#8220; global_colors_info=&#8220;{}&#8220;][et_pb_column type=&#8220;4_4&#8243; _builder_version=&#8220;4.27.4&#8243; _module_preset=&#8220;default&#8220; global_colors_info=&#8220;{}&#8220;][et_pb_code _builder_version=&#8220;4.27.4&#8243; _module_preset=&#8220;default&#8220; text_orientation=&#8220;center&#8220; module_alignment=&#8220;center&#8220; custom_css_free_form=&#8220;selector .search-wrapper2 .search2{||  background-color:transparent;||}||||selector .col-md-4 input{||  border-radius:5px;||  padding: 15px 10px;||}||||selector .col-md-4 .form-control{||  border-radius:5px;||}||@media only screen and (min-width: 768px) {||selector .advance-search-form {||  display: flex;||  flex-wrap: wrap;||}||||selector .row {||  margin-right: 0;||  margin-left: 0;||  width: 33.333%;||   flex-grow: 1 !important;||}||||  selector .option .double .clearfix{||    min-width:70px !important;||  }||  ||  ||  selector .col-md-4{||    padding: 5px;||  }||}||||@media only screen and (max-width: 768px) {||selector .col-xs-12{||  width:50%;||}||  selector .opciones-avanzadas span {||  font-size: 14px;||  }||  selector .mb-2{||    margin-bottom:0px !important;||  }||  selector .col-md-6:nth-of-type(1){||    margin-bottom:5px;||  }||  selector .mb-2:nth-of-type(3){||    margin-top:10px;||  }||\/*   selector .col-md-4 input{||    margin-top:10px !important;||  }|| ||    selector .col-md-6:nth-of-type(2){||    display: inline-block;||  }*\/||  selector .mb-2{||    display:flex !important;||  }||  selector .col-xs-12 {||    padding: 5px;||  }||  selector .col-md-12 {||    padding: 0 5px !important;||  }||  selector .search-wrapper2 .search2 .form-control{||    margin:0;||  }||  selector  .search-wrapper2 .col-md-12{||    padding:0;||  }||  selector  .col-md-12 .opciones-avanzadas{||    text-align:left !important;||  }||}&#8220; global_colors_info=&#8220;{}&#8220;][BAvanzado KUBE][\/et_pb_code][\/et_pb_column][\/et_pb_row][\/et_pb_section][et_pb_section fb_built=&#8220;1&#8243; custom_padding_last_edited=&#8220;on|phone&#8220; _builder_version=&#8220;4.27.4&#8243; _module_preset=&#8220;default&#8220; custom_padding=&#8220;20px||20px||true|false&#8220; custom_padding_tablet=&#8220;&#8220; custom_padding_phone=&#8220;10px||10px||true|false&#8220; da_disable_devices=&#8220;off|off|off&#8220; global_colors_info=&#8220;{}&#8220; da_is_popup=&#8220;off&#8220; da_exit_intent=&#8220;off&#8220; da_has_close=&#8220;on&#8220; da_alt_close=&#8220;off&#8220; da_dark_close=&#8220;off&#8220; da_not_modal=&#8220;on&#8220; da_is_singular=&#8220;off&#8220; da_with_loader=&#8220;off&#8220; da_has_shadow=&#8220;on&#8220;][et_pb_row _builder_version=&#8220;4.27.4&#8243; _module_preset=&#8220;default&#8220; width=&#8220;90%&#8220; custom_padding=&#8220;0px||||false|false&#8220; global_colors_info=&#8220;{}&#8220;][et_pb_column type=&#8220;4_4&#8243; _builder_version=&#8220;4.27.4&#8243; _module_preset=&#8220;default&#8220; global_colors_info=&#8220;{}&#8220;][et_pb_code _builder_version=&#8220;4.27.4&#8243; _module_preset=&#8220;default&#8220; text_orientation=&#8220;center&#8220; custom_css_free_form=&#8220;@media only screen and (max-width: 768px) {||||  selector .filters-wrapper-plugin{||    margin:10px 17px !important;||  }||}&#8220; global_colors_info=&#8220;{}&#8220;][LVenta KUBE WDCUMBRELIRIOS][\/et_pb_code][\/et_pb_column][\/et_pb_row][\/et_pb_section][et_pb_section fb_built=&#8220;1&#8243; disabled_on=&#8220;off|off|off&#8220; _builder_version=&#8220;4.27.5&#8243; _module_preset=&#8220;default&#8220; hover_enabled=&#8220;0&#8243; da_disable_devices=&#8220;off|off|off&#8220; global_colors_info=&#8220;{}&#8220; sticky_enabled=&#8220;0&#8243; da_is_popup=&#8220;off&#8220; da_exit_intent=&#8220;off&#8220; da_has_close=&#8220;on&#8220; da_alt_close=&#8220;off&#8220; da_dark_close=&#8220;off&#8220; da_not_modal=&#8220;on&#8220; da_is_singular=&#8220;off&#8220; da_with_loader=&#8220;off&#8220; da_has_shadow=&#8220;on&#8220;][et_pb_row _builder_version=&#8220;4.27.4&#8243; _module_preset=&#8220;default&#8220; global_colors_info=&#8220;{}&#8220;][et_pb_column type=&#8220;4_4&#8243; _builder_version=&#8220;4.27.4&#8243; _module_preset=&#8220;default&#8220; global_colors_info=&#8220;{}&#8220;][et_pb_text _builder_version=&#8220;4.27.5&#8243; _module_preset=&#8220;default&#8220; hover_enabled=&#8220;0&#8243; global_colors_info=&#8220;{}&#8220; sticky_enabled=&#8220;0&#8243;]<\/p>\n<h2 data-start=\"0\" data-end=\"78\"><strong data-start=\"3\" data-end=\"78\">Wohngebiet Lirios \u2013 Villen mit Meerblick in Cumbre del Sol, Benitachell<\/strong><\/h2>\n<p data-start=\"80\" data-end=\"282\"><strong data-start=\"80\" data-end=\"98\">Haupt-Keyword:<\/strong> Lirios Residential Area Cumbre del Sol<br data-start=\"137\" data-end=\"140\" \/><strong data-start=\"140\" data-end=\"163\">Sekund\u00e4re Keywords:<\/strong> Villen mit Meerblick Benitachell, Costa Blanca Immobilien, Villengrundst\u00fccke in Cumbre del Sol, mediterrane Immobilien.<\/p>\n<h2 data-start=\"289\" data-end=\"306\"><strong data-start=\"292\" data-end=\"306\">Einleitung<\/strong><\/h2>\n<p data-start=\"308\" data-end=\"581\">Das <strong data-start=\"312\" data-end=\"351\">Wohngebiet Lirios in Cumbre del Sol<\/strong> bietet <strong data-start=\"359\" data-end=\"421\">nach Osten und S\u00fcdosten ausgerichtete Villen mit Meerblick<\/strong> auf gro\u00dfz\u00fcgigen Grundst\u00fccken in Benitachell. Eine ideale Wahl, um den mediterranen Lebensstil in einer der begehrtesten Lagen der <strong data-start=\"552\" data-end=\"568\">Costa Blanca<\/strong> zu genie\u00dfen.<\/p>\n<h2 data-start=\"588\" data-end=\"662\"><strong data-start=\"591\" data-end=\"662\">\u00dcber Lirios \u2013 Villen mit Meerblick und optimaler Sonneneinstrahlung<\/strong><\/h2>\n<p data-start=\"664\" data-end=\"1069\">Das <strong data-start=\"668\" data-end=\"689\">Wohngebiet Lirios<\/strong> liegt innerhalb der renommierten Wohnanlage <strong data-start=\"734\" data-end=\"752\">Cumbre del Sol<\/strong> und umfasst <strong data-start=\"765\" data-end=\"790\">235 Villengrundst\u00fccke<\/strong> mit Fl\u00e4chen von <strong data-start=\"807\" data-end=\"827\">750 bis 1.200 m\u00b2<\/strong>. Die meisten Parzellen verf\u00fcgen \u00fcber einen <strong data-start=\"871\" data-end=\"915\">beeindruckenden Blick auf das Mittelmeer<\/strong> und sind nach <strong data-start=\"930\" data-end=\"953\">Osten oder S\u00fcdosten<\/strong> ausgerichtet. Dadurch profitieren die Immobilien von angenehmem Morgenlicht und Sonne \u00fcber den gesamten Tag hinweg.<\/p>\n<p data-start=\"1071\" data-end=\"1334\">Lirios befindet sich in attraktiver Lage zwischen den Wohngebieten <strong data-start=\"1138\" data-end=\"1149\">Kalmias<\/strong>, <strong data-start=\"1151\" data-end=\"1164\">Magnolias<\/strong> und <strong data-start=\"1169\" data-end=\"1181\">Jazmines<\/strong> sowie in unmittelbarer N\u00e4he zum s\u00fcdlichen Zugang von Cumbre del Sol. Diese Kombination bietet sowohl Exklusivit\u00e4t als auch hervorragende Erreichbarkeit.<\/p>\n<h2 data-start=\"1341\" data-end=\"1391\"><strong data-start=\"1344\" data-end=\"1391\">Nahegelegene Einrichtungen und Entfernungen<\/strong><\/h2>\n<h3 data-start=\"1393\" data-end=\"1417\"><strong data-start=\"1397\" data-end=\"1417\">1\u20132 km entfernt:<\/strong><\/h3>\n<ul data-start=\"1418\" data-end=\"1560\">\n<li data-start=\"1418\" data-end=\"1476\">\n<p data-start=\"1420\" data-end=\"1476\"><strong data-start=\"1420\" data-end=\"1451\">Dreamsea Mediterranean Camp<\/strong> mit Bar und Restaurant<\/p>\n<\/li>\n<li data-start=\"1477\" data-end=\"1560\">\n<p data-start=\"1479\" data-end=\"1560\">Direkter Zugang zu <strong data-start=\"1498\" data-end=\"1514\">Morach Beach<\/strong>, <strong data-start=\"1516\" data-end=\"1539\">Cala de los Tiestos<\/strong> und <strong data-start=\"1544\" data-end=\"1560\">Cala Llebeig<\/strong><\/p>\n<\/li>\n<\/ul>\n<h3 data-start=\"1562\" data-end=\"1586\"><strong data-start=\"1566\" data-end=\"1586\">2\u20133 km entfernt:<\/strong><\/h3>\n<ul data-start=\"1587\" data-end=\"1893\">\n<li data-start=\"1587\" data-end=\"1744\">\n<p data-start=\"1589\" data-end=\"1617\"><strong data-start=\"1589\" data-end=\"1616\">Einkaufszentrum Adelfas<\/strong>:<\/p>\n<ul data-start=\"1620\" data-end=\"1744\">\n<li data-start=\"1620\" data-end=\"1646\">\n<p data-start=\"1622\" data-end=\"1646\">Supermarkt Pepe la Sal<\/p>\n<\/li>\n<li data-start=\"1649\" data-end=\"1694\">\n<p data-start=\"1651\" data-end=\"1694\">Friseur, Vermietungs- und Wartungsservice<\/p>\n<\/li>\n<li data-start=\"1697\" data-end=\"1744\">\n<p data-start=\"1699\" data-end=\"1744\">Caf\u00e9-Bar, La Cumbre Restaurant und Apotheke<\/p>\n<\/li>\n<\/ul>\n<\/li>\n<li data-start=\"1745\" data-end=\"1760\">\n<p data-start=\"1747\" data-end=\"1760\">Reitzentrum<\/p>\n<\/li>\n<li data-start=\"1761\" data-end=\"1820\">\n<p data-start=\"1763\" data-end=\"1820\"><strong data-start=\"1763\" data-end=\"1779\">Sportzentrum<\/strong> mit Padel- und Tennispl\u00e4tzen sowie Bar<\/p>\n<\/li>\n<li data-start=\"1821\" data-end=\"1864\">\n<p data-start=\"1823\" data-end=\"1864\"><strong data-start=\"1823\" data-end=\"1862\">Lady Elizabeth International School<\/strong><\/p>\n<\/li>\n<li data-start=\"1865\" data-end=\"1893\">\n<p data-start=\"1867\" data-end=\"1893\"><strong data-start=\"1867\" data-end=\"1880\">Mercadona<\/strong> Supermarkt<\/p>\n<\/li>\n<\/ul>\n<h3 data-start=\"1895\" data-end=\"1919\"><strong data-start=\"1899\" data-end=\"1919\">5\u20137 km entfernt:<\/strong><\/h3>\n<ul data-start=\"1920\" data-end=\"2060\">\n<li data-start=\"1920\" data-end=\"1948\">\n<p data-start=\"1922\" data-end=\"1948\"><strong data-start=\"1922\" data-end=\"1935\">Mas y Mas<\/strong> Supermarkt<\/p>\n<\/li>\n<li data-start=\"1949\" data-end=\"1984\">\n<p data-start=\"1951\" data-end=\"1984\">Ortszentrum von <strong data-start=\"1967\" data-end=\"1982\">Benitachell<\/strong><\/p>\n<\/li>\n<li data-start=\"1985\" data-end=\"2038\">\n<p data-start=\"1987\" data-end=\"2038\"><strong data-start=\"1987\" data-end=\"1998\">Moraira<\/strong> Stadtzentrum und <strong data-start=\"2016\" data-end=\"2036\">El Portet Strand<\/strong><\/p>\n<\/li>\n<li data-start=\"2039\" data-end=\"2060\">\n<p data-start=\"2041\" data-end=\"2060\"><strong data-start=\"2041\" data-end=\"2060\">J\u00e1vea Golfplatz<\/strong><\/p>\n<\/li>\n<\/ul>\n<h3 data-start=\"2062\" data-end=\"2085\"><strong data-start=\"2066\" data-end=\"2085\">12 km entfernt:<\/strong><\/h3>\n<ul data-start=\"2086\" data-end=\"2156\">\n<li data-start=\"2086\" data-end=\"2156\">\n<p data-start=\"2088\" data-end=\"2156\"><strong data-start=\"2088\" data-end=\"2114\">Arenal Strand in J\u00e1vea<\/strong> mit Promenade, Restaurants und Gesch\u00e4ften.<\/p>\n<\/li>\n<\/ul>\n<h2 data-start=\"2163\" data-end=\"2223\"><strong data-start=\"2166\" data-end=\"2223\">Warum das Wohngebiet Lirios in Cumbre del Sol w\u00e4hlen?<\/strong><\/h2>\n<ul data-start=\"2225\" data-end=\"2543\">\n<li data-start=\"2225\" data-end=\"2285\">\n<p data-start=\"2227\" data-end=\"2285\">Spektakul\u00e4re <strong data-start=\"2240\" data-end=\"2283\">Meerblicke von den meisten Grundst\u00fccken<\/strong><\/p>\n<\/li>\n<li data-start=\"2286\" data-end=\"2362\">\n<p data-start=\"2288\" data-end=\"2362\"><strong data-start=\"2288\" data-end=\"2318\">Ost- und S\u00fcdostausrichtung<\/strong> f\u00fcr optimale nat\u00fcrliche Lichtverh\u00e4ltnisse<\/p>\n<\/li>\n<li data-start=\"2363\" data-end=\"2426\">\n<p data-start=\"2365\" data-end=\"2426\">Gro\u00dfz\u00fcgige Grundst\u00fccke, ideal f\u00fcr den Bau exklusiver Villen<\/p>\n<\/li>\n<li data-start=\"2427\" data-end=\"2488\">\n<p data-start=\"2429\" data-end=\"2488\">N\u00e4he zu <strong data-start=\"2437\" data-end=\"2486\">Str\u00e4nden, Gesch\u00e4ften, Schulen und Gastronomie<\/strong><\/p>\n<\/li>\n<li data-start=\"2489\" data-end=\"2543\">\n<p data-start=\"2491\" data-end=\"2543\">Ruhige, gehobene Lage innerhalb von Cumbre del Sol<\/p>\n<\/li>\n<\/ul>\n<h2 data-start=\"2550\" data-end=\"2602\"><strong data-start=\"2553\" data-end=\"2602\">Mediterranes Wohnen mit Meerblick und Komfort<\/strong><\/h2>\n<p data-start=\"2604\" data-end=\"2936\">Ein Zuhause im <strong data-start=\"2619\" data-end=\"2655\">Wohngebiet Lirios Cumbre del Sol<\/strong> bedeutet, den Sonnenaufgang \u00fcber dem Meer zu erleben, die Ruhe der mediterranen Natur zu genie\u00dfen und dennoch alle wichtigen Einrichtungen in der N\u00e4he zu haben. Die perfekte Verbindung aus K\u00fcstenleben, Komfort und Privatsph\u00e4re \u2013 ideal sowohl als Wohnsitz als auch als Investition.<\/p>\n<h2 data-start=\"2943\" data-end=\"2991\"><strong data-start=\"2946\" data-end=\"2991\">Kontaktieren Sie Cumbre del Sol Pre-Owned<\/strong><\/h2>\n<p data-start=\"2993\" data-end=\"3225\">Sie interessieren sich f\u00fcr <strong data-start=\"3020\" data-end=\"3080\">Villen mit Meerblick im Wohngebiet Lirios Cumbre del Sol<\/strong>?<\/p>\n<p data-start=\"2993\" data-end=\"3225\">Kontaktieren Sie <strong data-start=\"3101\" data-end=\"3129\">Cumbre del Sol Pre-Owned<\/strong> noch heute und entdecken Sie exklusive M\u00f6glichkeiten f\u00fcr luxuri\u00f6ses Wohnen an der Costa Blanca.<\/p>\n<p data-start=\"3246\" data-end=\"3555\">Das <strong data-start=\"3250\" data-end=\"3271\">Wohngebiet Lirios<\/strong> bietet eine seltene Gelegenheit, ein <strong data-start=\"3309\" data-end=\"3369\">mediterran ausgerichtetes Villengrundst\u00fcck mit Meerblick<\/strong> in einer der prestigetr\u00e4chtigsten Zonen von <strong data-start=\"3414\" data-end=\"3432\">Cumbre del Sol<\/strong> zu erwerben. Meerblick, Raumangebot und ausgezeichnete Infrastruktur machen diese Lage zur idealen Wahl f\u00fcr Ihr Traumhaus.<\/p>\n<p>[\/et_pb_text][\/et_pb_column][\/et_pb_row][et_pb_row _builder_version=&#8220;4.27.4&#8243; _module_preset=&#8220;default&#8220; width_tablet=&#8220;&#8220; width_phone=&#8220;90%&#8220; width_last_edited=&#8220;on|phone&#8220; custom_padding=&#8220;0px|||||&#8220; global_colors_info=&#8220;{}&#8220;][et_pb_column type=&#8220;4_4&#8243; _builder_version=&#8220;4.27.4&#8243; _module_preset=&#8220;default&#8220; global_colors_info=&#8220;{}&#8220;][et_pb_text _builder_version=&#8220;4.27.5&#8243; _module_preset=&#8220;default&#8220; header_2_font=&#8220;|700|||||||&#8220; header_2_text_align=&#8220;center&#8220; header_2_text_color=&#8220;#003E64&#8243; header_2_font_size=&#8220;32px&#8220; custom_padding=&#8220;40px||||false|false&#8220; global_colors_info=&#8220;{}&#8220;]<\/p>\n<h2>H\u00e4ufig gestellte Fragen zum \u00c1rea residential Lirios Cumbre del Sol<\/h2>\n<p>[\/et_pb_text][et_pb_accordion open_toggle_text_color=&#8220;#003E64&#8243; closed_toggle_text_color=&#8220;#003E64&#8243; closed_toggle_background_color=&#8220;#F3F3F3&#8243; toggle_icon=&#8220;&#x4c;||divi||400&#8243; icon_color=&#8220;#E06F1D&#8220; use_icon_font_size=&#8220;on&#8220; icon_font_size=&#8220;26px&#8220; _builder_version=&#8220;4.27.5&#8243; _module_preset=&#8220;default&#8220; toggle_text_color=&#8220;#FFFFFF&#8220; toggle_level=&#8220;h3&#8243; toggle_font=&#8220;|700|||||||&#8220; custom_margin=&#8220;||||false|false&#8220; custom_padding=&#8220;||||false|false&#8220; hover_enabled=&#8220;0&#8243; rank_math_faq_schema=&#8220;on&#8220; border_color_all=&#8220;#FFFFFF&#8220; global_colors_info=&#8220;{}&#8220; sticky_enabled=&#8220;0&#8243;][et_pb_accordion_item title=&#8220;1. Wie gro\u00df sind die Grundst\u00fccke im Wohngebiet Lirios?&#8220; open=&#8220;on&#8220; _builder_version=&#8220;4.27.5&#8243; _module_preset=&#8220;default&#8220; custom_margin=&#8220;||0px||false|false&#8220; border_radii=&#8220;off|5px|5px||&#8220; global_colors_info=&#8220;{}&#8220;]<\/p>\n<p>Die Grundst\u00fccksgr\u00f6\u00dfen liegen zwischen <strong data-start=\"3700\" data-end=\"3720\">750 und 1.200 m\u00b2<\/strong>, ideal f\u00fcr individuell geplante Villen mit Meerblick.<\/p>\n<p>[\/et_pb_accordion_item][et_pb_accordion_item title=&#8220;2. Haben die Villen im Wohngebiet Lirios Meerblick?&#8220; _builder_version=&#8220;4.27.5&#8243; _module_preset=&#8220;default&#8220; custom_margin=&#8220;||0px||false|false&#8220; border_radii=&#8220;off||||&#8220; global_colors_info=&#8220;{}&#8220; open=&#8220;off&#8220;]<\/p>\n<p>Ja, die meisten Grundst\u00fccke und Villen bieten einen direkten Blick auf das Mittelmeer und sind nach Osten oder S\u00fcdosten ausgerichtet.<\/p>\n<p>[\/et_pb_accordion_item][et_pb_accordion_item title=&#8220;3. Welche Einrichtungen befinden sich in der N\u00e4he?&#8220; _builder_version=&#8220;4.27.5&#8243; _module_preset=&#8220;default&#8220; custom_margin=&#8220;||0px||false|false&#8220; border_radii=&#8220;off||||&#8220; global_colors_info=&#8220;{}&#8220; open=&#8220;off&#8220;]<\/p>\n<p>Superm\u00e4rkte, Restaurants, internationale Schulen und Sportzentren sind in einem Umkreis von <strong data-start=\"4118\" data-end=\"4128\">2\u20133 km<\/strong> erreichbar.<\/p>\n<p>[\/et_pb_accordion_item][et_pb_accordion_item title=&#8220;4. Wie weit sind die Str\u00e4nde entfernt?&#8220; _builder_version=&#8220;4.27.5&#8243; _module_preset=&#8220;default&#8220; custom_margin=&#8220;||0px||false|false&#8220; border_radii=&#8220;off||||&#8220; global_colors_info=&#8220;{}&#8220; open=&#8220;off&#8220;]<\/p>\n<p>Str\u00e4nde wie <strong data-start=\"4199\" data-end=\"4209\">Morach<\/strong>, <strong data-start=\"4211\" data-end=\"4222\">Llebeig<\/strong> und <strong data-start=\"4227\" data-end=\"4240\">El Portet<\/strong> liegen zwischen <strong data-start=\"4257\" data-end=\"4271\">1 und 7 km<\/strong> entfernt. Der <strong data-start=\"4286\" data-end=\"4303\">Arenal Strand<\/strong> in J\u00e1vea ist etwa <strong data-start=\"4322\" data-end=\"4331\">12 km<\/strong> entfernt.<\/p>\n<p>[\/et_pb_accordion_item][et_pb_accordion_item title=&#8220;5. Ist Lirios f\u00fcr ganzj\u00e4hriges Wohnen geeignet?&#8220; _builder_version=&#8220;4.27.5&#8243; _module_preset=&#8220;default&#8220; custom_margin=&#8220;||0px||false|false&#8220; border_radii=&#8220;off||||&#8220; global_colors_info=&#8220;{}&#8220; open=&#8220;off&#8220;]<\/p>\n<p>Ja, dank der ruhigen Lage, der guten Infrastruktur und der N\u00e4he zu Schulen und Dienstleistungen eignet sich Lirios ideal f\u00fcr das ganze Jahr.<\/p>\n<p>[\/et_pb_accordion_item][et_pb_accordion_item title=&#8220;6. Ist das Wohngebiet Lirios eine gute Investition?&#8220; _builder_version=&#8220;4.27.5&#8243; _module_preset=&#8220;default&#8220; custom_margin=&#8220;||0px||false|false&#8220; border_radii=&#8220;off||||&#8220; global_colors_info=&#8220;{}&#8220; open=&#8220;off&#8220;]<\/p>\n<p>Aufgrund der gefragten Lage, der Meerblicke und der hochwertigen Umgebung ist Lirios auch aus Investment-Sicht \u00e4u\u00dferst attraktiv.<\/p>\n<p>[\/et_pb_accordion_item][\/et_pb_accordion][\/et_pb_column][\/et_pb_row][\/et_pb_section][et_pb_section fb_built=&#8220;1&#8243; _builder_version=&#8220;4.27.4&#8243; _module_preset=&#8220;default&#8220; background_image=&#8220;https:\/\/www.cumbredelsolpreowned.webloading.es\/wp-content\/uploads\/2025\/10\/restaurant-views-cumbre-del-sol.png&#8220; parallax=&#8220;on&#8220; da_disable_devices=&#8220;off|off|off&#8220; locked=&#8220;off&#8220; global_colors_info=&#8220;{}&#8220; da_is_popup=&#8220;off&#8220; da_exit_intent=&#8220;off&#8220; da_has_close=&#8220;on&#8220; da_alt_close=&#8220;off&#8220; da_dark_close=&#8220;off&#8220; da_not_modal=&#8220;on&#8220; da_is_singular=&#8220;off&#8220; da_with_loader=&#8220;off&#8220; da_has_shadow=&#8220;on&#8220;][et_pb_row column_structure=&#8220;1_2,1_2&#8243; _builder_version=&#8220;4.27.4&#8243; _module_preset=&#8220;default&#8220; width_tablet=&#8220;&#8220; width_phone=&#8220;90%&#8220; width_last_edited=&#8220;on|phone&#8220; custom_margin_tablet=&#8220;&#8220; custom_margin_phone=&#8220;20px||||false|false&#8220; custom_margin_last_edited=&#8220;on|phone&#8220; global_colors_info=&#8220;{}&#8220;][et_pb_column type=&#8220;1_2&#8243; _builder_version=&#8220;4.27.4&#8243; _module_preset=&#8220;default&#8220; global_colors_info=&#8220;{}&#8220;][\/et_pb_column][et_pb_column type=&#8220;1_2&#8243; _builder_version=&#8220;4.27.4&#8243; _module_preset=&#8220;default&#8220; background_color=&#8220;#FFFFFF&#8220; custom_padding=&#8220;40px|40px|20px|40px|false|true&#8220; custom_padding_tablet=&#8220;40px|40px|40px|40px|true|true&#8220; custom_padding_phone=&#8220;20px|15px|20px|15px|true|true&#8220; custom_padding_last_edited=&#8220;on|phone&#8220; scroll_vertical_motion_enable=&#8220;on&#8220; scroll_vertical_motion=&#8220;0|50|50|100|0.5|0|-1&#8243; border_radii=&#8220;on|8px|8px|8px|8px&#8220; box_shadow_style=&#8220;preset2&#8243; global_colors_info=&#8220;{}&#8220;][et_pb_text _builder_version=&#8220;4.27.5&#8243; _module_preset=&#8220;default&#8220; header_2_font=&#8220;|700|||||||&#8220; header_2_text_color=&#8220;#003E64&#8243; global_colors_info=&#8220;{}&#8220;]<\/p>\n<h2>Ich freue mich darauf, Sie kennenzulernen!<\/h2>\n<p>[\/et_pb_text][et_pb_dcgd_gravity_divi_module dc_dgfcm_form_id=&#8220;12&#8243; dc_dgfcm_show_title=&#8220;off&#8220; dc_dgfcm_show_description=&#8220;off&#8220; dc_dgfcm_enable_ajax=&#8220;on&#8220; _builder_version=&#8220;4.27.4&#8243; _module_preset=&#8220;default&#8220; global_colors_info=&#8220;{}&#8220;][\/et_pb_dcgd_gravity_divi_module][\/et_pb_column][\/et_pb_row][\/et_pb_section]<\/p>\n","protected":false},"excerpt":{"rendered":"<p><nav aria-label=\"breadcrumbs\" class=\"rank-math-breadcrumb\"><p><span class=\"last\">Home<\/span><\/p><\/nav>[BAvanzado KUBE][LVenta KUBE WDCUMBRELIRIOS]Wohngebiet Lirios \u2013 Villen mit Meerblick in Cumbre del Sol, Benitachell Haupt-Keyword: Lirios Residential Area Cumbre del SolSekund\u00e4re Keywords: Villen mit Meerblick Benitachell, Costa Blanca Immobilien, Villengrundst\u00fccke in Cumbre del Sol, mediterrane Immobilien. Einleitung Das Wohngebiet Lirios in Cumbre del Sol bietet nach Osten und S\u00fcdosten ausgerichtete Villen mit Meerblick auf gro\u00dfz\u00fcgigen [&hellip;]<\/p>\n","protected":false},"author":2,"featured_media":0,"parent":0,"menu_order":0,"comment_status":"closed","ping_status":"closed","template":"","meta":{"_acf_changed":false,"_et_pb_use_builder":"on","_et_pb_old_content":"","_et_gb_content_width":"","footnotes":""},"class_list":["post-10661","page","type-page","status-publish","hentry"],"acf":[],"_links":{"self":[{"href":"https:\/\/www.cumbredelsolpreowned.webloading.es\/de\/wp-json\/wp\/v2\/pages\/10661","targetHints":{"allow":["GET"]}}],"collection":[{"href":"https:\/\/www.cumbredelsolpreowned.webloading.es\/de\/wp-json\/wp\/v2\/pages"}],"about":[{"href":"https:\/\/www.cumbredelsolpreowned.webloading.es\/de\/wp-json\/wp\/v2\/types\/page"}],"author":[{"embeddable":true,"href":"https:\/\/www.cumbredelsolpreowned.webloading.es\/de\/wp-json\/wp\/v2\/users\/2"}],"replies":[{"embeddable":true,"href":"https:\/\/www.cumbredelsolpreowned.webloading.es\/de\/wp-json\/wp\/v2\/comments?post=10661"}],"version-history":[{"count":2,"href":"https:\/\/www.cumbredelsolpreowned.webloading.es\/de\/wp-json\/wp\/v2\/pages\/10661\/revisions"}],"predecessor-version":[{"id":12888,"href":"https:\/\/www.cumbredelsolpreowned.webloading.es\/de\/wp-json\/wp\/v2\/pages\/10661\/revisions\/12888"}],"wp:attachment":[{"href":"https:\/\/www.cumbredelsolpreowned.webloading.es\/de\/wp-json\/wp\/v2\/media?parent=10661"}],"curies":[{"name":"wp","href":"https:\/\/api.w.org\/{rel}","templated":true}]}}