{"id":10646,"date":"2025-09-25T10:48:56","date_gmt":"2025-09-25T09:48:56","guid":{"rendered":"https:\/\/www.cumbredelsolpreowned.webloading.es\/wohngebiet-kalmias-cumbre-del-sol\/"},"modified":"2026-01-07T11:07:33","modified_gmt":"2026-01-07T10:07:33","slug":"wohngebiet-kalmias-cumbre-del-sol","status":"publish","type":"page","link":"https:\/\/www.cumbredelsolpreowned.webloading.es\/de\/wohngebiet-kalmias-cumbre-del-sol\/","title":{"rendered":"Wohngebiet Kalmias Cumbre del Sol"},"content":{"rendered":"<p>[et_pb_section fb_built=&#8220;1&#8243; custom_padding_last_edited=&#8220;on|phone&#8220; _builder_version=&#8220;4.27.4&#8243; _module_preset=&#8220;default&#8220; background_color=&#8220;#FFFFFF&#8220; custom_padding=&#8220;20px||0px||false|false&#8220; custom_padding_tablet=&#8220;0px||||false|false&#8220; custom_padding_phone=&#8220;0px||0px||false|false&#8220; da_disable_devices=&#8220;off|off|off&#8220; global_colors_info=&#8220;{}&#8220; da_is_popup=&#8220;off&#8220; da_exit_intent=&#8220;off&#8220; da_has_close=&#8220;on&#8220; da_alt_close=&#8220;off&#8220; da_dark_close=&#8220;off&#8220; da_not_modal=&#8220;on&#8220; da_is_singular=&#8220;off&#8220; da_with_loader=&#8220;off&#8220; da_has_shadow=&#8220;on&#8220;][et_pb_row custom_padding_last_edited=&#8220;on|phone&#8220; _builder_version=&#8220;4.27.4&#8243; _module_preset=&#8220;default&#8220; custom_padding_tablet=&#8220;&#8220; custom_padding_phone=&#8220;10px||10px||true|false&#8220; global_colors_info=&#8220;{}&#8220;][et_pb_column type=&#8220;4_4&#8243; _builder_version=&#8220;4.27.4&#8243; _module_preset=&#8220;default&#8220; global_colors_info=&#8220;{}&#8220;][et_pb_post_title meta=&#8220;off&#8220; featured_image=&#8220;off&#8220; _builder_version=&#8220;4.27.4&#8243; _module_preset=&#8220;default&#8220; title_font=&#8220;|700|||||||&#8220; title_text_color=&#8220;#003E64&#8243; title_font_size=&#8220;32px&#8220; custom_margin=&#8220;||12px|||&#8220; custom_margin_tablet=&#8220;&#8220; custom_margin_phone=&#8220;||0px||false|false&#8220; custom_margin_last_edited=&#8220;on|phone&#8220; custom_padding=&#8220;||0px||false|false&#8220; global_colors_info=&#8220;{}&#8220;][\/et_pb_post_title][et_pb_code _builder_version=&#8220;4.27.4&#8243; _module_preset=&#8220;default&#8220; global_colors_info=&#8220;{}&#8220;]<nav aria-label=\"breadcrumbs\" class=\"rank-math-breadcrumb\"><p><span class=\"last\">Home<\/span><\/p><\/nav>[\/et_pb_code][\/et_pb_column][\/et_pb_row][\/et_pb_section][et_pb_section fb_built=&#8220;1&#8243; _builder_version=&#8220;4.27.4&#8243; _module_preset=&#8220;default&#8220; background_color=&#8220;#e0e0e0&#8243; custom_margin=&#8220;||||false|false&#8220; custom_padding=&#8220;0px||0px||false|false&#8220; da_disable_devices=&#8220;off|off|off&#8220; global_colors_info=&#8220;{}&#8220; da_is_popup=&#8220;off&#8220; da_exit_intent=&#8220;off&#8220; da_has_close=&#8220;on&#8220; da_alt_close=&#8220;off&#8220; da_dark_close=&#8220;off&#8220; da_not_modal=&#8220;on&#8220; da_is_singular=&#8220;off&#8220; da_with_loader=&#8220;off&#8220; da_has_shadow=&#8220;on&#8220;][et_pb_row custom_padding_last_edited=&#8220;on|phone&#8220; _builder_version=&#8220;4.27.4&#8243; _module_preset=&#8220;default&#8220; width=&#8220;95%&#8220; custom_padding=&#8220;20px||20px||true|false&#8220; custom_padding_tablet=&#8220;10px||10px||true|false&#8220; custom_padding_phone=&#8220;0px||0px||true|false&#8220; global_colors_info=&#8220;{}&#8220;][et_pb_column type=&#8220;4_4&#8243; _builder_version=&#8220;4.27.4&#8243; _module_preset=&#8220;default&#8220; global_colors_info=&#8220;{}&#8220;][et_pb_code _builder_version=&#8220;4.27.4&#8243; _module_preset=&#8220;default&#8220; text_orientation=&#8220;center&#8220; module_alignment=&#8220;center&#8220; custom_css_free_form=&#8220;selector .search-wrapper2 .search2{||  background-color:transparent;||}||||selector .col-md-4 input{||  border-radius:5px;||  padding: 15px 10px;||}||||selector .col-md-4 .form-control{||  border-radius:5px;||}||@media only screen and (min-width: 768px) {||selector .advance-search-form {||  display: flex;||  flex-wrap: wrap;||}||||selector .row {||  margin-right: 0;||  margin-left: 0;||  width: 33.333%;||   flex-grow: 1 !important;||}||||  selector .option .double .clearfix{||    min-width:70px !important;||  }||  ||  ||  selector .col-md-4{||    padding: 5px;||  }||}||||@media only screen and (max-width: 768px) {||selector .col-xs-12{||  width:50%;||}||  selector .opciones-avanzadas span {||  font-size: 14px;||  }||  selector .mb-2{||    margin-bottom:0px !important;||  }||  selector .col-md-6:nth-of-type(1){||    margin-bottom:5px;||  }||  selector .mb-2:nth-of-type(3){||    margin-top:10px;||  }||\/*   selector .col-md-4 input{||    margin-top:10px !important;||  }|| ||    selector .col-md-6:nth-of-type(2){||    display: inline-block;||  }*\/||  selector .mb-2{||    display:flex !important;||  }||  selector .col-xs-12 {||    padding: 5px;||  }||  selector .col-md-12 {||    padding: 0 5px !important;||  }||  selector .search-wrapper2 .search2 .form-control{||    margin:0;||  }||  selector  .search-wrapper2 .col-md-12{||    padding:0;||  }||  selector  .col-md-12 .opciones-avanzadas{||    text-align:left !important;||  }||}&#8220; global_colors_info=&#8220;{}&#8220;][BAvanzado KUBE][\/et_pb_code][\/et_pb_column][\/et_pb_row][\/et_pb_section][et_pb_section fb_built=&#8220;1&#8243; custom_padding_last_edited=&#8220;on|phone&#8220; _builder_version=&#8220;4.27.4&#8243; _module_preset=&#8220;default&#8220; custom_padding=&#8220;20px||20px||true|false&#8220; custom_padding_tablet=&#8220;&#8220; custom_padding_phone=&#8220;10px||10px||true|false&#8220; da_disable_devices=&#8220;off|off|off&#8220; global_colors_info=&#8220;{}&#8220; da_is_popup=&#8220;off&#8220; da_exit_intent=&#8220;off&#8220; da_has_close=&#8220;on&#8220; da_alt_close=&#8220;off&#8220; da_dark_close=&#8220;off&#8220; da_not_modal=&#8220;on&#8220; da_is_singular=&#8220;off&#8220; da_with_loader=&#8220;off&#8220; da_has_shadow=&#8220;on&#8220;][et_pb_row _builder_version=&#8220;4.27.4&#8243; _module_preset=&#8220;default&#8220; width=&#8220;90%&#8220; custom_padding=&#8220;0px||||false|false&#8220; global_colors_info=&#8220;{}&#8220;][et_pb_column type=&#8220;4_4&#8243; _builder_version=&#8220;4.27.4&#8243; _module_preset=&#8220;default&#8220; global_colors_info=&#8220;{}&#8220;][et_pb_code _builder_version=&#8220;4.27.4&#8243; _module_preset=&#8220;default&#8220; text_orientation=&#8220;center&#8220; custom_css_free_form=&#8220;@media only screen and (max-width: 768px) {||||  selector .filters-wrapper-plugin{||    margin:10px 17px !important;||  }||}&#8220; global_colors_info=&#8220;{}&#8220;][LVenta KUBE WDCUMBREKALMIAS][\/et_pb_code][\/et_pb_column][\/et_pb_row][\/et_pb_section][et_pb_section fb_built=&#8220;1&#8243; disabled_on=&#8220;off|off|off&#8220; _builder_version=&#8220;4.27.5&#8243; _module_preset=&#8220;default&#8220; hover_enabled=&#8220;0&#8243; da_disable_devices=&#8220;off|off|off&#8220; global_colors_info=&#8220;{}&#8220; sticky_enabled=&#8220;0&#8243; da_is_popup=&#8220;off&#8220; da_exit_intent=&#8220;off&#8220; da_has_close=&#8220;on&#8220; da_alt_close=&#8220;off&#8220; da_dark_close=&#8220;off&#8220; da_not_modal=&#8220;on&#8220; da_is_singular=&#8220;off&#8220; da_with_loader=&#8220;off&#8220; da_has_shadow=&#8220;on&#8220;][et_pb_row _builder_version=&#8220;4.27.4&#8243; _module_preset=&#8220;default&#8220; global_colors_info=&#8220;{}&#8220;][et_pb_column type=&#8220;4_4&#8243; _builder_version=&#8220;4.27.4&#8243; _module_preset=&#8220;default&#8220; global_colors_info=&#8220;{}&#8220;][et_pb_text _builder_version=&#8220;4.27.5&#8243; _module_preset=&#8220;default&#8220; hover_enabled=&#8220;0&#8243; global_colors_info=&#8220;{}&#8220; sticky_enabled=&#8220;0&#8243;]<\/p>\n<h2 data-start=\"0\" data-end=\"76\">Wohngebiet Kalmias \u2013 Villen mit Meerblick in<strong data-start=\"0\" data-end=\"76\"> Cumbre del Sol, Benitachell<\/strong><\/h2>\n<h2 data-start=\"78\" data-end=\"372\"><strong data-start=\"78\" data-end=\"92\">Einleitung<\/strong><\/h2>\n<p data-start=\"78\" data-end=\"372\">Das Wohngebiet Kalmias in Cumbre del Sol bietet exklusive Villengrundst\u00fccke mit beeindruckendem Meer- und Bergblick in Benitachell. Eine privilegierte Lage, viel Sonnenlicht und die nat\u00fcrliche Sch\u00f6nheit der Costa Blanca vereinen sich hier zu einem au\u00dfergew\u00f6hnlichen Wohnumfeld.<\/p>\n<h2 data-start=\"374\" data-end=\"1062\"><strong data-start=\"374\" data-end=\"427\">\u00dcber Kalmias \u2013 Exklusive Villen mit Panoramablick<\/strong><\/h2>\n<p data-start=\"374\" data-end=\"1062\">Am s\u00fcdlichen Eingang von Cumbre del Sol gelegen, umfasst das Wohngebiet Kalmias 189 Villengrundst\u00fccke mit Fl\u00e4chen von 750 bis 1.200 m\u00b2. Die meisten Parzellen verf\u00fcgen \u00fcber einen weiten Panoramablick auf das Mittelmeer, das Tal von Moraira, Calpe sowie auf die Berge der Sierra de Bernia in der Ferne.<\/p>\n<p data-start=\"374\" data-end=\"1062\">Die Ausrichtung der Grundst\u00fccke variiert zwischen S\u00fcden und S\u00fcdwesten und garantiert dadurch optimale Lichtverh\u00e4ltnisse sowie eindrucksvolle mediterrane Sonnenunterg\u00e4nge.<\/p>\n<p data-start=\"374\" data-end=\"1062\">Kalmias grenzt an die renommierten Wohngebiete Jazmines und Lirios und \u00fcberzeugt durch seine ruhige, erh\u00f6hte Lage innerhalb der Urbanisation Cumbre del Sol.<\/p>\n<h2 data-start=\"1064\" data-end=\"1895\"><strong data-start=\"1064\" data-end=\"1133\">Nahegelegene Einrichtungen und Entfernungen zu wichtigen Services<\/strong><\/h2>\n<h3 data-start=\"1064\" data-end=\"1895\">In 1\u20133 km<\/h3>\n<ul>\n<li data-start=\"1217\" data-end=\"1337\">\n<p data-start=\"1219\" data-end=\"1337\"><strong data-start=\"1219\" data-end=\"1250\">Dreamsea Mediterranean Camp<\/strong> mit Bar, Restaurant und Zugang zu Morach Beach, Cala de los Tiestos und Cala Llebeig<\/p>\n<\/li>\n<li data-start=\"1338\" data-end=\"1381\">\n<p data-start=\"1340\" data-end=\"1381\"><strong data-start=\"1340\" data-end=\"1379\">Lady Elizabeth International School<\/strong><\/p>\n<\/li>\n<li data-start=\"1382\" data-end=\"1410\">\n<p data-start=\"1384\" data-end=\"1410\"><strong data-start=\"1384\" data-end=\"1397\">Mercadona<\/strong> Supermarkt<\/p>\n<\/li>\n<li data-start=\"1411\" data-end=\"1426\">\n<p data-start=\"1413\" data-end=\"1426\">Reitzentrum<\/p>\n<\/li>\n<\/ul>\n<h3 data-start=\"1064\" data-end=\"1895\">In 4\u20135 km<\/h3>\n<ul>\n<li data-start=\"1455\" data-end=\"1618\">\n<p data-start=\"1457\" data-end=\"1491\"><strong data-start=\"1457\" data-end=\"1484\">Einkaufszentrum Adelfas<\/strong> mit:<\/p>\n<ul data-start=\"1494\" data-end=\"1618\">\n<li data-start=\"1494\" data-end=\"1520\">\n<p data-start=\"1496\" data-end=\"1520\">Pepe la Sal Supermarkt<\/p>\n<\/li>\n<li data-start=\"1523\" data-end=\"1568\">\n<p data-start=\"1525\" data-end=\"1568\">Friseur, Wartungs- und Vermietungsservice<\/p>\n<\/li>\n<li data-start=\"1571\" data-end=\"1618\">\n<p data-start=\"1573\" data-end=\"1618\">Caf\u00e9-Bar, Restaurant La Cumbre und Apotheke<\/p>\n<\/li>\n<\/ul>\n<\/li>\n<li data-start=\"1619\" data-end=\"1674\">\n<p data-start=\"1621\" data-end=\"1674\">Sportzentrum mit Padel- und Tennispl\u00e4tzen sowie Bar<\/p>\n<\/li>\n<li data-start=\"1675\" data-end=\"1703\">\n<p data-start=\"1677\" data-end=\"1703\"><strong data-start=\"1677\" data-end=\"1690\">Mas y Mas<\/strong> Supermarkt<\/p>\n<\/li>\n<li data-start=\"1704\" data-end=\"1737\">\n<p data-start=\"1706\" data-end=\"1737\">Ortszentrum von <strong data-start=\"1722\" data-end=\"1737\">Benitachell<\/strong><\/p>\n<\/li>\n<\/ul>\n<h3 data-start=\"1064\" data-end=\"1895\">In 6\u20137 km<\/h3>\n<ul>\n<li data-start=\"1766\" data-end=\"1801\">\n<p data-start=\"1768\" data-end=\"1801\"><strong data-start=\"1768\" data-end=\"1788\">El Portet Strand<\/strong> in Moraira<\/p>\n<\/li>\n<li data-start=\"1802\" data-end=\"1823\">\n<p data-start=\"1804\" data-end=\"1823\"><strong data-start=\"1804\" data-end=\"1823\">Golfplatz J\u00e1vea<\/strong><\/p>\n<\/li>\n<\/ul>\n<h3 data-start=\"1064\" data-end=\"1895\">12 km Entfernung<\/h3>\n<ul>\n<li data-start=\"1064\" data-end=\"1895\"><strong data-start=\"1853\" data-end=\"1879\">Arenal Strand in J\u00e1vea<\/strong>, ideal f\u00fcr Familien und Freizeitaktivit\u00e4ten<\/li>\n<\/ul>\n<h2 data-start=\"1897\" data-end=\"2334\"><strong data-start=\"1897\" data-end=\"1954\">Warum das Wohngebiet Kalmias in Cumbre del Sol w\u00e4hlen<\/strong><\/h2>\n<ul>\n<li data-start=\"1995\" data-end=\"2055\">\n<p data-start=\"1997\" data-end=\"2055\">Gro\u00dfz\u00fcgige Grundst\u00fccke mit <strong data-start=\"2024\" data-end=\"2053\">Meer-, Berg- und Talblick<\/strong><\/p>\n<\/li>\n<li data-start=\"2056\" data-end=\"2117\">\n<p data-start=\"2058\" data-end=\"2117\">S\u00fcd- und S\u00fcdwestausrichtung f\u00fcr hervorragendes Tageslicht<\/p>\n<\/li>\n<li data-start=\"2118\" data-end=\"2196\">\n<p data-start=\"2120\" data-end=\"2196\">N\u00e4he zu <strong data-start=\"2128\" data-end=\"2194\">Str\u00e4nden, Schulen, Einkaufsm\u00f6glichkeiten und Freizeitangeboten<\/strong><\/p>\n<\/li>\n<li data-start=\"2197\" data-end=\"2258\">\n<p data-start=\"2199\" data-end=\"2258\">Ruhiges, gehobenes Wohnumfeld mit guter Verkehrsanbindung<\/p>\n<\/li>\n<li data-start=\"2259\" data-end=\"2329\">\n<p data-start=\"2261\" data-end=\"2329\">Ideal zum <strong data-start=\"2271\" data-end=\"2329\">Bauen oder Kaufen einer Luxusvilla an der Costa Blanca<\/strong><\/p>\n<\/li>\n<\/ul>\n<h2 data-start=\"2336\" data-end=\"2641\"><strong data-start=\"2336\" data-end=\"2371\">Erh\u00f6ht leben, inspiriert wohnen<\/strong><\/h2>\n<p data-start=\"2336\" data-end=\"2641\">Ein Zuhause im <strong data-start=\"2391\" data-end=\"2413\">Wohngebiet Kalmias<\/strong> bedeutet, jeden Tag Panoramablicke, mediterrane Natur und modernen Komfort zu genie\u00dfen. Ob als Traumhaus oder als wertbest\u00e4ndige Investition \u2013 Kalmias bietet eine au\u00dfergew\u00f6hnliche Lage und Lebensqualit\u00e4t in <strong data-start=\"2621\" data-end=\"2652\">Cumbre del Sol, Benitachell<\/strong>.<\/p>\n<h2 data-start=\"2643\" data-end=\"2972\"><strong data-start=\"2643\" data-end=\"2688\">Kontaktieren Sie Cumbre del Sol Pre-Owned<\/strong><\/h2>\n<p data-start=\"2643\" data-end=\"2972\">M\u00f6chten Sie Villen oder Grundst\u00fccke im <strong data-start=\"2749\" data-end=\"2786\">Wohngebiet Kalmias Cumbre del Sol<\/strong> entdecken? <strong data-start=\"2798\" data-end=\"2854\">Kontaktieren Sie Cumbre del Sol Pre-Owned noch heute<\/strong>. Wir beraten Sie pers\u00f6nlich und helfen Ihnen, das passende Grundst\u00fcck oder eine hochwertige Bestandsvilla zu finden.<\/p>\n<p data-start=\"2974\" data-end=\"3191\">Das <strong data-start=\"2996\" data-end=\"3036\">Wohngebiet Kalmias in Cumbre del Sol<\/strong> bietet eine exklusive Gelegenheit, ein s\u00fcdlich ausgerichtetes Villengrundst\u00fcck mit <strong data-start=\"3120\" data-end=\"3143\">Meer- und Bergblick<\/strong> in einer der begehrtesten Lagen der <strong data-start=\"3180\" data-end=\"3196\">Costa Blanca<\/strong> zu erwerben.<\/p>\n<p>[\/et_pb_text][\/et_pb_column][\/et_pb_row][et_pb_row _builder_version=&#8220;4.27.4&#8243; _module_preset=&#8220;default&#8220; width_tablet=&#8220;&#8220; width_phone=&#8220;90%&#8220; width_last_edited=&#8220;on|phone&#8220; custom_padding=&#8220;0px|||||&#8220; global_colors_info=&#8220;{}&#8220;][et_pb_column type=&#8220;4_4&#8243; _builder_version=&#8220;4.27.4&#8243; _module_preset=&#8220;default&#8220; global_colors_info=&#8220;{}&#8220;][et_pb_text _builder_version=&#8220;4.27.5&#8243; _module_preset=&#8220;default&#8220; header_2_font=&#8220;|700|||||||&#8220; header_2_text_align=&#8220;center&#8220; header_2_text_color=&#8220;#003E64&#8243; header_2_font_size=&#8220;32px&#8220; custom_padding=&#8220;40px||||false|false&#8220; global_colors_info=&#8220;{}&#8220;]<\/p>\n<h2>H\u00e4ufig gestellte Fragen zum \u00c1rea residential Kalmias Cumbre del Sol<\/h2>\n<p>[\/et_pb_text][et_pb_accordion open_toggle_text_color=&#8220;#003E64&#8243; closed_toggle_text_color=&#8220;#003E64&#8243; closed_toggle_background_color=&#8220;#F3F3F3&#8243; toggle_icon=&#8220;&#x4c;||divi||400&#8243; icon_color=&#8220;#E06F1D&#8220; use_icon_font_size=&#8220;on&#8220; icon_font_size=&#8220;26px&#8220; _builder_version=&#8220;4.27.5&#8243; _module_preset=&#8220;default&#8220; toggle_text_color=&#8220;#FFFFFF&#8220; toggle_level=&#8220;h3&#8243; toggle_font=&#8220;|700|||||||&#8220; custom_margin=&#8220;||||false|false&#8220; custom_padding=&#8220;||||false|false&#8220; hover_enabled=&#8220;0&#8243; rank_math_faq_schema=&#8220;on&#8220; border_color_all=&#8220;#FFFFFF&#8220; global_colors_info=&#8220;{}&#8220; sticky_enabled=&#8220;0&#8243;][et_pb_accordion_item title=&#8220;1. Welche Grundst\u00fccksgr\u00f6\u00dfen gibt es im Wohngebiet Kalmias?&#8220; open=&#8220;on&#8220; _builder_version=&#8220;4.27.5&#8243; _module_preset=&#8220;default&#8220; custom_margin=&#8220;||0px||false|false&#8220; border_radii=&#8220;off|5px|5px||&#8220; global_colors_info=&#8220;{}&#8220;]<\/p>\n<p>Die Grundst\u00fccke haben Fl\u00e4chen zwischen 750 und 1.200 m\u00b2 und eignen sich ideal f\u00fcr individuell geplante Luxusvillen.<\/p>\n<p>[\/et_pb_accordion_item][et_pb_accordion_item title=&#8220;2. Welche Ausblicke bieten die Grundst\u00fccke in Kalmias?&#8220; _builder_version=&#8220;4.27.5&#8243; _module_preset=&#8220;default&#8220; custom_margin=&#8220;||0px||false|false&#8220; border_radii=&#8220;off||||&#8220; global_colors_info=&#8220;{}&#8220; open=&#8220;off&#8220;]<\/p>\n<p>Die meisten Parzellen verf\u00fcgen \u00fcber Meerblick Richtung Moraira und Calpe sowie \u00fcber Bergblicke auf die Sierra de Bernia.<\/p>\n<p>[\/et_pb_accordion_item][et_pb_accordion_item title=&#8220;3. Wie weit sind die Str\u00e4nde vom Wohngebiet Kalmias entfernt?&#8220; _builder_version=&#8220;4.27.5&#8243; _module_preset=&#8220;default&#8220; custom_margin=&#8220;||0px||false|false&#8220; border_radii=&#8220;off||||&#8220; global_colors_info=&#8220;{}&#8220; open=&#8220;off&#8220;]<\/p>\n<p>Die Playa Morach liegt etwa 1\u20133 km entfernt, weitere Str\u00e4nde wie El Portet oder der Arenal-Strand sind in 6\u201312 km erreichbar.<\/p>\n<p>[\/et_pb_accordion_item][et_pb_accordion_item title=&#8220;4. Gibt es Schulen und Dienstleistungen in der N\u00e4he?&#8220; _builder_version=&#8220;4.27.5&#8243; _module_preset=&#8220;default&#8220; custom_margin=&#8220;||0px||false|false&#8220; border_radii=&#8220;off||||&#8220; global_colors_info=&#8220;{}&#8220; open=&#8220;off&#8220;]<\/p>\n<p>Ja, internationale Schulen, Superm\u00e4rkte, Restaurants und Sportanlagen befinden sich in einem Umkreis von etwa 3\u20135 km.<\/p>\n<p>[\/et_pb_accordion_item][et_pb_accordion_item title=&#8220;5. Ist Kalmias f\u00fcr dauerhaftes Wohnen geeignet?&#8220; _builder_version=&#8220;4.27.5&#8243; _module_preset=&#8220;default&#8220; custom_margin=&#8220;||0px||false|false&#8220; border_radii=&#8220;off||||&#8220; global_colors_info=&#8220;{}&#8220; open=&#8220;off&#8220;]<\/p>\n<p>Dank der ruhigen Lage, der guten Infrastruktur und der N\u00e4he zu allen wichtigen Einrichtungen ist Kalmias ideal f\u00fcr einen ganzj\u00e4hrigen Wohnsitz geeignet.<\/p>\n<p>[\/et_pb_accordion_item][\/et_pb_accordion][\/et_pb_column][\/et_pb_row][\/et_pb_section][et_pb_section fb_built=&#8220;1&#8243; _builder_version=&#8220;4.27.4&#8243; _module_preset=&#8220;default&#8220; background_image=&#8220;https:\/\/www.cumbredelsolpreowned.webloading.es\/wp-content\/uploads\/2025\/10\/restaurant-views-cumbre-del-sol.png&#8220; parallax=&#8220;on&#8220; da_disable_devices=&#8220;off|off|off&#8220; locked=&#8220;off&#8220; global_colors_info=&#8220;{}&#8220; da_is_popup=&#8220;off&#8220; da_exit_intent=&#8220;off&#8220; da_has_close=&#8220;on&#8220; da_alt_close=&#8220;off&#8220; da_dark_close=&#8220;off&#8220; da_not_modal=&#8220;on&#8220; da_is_singular=&#8220;off&#8220; da_with_loader=&#8220;off&#8220; da_has_shadow=&#8220;on&#8220;][et_pb_row column_structure=&#8220;1_2,1_2&#8243; _builder_version=&#8220;4.27.4&#8243; _module_preset=&#8220;default&#8220; width_tablet=&#8220;&#8220; width_phone=&#8220;90%&#8220; width_last_edited=&#8220;on|phone&#8220; custom_margin_tablet=&#8220;&#8220; custom_margin_phone=&#8220;20px||||false|false&#8220; custom_margin_last_edited=&#8220;on|phone&#8220; global_colors_info=&#8220;{}&#8220;][et_pb_column type=&#8220;1_2&#8243; _builder_version=&#8220;4.27.4&#8243; _module_preset=&#8220;default&#8220; global_colors_info=&#8220;{}&#8220;][\/et_pb_column][et_pb_column type=&#8220;1_2&#8243; _builder_version=&#8220;4.27.4&#8243; _module_preset=&#8220;default&#8220; background_color=&#8220;#FFFFFF&#8220; custom_padding=&#8220;40px|40px|20px|40px|false|true&#8220; custom_padding_tablet=&#8220;40px|40px|40px|40px|true|true&#8220; custom_padding_phone=&#8220;20px|15px|20px|15px|true|true&#8220; custom_padding_last_edited=&#8220;on|phone&#8220; scroll_vertical_motion_enable=&#8220;on&#8220; scroll_vertical_motion=&#8220;0|50|50|100|0.5|0|-1&#8243; border_radii=&#8220;on|8px|8px|8px|8px&#8220; box_shadow_style=&#8220;preset2&#8243; global_colors_info=&#8220;{}&#8220;][et_pb_text _builder_version=&#8220;4.27.5&#8243; _module_preset=&#8220;default&#8220; header_2_font=&#8220;|700|||||||&#8220; header_2_text_color=&#8220;#003E64&#8243; global_colors_info=&#8220;{}&#8220;]<\/p>\n<h2>Ich freue mich darauf, Sie kennenzulernen!<\/h2>\n<p>[\/et_pb_text][et_pb_dcgd_gravity_divi_module dc_dgfcm_form_id=&#8220;12&#8243; dc_dgfcm_show_title=&#8220;off&#8220; dc_dgfcm_show_description=&#8220;off&#8220; dc_dgfcm_enable_ajax=&#8220;on&#8220; _builder_version=&#8220;4.27.4&#8243; _module_preset=&#8220;default&#8220; global_colors_info=&#8220;{}&#8220;][\/et_pb_dcgd_gravity_divi_module][\/et_pb_column][\/et_pb_row][\/et_pb_section]<\/p>\n","protected":false},"excerpt":{"rendered":"<p><nav aria-label=\"breadcrumbs\" class=\"rank-math-breadcrumb\"><p><span class=\"last\">Home<\/span><\/p><\/nav>[BAvanzado KUBE][LVenta KUBE WDCUMBREKALMIAS]Wohngebiet Kalmias \u2013 Villen mit Meerblick in Cumbre del Sol, Benitachell Einleitung Das Wohngebiet Kalmias in Cumbre del Sol bietet exklusive Villengrundst\u00fccke mit beeindruckendem Meer- und Bergblick in Benitachell. Eine privilegierte Lage, viel Sonnenlicht und die nat\u00fcrliche Sch\u00f6nheit der Costa Blanca vereinen sich hier zu einem au\u00dfergew\u00f6hnlichen Wohnumfeld. \u00dcber Kalmias \u2013 Exklusive [&hellip;]<\/p>\n","protected":false},"author":2,"featured_media":0,"parent":0,"menu_order":0,"comment_status":"closed","ping_status":"closed","template":"","meta":{"_acf_changed":false,"_et_pb_use_builder":"on","_et_pb_old_content":"","_et_gb_content_width":"","footnotes":""},"class_list":["post-10646","page","type-page","status-publish","hentry"],"acf":[],"_links":{"self":[{"href":"https:\/\/www.cumbredelsolpreowned.webloading.es\/de\/wp-json\/wp\/v2\/pages\/10646","targetHints":{"allow":["GET"]}}],"collection":[{"href":"https:\/\/www.cumbredelsolpreowned.webloading.es\/de\/wp-json\/wp\/v2\/pages"}],"about":[{"href":"https:\/\/www.cumbredelsolpreowned.webloading.es\/de\/wp-json\/wp\/v2\/types\/page"}],"author":[{"embeddable":true,"href":"https:\/\/www.cumbredelsolpreowned.webloading.es\/de\/wp-json\/wp\/v2\/users\/2"}],"replies":[{"embeddable":true,"href":"https:\/\/www.cumbredelsolpreowned.webloading.es\/de\/wp-json\/wp\/v2\/comments?post=10646"}],"version-history":[{"count":2,"href":"https:\/\/www.cumbredelsolpreowned.webloading.es\/de\/wp-json\/wp\/v2\/pages\/10646\/revisions"}],"predecessor-version":[{"id":12883,"href":"https:\/\/www.cumbredelsolpreowned.webloading.es\/de\/wp-json\/wp\/v2\/pages\/10646\/revisions\/12883"}],"wp:attachment":[{"href":"https:\/\/www.cumbredelsolpreowned.webloading.es\/de\/wp-json\/wp\/v2\/media?parent=10646"}],"curies":[{"name":"wp","href":"https:\/\/api.w.org\/{rel}","templated":true}]}}