{"id":10631,"date":"2025-09-25T10:42:16","date_gmt":"2025-09-25T09:42:16","guid":{"rendered":"https:\/\/www.cumbredelsolpreowned.webloading.es\/das-wohngebiet-jazmines-cumbre-del-sol\/"},"modified":"2026-01-07T11:00:20","modified_gmt":"2026-01-07T10:00:20","slug":"das-wohngebiet-jazmines-cumbre-del-sol","status":"publish","type":"page","link":"https:\/\/www.cumbredelsolpreowned.webloading.es\/de\/das-wohngebiet-jazmines-cumbre-del-sol\/","title":{"rendered":"Das Wohngebiet Jazmines Cumbre del Sol"},"content":{"rendered":"<p>[et_pb_section fb_built=&#8220;1&#8243; custom_padding_last_edited=&#8220;on|phone&#8220; _builder_version=&#8220;4.27.4&#8243; _module_preset=&#8220;default&#8220; background_color=&#8220;#FFFFFF&#8220; custom_padding=&#8220;20px||0px||false|false&#8220; custom_padding_tablet=&#8220;0px||||false|false&#8220; custom_padding_phone=&#8220;0px||0px||false|false&#8220; da_disable_devices=&#8220;off|off|off&#8220; global_colors_info=&#8220;{}&#8220; da_is_popup=&#8220;off&#8220; da_exit_intent=&#8220;off&#8220; da_has_close=&#8220;on&#8220; da_alt_close=&#8220;off&#8220; da_dark_close=&#8220;off&#8220; da_not_modal=&#8220;on&#8220; da_is_singular=&#8220;off&#8220; da_with_loader=&#8220;off&#8220; da_has_shadow=&#8220;on&#8220;][et_pb_row custom_padding_last_edited=&#8220;on|phone&#8220; _builder_version=&#8220;4.27.4&#8243; _module_preset=&#8220;default&#8220; custom_padding_tablet=&#8220;&#8220; custom_padding_phone=&#8220;10px||10px||true|false&#8220; global_colors_info=&#8220;{}&#8220;][et_pb_column type=&#8220;4_4&#8243; _builder_version=&#8220;4.27.4&#8243; _module_preset=&#8220;default&#8220; global_colors_info=&#8220;{}&#8220;][et_pb_post_title meta=&#8220;off&#8220; featured_image=&#8220;off&#8220; _builder_version=&#8220;4.27.4&#8243; _module_preset=&#8220;default&#8220; title_font=&#8220;|700|||||||&#8220; title_text_color=&#8220;#003E64&#8243; title_font_size=&#8220;32px&#8220; custom_margin=&#8220;||12px|||&#8220; custom_margin_tablet=&#8220;&#8220; custom_margin_phone=&#8220;||0px||false|false&#8220; custom_margin_last_edited=&#8220;on|phone&#8220; custom_padding=&#8220;||0px||false|false&#8220; global_colors_info=&#8220;{}&#8220;][\/et_pb_post_title][et_pb_code _builder_version=&#8220;4.27.4&#8243; _module_preset=&#8220;default&#8220; global_colors_info=&#8220;{}&#8220;]<nav aria-label=\"breadcrumbs\" class=\"rank-math-breadcrumb\"><p><span class=\"last\">Home<\/span><\/p><\/nav>[\/et_pb_code][\/et_pb_column][\/et_pb_row][\/et_pb_section][et_pb_section fb_built=&#8220;1&#8243; _builder_version=&#8220;4.27.4&#8243; _module_preset=&#8220;default&#8220; background_color=&#8220;#e0e0e0&#8243; custom_margin=&#8220;||||false|false&#8220; custom_padding=&#8220;0px||0px||false|false&#8220; da_disable_devices=&#8220;off|off|off&#8220; global_colors_info=&#8220;{}&#8220; da_is_popup=&#8220;off&#8220; da_exit_intent=&#8220;off&#8220; da_has_close=&#8220;on&#8220; da_alt_close=&#8220;off&#8220; da_dark_close=&#8220;off&#8220; da_not_modal=&#8220;on&#8220; da_is_singular=&#8220;off&#8220; da_with_loader=&#8220;off&#8220; da_has_shadow=&#8220;on&#8220;][et_pb_row custom_padding_last_edited=&#8220;on|phone&#8220; _builder_version=&#8220;4.27.4&#8243; _module_preset=&#8220;default&#8220; width=&#8220;95%&#8220; custom_padding=&#8220;20px||20px||true|false&#8220; custom_padding_tablet=&#8220;10px||10px||true|false&#8220; custom_padding_phone=&#8220;0px||0px||true|false&#8220; global_colors_info=&#8220;{}&#8220;][et_pb_column type=&#8220;4_4&#8243; _builder_version=&#8220;4.27.4&#8243; _module_preset=&#8220;default&#8220; global_colors_info=&#8220;{}&#8220;][et_pb_code _builder_version=&#8220;4.27.4&#8243; _module_preset=&#8220;default&#8220; text_orientation=&#8220;center&#8220; module_alignment=&#8220;center&#8220; custom_css_free_form=&#8220;selector .search-wrapper2 .search2{||  background-color:transparent;||}||||selector .col-md-4 input{||  border-radius:5px;||  padding: 15px 10px;||}||||selector .col-md-4 .form-control{||  border-radius:5px;||}||@media only screen and (min-width: 768px) {||selector .advance-search-form {||  display: flex;||  flex-wrap: wrap;||}||||selector .row {||  margin-right: 0;||  margin-left: 0;||  width: 33.333%;||   flex-grow: 1 !important;||}||||  selector .option .double .clearfix{||    min-width:70px !important;||  }||  ||  ||  selector .col-md-4{||    padding: 5px;||  }||}||||@media only screen and (max-width: 768px) {||selector .col-xs-12{||  width:50%;||}||  selector .opciones-avanzadas span {||  font-size: 14px;||  }||  selector .mb-2{||    margin-bottom:0px !important;||  }||  selector .col-md-6:nth-of-type(1){||    margin-bottom:5px;||  }||  selector .mb-2:nth-of-type(3){||    margin-top:10px;||  }||\/*   selector .col-md-4 input{||    margin-top:10px !important;||  }|| ||    selector .col-md-6:nth-of-type(2){||    display: inline-block;||  }*\/||  selector .mb-2{||    display:flex !important;||  }||  selector .col-xs-12 {||    padding: 5px;||  }||  selector .col-md-12 {||    padding: 0 5px !important;||  }||  selector .search-wrapper2 .search2 .form-control{||    margin:0;||  }||  selector  .search-wrapper2 .col-md-12{||    padding:0;||  }||  selector  .col-md-12 .opciones-avanzadas{||    text-align:left !important;||  }||}&#8220; global_colors_info=&#8220;{}&#8220;][BAvanzado KUBE][\/et_pb_code][\/et_pb_column][\/et_pb_row][\/et_pb_section][et_pb_section fb_built=&#8220;1&#8243; custom_padding_last_edited=&#8220;on|phone&#8220; _builder_version=&#8220;4.27.4&#8243; _module_preset=&#8220;default&#8220; custom_padding=&#8220;20px||20px||true|false&#8220; custom_padding_tablet=&#8220;&#8220; custom_padding_phone=&#8220;10px||10px||true|false&#8220; da_disable_devices=&#8220;off|off|off&#8220; global_colors_info=&#8220;{}&#8220; da_is_popup=&#8220;off&#8220; da_exit_intent=&#8220;off&#8220; da_has_close=&#8220;on&#8220; da_alt_close=&#8220;off&#8220; da_dark_close=&#8220;off&#8220; da_not_modal=&#8220;on&#8220; da_is_singular=&#8220;off&#8220; da_with_loader=&#8220;off&#8220; da_has_shadow=&#8220;on&#8220;][et_pb_row _builder_version=&#8220;4.27.4&#8243; _module_preset=&#8220;default&#8220; width=&#8220;90%&#8220; custom_padding=&#8220;0px||||false|false&#8220; global_colors_info=&#8220;{}&#8220;][et_pb_column type=&#8220;4_4&#8243; _builder_version=&#8220;4.27.4&#8243; _module_preset=&#8220;default&#8220; global_colors_info=&#8220;{}&#8220;][et_pb_code _builder_version=&#8220;4.27.4&#8243; _module_preset=&#8220;default&#8220; text_orientation=&#8220;center&#8220; custom_css_free_form=&#8220;@media only screen and (max-width: 768px) {||||  selector .filters-wrapper-plugin{||    margin:10px 17px !important;||  }||}&#8220; global_colors_info=&#8220;{}&#8220;][LVenta KUBE WDCUMBREJAZMINES][\/et_pb_code][\/et_pb_column][\/et_pb_row][\/et_pb_section][et_pb_section fb_built=&#8220;1&#8243; disabled_on=&#8220;off|off|off&#8220; _builder_version=&#8220;4.27.5&#8243; _module_preset=&#8220;default&#8220; hover_enabled=&#8220;0&#8243; da_disable_devices=&#8220;off|off|off&#8220; global_colors_info=&#8220;{}&#8220; sticky_enabled=&#8220;0&#8243; da_is_popup=&#8220;off&#8220; da_exit_intent=&#8220;off&#8220; da_has_close=&#8220;on&#8220; da_alt_close=&#8220;off&#8220; da_dark_close=&#8220;off&#8220; da_not_modal=&#8220;on&#8220; da_is_singular=&#8220;off&#8220; da_with_loader=&#8220;off&#8220; da_has_shadow=&#8220;on&#8220;][et_pb_row _builder_version=&#8220;4.27.4&#8243; _module_preset=&#8220;default&#8220; global_colors_info=&#8220;{}&#8220;][et_pb_column type=&#8220;4_4&#8243; _builder_version=&#8220;4.27.4&#8243; _module_preset=&#8220;default&#8220; global_colors_info=&#8220;{}&#8220;][et_pb_text _builder_version=&#8220;4.27.5&#8243; _module_preset=&#8220;default&#8220; hover_enabled=&#8220;0&#8243; global_colors_info=&#8220;{}&#8220; sticky_enabled=&#8220;0&#8243;]<\/p>\n<h2 data-start=\"216\" data-end=\"258\">Wohngebiet Jazmines in <strong>Cumbre del Sol<\/strong><br \/>Exklusives Wohnen im Norden der <strong>Costa Blanca entdecken<\/strong><\/h2>\n<p data-start=\"315\" data-end=\"497\"><br data-start=\"332\" data-end=\"335\" \/>Willkommen in der <strong data-start=\"180\" data-end=\"224\">Zona Residencial Jazmines Cumbre del Sol<\/strong>, wo <strong data-start=\"229\" data-end=\"274\">luxuri\u00f6se Villen an der Costa Blanca Nord<\/strong> modernes Design mit <strong data-start=\"295\" data-end=\"341\">atemberaubenden, panoramischen Meerblicken<\/strong> vereinen. Diese exklusive Wohngegend steht f\u00fcr Privatsph\u00e4re, Eleganz und h\u00f6chste Lebensqualit\u00e4t.<\/p>\n<h2 data-start=\"504\" data-end=\"546\">Warum das Wohngebiet Jazmines einzigartig ist<\/h2>\n<h3 data-start=\"548\" data-end=\"587\">1. Bezugsfertige Luxusvillen<\/h3>\n<p data-start=\"588\" data-end=\"652\">Jede Villa \u00fcberzeugt durch hochwertige Ausstattungen und erstklassige Bauqualit\u00e4t, darunter:<\/p>\n<ul>\n<li data-start=\"629\" data-end=\"652\">Privater Swimmingpool<\/li>\n<li data-start=\"655\" data-end=\"682\">Stilvoll angelegte G\u00e4rten<\/li>\n<li data-start=\"685\" data-end=\"732\">Natursteinmauern f\u00fcr Eleganz und Privatsph\u00e4re<\/li>\n<\/ul>\n<h3 data-start=\"764\" data-end=\"798\">2. Unvergleichliche Panoramablicke<\/h3>\n<p data-start=\"799\" data-end=\"829\">Genie\u00dfen Sie spektakul\u00e4re Ausblicke auf:<\/p>\n<ul>\n<li data-start=\"820\" data-end=\"829\">\n<p data-start=\"822\" data-end=\"829\">Ibiza<\/p>\n<\/li>\n<li data-start=\"830\" data-end=\"870\">\n<p data-start=\"832\" data-end=\"870\">den <strong data-start=\"836\" data-end=\"868\">Naturpark Granadella (J\u00e1vea)<\/strong><\/p>\n<\/li>\n<li data-start=\"871\" data-end=\"904\">\n<p data-start=\"873\" data-end=\"904\">den <strong data-start=\"877\" data-end=\"902\">Portet-Turm (Moraira)<\/strong><\/p>\n<\/li>\n<li data-start=\"905\" data-end=\"939\">\n<p data-start=\"907\" data-end=\"939\">den <strong data-start=\"911\" data-end=\"937\">Pe\u00f1\u00f3n de Ifach (Calpe)<\/strong><\/p>\n<\/li>\n<li data-start=\"940\" data-end=\"966\">\n<p data-start=\"942\" data-end=\"966\">die <strong data-start=\"946\" data-end=\"966\">Sierra de Bernia<\/strong><\/p>\n<\/li>\n<\/ul>\n<p data-start=\"799\" data-end=\"829\">Alles eingerahmt vom tiefblauen <strong data-start=\"1000\" data-end=\"1014\">Mittelmeer<\/strong>.<\/p>\n<h3 data-start=\"1024\" data-end=\"1076\">3. Strategische Lage und hervorragende Anbindung<\/h3>\n<p data-start=\"1077\" data-end=\"1259\">Am s\u00fcdlichen Eingang von <strong data-start=\"1100\" data-end=\"1118\">Cumbre del Sol<\/strong> gelegen, bietet Jazmines eine schnelle Verbindung nach <strong data-start=\"1174\" data-end=\"1185\">Moraira<\/strong>. Ideal als dauerhafter Wohnsitz, Ferienimmobilie oder renditestarke Investition.<\/p>\n<h3 data-start=\"1261\" data-end=\"1308\">4. Gro\u00dfz\u00fcgige und optimal geschnittene Grundst\u00fccke<\/h3>\n<p data-start=\"1309\" data-end=\"1421\">Mit <strong data-start=\"1332\" data-end=\"1352\">255 Grundst\u00fccken<\/strong> zwischen <strong data-start=\"1362\" data-end=\"1385\">800 m\u00b2 und 1.200 m\u00b2<\/strong> genie\u00dfen Eigent\u00fcmer gro\u00dfz\u00fcgigen Raum, Ruhe und Exklusivit\u00e4t.<\/p>\n<h3 data-start=\"1423\" data-end=\"1466\">5. Etabliertes und ruhiges Wohnumfeld<\/h3>\n<p data-start=\"1467\" data-end=\"1614\">Angrenzend an die renommierten Wohngebiete <strong data-start=\"1538\" data-end=\"1549\">Kalmias<\/strong> und <strong data-start=\"1554\" data-end=\"1564\">Lirios<\/strong> bildet Jazmines eine harmonische und gefragte Nachbarschaft, besonders beliebt bei internationalen K\u00e4ufern.<\/p>\n<h2 data-start=\"1621\" data-end=\"1651\">Die wichtigsten Merkmale auf einen Blick<strong data-start=\"1785\" data-end=\"1826\"><\/strong><\/h2>\n<ul>\n<li data-start=\"1724\" data-end=\"1753\">\n<p data-start=\"1726\" data-end=\"1753\">Bezugsfertige Luxusvillen<\/p>\n<\/li>\n<li data-start=\"1754\" data-end=\"1799\">\n<p data-start=\"1756\" data-end=\"1799\">Spektakul\u00e4re Ausblicke auf das Mittelmeer<\/p>\n<\/li>\n<li data-start=\"1800\" data-end=\"1832\">\n<p data-start=\"1802\" data-end=\"1832\">Grundst\u00fccke von 800\u20131.200 m\u00b2<\/p>\n<\/li>\n<li data-start=\"1833\" data-end=\"1881\">\n<p data-start=\"1835\" data-end=\"1881\">Hervorragende Anbindung an Moraira und J\u00e1vea<\/p>\n<\/li>\n<li data-start=\"1882\" data-end=\"1916\">\n<p data-start=\"1884\" data-end=\"1916\">Exklusive, gewachsene Wohnlage<\/p>\n<\/li>\n<\/ul>\n<h2 data-start=\"1833\" data-end=\"1854\">Kontaktieren Sie Cumbre del Sol Pre-Owned<\/h2>\n<p data-start=\"1855\" data-end=\"2062\">Stellen Sie sich vor, an diesem au\u00dfergew\u00f6hnlichen Ort zu leben. <strong data-start=\"2033\" data-end=\"2089\">Kontaktieren Sie Cumbre del Sol Pre-Owned noch heute<\/strong>, um zu erfahren, warum die <strong data-start=\"2117\" data-end=\"2146\">Zona Residencial Jazmines<\/strong> zu den begehrtesten Wohnlagen der Costa Blanca z\u00e4hlt.<\/p>\n<p data-start=\"1855\" data-end=\"2062\">Fordern Sie jetzt unverbindlich weitere Informationen an.<\/p>\n<p data-start=\"2085\" data-end=\"2266\">Die <strong data-start=\"2295\" data-end=\"2339\">Zona Residencial Jazmines Cumbre del Sol<\/strong> vereint <strong data-start=\"2348\" data-end=\"2388\">Luxusvillen an der Costa Blanca Nord<\/strong>, beeindruckende Meerblicke und eine erstklassige Lage zu einem wahrhaft exklusiven Wohnerlebnis.<\/p>\n<p>[\/et_pb_text][\/et_pb_column][\/et_pb_row][et_pb_row _builder_version=&#8220;4.27.4&#8243; _module_preset=&#8220;default&#8220; width_tablet=&#8220;&#8220; width_phone=&#8220;90%&#8220; width_last_edited=&#8220;on|phone&#8220; custom_padding=&#8220;0px|||||&#8220; global_colors_info=&#8220;{}&#8220;][et_pb_column type=&#8220;4_4&#8243; _builder_version=&#8220;4.27.4&#8243; _module_preset=&#8220;default&#8220; global_colors_info=&#8220;{}&#8220;][et_pb_text _builder_version=&#8220;4.27.5&#8243; _module_preset=&#8220;default&#8220; header_2_font=&#8220;|700|||||||&#8220; header_2_text_align=&#8220;center&#8220; header_2_text_color=&#8220;#003E64&#8243; header_2_font_size=&#8220;32px&#8220; custom_padding=&#8220;40px||||false|false&#8220; global_colors_info=&#8220;{}&#8220;]<\/p>\n<h2>H\u00e4ufig gestellte Fragen zum Wohngebiet Jazmines Cumbre del Sol<\/h2>\n<p>[\/et_pb_text][et_pb_accordion open_toggle_text_color=&#8220;#003E64&#8243; closed_toggle_text_color=&#8220;#003E64&#8243; closed_toggle_background_color=&#8220;#F3F3F3&#8243; toggle_icon=&#8220;&#x4c;||divi||400&#8243; icon_color=&#8220;#E06F1D&#8220; use_icon_font_size=&#8220;on&#8220; icon_font_size=&#8220;26px&#8220; _builder_version=&#8220;4.27.5&#8243; _module_preset=&#8220;default&#8220; toggle_text_color=&#8220;#FFFFFF&#8220; toggle_level=&#8220;h3&#8243; toggle_font=&#8220;|700|||||||&#8220; custom_margin=&#8220;||||false|false&#8220; custom_padding=&#8220;||||false|false&#8220; rank_math_faq_schema=&#8220;on&#8220; border_color_all=&#8220;#FFFFFF&#8220; global_colors_info=&#8220;{}&#8220;][et_pb_accordion_item title=&#8220;1. Welche Art von Villen gibt es im Wohngebiet Jazmines?&#8220; open=&#8220;on&#8220; _builder_version=&#8220;4.27.5&#8243; _module_preset=&#8220;default&#8220; custom_margin=&#8220;||0px||false|false&#8220; border_radii=&#8220;off|5px|5px||&#8220; global_colors_info=&#8220;{}&#8220;]<\/p>\n<p>Es handelt sich um moderne, bezugsfertige Luxusvillen mit privatem Pool, angelegten G\u00e4rten und hochwertigen Natursteinelementen.<\/p>\n<p>[\/et_pb_accordion_item][et_pb_accordion_item title=&#8220;2. Wie gro\u00df sind die Grundst\u00fccke in der Zona Residencial Jazmines?&#8220; _builder_version=&#8220;4.27.5&#8243; _module_preset=&#8220;default&#8220; custom_margin=&#8220;||0px||false|false&#8220; border_radii=&#8220;off||||&#8220; global_colors_info=&#8220;{}&#8220; open=&#8220;off&#8220;]<\/p>\n<p>Die Grundst\u00fccksgr\u00f6\u00dfen liegen zwischen <strong data-start=\"2852\" data-end=\"2875\">800 m\u00b2 und 1.200 m\u00b2<\/strong>, ideal f\u00fcr Privatsph\u00e4re und gro\u00dfz\u00fcgiges Wohnen.<\/p>\n<p>[\/et_pb_accordion_item][et_pb_accordion_item title=&#8220;3. Welche Ausblicke bieten die Villen?&#8220; _builder_version=&#8220;4.27.5&#8243; _module_preset=&#8220;default&#8220; custom_margin=&#8220;||0px||false|false&#8220; border_radii=&#8220;off||||&#8220; global_colors_info=&#8220;{}&#8220; open=&#8220;off&#8220;]<\/p>\n<p>Die Villen bieten Panoramablicke auf <strong data-start=\"3007\" data-end=\"3016\">Ibiza<\/strong>, den <strong data-start=\"3022\" data-end=\"3046\">Naturpark Granadella<\/strong>, den <strong data-start=\"3052\" data-end=\"3067\">Portet-Turm<\/strong>, den <strong data-start=\"3073\" data-end=\"3091\">Pe\u00f1\u00f3n de Ifach<\/strong>, die <strong data-start=\"3097\" data-end=\"3117\">Sierra de Bernia<\/strong> sowie auf das Mittelmeer.<\/p>\n<p>[\/et_pb_accordion_item][et_pb_accordion_item title=&#8220;4. Ist Jazmines f\u00fcr Immobilieninvestitionen geeignet?&#8220; _builder_version=&#8220;4.27.5&#8243; _module_preset=&#8220;default&#8220; custom_margin=&#8220;||0px||false|false&#8220; border_radii=&#8220;off||||&#8220; global_colors_info=&#8220;{}&#8220; open=&#8220;off&#8220;]<\/p>\n<p>Ja, dank der strategischen Lage nahe Moraira und der hohen Nachfrage internationaler K\u00e4ufer gilt das Gebiet als sehr attraktive Investition.<\/p>\n<p>[\/et_pb_accordion_item][et_pb_accordion_item title=&#8220;5. Eignet sich das Wohngebiet f\u00fcr einen dauerhaften Wohnsitz?&#8220; _builder_version=&#8220;4.27.5&#8243; _module_preset=&#8220;default&#8220; custom_margin=&#8220;||0px||false|false&#8220; border_radii=&#8220;off||||&#8220; global_colors_info=&#8220;{}&#8220; open=&#8220;off&#8220;]<\/p>\n<p>Absolut. Die ruhige Umgebung, die hochwertige Bebauung und die gute Infrastruktur machen Jazmines ideal f\u00fcr ganzj\u00e4hriges Wohnen.<\/p>\n<p>[\/et_pb_accordion_item][et_pb_accordion_item title=&#8220;6. Wie ist die Anbindung an umliegende Orte?&#8220; _builder_version=&#8220;4.27.5&#8243; _module_preset=&#8220;default&#8220; custom_margin=&#8220;||0px||false|false&#8220; border_radii=&#8220;off||||&#8220; global_colors_info=&#8220;{}&#8220; open=&#8220;off&#8220;]<\/p>\n<p>Moraira und J\u00e1vea sind schnell erreichbar, ebenso Str\u00e4nde, Dienstleistungen und Freizeitangebote an der Costa Blanca Nord.<\/p>\n<p>[\/et_pb_accordion_item][\/et_pb_accordion][\/et_pb_column][\/et_pb_row][\/et_pb_section][et_pb_section fb_built=&#8220;1&#8243; _builder_version=&#8220;4.27.4&#8243; _module_preset=&#8220;default&#8220; background_image=&#8220;https:\/\/www.cumbredelsolpreowned.webloading.es\/wp-content\/uploads\/2025\/10\/restaurant-views-cumbre-del-sol.png&#8220; parallax=&#8220;on&#8220; da_disable_devices=&#8220;off|off|off&#8220; locked=&#8220;off&#8220; global_colors_info=&#8220;{}&#8220; da_is_popup=&#8220;off&#8220; da_exit_intent=&#8220;off&#8220; da_has_close=&#8220;on&#8220; da_alt_close=&#8220;off&#8220; da_dark_close=&#8220;off&#8220; da_not_modal=&#8220;on&#8220; da_is_singular=&#8220;off&#8220; da_with_loader=&#8220;off&#8220; da_has_shadow=&#8220;on&#8220;][et_pb_row column_structure=&#8220;1_2,1_2&#8243; _builder_version=&#8220;4.27.4&#8243; _module_preset=&#8220;default&#8220; width_tablet=&#8220;&#8220; width_phone=&#8220;90%&#8220; width_last_edited=&#8220;on|phone&#8220; custom_margin_tablet=&#8220;&#8220; custom_margin_phone=&#8220;20px||||false|false&#8220; custom_margin_last_edited=&#8220;on|phone&#8220; global_colors_info=&#8220;{}&#8220;][et_pb_column type=&#8220;1_2&#8243; _builder_version=&#8220;4.27.4&#8243; _module_preset=&#8220;default&#8220; global_colors_info=&#8220;{}&#8220;][\/et_pb_column][et_pb_column type=&#8220;1_2&#8243; _builder_version=&#8220;4.27.4&#8243; _module_preset=&#8220;default&#8220; background_color=&#8220;#FFFFFF&#8220; custom_padding=&#8220;40px|40px|20px|40px|false|true&#8220; custom_padding_tablet=&#8220;40px|40px|40px|40px|true|true&#8220; custom_padding_phone=&#8220;20px|15px|20px|15px|true|true&#8220; custom_padding_last_edited=&#8220;on|phone&#8220; scroll_vertical_motion_enable=&#8220;on&#8220; scroll_vertical_motion=&#8220;0|50|50|100|0.5|0|-1&#8243; border_radii=&#8220;on|8px|8px|8px|8px&#8220; box_shadow_style=&#8220;preset2&#8243; global_colors_info=&#8220;{}&#8220;][et_pb_text _builder_version=&#8220;4.27.5&#8243; _module_preset=&#8220;default&#8220; header_2_font=&#8220;|700|||||||&#8220; header_2_text_color=&#8220;#003E64&#8243; global_colors_info=&#8220;{}&#8220;]<\/p>\n<h2>Ich freue mich darauf, Sie kennenzulernen!<\/h2>\n<p>[\/et_pb_text][et_pb_dcgd_gravity_divi_module dc_dgfcm_form_id=&#8220;12&#8243; dc_dgfcm_show_title=&#8220;off&#8220; dc_dgfcm_show_description=&#8220;off&#8220; dc_dgfcm_enable_ajax=&#8220;on&#8220; _builder_version=&#8220;4.27.4&#8243; _module_preset=&#8220;default&#8220; global_colors_info=&#8220;{}&#8220;][\/et_pb_dcgd_gravity_divi_module][\/et_pb_column][\/et_pb_row][\/et_pb_section]<\/p>\n","protected":false},"excerpt":{"rendered":"<p><nav aria-label=\"breadcrumbs\" class=\"rank-math-breadcrumb\"><p><span class=\"last\">Home<\/span><\/p><\/nav>[BAvanzado KUBE][LVenta KUBE WDCUMBREJAZMINES]Wohngebiet Jazmines in Cumbre del SolExklusives Wohnen im Norden der Costa Blanca entdecken Willkommen in der Zona Residencial Jazmines Cumbre del Sol, wo luxuri\u00f6se Villen an der Costa Blanca Nord modernes Design mit atemberaubenden, panoramischen Meerblicken vereinen. Diese exklusive Wohngegend steht f\u00fcr Privatsph\u00e4re, Eleganz und h\u00f6chste Lebensqualit\u00e4t. Warum das Wohngebiet Jazmines einzigartig [&hellip;]<\/p>\n","protected":false},"author":2,"featured_media":0,"parent":0,"menu_order":0,"comment_status":"closed","ping_status":"closed","template":"","meta":{"_acf_changed":false,"_et_pb_use_builder":"on","_et_pb_old_content":"","_et_gb_content_width":"","footnotes":""},"class_list":["post-10631","page","type-page","status-publish","hentry"],"acf":[],"_links":{"self":[{"href":"https:\/\/www.cumbredelsolpreowned.webloading.es\/de\/wp-json\/wp\/v2\/pages\/10631","targetHints":{"allow":["GET"]}}],"collection":[{"href":"https:\/\/www.cumbredelsolpreowned.webloading.es\/de\/wp-json\/wp\/v2\/pages"}],"about":[{"href":"https:\/\/www.cumbredelsolpreowned.webloading.es\/de\/wp-json\/wp\/v2\/types\/page"}],"author":[{"embeddable":true,"href":"https:\/\/www.cumbredelsolpreowned.webloading.es\/de\/wp-json\/wp\/v2\/users\/2"}],"replies":[{"embeddable":true,"href":"https:\/\/www.cumbredelsolpreowned.webloading.es\/de\/wp-json\/wp\/v2\/comments?post=10631"}],"version-history":[{"count":2,"href":"https:\/\/www.cumbredelsolpreowned.webloading.es\/de\/wp-json\/wp\/v2\/pages\/10631\/revisions"}],"predecessor-version":[{"id":12878,"href":"https:\/\/www.cumbredelsolpreowned.webloading.es\/de\/wp-json\/wp\/v2\/pages\/10631\/revisions\/12878"}],"wp:attachment":[{"href":"https:\/\/www.cumbredelsolpreowned.webloading.es\/de\/wp-json\/wp\/v2\/media?parent=10631"}],"curies":[{"name":"wp","href":"https:\/\/api.w.org\/{rel}","templated":true}]}}