{"id":10584,"date":"2025-09-25T10:20:38","date_gmt":"2025-09-25T09:20:38","guid":{"rendered":"https:\/\/www.cumbredelsolpreowned.webloading.es\/luxusapartments-novamar-suites-i-und-ii-in-cumbre-del-sol\/"},"modified":"2026-01-07T11:34:09","modified_gmt":"2026-01-07T10:34:09","slug":"luxusapartments-novamar-suites-i-und-ii-in-cumbre-del-sol","status":"publish","type":"page","link":"https:\/\/www.cumbredelsolpreowned.webloading.es\/de\/luxusapartments-novamar-suites-i-und-ii-in-cumbre-del-sol\/","title":{"rendered":"Luxusapartments Novamar Suites I und II in Cumbre del Sol"},"content":{"rendered":"<p>[et_pb_section fb_built=&#8220;1&#8243; custom_padding_last_edited=&#8220;on|phone&#8220; _builder_version=&#8220;4.27.4&#8243; _module_preset=&#8220;default&#8220; background_color=&#8220;#FFFFFF&#8220; custom_padding=&#8220;20px||0px||false|false&#8220; custom_padding_tablet=&#8220;0px||||false|false&#8220; custom_padding_phone=&#8220;0px||0px||false|false&#8220; da_disable_devices=&#8220;off|off|off&#8220; global_colors_info=&#8220;{}&#8220; da_is_popup=&#8220;off&#8220; da_exit_intent=&#8220;off&#8220; da_has_close=&#8220;on&#8220; da_alt_close=&#8220;off&#8220; da_dark_close=&#8220;off&#8220; da_not_modal=&#8220;on&#8220; da_is_singular=&#8220;off&#8220; da_with_loader=&#8220;off&#8220; da_has_shadow=&#8220;on&#8220;][et_pb_row custom_padding_last_edited=&#8220;on|phone&#8220; _builder_version=&#8220;4.27.4&#8243; _module_preset=&#8220;default&#8220; custom_padding_tablet=&#8220;&#8220; custom_padding_phone=&#8220;10px||10px||true|false&#8220; global_colors_info=&#8220;{}&#8220;][et_pb_column type=&#8220;4_4&#8243; _builder_version=&#8220;4.27.4&#8243; _module_preset=&#8220;default&#8220; global_colors_info=&#8220;{}&#8220;][et_pb_post_title meta=&#8220;off&#8220; featured_image=&#8220;off&#8220; _builder_version=&#8220;4.27.4&#8243; _module_preset=&#8220;default&#8220; title_font=&#8220;|700|||||||&#8220; title_text_color=&#8220;#003E64&#8243; title_font_size=&#8220;32px&#8220; custom_margin=&#8220;||12px|||&#8220; custom_margin_tablet=&#8220;&#8220; custom_margin_phone=&#8220;||0px||false|false&#8220; custom_margin_last_edited=&#8220;on|phone&#8220; custom_padding=&#8220;||0px||false|false&#8220; global_colors_info=&#8220;{}&#8220;][\/et_pb_post_title][et_pb_code _builder_version=&#8220;4.27.4&#8243; _module_preset=&#8220;default&#8220; global_colors_info=&#8220;{}&#8220;]<nav aria-label=\"breadcrumbs\" class=\"rank-math-breadcrumb\"><p><span class=\"last\">Home<\/span><\/p><\/nav>[\/et_pb_code][\/et_pb_column][\/et_pb_row][\/et_pb_section][et_pb_section fb_built=&#8220;1&#8243; _builder_version=&#8220;4.27.4&#8243; _module_preset=&#8220;default&#8220; background_color=&#8220;#e0e0e0&#8243; custom_margin=&#8220;||||false|false&#8220; custom_padding=&#8220;0px||0px||false|false&#8220; da_disable_devices=&#8220;off|off|off&#8220; global_colors_info=&#8220;{}&#8220; da_is_popup=&#8220;off&#8220; da_exit_intent=&#8220;off&#8220; da_has_close=&#8220;on&#8220; da_alt_close=&#8220;off&#8220; da_dark_close=&#8220;off&#8220; da_not_modal=&#8220;on&#8220; da_is_singular=&#8220;off&#8220; da_with_loader=&#8220;off&#8220; da_has_shadow=&#8220;on&#8220;][et_pb_row custom_padding_last_edited=&#8220;on|phone&#8220; _builder_version=&#8220;4.27.4&#8243; _module_preset=&#8220;default&#8220; width=&#8220;95%&#8220; custom_padding=&#8220;20px||20px||true|false&#8220; custom_padding_tablet=&#8220;10px||10px||true|false&#8220; custom_padding_phone=&#8220;0px||0px||true|false&#8220; global_colors_info=&#8220;{}&#8220;][et_pb_column type=&#8220;4_4&#8243; _builder_version=&#8220;4.27.4&#8243; _module_preset=&#8220;default&#8220; global_colors_info=&#8220;{}&#8220;][et_pb_code _builder_version=&#8220;4.27.4&#8243; _module_preset=&#8220;default&#8220; text_orientation=&#8220;center&#8220; module_alignment=&#8220;center&#8220; custom_css_free_form=&#8220;selector .search-wrapper2 .search2{||  background-color:transparent;||}||||selector .col-md-4 input{||  border-radius:5px;||  padding: 15px 10px;||}||||selector .col-md-4 .form-control{||  border-radius:5px;||}||@media only screen and (min-width: 768px) {||selector .advance-search-form {||  display: flex;||  flex-wrap: wrap;||}||||selector .row {||  margin-right: 0;||  margin-left: 0;||  width: 33.333%;||   flex-grow: 1 !important;||}||||  selector .option .double .clearfix{||    min-width:70px !important;||  }||  ||  ||  selector .col-md-4{||    padding: 5px;||  }||}||||@media only screen and (max-width: 768px) {||selector .col-xs-12{||  width:50%;||}||  selector .opciones-avanzadas span {||  font-size: 14px;||  }||  selector .mb-2{||    margin-bottom:0px !important;||  }||  selector .col-md-6:nth-of-type(1){||    margin-bottom:5px;||  }||  selector .mb-2:nth-of-type(3){||    margin-top:10px;||  }||\/*   selector .col-md-4 input{||    margin-top:10px !important;||  }|| ||    selector .col-md-6:nth-of-type(2){||    display: inline-block;||  }*\/||  selector .mb-2{||    display:flex !important;||  }||  selector .col-xs-12 {||    padding: 5px;||  }||  selector .col-md-12 {||    padding: 0 5px !important;||  }||  selector .search-wrapper2 .search2 .form-control{||    margin:0;||  }||  selector  .search-wrapper2 .col-md-12{||    padding:0;||  }||  selector  .col-md-12 .opciones-avanzadas{||    text-align:left !important;||  }||}&#8220; global_colors_info=&#8220;{}&#8220;][BAvanzado KUBE][\/et_pb_code][\/et_pb_column][\/et_pb_row][\/et_pb_section][et_pb_section fb_built=&#8220;1&#8243; custom_padding_last_edited=&#8220;on|phone&#8220; _builder_version=&#8220;4.27.4&#8243; _module_preset=&#8220;default&#8220; custom_padding=&#8220;20px||20px||true|false&#8220; custom_padding_tablet=&#8220;&#8220; custom_padding_phone=&#8220;10px||10px||true|false&#8220; da_disable_devices=&#8220;off|off|off&#8220; global_colors_info=&#8220;{}&#8220; da_is_popup=&#8220;off&#8220; da_exit_intent=&#8220;off&#8220; da_has_close=&#8220;on&#8220; da_alt_close=&#8220;off&#8220; da_dark_close=&#8220;off&#8220; da_not_modal=&#8220;on&#8220; da_is_singular=&#8220;off&#8220; da_with_loader=&#8220;off&#8220; da_has_shadow=&#8220;on&#8220;][et_pb_row _builder_version=&#8220;4.27.4&#8243; _module_preset=&#8220;default&#8220; width=&#8220;90%&#8220; custom_padding=&#8220;0px||||false|false&#8220; global_colors_info=&#8220;{}&#8220;][et_pb_column type=&#8220;4_4&#8243; _builder_version=&#8220;4.27.4&#8243; _module_preset=&#8220;default&#8220; global_colors_info=&#8220;{}&#8220;][et_pb_code _builder_version=&#8220;4.27.4&#8243; _module_preset=&#8220;default&#8220; text_orientation=&#8220;center&#8220; custom_css_free_form=&#8220;@media only screen and (max-width: 768px) {||||  selector .filters-wrapper-plugin{||    margin:10px 17px !important;||  }||}&#8220; global_colors_info=&#8220;{}&#8220;][LVenta KUBE WDCUMBRENOVAMAR][\/et_pb_code][\/et_pb_column][\/et_pb_row][\/et_pb_section][et_pb_section fb_built=&#8220;1&#8243; disabled_on=&#8220;off|off|off&#8220; _builder_version=&#8220;4.27.5&#8243; _module_preset=&#8220;default&#8220; hover_enabled=&#8220;0&#8243; da_disable_devices=&#8220;off|off|off&#8220; global_colors_info=&#8220;{}&#8220; sticky_enabled=&#8220;0&#8243; da_is_popup=&#8220;off&#8220; da_exit_intent=&#8220;off&#8220; da_has_close=&#8220;on&#8220; da_alt_close=&#8220;off&#8220; da_dark_close=&#8220;off&#8220; da_not_modal=&#8220;on&#8220; da_is_singular=&#8220;off&#8220; da_with_loader=&#8220;off&#8220; da_has_shadow=&#8220;on&#8220;][et_pb_row _builder_version=&#8220;4.27.4&#8243; _module_preset=&#8220;default&#8220; global_colors_info=&#8220;{}&#8220;][et_pb_column type=&#8220;4_4&#8243; _builder_version=&#8220;4.27.4&#8243; _module_preset=&#8220;default&#8220; global_colors_info=&#8220;{}&#8220;][et_pb_text _builder_version=&#8220;4.27.5&#8243; _module_preset=&#8220;default&#8220; hover_enabled=&#8220;0&#8243; global_colors_info=&#8220;{}&#8220; sticky_enabled=&#8220;0&#8243;]<\/p>\n<h2>Luxusapartments zum Verkauf in Cumbre del Sol \u2013 Novamar Suites I und II<\/h2>\n<p>Sie suchen <strong data-start=\"142\" data-end=\"191\">Luxusapartments zum Verkauf in Cumbre del Sol<\/strong>? <strong data-start=\"193\" data-end=\"220\">Novamar Suites I und II<\/strong> stehen f\u00fcr exklusives Wohnen mit <strong data-start=\"254\" data-end=\"283\">atemberaubendem Meerblick<\/strong> und <strong data-start=\"288\" data-end=\"327\">erstklassigen Ausstattungsmerkmalen<\/strong> an der <strong data-start=\"335\" data-end=\"351\">Costa Blanca<\/strong>, zwischen <strong data-start=\"362\" data-end=\"383\">J\u00e1vea und Moraira<\/strong>.<\/p>\n<h2>Novamar Suites I entdecken \u2013 Exklusives Wohnen in ruhiger Lage<\/h2>\n<p>Im ruhigen <strong data-start=\"469\" data-end=\"506\">Fresnos-Gebiet von Cumbre del Sol<\/strong> gelegen, umfasst <strong data-start=\"524\" data-end=\"544\">Novamar Suites I<\/strong> lediglich <strong data-start=\"555\" data-end=\"580\">9 Boutique-Apartments<\/strong> auf drei Etagen. Die gro\u00dfz\u00fcgigen <strong data-start=\"614\" data-end=\"649\">2- und 3-Schlafzimmer-Wohnungen<\/strong> vereinen Eleganz, Komfort und hochwertige Ausf\u00fchrung.<\/p>\n<h3>Hauptmerkmale von Novamar Suites I:<\/h3>\n<ul>\n<li>Zentrale Klimaanlage (Kanalsystem)<\/li>\n<li>Beheizter Swimmingpool<\/li>\n<li>Private Sauna<\/li>\n<li>Gepflegte Gartenanlagen<\/li>\n<li>Zugang zum Gemeinschaftspool von <strong data-start=\"892\" data-end=\"912\">Pueblo de la Paz<\/strong><\/li>\n<\/ul>\n<p>Dieses Projekt verbindet Privatsph\u00e4re und Gelassenheit mit luxuri\u00f6sen Details f\u00fcr h\u00f6chsten Wohnkomfort.<\/p>\n<h2>Novamar Suites II \u2013 Panoramablicke und moderner Wohnkomfort<\/h2>\n<p>Im <strong data-start=\"1091\" data-end=\"1109\">Encinas-Gebiet<\/strong> gelegen, bietet <strong data-start=\"1126\" data-end=\"1147\">Novamar Suites II<\/strong> spektakul\u00e4re Ausblicke auf das <strong data-start=\"1179\" data-end=\"1193\">Mittelmeer<\/strong>, die <strong data-start=\"1199\" data-end=\"1213\">Steilk\u00fcste<\/strong> und den <strong data-start=\"1222\" data-end=\"1259\">Wachturm von El Portet in Moraira<\/strong>. Die geschlossene Wohnanlage besteht aus <strong data-start=\"1301\" data-end=\"1348\">zwei Geb\u00e4uden mit jeweils 9 Luxusapartments<\/strong>.<\/p>\n<h3>Premium-Ausstattung von Novamar Suites II:<\/h3>\n<ul>\n<li>Fu\u00dfbodenheizung<\/li>\n<li>Zentrale Klimaanlage (Kanalsystem)<\/li>\n<li>Smart-Home-System<\/li>\n<li>Aufzug in jedem Geb\u00e4ude<\/li>\n<li>Beheizter Innenpool und private Sauna<\/li>\n<li>Gemeinschaftlicher Au\u00dfenpool<\/li>\n<li>\u00dcberdachter Parkplatz inklusive<\/li>\n<\/ul>\n<p>Genie\u00dfen Sie unvergleichliche Meerblicke, nur wenige Minuten von der <strong data-start=\"1688\" data-end=\"1708\">Playa del Moraig<\/strong> entfernt, in einem Zuhause, das f\u00fcr Stil und Komfort konzipiert wurde.<\/p>\n<h3>Ihr Traumdomizil an der Costa Blanca<\/h3>\n<p><strong data-start=\"1827\" data-end=\"1854\">Novamar Suites I und II<\/strong> sind ideal f\u00fcr alle, die eine <strong data-start=\"1885\" data-end=\"1921\">Luxusimmobilie in Cumbre del Sol<\/strong> mit erstklassiger Ausstattung und einzigartiger Umgebung suchen. Ob als ruhiger R\u00fcckzugsort oder stilvolle Residenz am Meer \u2013 diese Apartments bieten einen au\u00dfergew\u00f6hnlichen Lebensstil.<\/p>\n<h3>Warum Novamar Suites w\u00e4hlen?<\/h3>\n<ul>\n<li>Erstklassige Lage zwischen <strong data-start=\"2175\" data-end=\"2196\">J\u00e1vea und Moraira<\/strong><\/li>\n<li>Spektakul\u00e4rer Meerblick<\/li>\n<li>Hochwertige Materialien und exklusive Ausstattung<\/li>\n<li>N\u00e4he zu Str\u00e4nden und allen wichtigen Dienstleistungen<\/li>\n<\/ul>\n<h2>Kontaktieren Sie Cumbre del Sol Pre-Owned<\/h2>\n<p><strong data-start=\"2391\" data-end=\"2447\">Kontaktieren Sie Cumbre del Sol Pre-Owned noch heute<\/strong>, um weitere Informationen zu erhalten oder einen Besichtigungstermin zu vereinbaren. Wir helfen Ihnen gerne, Ihr perfektes Zuhause an der Costa Blanca zu finden.<\/p>\n<p>Erleben Sie luxuri\u00f6ses Wohnen auf h\u00f6chstem Niveau in <strong data-start=\"2679\" data-end=\"2697\">Cumbre del Sol<\/strong> mit <strong data-start=\"2702\" data-end=\"2729\">Novamar Suites I und II<\/strong>. Einzigartige Ausblicke, erstklassige Annehmlichkeiten und eine privilegierte Lage an der Costa Blanca machen diese Apartments zu einer au\u00dfergew\u00f6hnlichen Gelegenheit.<\/p>\n<p>[\/et_pb_text][\/et_pb_column][\/et_pb_row][et_pb_row _builder_version=&#8220;4.27.4&#8243; _module_preset=&#8220;default&#8220; width_tablet=&#8220;&#8220; width_phone=&#8220;90%&#8220; width_last_edited=&#8220;on|phone&#8220; custom_padding=&#8220;0px|||||&#8220; global_colors_info=&#8220;{}&#8220;][et_pb_column type=&#8220;4_4&#8243; _builder_version=&#8220;4.27.4&#8243; _module_preset=&#8220;default&#8220; global_colors_info=&#8220;{}&#8220;][et_pb_text _builder_version=&#8220;4.27.5&#8243; _module_preset=&#8220;default&#8220; header_2_font=&#8220;|700|||||||&#8220; header_2_text_align=&#8220;center&#8220; header_2_text_color=&#8220;#003E64&#8243; header_2_font_size=&#8220;32px&#8220; custom_padding=&#8220;40px||||false|false&#8220; global_colors_info=&#8220;{}&#8220;]<\/p>\n<h2>H\u00e4ufig gestellte Fragen zu den Luxusapartments Novamar Suites I und II in Cumbre del Sol<\/h2>\n<p>[\/et_pb_text][et_pb_accordion open_toggle_text_color=&#8220;#003E64&#8243; closed_toggle_text_color=&#8220;#003E64&#8243; closed_toggle_background_color=&#8220;#F3F3F3&#8243; toggle_icon=&#8220;&#x4c;||divi||400&#8243; icon_color=&#8220;#E06F1D&#8220; use_icon_font_size=&#8220;on&#8220; icon_font_size=&#8220;26px&#8220; _builder_version=&#8220;4.27.5&#8243; _module_preset=&#8220;default&#8220; toggle_text_color=&#8220;#FFFFFF&#8220; toggle_level=&#8220;h3&#8243; toggle_font=&#8220;|700|||||||&#8220; custom_margin=&#8220;||||false|false&#8220; custom_padding=&#8220;||||false|false&#8220; rank_math_faq_schema=&#8220;on&#8220; border_color_all=&#8220;#FFFFFF&#8220; global_colors_info=&#8220;{}&#8220;][et_pb_accordion_item title=&#8220;1. Wo befinden sich Novamar Suites I und II?&#8220; open=&#8220;on&#8220; _builder_version=&#8220;4.27.5&#8243; _module_preset=&#8220;default&#8220; custom_margin=&#8220;||0px||false|false&#8220; border_radii=&#8220;off|5px|5px||&#8220; global_colors_info=&#8220;{}&#8220;]<\/p>\n<p>In der exklusiven Wohnanlage <strong data-start=\"3000\" data-end=\"3018\">Cumbre del Sol<\/strong>, zwischen <strong data-start=\"3029\" data-end=\"3050\">J\u00e1vea und Moraira<\/strong> an der Costa Blanca.<\/p>\n<p>[\/et_pb_accordion_item][et_pb_accordion_item title=&#8220;2. Welche Ausstattungsmerkmale bieten die Novamar Suites?&#8220; _builder_version=&#8220;4.27.5&#8243; _module_preset=&#8220;default&#8220; custom_margin=&#8220;||0px||false|false&#8220; border_radii=&#8220;off||||&#8220; global_colors_info=&#8220;{}&#8220; open=&#8220;off&#8220;]<\/p>\n<p>Beheizte Pools, Saunen, Smart-Home-Systeme, Klimaanlage, Fu\u00dfbodenheizung, hochwertige G\u00e4rten und Meerblick.<\/p>\n<p>[\/et_pb_accordion_item][et_pb_accordion_item title=&#8220;3. Sind die Apartments f\u00fcr ganzj\u00e4hriges Wohnen geeignet?&#8220; _builder_version=&#8220;4.27.5&#8243; _module_preset=&#8220;default&#8220; custom_margin=&#8220;||0px||false|false&#8220; border_radii=&#8220;off||||&#8220; global_colors_info=&#8220;{}&#8220; open=&#8220;off&#8220;]<\/p>\n<p>Ja, dank moderner Haustechnik, Klimatisierung und hochwertiger Bauweise eignen sie sich ideal als Dauerwohnsitz.<\/p>\n<p>[\/et_pb_accordion_item][et_pb_accordion_item title=&#8220;4. Wie weit sind die Str\u00e4nde entfernt?&#8220; _builder_version=&#8220;4.27.5&#8243; _module_preset=&#8220;default&#8220; custom_margin=&#8220;||0px||false|false&#8220; border_radii=&#8220;off||||&#8220; global_colors_info=&#8220;{}&#8220; open=&#8220;off&#8220;]<\/p>\n<p>Die <strong data-start=\"3472\" data-end=\"3492\">Playa del Moraig<\/strong> sowie weitere Buchten sind in wenigen Minuten erreichbar.<\/p>\n<p>[\/et_pb_accordion_item][et_pb_accordion_item title=&#8220;5. Gibt es Parkm\u00f6glichkeiten?&#8220; _builder_version=&#8220;4.27.5&#8243; _module_preset=&#8220;default&#8220; custom_margin=&#8220;||0px||false|false&#8220; border_radii=&#8220;off||||&#8220; global_colors_info=&#8220;{}&#8220; open=&#8220;off&#8220;]<\/p>\n<p>Ja, bei <strong data-start=\"3596\" data-end=\"3617\">Novamar Suites II<\/strong> ist ein \u00fcberdachter Parkplatz im Kaufpreis enthalten.<\/p>\n<p>[\/et_pb_accordion_item][et_pb_accordion_item title=&#8220;6. Eignen sich die Apartments auch als Investition?&#8220; _builder_version=&#8220;4.27.5&#8243; _module_preset=&#8220;default&#8220; custom_margin=&#8220;||0px||false|false&#8220; border_radii=&#8220;off||||&#8220; global_colors_info=&#8220;{}&#8220; open=&#8220;off&#8220;]<\/p>\n<p>Ja, die Lage, die Ausstattung und die hohe Nachfrage machen sie zu einer attraktiven Investitionsm\u00f6glichkeit.<\/p>\n<p>[\/et_pb_accordion_item][\/et_pb_accordion][\/et_pb_column][\/et_pb_row][\/et_pb_section][et_pb_section fb_built=&#8220;1&#8243; _builder_version=&#8220;4.27.4&#8243; _module_preset=&#8220;default&#8220; background_image=&#8220;https:\/\/www.cumbredelsolpreowned.webloading.es\/wp-content\/uploads\/2025\/10\/restaurant-views-cumbre-del-sol.png&#8220; parallax=&#8220;on&#8220; da_disable_devices=&#8220;off|off|off&#8220; locked=&#8220;off&#8220; global_colors_info=&#8220;{}&#8220; da_is_popup=&#8220;off&#8220; da_exit_intent=&#8220;off&#8220; da_has_close=&#8220;on&#8220; da_alt_close=&#8220;off&#8220; da_dark_close=&#8220;off&#8220; da_not_modal=&#8220;on&#8220; da_is_singular=&#8220;off&#8220; da_with_loader=&#8220;off&#8220; da_has_shadow=&#8220;on&#8220;][et_pb_row column_structure=&#8220;1_2,1_2&#8243; _builder_version=&#8220;4.27.4&#8243; _module_preset=&#8220;default&#8220; width_tablet=&#8220;&#8220; width_phone=&#8220;90%&#8220; width_last_edited=&#8220;on|phone&#8220; custom_margin_tablet=&#8220;&#8220; custom_margin_phone=&#8220;20px||||false|false&#8220; custom_margin_last_edited=&#8220;on|phone&#8220; global_colors_info=&#8220;{}&#8220;][et_pb_column type=&#8220;1_2&#8243; _builder_version=&#8220;4.27.4&#8243; _module_preset=&#8220;default&#8220; global_colors_info=&#8220;{}&#8220;][\/et_pb_column][et_pb_column type=&#8220;1_2&#8243; _builder_version=&#8220;4.27.4&#8243; _module_preset=&#8220;default&#8220; background_color=&#8220;#FFFFFF&#8220; custom_padding=&#8220;40px|40px|20px|40px|false|true&#8220; custom_padding_tablet=&#8220;40px|40px|40px|40px|true|true&#8220; custom_padding_phone=&#8220;20px|15px|20px|15px|true|true&#8220; custom_padding_last_edited=&#8220;on|phone&#8220; scroll_vertical_motion_enable=&#8220;on&#8220; scroll_vertical_motion=&#8220;0|50|50|100|0.5|0|-1&#8243; border_radii=&#8220;on|8px|8px|8px|8px&#8220; box_shadow_style=&#8220;preset2&#8243; global_colors_info=&#8220;{}&#8220;][et_pb_text _builder_version=&#8220;4.27.5&#8243; _module_preset=&#8220;default&#8220; header_2_font=&#8220;|700|||||||&#8220; header_2_text_color=&#8220;#003E64&#8243; global_colors_info=&#8220;{}&#8220;]<\/p>\n<h2>Ich freue mich darauf, Sie kennenzulernen!<\/h2>\n<p>[\/et_pb_text][et_pb_dcgd_gravity_divi_module dc_dgfcm_form_id=&#8220;12&#8243; dc_dgfcm_show_title=&#8220;off&#8220; dc_dgfcm_show_description=&#8220;off&#8220; dc_dgfcm_enable_ajax=&#8220;on&#8220; _builder_version=&#8220;4.27.4&#8243; _module_preset=&#8220;default&#8220; global_colors_info=&#8220;{}&#8220;][\/et_pb_dcgd_gravity_divi_module][\/et_pb_column][\/et_pb_row][\/et_pb_section]<\/p>\n","protected":false},"excerpt":{"rendered":"<p><nav aria-label=\"breadcrumbs\" class=\"rank-math-breadcrumb\"><p><span class=\"last\">Home<\/span><\/p><\/nav>[BAvanzado KUBE][LVenta KUBE WDCUMBRENOVAMAR]Luxusapartments zum Verkauf in Cumbre del Sol \u2013 Novamar Suites I und II Sie suchen Luxusapartments zum Verkauf in Cumbre del Sol? Novamar Suites I und II stehen f\u00fcr exklusives Wohnen mit atemberaubendem Meerblick und erstklassigen Ausstattungsmerkmalen an der Costa Blanca, zwischen J\u00e1vea und Moraira. Novamar Suites I entdecken \u2013 Exklusives Wohnen [&hellip;]<\/p>\n","protected":false},"author":2,"featured_media":0,"parent":0,"menu_order":0,"comment_status":"closed","ping_status":"closed","template":"","meta":{"_acf_changed":false,"_et_pb_use_builder":"on","_et_pb_old_content":"","_et_gb_content_width":"","footnotes":""},"class_list":["post-10584","page","type-page","status-publish","hentry"],"acf":[],"_links":{"self":[{"href":"https:\/\/www.cumbredelsolpreowned.webloading.es\/de\/wp-json\/wp\/v2\/pages\/10584","targetHints":{"allow":["GET"]}}],"collection":[{"href":"https:\/\/www.cumbredelsolpreowned.webloading.es\/de\/wp-json\/wp\/v2\/pages"}],"about":[{"href":"https:\/\/www.cumbredelsolpreowned.webloading.es\/de\/wp-json\/wp\/v2\/types\/page"}],"author":[{"embeddable":true,"href":"https:\/\/www.cumbredelsolpreowned.webloading.es\/de\/wp-json\/wp\/v2\/users\/2"}],"replies":[{"embeddable":true,"href":"https:\/\/www.cumbredelsolpreowned.webloading.es\/de\/wp-json\/wp\/v2\/comments?post=10584"}],"version-history":[{"count":2,"href":"https:\/\/www.cumbredelsolpreowned.webloading.es\/de\/wp-json\/wp\/v2\/pages\/10584\/revisions"}],"predecessor-version":[{"id":12902,"href":"https:\/\/www.cumbredelsolpreowned.webloading.es\/de\/wp-json\/wp\/v2\/pages\/10584\/revisions\/12902"}],"wp:attachment":[{"href":"https:\/\/www.cumbredelsolpreowned.webloading.es\/de\/wp-json\/wp\/v2\/media?parent=10584"}],"curies":[{"name":"wp","href":"https:\/\/api.w.org\/{rel}","templated":true}]}}