{"id":10554,"date":"2025-09-25T10:05:20","date_gmt":"2025-09-25T09:05:20","guid":{"rendered":"https:\/\/www.cumbredelsolpreowned.webloading.es\/pueblo-panorama-cumbre-del-sol\/"},"modified":"2025-12-03T13:22:23","modified_gmt":"2025-12-03T12:22:23","slug":"pueblo-panorama-cumbre-del-sol","status":"publish","type":"page","link":"https:\/\/www.cumbredelsolpreowned.webloading.es\/de\/pueblo-panorama-cumbre-del-sol\/","title":{"rendered":"Pueblo Panorama Cumbre del Sol"},"content":{"rendered":"<p>[et_pb_section fb_built=&#8220;1&#8243; custom_padding_last_edited=&#8220;on|phone&#8220; _builder_version=&#8220;4.27.4&#8243; _module_preset=&#8220;default&#8220; background_color=&#8220;#FFFFFF&#8220; custom_padding=&#8220;20px||0px||false|false&#8220; custom_padding_tablet=&#8220;0px||||false|false&#8220; custom_padding_phone=&#8220;0px||0px||false|false&#8220; da_disable_devices=&#8220;off|off|off&#8220; global_colors_info=&#8220;{}&#8220; da_is_popup=&#8220;off&#8220; da_exit_intent=&#8220;off&#8220; da_has_close=&#8220;on&#8220; da_alt_close=&#8220;off&#8220; da_dark_close=&#8220;off&#8220; da_not_modal=&#8220;on&#8220; da_is_singular=&#8220;off&#8220; da_with_loader=&#8220;off&#8220; da_has_shadow=&#8220;on&#8220;][et_pb_row custom_padding_last_edited=&#8220;on|phone&#8220; _builder_version=&#8220;4.27.4&#8243; _module_preset=&#8220;default&#8220; custom_padding_tablet=&#8220;&#8220; custom_padding_phone=&#8220;10px||10px||true|false&#8220; global_colors_info=&#8220;{}&#8220;][et_pb_column type=&#8220;4_4&#8243; _builder_version=&#8220;4.27.4&#8243; _module_preset=&#8220;default&#8220; global_colors_info=&#8220;{}&#8220;][et_pb_post_title meta=&#8220;off&#8220; featured_image=&#8220;off&#8220; _builder_version=&#8220;4.27.4&#8243; _module_preset=&#8220;default&#8220; title_font=&#8220;|700|||||||&#8220; title_text_color=&#8220;#003E64&#8243; title_font_size=&#8220;32px&#8220; custom_margin=&#8220;||12px|||&#8220; custom_margin_tablet=&#8220;&#8220; custom_margin_phone=&#8220;||0px||false|false&#8220; custom_margin_last_edited=&#8220;on|phone&#8220; custom_padding=&#8220;||0px||false|false&#8220; global_colors_info=&#8220;{}&#8220;][\/et_pb_post_title][et_pb_code _builder_version=&#8220;4.27.4&#8243; _module_preset=&#8220;default&#8220; global_colors_info=&#8220;{}&#8220;]<nav aria-label=\"breadcrumbs\" class=\"rank-math-breadcrumb\"><p><span class=\"last\">Home<\/span><\/p><\/nav>[\/et_pb_code][\/et_pb_column][\/et_pb_row][\/et_pb_section][et_pb_section fb_built=&#8220;1&#8243; _builder_version=&#8220;4.27.4&#8243; _module_preset=&#8220;default&#8220; background_color=&#8220;#e0e0e0&#8243; custom_margin=&#8220;||||false|false&#8220; custom_padding=&#8220;0px||0px||false|false&#8220; da_disable_devices=&#8220;off|off|off&#8220; global_colors_info=&#8220;{}&#8220; da_is_popup=&#8220;off&#8220; da_exit_intent=&#8220;off&#8220; da_has_close=&#8220;on&#8220; da_alt_close=&#8220;off&#8220; da_dark_close=&#8220;off&#8220; da_not_modal=&#8220;on&#8220; da_is_singular=&#8220;off&#8220; da_with_loader=&#8220;off&#8220; da_has_shadow=&#8220;on&#8220;][et_pb_row custom_padding_last_edited=&#8220;on|phone&#8220; _builder_version=&#8220;4.27.4&#8243; _module_preset=&#8220;default&#8220; width=&#8220;95%&#8220; custom_padding=&#8220;20px||20px||true|false&#8220; custom_padding_tablet=&#8220;10px||10px||true|false&#8220; custom_padding_phone=&#8220;0px||0px||true|false&#8220; global_colors_info=&#8220;{}&#8220;][et_pb_column type=&#8220;4_4&#8243; _builder_version=&#8220;4.27.4&#8243; _module_preset=&#8220;default&#8220; global_colors_info=&#8220;{}&#8220;][et_pb_code _builder_version=&#8220;4.27.4&#8243; _module_preset=&#8220;default&#8220; text_orientation=&#8220;center&#8220; module_alignment=&#8220;center&#8220; custom_css_free_form=&#8220;selector .search-wrapper2 .search2{||  background-color:transparent;||}||||selector .col-md-4 input{||  border-radius:5px;||  padding: 15px 10px;||}||||selector .col-md-4 .form-control{||  border-radius:5px;||}||@media only screen and (min-width: 768px) {||selector .advance-search-form {||  display: flex;||  flex-wrap: wrap;||}||||selector .row {||  margin-right: 0;||  margin-left: 0;||  width: 33.333%;||   flex-grow: 1 !important;||}||||  selector .option .double .clearfix{||    min-width:70px !important;||  }||  ||  ||  selector .col-md-4{||    padding: 5px;||  }||}||||@media only screen and (max-width: 768px) {||selector .col-xs-12{||  width:50%;||}||  selector .opciones-avanzadas span {||  font-size: 14px;||  }||  selector .mb-2{||    margin-bottom:0px !important;||  }||  selector .col-md-6:nth-of-type(1){||    margin-bottom:5px;||  }||  selector .mb-2:nth-of-type(3){||    margin-top:10px;||  }||\/*   selector .col-md-4 input{||    margin-top:10px !important;||  }|| ||    selector .col-md-6:nth-of-type(2){||    display: inline-block;||  }*\/||  selector .mb-2{||    display:flex !important;||  }||  selector .col-xs-12 {||    padding: 5px;||  }||  selector .col-md-12 {||    padding: 0 5px !important;||  }||  selector .search-wrapper2 .search2 .form-control{||    margin:0;||  }||  selector  .search-wrapper2 .col-md-12{||    padding:0;||  }||  selector  .col-md-12 .opciones-avanzadas{||    text-align:left !important;||  }||}&#8220; global_colors_info=&#8220;{}&#8220;][BAvanzado KUBE][\/et_pb_code][\/et_pb_column][\/et_pb_row][\/et_pb_section][et_pb_section fb_built=&#8220;1&#8243; custom_padding_last_edited=&#8220;on|phone&#8220; _builder_version=&#8220;4.27.4&#8243; _module_preset=&#8220;default&#8220; custom_padding=&#8220;20px||20px||true|false&#8220; custom_padding_tablet=&#8220;&#8220; custom_padding_phone=&#8220;10px||10px||true|false&#8220; da_disable_devices=&#8220;off|off|off&#8220; global_colors_info=&#8220;{}&#8220; da_is_popup=&#8220;off&#8220; da_exit_intent=&#8220;off&#8220; da_has_close=&#8220;on&#8220; da_alt_close=&#8220;off&#8220; da_dark_close=&#8220;off&#8220; da_not_modal=&#8220;on&#8220; da_is_singular=&#8220;off&#8220; da_with_loader=&#8220;off&#8220; da_has_shadow=&#8220;on&#8220;][et_pb_row _builder_version=&#8220;4.27.4&#8243; _module_preset=&#8220;default&#8220; width=&#8220;90%&#8220; custom_padding=&#8220;0px||||false|false&#8220; global_colors_info=&#8220;{}&#8220;][et_pb_column type=&#8220;4_4&#8243; _builder_version=&#8220;4.27.4&#8243; _module_preset=&#8220;default&#8220; global_colors_info=&#8220;{}&#8220;][et_pb_code _builder_version=&#8220;4.27.4&#8243; _module_preset=&#8220;default&#8220; text_orientation=&#8220;center&#8220; custom_css_free_form=&#8220;@media only screen and (max-width: 768px) {||||  selector .filters-wrapper-plugin{||    margin:10px 17px !important;||  }||}&#8220; global_colors_info=&#8220;{}&#8220;][LVenta KUBE WDCUMBREPUEBLOPANORAMA][\/et_pb_code][\/et_pb_column][\/et_pb_row][\/et_pb_section][et_pb_section fb_built=&#8220;1&#8243; disabled_on=&#8220;on|on|on&#8220; _builder_version=&#8220;4.27.4&#8243; _module_preset=&#8220;default&#8220; custom_padding=&#8220;20px||||false|false&#8220; da_disable_devices=&#8220;off|off|off&#8220; disabled=&#8220;on&#8220; global_colors_info=&#8220;{}&#8220; da_is_popup=&#8220;off&#8220; da_exit_intent=&#8220;off&#8220; da_has_close=&#8220;on&#8220; da_alt_close=&#8220;off&#8220; da_dark_close=&#8220;off&#8220; da_not_modal=&#8220;on&#8220; da_is_singular=&#8220;off&#8220; da_with_loader=&#8220;off&#8220; da_has_shadow=&#8220;on&#8220;][et_pb_row _builder_version=&#8220;4.27.4&#8243; _module_preset=&#8220;default&#8220; custom_padding=&#8220;0px||||false|false&#8220; global_colors_info=&#8220;{}&#8220;][et_pb_column type=&#8220;4_4&#8243; _builder_version=&#8220;4.27.4&#8243; _module_preset=&#8220;default&#8220; global_colors_info=&#8220;{}&#8220;][et_pb_text _builder_version=&#8220;4.27.4&#8243; _module_preset=&#8220;default&#8220; global_colors_info=&#8220;{}&#8220;]<\/p>\n<p>Your content goes here. Edit or remove this text inline or in the module Content settings. You can also style every aspect of this content in the module Design settings and even apply custom CSS to this text in the module Advanced settings. Your content goes here. Edit or remove this text inline or in the module Content settings. You can also style every aspect of this content in the module Design settings and even apply custom CSS to this text in the module Advanced settings.Your content goes here. Edit or remove this text inline or in the module Content settings. You can also style every aspect of this content in the module Design settings and even apply custom CSS to this text in the module Advanced settings.       <\/p>\n<p>[\/et_pb_text][\/et_pb_column][\/et_pb_row][\/et_pb_section][et_pb_section fb_built=&#8220;1&#8243; disabled_on=&#8220;off|off|off&#8220; _builder_version=&#8220;4.27.4&#8243; _module_preset=&#8220;default&#8220; da_disable_devices=&#8220;off|off|off&#8220; global_colors_info=&#8220;{}&#8220; da_is_popup=&#8220;off&#8220; da_exit_intent=&#8220;off&#8220; da_has_close=&#8220;on&#8220; da_alt_close=&#8220;off&#8220; da_dark_close=&#8220;off&#8220; da_not_modal=&#8220;on&#8220; da_is_singular=&#8220;off&#8220; da_with_loader=&#8220;off&#8220; da_has_shadow=&#8220;on&#8220;][et_pb_row _builder_version=&#8220;4.27.4&#8243; _module_preset=&#8220;default&#8220; global_colors_info=&#8220;{}&#8220;][et_pb_column type=&#8220;4_4&#8243; _builder_version=&#8220;4.27.4&#8243; _module_preset=&#8220;default&#8220; global_colors_info=&#8220;{}&#8220;][et_pb_text _builder_version=&#8220;4.27.4&#8243; _module_preset=&#8220;default&#8220; global_colors_info=&#8220;{}&#8220;]<\/p>\n<h2><strong>Exklusive Pueblo Panorama Apartments an der Costa Blanca \u2013 Luxus &amp; Meerblick<\/strong><\/h2>\n<p>Entdecken Sie die exklusiven Apartments <em data-start=\"306\" data-end=\"323\">Pueblo Panorama<\/em> in nur zwei S\u00e4tzen: Diese eleganten Wohnungen bieten einen luxuri\u00f6sen Lebensstil mit panoramischem Mittelmeerblick in Cumbre del Sol, ideal gelegen zwischen J\u00e1vea und Moraira an der wundersch\u00f6nen Costa Blanca.<\/p>\n<h2><strong>Spektakul\u00e4res Design &amp; Mediterrane Ausblicke<\/strong><\/h2>\n<p>Alle Apartments verf\u00fcgen \u00fcber eine S\u00fcdost-Ausrichtung, die maximale Helligkeit und einen beeindruckenden Blick auf das Mittelmeer gew\u00e4hrleistet. Starten Sie jeden Tag mit einem ruhigen Horizont und einer frischen Meeresbrise direkt von Ihrem Zuhause aus.<\/p>\n<h2><strong>Au\u00dfergew\u00f6hnliche Gemeinschaftsanlagen<\/strong><\/h2>\n<ul>\n<li data-start=\"890\" data-end=\"1019\">\n<p data-start=\"892\" data-end=\"1019\">8 Gemeinschaftspools, verteilt auf 4 exklusive Bereiche \u2013 jeder mit einem Doppelpool und gro\u00dfz\u00fcgigen Terrassen mit Meerblick.<\/p>\n<\/li>\n<li data-start=\"1020\" data-end=\"1137\">\n<p data-start=\"1022\" data-end=\"1137\">Die vier sorgf\u00e4ltig gestalteten Bauphasen garantieren Privatsph\u00e4re und hochwertige Einrichtungen f\u00fcr alle Bewohner.<\/p>\n<\/li>\n<\/ul>\n<h2><strong>Eine Privilegierte Lage in Benitachell<\/strong><\/h2>\n<p data-start=\"1186\" data-end=\"1279\">Genie\u00dfen Sie eine hervorragende Lage in der renommierten Wohngegend <a href=\"https:\/\/www.cumbredelsolpreowned.webloading.es\/de\/wohngebiet-dalias\/\">Dalias in Cumbre del Sol:<\/a><\/p>\n<ul data-start=\"1281\" data-end=\"1915\">\n<li data-start=\"1281\" data-end=\"1369\">\n<p data-start=\"1283\" data-end=\"1369\"><strong data-start=\"1283\" data-end=\"1291\">1 km<\/strong> zur Lady Elisabeth International School, bekannt f\u00fcr akademische Exzellenz.<\/p>\n<\/li>\n<li data-start=\"1370\" data-end=\"1448\">\n<p data-start=\"1372\" data-end=\"1448\"><strong data-start=\"1372\" data-end=\"1382\">2\u20133 km<\/strong> zu traumhaften Str\u00e4nden und Buchten wie Morach und Los Tiestos.<\/p>\n<\/li>\n<li data-start=\"1449\" data-end=\"1571\">\n<p data-start=\"1451\" data-end=\"1571\"><strong data-start=\"1451\" data-end=\"1461\">2\u20133 km<\/strong> zum Einkaufszentrum Adelfas mit dem Supermarkt Pepe la Sal, dem Restaurant La Cumbre, Caf\u00e9-Bar und Friseur.<\/p>\n<\/li>\n<li data-start=\"1572\" data-end=\"1668\">\n<p data-start=\"1574\" data-end=\"1668\">Nahegelegene Sportanlagen: Reitzentrum, Padel- und Tennispl\u00e4tze sowie eine Sportzentrum-Bar.<\/p>\n<\/li>\n<li data-start=\"1669\" data-end=\"1773\">\n<p data-start=\"1671\" data-end=\"1773\"><strong data-start=\"1671\" data-end=\"1681\">4\u20135 km<\/strong> zu Superm\u00e4rkten wie Mercadona und Mas y Mas sowie zum charmanten Zentrum von Benitachell.<\/p>\n<\/li>\n<li data-start=\"1774\" data-end=\"1915\">\n<p data-start=\"1776\" data-end=\"1915\"><strong data-start=\"1776\" data-end=\"1786\">6\u20137 km<\/strong> zu den Str\u00e4nden von El Portet in Moraira und <strong data-start=\"1832\" data-end=\"1841\">11 km<\/strong> zum Arenal-Strand in J\u00e1vea \u2013 perfekt f\u00fcr Strand- und Aktivit\u00e4tsliebhaber.<\/p>\n<\/li>\n<\/ul>\n<h2><strong>Ihr Neues Zuhause in Pueblo Panorama erwartet Sie<\/strong><\/h2>\n<p>Die exklusiven Apartments von Pueblo Panorama vereinen au\u00dfergew\u00f6hnliches Design, spektakul\u00e4re Meerblicke und eine privilegierte Lage an der Costa Blanca, im Herzen von Cumbre del Sol.<br data-start=\"2158\" data-end=\"2161\" \/>Kontaktieren Sie <strong data-start=\"2178\" data-end=\"2206\">Cumbre del Sol Pre-Owned<\/strong> noch heute und entdecken Sie, wie Sie diesen au\u00dfergew\u00f6hnlichen Lebensstil Wirklichkeit werden lassen k\u00f6nnen.<\/p>\n<p>Zusammengefasst bieten die Pueblo Panorama Apartments Luxus, Meerblick und eine erstklassige Lage an der Costa Blanca.<br data-start=\"2449\" data-end=\"2452\" \/><strong data-start=\"2452\" data-end=\"2482\">Kontaktieren Sie uns jetzt<\/strong>, um Ihr zuk\u00fcnftiges Zuhause zu sichern.<\/p>\n<p>&nbsp;<\/p>\n<p>[\/et_pb_text][\/et_pb_column][\/et_pb_row][et_pb_row _builder_version=&#8220;4.27.4&#8243; _module_preset=&#8220;default&#8220; width_tablet=&#8220;&#8220; width_phone=&#8220;90%&#8220; width_last_edited=&#8220;on|phone&#8220; custom_padding=&#8220;0px|||||&#8220; global_colors_info=&#8220;{}&#8220;][et_pb_column type=&#8220;4_4&#8243; _builder_version=&#8220;4.27.4&#8243; _module_preset=&#8220;default&#8220; global_colors_info=&#8220;{}&#8220;][et_pb_text _builder_version=&#8220;4.27.4&#8243; _module_preset=&#8220;default&#8220; header_2_font=&#8220;|700|||||||&#8220; header_2_text_align=&#8220;center&#8220; header_2_text_color=&#8220;#003E64&#8243; header_2_font_size=&#8220;32px&#8220; custom_padding=&#8220;40px||||false|false&#8220; global_colors_info=&#8220;{}&#8220;]<\/p>\n<h2 data-start=\"2529\" data-end=\"2579\"><strong data-start=\"2531\" data-end=\"2579\">H\u00e4ufig gestellte Fragen \u00fcber Pueblo Panorama<\/strong><\/h2>\n<p data-start=\"2581\" data-end=\"2761\">[\/et_pb_text][et_pb_accordion open_toggle_text_color=&#8220;#003E64&#8243; closed_toggle_text_color=&#8220;#003E64&#8243; closed_toggle_background_color=&#8220;#F3F3F3&#8243; toggle_icon=&#8220;&#x4c;||divi||400&#8243; icon_color=&#8220;#E06F1D&#8220; use_icon_font_size=&#8220;on&#8220; icon_font_size=&#8220;26px&#8220; _builder_version=&#8220;4.27.4&#8243; _module_preset=&#8220;default&#8220; toggle_text_color=&#8220;#FFFFFF&#8220; toggle_level=&#8220;h3&#8243; toggle_font=&#8220;|700|||||||&#8220; custom_margin=&#8220;||||false|false&#8220; custom_padding=&#8220;||||false|false&#8220; rank_math_faq_schema=&#8220;on&#8220; border_color_all=&#8220;#FFFFFF&#8220; global_colors_info=&#8220;{}&#8220;][et_pb_accordion_item title=&#8220;Wo befinden sich die Apartments von Pueblo Panorama?&#8220; open=&#8220;on&#8220; _builder_version=&#8220;4.27.4&#8243; _module_preset=&#8220;default&#8220; custom_margin=&#8220;||0px||false|false&#8220; border_radii=&#8220;off|5px|5px||&#8220; global_colors_info=&#8220;{}&#8220;]<\/p>\n<p>Sie liegen in der Wohngegend Dalias in Cumbre del Sol, in Benitachell, zwischen J\u00e1vea und Moraira an der Costa Blanca.<\/p>\n<p>[\/et_pb_accordion_item][et_pb_accordion_item title=&#8220;Haben alle Pueblo Panorama Apartments Meerblick?&#8220; _builder_version=&#8220;4.27.4&#8243; _module_preset=&#8220;default&#8220; custom_margin=&#8220;||0px||false|false&#8220; border_radii=&#8220;off||||&#8220; global_colors_info=&#8220;{}&#8220; open=&#8220;off&#8220;]<\/p>\n<p>Ja, alle Apartments verf\u00fcgen \u00fcber eine S\u00fcdost-Ausrichtung und einen freien, ununterbrochenen Blick auf das Mittelmeer.<\/p>\n<p>[\/et_pb_accordion_item][et_pb_accordion_item title=&#8220;Welche Gemeinschaftseinrichtungen bietet Pueblo Panorama?&#8220; _builder_version=&#8220;4.27.4&#8243; _module_preset=&#8220;default&#8220; custom_margin=&#8220;||0px||false|false&#8220; border_radii=&#8220;off||||&#8220; global_colors_info=&#8220;{}&#8220; open=&#8220;off&#8220;]<\/p>\n<p>Die Wohnanlage umfasst 8 Gemeinschaftspools in 4 exklusiven Bereichen, gro\u00dfz\u00fcgige Terrassen mit Meerblick sowie hochwertige Ausstattungen in allen vier Bauphasen.<\/p>\n<p>[\/et_pb_accordion_item][et_pb_accordion_item title=&#8220;Welche Dienstleistungen und Einrichtungen befinden sich in der N\u00e4he von Pueblo Panorama?&#8220; _builder_version=&#8220;4.27.4&#8243; _module_preset=&#8220;default&#8220; custom_margin=&#8220;||0px||false|false&#8220; border_radii=&#8220;off||||&#8220; global_colors_info=&#8220;{}&#8220; open=&#8220;off&#8220;]<\/p>\n<p>In wenigen Minuten erreichen Sie eine internationale Schule, Str\u00e4nde, ein Einkaufszentrum, Sportanlagen, Superm\u00e4rkte und verschiedene K\u00fcstenorte.<\/p>\n<p>[\/et_pb_accordion_item][et_pb_accordion_item title=&#8220;Ist Pueblo Panorama f\u00fcr Familien oder ganzj\u00e4hriges Wohnen geeignet?&#8220; _builder_version=&#8220;4.27.4&#8243; _module_preset=&#8220;default&#8220; custom_margin=&#8220;||0px||false|false&#8220; border_radii=&#8220;off||||&#8220; global_colors_info=&#8220;{}&#8220; open=&#8220;off&#8220;]<\/p>\n<p>Auf jeden Fall. Die N\u00e4he zu Schulen, Sportm\u00f6glichkeiten, Str\u00e4nden und t\u00e4glichen Dienstleistungen macht es ideal f\u00fcr Familien und dauerhaftes Wohnen.<\/p>\n<p>[\/et_pb_accordion_item][et_pb_accordion_item title=&#8220;Wie weit ist Pueblo Panorama von Moraira und J\u00e1vea entfernt?&#8220; _builder_version=&#8220;4.27.4&#8243; _module_preset=&#8220;default&#8220; custom_margin=&#8220;||0px||false|false&#8220; border_radii=&#8220;off||||&#8220; global_colors_info=&#8220;{}&#8220; open=&#8220;off&#8220;]<\/p>\n<p>El Portet in Moraira ist etwa 6\u20137 km entfernt, w\u00e4hrend der Arenal-Strand in J\u00e1vea rund 11 km entfernt liegt.<\/p>\n<p>[\/et_pb_accordion_item][\/et_pb_accordion][\/et_pb_column][\/et_pb_row][\/et_pb_section][et_pb_section fb_built=&#8220;1&#8243; _builder_version=&#8220;4.27.4&#8243; _module_preset=&#8220;default&#8220; background_image=&#8220;https:\/\/www.cumbredelsolpreowned.webloading.es\/wp-content\/uploads\/2025\/10\/restaurant-views-cumbre-del-sol.png&#8220; parallax=&#8220;on&#8220; da_disable_devices=&#8220;off|off|off&#8220; global_colors_info=&#8220;{}&#8220; locked=&#8220;off&#8220; da_is_popup=&#8220;off&#8220; da_exit_intent=&#8220;off&#8220; da_has_close=&#8220;on&#8220; da_alt_close=&#8220;off&#8220; da_dark_close=&#8220;off&#8220; da_not_modal=&#8220;on&#8220; da_is_singular=&#8220;off&#8220; da_with_loader=&#8220;off&#8220; da_has_shadow=&#8220;on&#8220;][et_pb_row column_structure=&#8220;1_2,1_2&#8243; _builder_version=&#8220;4.27.4&#8243; _module_preset=&#8220;default&#8220; width_tablet=&#8220;&#8220; width_phone=&#8220;90%&#8220; width_last_edited=&#8220;on|phone&#8220; custom_margin_tablet=&#8220;&#8220; custom_margin_phone=&#8220;20px||||false|false&#8220; custom_margin_last_edited=&#8220;on|phone&#8220; hover_enabled=&#8220;0&#8243; global_colors_info=&#8220;{}&#8220; sticky_enabled=&#8220;0&#8243;][et_pb_column type=&#8220;1_2&#8243; _builder_version=&#8220;4.27.4&#8243; _module_preset=&#8220;default&#8220; global_colors_info=&#8220;{}&#8220;][\/et_pb_column][et_pb_column type=&#8220;1_2&#8243; _builder_version=&#8220;4.27.4&#8243; _module_preset=&#8220;default&#8220; background_color=&#8220;#FFFFFF&#8220; custom_padding=&#8220;40px|40px|20px|40px|false|true&#8220; custom_padding_tablet=&#8220;40px|40px|40px|40px|true|true&#8220; custom_padding_phone=&#8220;20px|15px|20px|15px|true|true&#8220; custom_padding_last_edited=&#8220;on|phone&#8220; scroll_vertical_motion_enable=&#8220;on&#8220; scroll_vertical_motion=&#8220;0|50|50|100|0.5|0|-1&#8243; border_radii=&#8220;on|8px|8px|8px|8px&#8220; box_shadow_style=&#8220;preset2&#8243; global_colors_info=&#8220;{}&#8220;][et_pb_text _builder_version=&#8220;4.27.4&#8243; _module_preset=&#8220;default&#8220; header_2_font=&#8220;|700|||||||&#8220; header_2_text_color=&#8220;#003E64&#8243; hover_enabled=&#8220;0&#8243; global_colors_info=&#8220;{}&#8220; sticky_enabled=&#8220;0&#8243;]<\/p>\n<div class=\"et_pb_module et_pb_text et_pb_text_10  et_pb_text_align_left et_pb_bg_layout_light\">\n<div class=\"et_pb_text_inner\">\n<h2 id=\"Wirfreuenunsdaraufdichkennenzulernen\" style=\"text-align: left;\">Wir freuen uns darauf, dich kennenzulernen!<\/h2>\n<\/div>\n<\/div>\n<div class=\"et_pb_module et_pb_dcgd_gravity_divi_module et_pb_dcgd_gravity_divi_module_0\">\n<div class=\"et_pb_module_inner\">\n<div class=\"dc_dgfcm_wrapper clearfix\">\n<div class=\"gf_browser_chrome gform_wrapper gravity-theme gform-theme--no-framework about-us_wrapper\" data-form-theme=\"gravity-theme\" data-form-index=\"0\" id=\"gform_wrapper_12\">\n<form method=\"post\" enctype=\"multipart\/form-data\" target=\"gform_ajax_frame_12\" id=\"gform_12\" class=\"about-us\" action=\"https:\/\/www.cumbredelsolpreowned.webloading.es\/de\/#gf_12\" data-formid=\"12\" novalidate=\"\">\n<div class=\"gform-body gform_body\">\n<div id=\"gform_fields_12\" class=\"gform_fields top_label form_sublabel_above description_above validation_below\"><\/div>\n<\/div>\n<\/form>\n<\/div>\n<\/div>\n<\/div>\n<\/div>\n<p>[\/et_pb_text][et_pb_dcgd_gravity_divi_module dc_dgfcm_form_id=&#8220;12&#8243; dc_dgfcm_show_title=&#8220;off&#8220; dc_dgfcm_show_description=&#8220;off&#8220; dc_dgfcm_enable_ajax=&#8220;on&#8220; _builder_version=&#8220;4.27.4&#8243; _module_preset=&#8220;default&#8220; hover_enabled=&#8220;0&#8243; global_colors_info=&#8220;{}&#8220; sticky_enabled=&#8220;0&#8243;][\/et_pb_dcgd_gravity_divi_module][\/et_pb_column][\/et_pb_row][\/et_pb_section]<\/p>\n","protected":false},"excerpt":{"rendered":"<p><nav aria-label=\"breadcrumbs\" class=\"rank-math-breadcrumb\"><p><span class=\"last\">Home<\/span><\/p><\/nav>[BAvanzado KUBE][LVenta KUBE WDCUMBREPUEBLOPANORAMA]Your content goes here. Edit or remove this text inline or in the module Content settings. You can also style every aspect of this content in the module Design settings and even apply custom CSS to this text in the module Advanced settings. Your content goes here. Edit or remove this text [&hellip;]<\/p>\n","protected":false},"author":2,"featured_media":0,"parent":0,"menu_order":0,"comment_status":"closed","ping_status":"closed","template":"","meta":{"_acf_changed":false,"_et_pb_use_builder":"on","_et_pb_old_content":"","_et_gb_content_width":"","footnotes":""},"class_list":["post-10554","page","type-page","status-publish","hentry"],"acf":[],"_links":{"self":[{"href":"https:\/\/www.cumbredelsolpreowned.webloading.es\/de\/wp-json\/wp\/v2\/pages\/10554","targetHints":{"allow":["GET"]}}],"collection":[{"href":"https:\/\/www.cumbredelsolpreowned.webloading.es\/de\/wp-json\/wp\/v2\/pages"}],"about":[{"href":"https:\/\/www.cumbredelsolpreowned.webloading.es\/de\/wp-json\/wp\/v2\/types\/page"}],"author":[{"embeddable":true,"href":"https:\/\/www.cumbredelsolpreowned.webloading.es\/de\/wp-json\/wp\/v2\/users\/2"}],"replies":[{"embeddable":true,"href":"https:\/\/www.cumbredelsolpreowned.webloading.es\/de\/wp-json\/wp\/v2\/comments?post=10554"}],"version-history":[{"count":2,"href":"https:\/\/www.cumbredelsolpreowned.webloading.es\/de\/wp-json\/wp\/v2\/pages\/10554\/revisions"}],"predecessor-version":[{"id":12618,"href":"https:\/\/www.cumbredelsolpreowned.webloading.es\/de\/wp-json\/wp\/v2\/pages\/10554\/revisions\/12618"}],"wp:attachment":[{"href":"https:\/\/www.cumbredelsolpreowned.webloading.es\/de\/wp-json\/wp\/v2\/media?parent=10554"}],"curies":[{"name":"wp","href":"https:\/\/api.w.org\/{rel}","templated":true}]}}