{"id":1040,"date":"2022-03-16T16:31:51","date_gmt":"2022-03-16T16:31:51","guid":{"rendered":"https:\/\/www.cumbredelsolpreowned.webloading.es\/1021-2\/"},"modified":"2025-11-12T11:17:05","modified_gmt":"2025-11-12T10:17:05","slug":"blog","status":"publish","type":"page","link":"https:\/\/www.cumbredelsolpreowned.webloading.es\/de\/blog\/","title":{"rendered":"Blog"},"content":{"rendered":"<p>[et_pb_section fb_built=&#8220;1&#8243; _builder_version=&#8220;4.27.4&#8243; _module_preset=&#8220;default&#8220; background_image=&#8220;https:\/\/www.cumbredelsolpreowned.webloading.es\/wp-content\/uploads\/2025\/09\/cumbre-del-sol-urbanizacion.jpg&#8220; da_disable_devices=&#8220;off|off|off&#8220; locked=&#8220;off&#8220; global_colors_info=&#8220;{}&#8220; da_is_popup=&#8220;off&#8220; da_exit_intent=&#8220;off&#8220; da_has_close=&#8220;on&#8220; da_alt_close=&#8220;off&#8220; da_dark_close=&#8220;off&#8220; da_not_modal=&#8220;on&#8220; da_is_singular=&#8220;off&#8220; da_with_loader=&#8220;off&#8220; da_has_shadow=&#8220;on&#8220;][et_pb_row _builder_version=&#8220;4.27.4&#8243; _module_preset=&#8220;default&#8220; global_colors_info=&#8220;{}&#8220;][et_pb_column type=&#8220;4_4&#8243; _builder_version=&#8220;4.27.4&#8243; _module_preset=&#8220;default&#8220; global_colors_info=&#8220;{}&#8220;][et_pb_post_title meta=&#8220;off&#8220; featured_image=&#8220;off&#8220; _builder_version=&#8220;4.27.4&#8243; _module_preset=&#8220;default&#8220; title_font=&#8220;|700|||||||&#8220; title_text_color=&#8220;#FFFFFF&#8220; title_font_size=&#8220;32px&#8220; custom_margin=&#8220;||0px||false|false&#8220; global_colors_info=&#8220;{}&#8220;][\/et_pb_post_title][et_pb_text disabled_on=&#8220;on|off|off&#8220; _builder_version=&#8220;4.27.4&#8243; _module_preset=&#8220;default&#8220; text_text_color=&#8220;#FFFFFF&#8220; text_font_size=&#8220;21px&#8220; global_colors_info=&#8220;{}&#8220;]<\/p>\n<p>Die n\u00fctzlichsten und umfassendsten Informationen<br \/>f\u00fcr Bewohner und zuk\u00fcnftige Eigent\u00fcmer von Cumbre del Sol<\/p>\n<p>[\/et_pb_text][\/et_pb_column][\/et_pb_row][\/et_pb_section][et_pb_section fb_built=&#8220;1&#8243; custom_padding_last_edited=&#8220;on|phone&#8220; _builder_version=&#8220;4.27.4&#8243; _module_preset=&#8220;default&#8220; background_color=&#8220;#F3F3F3&#8243; custom_padding_tablet=&#8220;&#8220; custom_padding_phone=&#8220;20px||||false|false&#8220; da_disable_devices=&#8220;off|off|off&#8220; global_colors_info=&#8220;{}&#8220; da_is_popup=&#8220;off&#8220; da_exit_intent=&#8220;off&#8220; da_has_close=&#8220;on&#8220; da_alt_close=&#8220;off&#8220; da_dark_close=&#8220;off&#8220; da_not_modal=&#8220;on&#8220; da_is_singular=&#8220;off&#8220; da_with_loader=&#8220;off&#8220; da_has_shadow=&#8220;on&#8220;][et_pb_row _builder_version=&#8220;4.27.4&#8243; _module_preset=&#8220;default&#8220; custom_padding=&#8220;0px||0px|||&#8220; global_colors_info=&#8220;{}&#8220; column_structure=&#8220;1_2,1_2&#8243;][et_pb_column type=&#8220;1_2&#8243; module_class=&#8220;pa-inline-buttons&#8220; _builder_version=&#8220;4.27.4&#8243; _module_preset=&#8220;default&#8220; custom_css_free_form=&#8220;.pa-inline-buttons {||    text-align: center !important;||}&#8220; global_colors_info=&#8220;{}&#8220;][et_pb_button button_url=&#8220;https:\/\/www.cumbredelsolpreowned.webloading.es\/de\/category\/praktische-ratschlage\/&#8220; button_text=&#8220;Praktische Ratschl\u00e4ge&#8220; _builder_version=&#8220;4.27.4&#8243; _module_preset=&#8220;default&#8220; custom_margin=&#8220;|15px|||false|false&#8220; global_colors_info=&#8220;{}&#8220;][\/et_pb_button][et_pb_button button_url=&#8220;https:\/\/www.cumbredelsolpreowned.webloading.es\/de\/category\/dienstleistungen\/&#8220; button_text=&#8220;Dienstleistungen&#8220; _builder_version=&#8220;4.27.4&#8243; _module_preset=&#8220;default&#8220; custom_margin=&#8220;|15px|||false|false&#8220; global_colors_info=&#8220;{}&#8220;][\/et_pb_button][et_pb_button button_url=&#8220;https:\/\/www.cumbredelsolpreowned.webloading.es\/de\/category\/dienstleistungen\/renovierungen\/&#8220; button_text=&#8220;Renovierungen&#8220; _builder_version=&#8220;4.27.4&#8243; _module_preset=&#8220;default&#8220; global_colors_info=&#8220;{}&#8220;][\/et_pb_button][\/et_pb_column][et_pb_column type=&#8220;1_2&#8243; module_class=&#8220;pa-inline-buttons&#8220; _builder_version=&#8220;4.27.4&#8243; _module_preset=&#8220;default&#8220; custom_css_free_form=&#8220;.pa-inline-buttons {||    text-align: center !important;||}&#8220; global_colors_info=&#8220;{}&#8220;][et_pb_search _builder_version=&#8220;4.27.4&#8243; _module_preset=&#8220;default&#8220; background_color=&#8220;#FFFFFF&#8220; border_radii=&#8220;on|5px|5px|5px|5px&#8220; border_width_all=&#8220;0px&#8220; button_color=&#8220;#E06F1D&#8220; button_text_color=&#8220;#FFFFFF&#8220; button_font_size=&#8220;16px&#8220; hover_enabled=&#8220;0&#8243; sticky_enabled=&#8220;0&#8243;][\/et_pb_search][\/et_pb_column][\/et_pb_row][et_pb_row custom_padding_last_edited=&#8220;on|phone&#8220; _builder_version=&#8220;4.27.4&#8243; _module_preset=&#8220;default&#8220; width_tablet=&#8220;&#8220; width_phone=&#8220;90%&#8220; width_last_edited=&#8220;on|phone&#8220; custom_padding=&#8220;||0px|||&#8220; custom_padding_tablet=&#8220;||0px|||&#8220; custom_padding_phone=&#8220;0px||0px||false|false&#8220; global_colors_info=&#8220;{}&#8220;][et_pb_column type=&#8220;4_4&#8243; _builder_version=&#8220;4.16&#8243; _module_preset=&#8220;default&#8220; global_colors_info=&#8220;{}&#8220;][et_pb_text disabled_on=&#8220;off|on|on&#8220; _builder_version=&#8220;4.27.4&#8243; _module_preset=&#8220;default&#8220; text_text_color=&#8220;#003E64&#8243; text_font_size=&#8220;21px&#8220; global_colors_info=&#8220;{}&#8220;]<\/p>\n<p>Die n\u00fctzlichsten und umfassendsten Informationen f\u00fcr Bewohner und zuk\u00fcnftige Eigent\u00fcmer von Cumbre del Sol<\/p>\n<p>[\/et_pb_text][et_pb_blog fullwidth=&#8220;off&#8220; posts_number=&#8220;12&#8243; show_more=&#8220;on&#8220; show_date=&#8220;off&#8220; _builder_version=&#8220;4.27.4&#8243; _module_preset=&#8220;default&#8220; header_font=&#8220;|700|||||||&#8220; header_text_color=&#8220;#003e64&#8243; header_font_size=&#8220;22px&#8220; header_line_height=&#8220;1.1em&#8220; meta_font=&#8220;||||||||&#8220; meta_text_color=&#8220;#E06F1D&#8220; read_more_font=&#8220;|700||on|on||||&#8220; read_more_text_color=&#8220;#003E64&#8243; read_more_font_size=&#8220;16px&#8220; read_more_line_height=&#8220;2.4em&#8220; border_radii=&#8220;on|5px|5px|5px|5px&#8220; border_width_all=&#8220;0px&#8220; global_colors_info=&#8220;{}&#8220;][\/et_pb_blog][\/et_pb_column][\/et_pb_row][\/et_pb_section]<\/p>\n","protected":false},"excerpt":{"rendered":"<p>Die n\u00fctzlichsten und umfassendsten Informationenf\u00fcr Bewohner und zuk\u00fcnftige Eigent\u00fcmer von Cumbre del SolDie n\u00fctzlichsten und umfassendsten Informationen f\u00fcr Bewohner und zuk\u00fcnftige Eigent\u00fcmer von Cumbre del Sol<\/p>\n","protected":false},"author":2,"featured_media":0,"parent":0,"menu_order":0,"comment_status":"closed","ping_status":"closed","template":"","meta":{"_acf_changed":false,"_et_pb_use_builder":"on","_et_pb_old_content":"","_et_gb_content_width":"","footnotes":""},"class_list":["post-1040","page","type-page","status-publish","hentry"],"acf":[],"_links":{"self":[{"href":"https:\/\/www.cumbredelsolpreowned.webloading.es\/de\/wp-json\/wp\/v2\/pages\/1040","targetHints":{"allow":["GET"]}}],"collection":[{"href":"https:\/\/www.cumbredelsolpreowned.webloading.es\/de\/wp-json\/wp\/v2\/pages"}],"about":[{"href":"https:\/\/www.cumbredelsolpreowned.webloading.es\/de\/wp-json\/wp\/v2\/types\/page"}],"author":[{"embeddable":true,"href":"https:\/\/www.cumbredelsolpreowned.webloading.es\/de\/wp-json\/wp\/v2\/users\/2"}],"replies":[{"embeddable":true,"href":"https:\/\/www.cumbredelsolpreowned.webloading.es\/de\/wp-json\/wp\/v2\/comments?post=1040"}],"version-history":[{"count":3,"href":"https:\/\/www.cumbredelsolpreowned.webloading.es\/de\/wp-json\/wp\/v2\/pages\/1040\/revisions"}],"predecessor-version":[{"id":12173,"href":"https:\/\/www.cumbredelsolpreowned.webloading.es\/de\/wp-json\/wp\/v2\/pages\/1040\/revisions\/12173"}],"wp:attachment":[{"href":"https:\/\/www.cumbredelsolpreowned.webloading.es\/de\/wp-json\/wp\/v2\/media?parent=1040"}],"curies":[{"name":"wp","href":"https:\/\/api.w.org\/{rel}","templated":true}]}}